{"id":259645,"date":"2024-12-13T20:31:01","date_gmt":"2025-02-10T14:25:35","guid":{"rendered":"https:\/\/tolkeyenpatagonia.com\/producto\/navegacao-ilha-redonda\/"},"modified":"2025-02-10T11:25:56","modified_gmt":"2025-02-10T14:25:56","slug":"navegacao-ilha-redonda","status":"publish","type":"product","link":"https:\/\/tolkeyenpatagonia.com\/pt-br\/producto\/navegacao-ilha-redonda\/","title":{"rendered":"Navega\u00e7\u00e3o Ilha Redonda"},"content":{"rendered":"<h2><strong>Isla Redonda Sailing: uma experi\u00eancia inesquec\u00edvel no fim do mundo<\/strong><\/h2>\n<p>Embarque em uma viagem \u00fanica que o levar\u00e1 a descobrir a magia de Isla Redonda, um canto encantador no cora\u00e7\u00e3o do Canal de Beagle. Depois de um curto, mas charmoso passeio de barco de 15 a 20 minutos, desembarcaremos nesta maravilhosa ilha, onde a paisagem vai tirar o f\u00f4lego. <\/p>\n<p>Deste ponto exclusivo, voc\u00ea desfrutar\u00e1 de vistas incompar\u00e1veis do majestoso Canal de Beagle e do ambiente natural do Parque Nacional Tierra del Fuego.<\/p>\n<p>A floresta da Ilha Redonda \u00e9 um espet\u00e1culo por sua exuber\u00e2ncia, sua vegeta\u00e7\u00e3o vibrante e sua beleza incompar\u00e1vel. \u00c0 medida que avan\u00e7a pelas trilhas, voc\u00ea sentir\u00e1 a pureza do ar fueguino enquanto o ambiente o envolve com sua serenidade. No final do passeio, um mirante lhe dar\u00e1 vistas panor\u00e2micas inesquec\u00edveis, perfeitas para capturar em fotografias e guardar como lembran\u00e7as deste para\u00edso no fim do mundo.  <\/p>\n<p>A Ilha Redonda n\u00e3o s\u00f3 lhe oferecer\u00e1 paisagens espetaculares, mas tamb\u00e9m a sensa\u00e7\u00e3o de estar no verdadeiro Fim do Mundo, ou talvez, no in\u00edcio de tudo.<\/p>\n<p><img loading=\"lazy\" decoding=\"async\" class=\"alignnone size-medium wp-image-250942\" src=\"https:\/\/tolkeyenpatagonia.com\/wp-content\/uploads\/2024\/12\/Isla-redonda-1-Tolkeyen-1140x760.jpg\" alt=\"Ilha Redonda com vista para o Canal de Beagle\" width=\"1140\" height=\"760\" srcset=\"https:\/\/tolkeyenpatagonia.com\/wp-content\/uploads\/2024\/12\/Isla-redonda-1-Tolkeyen-1140x760.jpg 1140w, https:\/\/tolkeyenpatagonia.com\/wp-content\/uploads\/2024\/12\/Isla-redonda-1-Tolkeyen-768x512.jpg 768w, https:\/\/tolkeyenpatagonia.com\/wp-content\/uploads\/2024\/12\/Isla-redonda-1-Tolkeyen-600x400.jpg 600w, https:\/\/tolkeyenpatagonia.com\/wp-content\/uploads\/2024\/12\/Isla-redonda-1-Tolkeyen.jpg 1200w\" sizes=\"auto, (max-width: 1140px) 100vw, 1140px\" \/><\/p>\n<p><img loading=\"lazy\" decoding=\"async\" class=\"alignnone size-medium wp-image-250945\" src=\"https:\/\/tolkeyenpatagonia.com\/wp-content\/uploads\/2024\/12\/Isla-redonda-6-Tolkeyen-1140x760.jpg\" alt=\"Isla Redonda descendo do barco\" width=\"1140\" height=\"760\" srcset=\"https:\/\/tolkeyenpatagonia.com\/wp-content\/uploads\/2024\/12\/Isla-redonda-6-Tolkeyen-1140x760.jpg 1140w, https:\/\/tolkeyenpatagonia.com\/wp-content\/uploads\/2024\/12\/Isla-redonda-6-Tolkeyen-768x512.jpg 768w, https:\/\/tolkeyenpatagonia.com\/wp-content\/uploads\/2024\/12\/Isla-redonda-6-Tolkeyen-600x400.jpg 600w, https:\/\/tolkeyenpatagonia.com\/wp-content\/uploads\/2024\/12\/Isla-redonda-6-Tolkeyen.jpg 1200w\" sizes=\"auto, (max-width: 1140px) 100vw, 1140px\" \/><\/p>\n<h3><strong>Detalhes da atividade:<\/strong><\/h3>\n<p>A navega\u00e7\u00e3o permite duas modalidades<\/p>\n<p><strong>SA\u00cdDA DO PORTO DE USHUAIA: NAVEGA\u00c7\u00c3O COM DESCIDA EM ISLA REDONDA  <\/strong><\/p>\n<p>\ud83d\udea2 <strong>Viagem de ida e volta com guia do Tourist Pier <\/strong> <\/p>\n<p>Apresenta\u00e7\u00e3o no cais tur\u00edstico 08:30hs<\/p>\n<p>Sa\u00edda 09:00hs<\/p>\n<p>Retorno das 13h30 \u00e0s 14h<\/p>\n<p>Navega\u00e7\u00e3o exclusiva para aproximadamente 40 passageiros (consultar grupos) com cafeteria svs com tarifa. Lembre-se de que h\u00e1 uma parada no P\u00eder de Puerto Arias sem desembarque para adicionar passageiros que fazem Park + Round Island ou apenas Round Island <\/p>\n<p>\u2757 IMPORTANTE: <strong>n\u00e3o requer entrada no Parque Nacional<\/strong> \u2013 Inclui taxa portu\u00e1ria<\/p>\n<p>&nbsp;<\/p>\n<p><strong>APENAS ILHA REDONDA  <\/strong><\/p>\n<p>Apresenta\u00e7\u00e3o no cais de Puerto Arias (Lapataia) 10h30<\/p>\n<p>Partida 11:00 a.m.<\/p>\n<p>\u2757 IMPORTANTE: <strong>n\u00e3o se incluir transfer ou entrada no Parque<\/strong><\/p>\n<ul>\n<li><strong>Ponto de encontro:<\/strong> 10:00 a.m. em Puerto Arias (cais do Mirador Bah\u00eda Lapataia). \u00c9 poss\u00edvel embarcar no cais tur\u00edstico da cidade de Ushuaia tamb\u00e9m. <\/li>\n<li><strong>Importante:<\/strong> A excurs\u00e3o n\u00e3o inclui traslado, entrada no Parque Nacional Tierra del Fuego ou outras excurs\u00f5es dentro do parque.<\/li>\n<\/ul>\n<p>Viva uma experi\u00eancia \u00fanica e conecte-se com a natureza no seu melhor!<\/p>\n","protected":false},"excerpt":{"rendered":"<p><strong>Navega\u00e7\u00e3o no Canal de Beagle: Ilha<\/strong><br \/>\n RedondaDescubra Isla Redonda com trilhas em uma floresta \u00fanica e vistas panor\u00e2micas do parque e do Canal de Beagle.<br \/>\nPartidas de:<\/p>\n<ol>\n<li><strong>Cais tur\u00edstico<\/strong> (centro).<\/li>\n<li><strong>Puerto Arias<\/strong> (Ba\u00eda de Lapataia, ideal para quem visita o parque de ve\u00edculo).<\/li>\n<\/ol>\n<p><strong>Indique a op\u00e7\u00e3o escolhida ao confirmar sua compra.<\/strong><\/p>\n","protected":false},"featured_media":251567,"template":"","meta":[],"product_brand":[],"product_cat":[1101,1094],"product_tag":[],"class_list":{"0":"post-259645","1":"product","2":"type-product","3":"status-publish","4":"has-post-thumbnail","6":"destino-ushuaia-pt-br-2","7":"mes-marzo-pt-br","8":"mes-noviembre-pt-br","9":"mes-diciembre-pt-br","10":"mes-enero-pt-br","11":"mes-febrero-pt-br","12":"epoca-verano-pt-br","13":"product_cat-navegacao-no-canal-de-beagle","14":"product_cat-parque-nacional-tierra-del-fuego-pt-br","16":"first","17":"instock","18":"sale","19":"sold-individually","20":"shipping-taxable","21":"purchasable","22":"product-type-booking"},"acf":[],"_links":{"self":[{"href":"https:\/\/tolkeyenpatagonia.com\/pt-br\/wp-json\/wp\/v2\/product\/259645","targetHints":{"allow":["GET"]}}],"collection":[{"href":"https:\/\/tolkeyenpatagonia.com\/pt-br\/wp-json\/wp\/v2\/product"}],"about":[{"href":"https:\/\/tolkeyenpatagonia.com\/pt-br\/wp-json\/wp\/v2\/types\/product"}],"wp:featuredmedia":[{"embeddable":true,"href":"https:\/\/tolkeyenpatagonia.com\/pt-br\/wp-json\/wp\/v2\/media\/251567"}],"wp:attachment":[{"href":"https:\/\/tolkeyenpatagonia.com\/pt-br\/wp-json\/wp\/v2\/media?parent=259645"}],"wp:term":[{"taxonomy":"product_brand","embeddable":true,"href":"https:\/\/tolkeyenpatagonia.com\/pt-br\/wp-json\/wp\/v2\/product_brand?post=259645"},{"taxonomy":"product_cat","embeddable":true,"href":"https:\/\/tolkeyenpatagonia.com\/pt-br\/wp-json\/wp\/v2\/product_cat?post=259645"},{"taxonomy":"product_tag","embeddable":true,"href":"https:\/\/tolkeyenpatagonia.com\/pt-br\/wp-json\/wp\/v2\/product_tag?post=259645"}],"curies":[{"name":"wp","href":"https:\/\/api.w.org\/{rel}","templated":true}]}}