{"id":249669,"date":"2025-01-21T11:29:09","date_gmt":"2025-01-21T14:29:16","guid":{"rendered":"https:\/\/tolkeyenpatagonia.com\/?post_type=product&#038;p=249669"},"modified":"2025-02-10T11:38:48","modified_gmt":"2025-02-10T14:38:48","slug":"pacote-completo-ushuaia","status":"publish","type":"product","link":"https:\/\/tolkeyenpatagonia.com\/pt-br\/producto\/pacote-completo-ushuaia\/","title":{"rendered":"Pacote Completo Ushuaia"},"content":{"rendered":"<h2 data-pm-slice=\"1 1 []\">Pacote Completo Ushuaia: Viva todas as experi\u00eancias do fim do mundo<\/h2>\n<h3>A experi\u00eancia inclui<\/h3>\n<p>*Traslados do aeroporto<\/p>\n<p>* Paisagens e Encantos, conhe\u00e7a a cidade de uma forma \u00fanica.<\/p>\n<p>*Parque Nacional Tierra del Fuego + Navega\u00e7\u00e3o Ilha Redonda<\/p>\n<p>* Navega\u00e7\u00e3o no Canal de Beagle para o Farol<\/p>\n<p>*Experi\u00eancia Completa em Lagos<\/p>\n<p><strong>Estadia m\u00ednima de 3 noites.<\/strong><\/p>\n<div class=\"flex-shrink-0 flex flex-col relative items-end\">\n<div>\n<div class=\"pt-0\">\n<div class=\"gizmo-bot-avatar flex h-8 w-8 items-center justify-center overflow-hidden rounded-full\">\n<ul>\n<li class=\"relative p-1 rounded-sm flex items-center justify-center bg-token-main-surface-primary text-token-text-primary h-8 w-8\">\n<h4>Parque Nacional + Ilha Redonda<\/h4>\n<\/li>\n<\/ul>\n<\/div>\n<\/div>\n<\/div>\n<\/div>\n<div class=\"group\/conversation-turn relative flex w-full min-w-0 flex-col agent-turn\">\n<div class=\"flex-col gap-1 md:gap-3\">\n<div class=\"flex max-w-full flex-col flex-grow\">\n<div class=\"min-h-8 text-message flex w-full flex-col items-end gap-2 whitespace-normal break-words [.text-message+&amp;]:mt-5\" dir=\"auto\" data-message-author-role=\"assistant\" data-message-id=\"834371b8-a89b-41ce-b321-da233c0ef2bc\" data-message-model-slug=\"gpt-4o\">\n<div class=\"flex w-full flex-col gap-1 empty:hidden first:pt-[3px]\">\n<div class=\"markdown prose w-full break-words dark:prose-invert light\">\n<p>Descubra a beleza natural de Ushuaia come\u00e7ando com o Parque Nacional Tierra del Fuego. Da Ba\u00eda de Ensenada, voc\u00ea desfrutar\u00e1 de vistas deslumbrantes do Canal de Beagle antes de embarcar para Isla Redonda. Ap\u00f3s uma curta navega\u00e7\u00e3o, voc\u00ea chegar\u00e1 a esta ilha m\u00e1gica, cercada por florestas exuberantes e com trilhas de dificuldade baixa ou m\u00e9dia. As vistas panor\u00e2micas do Parque Nacional e do Canal de Beagle ser\u00e3o incompar\u00e1veis, oferecendo uma experi\u00eancia \u00fanica no Fim do Mundo. Depois de explorar a ilha, voltaremos \u00e0 ba\u00eda de Ensenada para continuar nosso tour pelo parque.    <\/p>\n<p><img loading=\"lazy\" decoding=\"async\" class=\"alignnone size-medium wp-image-227336\" src=\"https:\/\/tolkeyenpatagonia.com\/wp-content\/uploads\/2024\/06\/navegacion-isla-redonda-9-tolkeyen-1140x760.jpg\" alt=\"Ilha Redonda 2\" width=\"1140\" height=\"760\" srcset=\"https:\/\/tolkeyenpatagonia.com\/wp-content\/uploads\/2024\/06\/navegacion-isla-redonda-9-tolkeyen-1140x760.jpg 1140w, https:\/\/tolkeyenpatagonia.com\/wp-content\/uploads\/2024\/06\/navegacion-isla-redonda-9-tolkeyen-768x512.jpg 768w, https:\/\/tolkeyenpatagonia.com\/wp-content\/uploads\/2024\/06\/navegacion-isla-redonda-9-tolkeyen-600x400.jpg 600w, https:\/\/tolkeyenpatagonia.com\/wp-content\/uploads\/2024\/06\/navegacion-isla-redonda-9-tolkeyen.jpg 1200w\" sizes=\"auto, (max-width: 1140px) 100vw, 1140px\" \/><\/p>\n<ul>\n<li>\n<h4>Paisagens e del\u00edcias de Ushuaia<\/h4>\n<\/li>\n<\/ul>\n<p>Este passeio come\u00e7a na hist\u00f3rica Avenida Maip\u00fa, onde voc\u00ea pode apreciar edif\u00edcios emblem\u00e1ticos como a Antiga Casa do Governo e o Monumento \u00e0s Ilhas Malvinas. Continuaremos at\u00e9 o &#8220;Mirador H\u00e9roes de Malvinas&#8221; para desfrutar das primeiras vistas panor\u00e2micas de Ushuaia. Em seguida, atravessaremos estradas de montanha e florestas, fazendo paradas em mirantes com vistas espetaculares. Para finalizar, desfrutaremos de uma deliciosa degusta\u00e7\u00e3o de bolos acompanhada de uma infus\u00e3o quente, tudo com vistas deslumbrantes do Canal de Beagle. O encerramento perfeito para um passeio cheio de hist\u00f3ria, paisagens e sabores!    <\/p>\n<p>&nbsp;<\/p>\n<p><img loading=\"lazy\" decoding=\"async\" class=\"alignnone size-medium wp-image-236057\" src=\"https:\/\/tolkeyenpatagonia.com\/wp-content\/uploads\/2024\/08\/paisajes-y-delicias-6-tolkeyen-7-1140x760.jpg\" alt=\"Paisagens e del\u00edcias 3\" width=\"1140\" height=\"760\" srcset=\"https:\/\/tolkeyenpatagonia.com\/wp-content\/uploads\/2024\/08\/paisajes-y-delicias-6-tolkeyen-7-1140x760.jpg 1140w, https:\/\/tolkeyenpatagonia.com\/wp-content\/uploads\/2024\/08\/paisajes-y-delicias-6-tolkeyen-7-768x512.jpg 768w, https:\/\/tolkeyenpatagonia.com\/wp-content\/uploads\/2024\/08\/paisajes-y-delicias-6-tolkeyen-7-600x400.jpg 600w, https:\/\/tolkeyenpatagonia.com\/wp-content\/uploads\/2024\/08\/paisajes-y-delicias-6-tolkeyen-7.jpg 1200w\" sizes=\"auto, (max-width: 1140px) 100vw, 1140px\" \/><\/p>\n<ul>\n<li>\n<h4>Experi\u00eancia completa dos lagos fueguinos<\/h4>\n<\/li>\n<\/ul>\n<p>Esta experi\u00eancia o levar\u00e1 pelas paisagens mais impressionantes da Terra do Fogo. Partimos de Ushuaia pela Rota Nacional N\u00ba 3, desfrutando das vistas do Monte Olivia e dos Cinco Irm\u00e3os. Fazemos uma primeira parada em um Centro de Inverno para um caf\u00e9 quente antes de passear pelas florestas fueguinas em quadriciclos. O passeio inclui vales de turfa, cachoeiras e o Passo Garibaldi, onde admiramos os lagos panor\u00e2micos Escondido e Fagnano. Chegamos \u00e0 Est\u00e2ncia &#8220;La Carmen&#8221; para caminhar e fotografar os arredores antes de retornar e desfrutar de uma conversa e degusta\u00e7\u00e3o de bebidas espirituosas. Fechamos o dia com um delicioso cordeiro fueguino na fogueira antes de retornar a Ushuaia.     <\/p>\n<p><img loading=\"lazy\" decoding=\"async\" class=\"alignnone size-full wp-image-178657\" src=\"https:\/\/tolkeyenpatagonia.com\/wp-content\/uploads\/2021\/11\/4x4-aventura-tolkeyen-patagonia-turismo-20.jpg\" alt=\"Excurs\u00e3o Lago Escondido e Fagnano\" width=\"1200\" height=\"800\"><\/p>\n<p>&nbsp;<\/p>\n<ul>\n<li>\n<h2 data-sourcepos=\"1:1-1:77\">Descubra a beleza natural do Canal de Beagle em uma excurs\u00e3o inesquec\u00edvel<\/h2>\n<p data-sourcepos=\"3:1-3:145\">Convidamos voc\u00ea a viver uma experi\u00eancia \u00fanica no Canal de Beagle, uma das maravilhas naturais mais impressionantes do mundo.<\/p>\n<p data-sourcepos=\"5:1-5:273\">Nesta excurs\u00e3o de 3 horas, voc\u00ea navegar\u00e1 ao longo do canal, desfrutando de suas paisagens incompar\u00e1veis. Voc\u00ea visitar\u00e1 as Ilhas Bridges, onde voc\u00ea pode caminhar ao redor da Ilha Karelo, e as Ilhas Lobos e P\u00e1ssaros, onde voc\u00ea pode avistar le\u00f5es marinhos, cormor\u00f5es e outras aves marinhas.<\/p>\n<p data-sourcepos=\"7:1-7:112\">Voc\u00ea tamb\u00e9m visitar\u00e1 o Farol Les Eclaireurs, um farol hist\u00f3rico que est\u00e1 localizado em um arquip\u00e9lago de mesmo nome.<\/p>\n<p data-sourcepos=\"9:1-9:113\">Este passeio \u00e9 perfeito para aqueles que procuram uma experi\u00eancia de natureza e aventura na Terra do Fogo.<\/p>\n<p>Todas as descri\u00e7\u00f5es e roteiros s\u00e3o ilustrativos: os hor\u00e1rios das atividades, a ordem das atividades e as atra\u00e7\u00f5es visitadas podem variar, de acordo com a avalia\u00e7\u00e3o do capit\u00e3o e as condi\u00e7\u00f5es clim\u00e1ticas.<\/li>\n<li>\n<p data-sourcepos=\"17:1-17:79\"><img loading=\"lazy\" decoding=\"async\" class=\"alignnone size-medium wp-image-204954\" src=\"https:\/\/tolkeyenpatagonia.com\/wp-content\/uploads\/2021\/08\/Diseno-sin-titulo-2024-01-14T154322.929-1140x760.jpg\" alt=\"Farol e retrato de mulher\" width=\"1140\" height=\"760\" srcset=\"https:\/\/tolkeyenpatagonia.com\/wp-content\/uploads\/2021\/08\/Diseno-sin-titulo-2024-01-14T154322.929-1140x760.jpg 1140w, https:\/\/tolkeyenpatagonia.com\/wp-content\/uploads\/2021\/08\/Diseno-sin-titulo-2024-01-14T154322.929-768x512.jpg 768w, https:\/\/tolkeyenpatagonia.com\/wp-content\/uploads\/2021\/08\/Diseno-sin-titulo-2024-01-14T154322.929-600x400.jpg 600w, https:\/\/tolkeyenpatagonia.com\/wp-content\/uploads\/2021\/08\/Diseno-sin-titulo-2024-01-14T154322.929.jpg 1200w\" sizes=\"auto, (max-width: 1140px) 100vw, 1140px\" \/><\/p>\n<\/li>\n<li>\n<h4><strong>Traslados do aeroporto tamb\u00e9m est\u00e3o inclu\u00eddos no pacote<\/strong><\/h4>\n<\/li>\n<\/ul>\n<\/div>\n<\/div>\n<\/div>\n<\/div>\n<\/div>\n<\/div>\n<p>&nbsp;<\/p>\n","protected":false},"excerpt":{"rendered":"<h3><strong>Pacote Completo Ushuaia<\/strong><\/h3>\n<p><strong>Descubra o Fim do Mundo com uma experi\u00eancia inesquec\u00edvel<\/strong><\/p>\n<p>Com este pacote, explore Ushuaia e suas principais maravilhas naturais. Selecionamos cuidadosamente as melhores excurs\u00f5es para voc\u00ea levar lembran\u00e7as \u00fanicas desta terra fascinante. <\/p>\n<ul>\n<li>\n<h3><strong>A experi\u00eancia inclui:<\/strong><\/h3>\n<p>\u2705 <strong>Traslados do aeroporto:<\/strong> Conforto garantido desde a sua chegada at\u00e9 a partida.<br \/>\n\u2705 <strong>Paisagens e Del\u00edcias:<\/strong> Descubra a cidade com uma perspectiva \u00fanica, combinando vistas incr\u00edveis e sabores locais.<br \/>\n\u2705 <strong>Parque Nacional Tierra del Fuego + Isla Redonda Navega\u00e7\u00e3o:<\/strong> Natureza em sua forma mais pura, com trilhas e paisagens de tirar o f\u00f4lego.<br \/>\n\u2705 <strong>Navega\u00e7\u00e3o pelo Canal de Beagle at\u00e9 o Farol Les \u00c9claireurs:<\/strong> Uma experi\u00eancia imperd\u00edvel, cercada por fauna marinha e vistas espetaculares.<br \/>\n\u2705 <strong>Experi\u00eancia Completa em Lagos:<\/strong> Conhe\u00e7a os m\u00e1gicos lagos Fagnano e Escondido em uma excurs\u00e3o inesquec\u00edvel.<\/li>\n<\/ul>\n<p><strong>Porque escolher-nos?<\/strong><br \/>\n\u2714\ufe0f Roteiros exclusivos pensados para aproveitar ao m\u00e1ximo a sua visita.<br \/>\n\u2714\ufe0f Guias especializados que lhe mostrar\u00e3o a magia de Ushuaia.<br \/>\n\u2714\ufe0f Um ver\u00e3o \u00fanico em um lugar cheio de hist\u00f3rias e paisagens incompar\u00e1veis.<\/p>\n<p>Experimente o Fim do Mundo como nunca antes!  <strong>Reserve agora e crie mem\u00f3rias para toda a vida.<\/strong><\/p>\n","protected":false},"featured_media":257093,"template":"","meta":[],"product_brand":[],"product_cat":[1372,1117,1101,1102,1094,1103,1134],"product_tag":[],"class_list":{"0":"post-249669","1":"product","2":"type-product","3":"status-publish","4":"has-post-thumbnail","6":"destino-ushuaia-pt-br-2","7":"mes-marzo-pt-br","8":"mes-noviembre-pt-br","9":"mes-abril-pt-br","10":"mes-diciembre-pt-br","11":"mes-enero-pt-br","12":"mes-febrero-pt-br","13":"epoca-todo-el-ano-pt-br","14":"product_cat-passeio-pela-cidade","15":"product_cat-lagos-fueguinos-pt-br","16":"product_cat-navegacao-no-canal-de-beagle","17":"product_cat-pacotes-ushuaia","18":"product_cat-parque-nacional-tierra-del-fuego-pt-br","19":"product_cat-transferencias","20":"product_cat-turismo-de-aventura","22":"first","23":"instock","24":"virtual","25":"sold-individually","26":"purchasable","27":"product-type-booking"},"acf":[],"_links":{"self":[{"href":"https:\/\/tolkeyenpatagonia.com\/pt-br\/wp-json\/wp\/v2\/product\/249669","targetHints":{"allow":["GET"]}}],"collection":[{"href":"https:\/\/tolkeyenpatagonia.com\/pt-br\/wp-json\/wp\/v2\/product"}],"about":[{"href":"https:\/\/tolkeyenpatagonia.com\/pt-br\/wp-json\/wp\/v2\/types\/product"}],"wp:featuredmedia":[{"embeddable":true,"href":"https:\/\/tolkeyenpatagonia.com\/pt-br\/wp-json\/wp\/v2\/media\/257093"}],"wp:attachment":[{"href":"https:\/\/tolkeyenpatagonia.com\/pt-br\/wp-json\/wp\/v2\/media?parent=249669"}],"wp:term":[{"taxonomy":"product_brand","embeddable":true,"href":"https:\/\/tolkeyenpatagonia.com\/pt-br\/wp-json\/wp\/v2\/product_brand?post=249669"},{"taxonomy":"product_cat","embeddable":true,"href":"https:\/\/tolkeyenpatagonia.com\/pt-br\/wp-json\/wp\/v2\/product_cat?post=249669"},{"taxonomy":"product_tag","embeddable":true,"href":"https:\/\/tolkeyenpatagonia.com\/pt-br\/wp-json\/wp\/v2\/product_tag?post=249669"}],"curies":[{"name":"wp","href":"https:\/\/api.w.org\/{rel}","templated":true}]}}