{"id":249655,"date":"2024-08-26T14:45:04","date_gmt":"2024-12-04T17:27:29","guid":{"rendered":"https:\/\/tolkeyenpatagonia.com\/producto\/paisagens-e-delicias-de-ushuaia\/"},"modified":"2024-12-04T14:27:29","modified_gmt":"2024-12-04T17:27:29","slug":"paisagens-e-delicias-de-ushuaia","status":"publish","type":"product","link":"https:\/\/tolkeyenpatagonia.com\/pt-br\/producto\/paisagens-e-delicias-de-ushuaia\/","title":{"rendered":"Paisagens e del\u00edcias de Ushuaia"},"content":{"rendered":"<h2>Paisagens e del\u00edcias de Ushuaia: desfrute de um passeio hist\u00f3rico e vistas panor\u00e2micas de Ushuaia<\/h2>\n<p>Paisagens e del\u00edcias de Ushuaia: O passeio come\u00e7a na Avenida Maip\u00fa, onde voc\u00ea pode apreciar v\u00e1rias atra\u00e7\u00f5es hist\u00f3ricas e arquitet\u00f4nicas. Entre eles, a Pra\u00e7a C\u00edvica, onde a Bandeira Nacional foi hasteada pela primeira vez; a Antiga Casa do Governo; o Armaz\u00e9m Geral da Filial e o Antigo Templo de Nuestra Se\u00f1ora de la Merced, todos destacados por sua hist\u00f3ria e design. Antes de fazer nossa primeira parada no ic\u00f4nico Cartel de Ushuaia para tirar fotos, passaremos pelo Monumento \u00e0s Ilhas Malvinas. Continuaremos nosso passeio pela rua principal da cidade. No final da avenida, encontraremos as instala\u00e7\u00f5es da Base Naval e da Antiga Pris\u00e3o e Pris\u00e3o para Reincidentes. Em seguida, seguiremos em dire\u00e7\u00e3o ao primeiro mirante, o &#8220;Mirador H\u00e9roes de Malvinas&#8221;, onde desfrutaremos das primeiras vistas panor\u00e2micas da cidade. Em seguida, sairemos por uma estrada sinuosa de montanha at\u00e9 chegar \u00e0s pistas de esqui cross-country Francisco Jerman. Aqui, daremos um pequeno passeio pelos bosques da Terra do Fogo, admirando o ambiente montanhoso coroado pelo Glaciar Martial. Ap\u00f3s a caminhada, percorreremos os bairros de Ushuaia, fazendo paradas no segundo e terceiro mirantes, &#8220;Mirador de Las Hayas&#8221; e &#8220;Mirador Los Ca\u00f1ones&#8221;, onde teremos uma bela vista de 360 graus da paisagem que nos rodeia. Finalmente, concluiremos nosso passeio com uma deliciosa degusta\u00e7\u00e3o de uma dupla de bolos, acompanhada de uma infus\u00e3o quente, desfrutando das vistas das margens do Canal de Beagle. Al\u00e9m disso, teremos a possibilidade de descer at\u00e9 a praia e nos maravilhar com a paisagem imponente.  <\/p>\n<p><img loading=\"lazy\" decoding=\"async\" class=\"alignnone size-medium wp-image-236051\" src=\"https:\/\/tolkeyenpatagonia.com\/wp-content\/uploads\/2024\/08\/paisajes-y-delicias-15-tolkeyen-7-1140x760.jpg\" alt=\"Paisagens e del\u00edcias 1\" width=\"1140\" height=\"760\" srcset=\"https:\/\/tolkeyenpatagonia.com\/wp-content\/uploads\/2024\/08\/paisajes-y-delicias-15-tolkeyen-7-1140x760.jpg 1140w, https:\/\/tolkeyenpatagonia.com\/wp-content\/uploads\/2024\/08\/paisajes-y-delicias-15-tolkeyen-7-768x512.jpg 768w, https:\/\/tolkeyenpatagonia.com\/wp-content\/uploads\/2024\/08\/paisajes-y-delicias-15-tolkeyen-7-600x400.jpg 600w, https:\/\/tolkeyenpatagonia.com\/wp-content\/uploads\/2024\/08\/paisajes-y-delicias-15-tolkeyen-7.jpg 1200w\" sizes=\"auto, (max-width: 1140px) 100vw, 1140px\" \/><\/p>\n<p><img loading=\"lazy\" decoding=\"async\" class=\"alignnone size-medium wp-image-236054\" src=\"https:\/\/tolkeyenpatagonia.com\/wp-content\/uploads\/2024\/08\/paisajes-y-delicias-10-tolkeyen-7-1140x760.jpg\" alt=\"Paisagens e del\u00edcias 2\" width=\"1140\" height=\"760\" srcset=\"https:\/\/tolkeyenpatagonia.com\/wp-content\/uploads\/2024\/08\/paisajes-y-delicias-10-tolkeyen-7-1140x760.jpg 1140w, https:\/\/tolkeyenpatagonia.com\/wp-content\/uploads\/2024\/08\/paisajes-y-delicias-10-tolkeyen-7-768x512.jpg 768w, https:\/\/tolkeyenpatagonia.com\/wp-content\/uploads\/2024\/08\/paisajes-y-delicias-10-tolkeyen-7-600x400.jpg 600w, https:\/\/tolkeyenpatagonia.com\/wp-content\/uploads\/2024\/08\/paisajes-y-delicias-10-tolkeyen-7.jpg 1200w\" sizes=\"auto, (max-width: 1140px) 100vw, 1140px\" \/><\/p>\n","protected":false},"excerpt":{"rendered":"<p data-pm-slice=\"1 1 []\">Este passeio por Ushuaia oferece uma experi\u00eancia completa que combina hist\u00f3ria, cultura e natureza, come\u00e7ando no cora\u00e7\u00e3o da cidade, continuando com impressionantes vistas panor\u00e2micas de v\u00e1rios mirantes, e terminando com um passeio pelas florestas fueguinas e uma pausa relaxante para saborear os doces locais, com a possibilidade de desfrutar da paisagem costeira do Canal de Beagle.<\/p>\n","protected":false},"featured_media":304017,"template":"","meta":[],"product_brand":[],"product_cat":[1372],"product_tag":[],"class_list":{"0":"post-249655","1":"product","2":"type-product","3":"status-publish","4":"has-post-thumbnail","6":"destino-ushuaia-pt-br-2","7":"mes-marzo-pt-br","8":"mes-noviembre-pt-br","9":"mes-abril-pt-br","10":"mes-diciembre-pt-br","11":"mes-julio-pt-br","12":"mes-agosto-pt-br","13":"mes-enero-pt-br","14":"mes-septiembre-pt-br","15":"mes-febrero-pt-br","16":"mes-octubre-pt-br","17":"epoca-verano-pt-br","18":"epoca-invierno-pt-br","19":"epoca-todo-el-ano-pt-br","20":"product_cat-passeio-pela-cidade","22":"first","23":"instock","24":"sale","25":"virtual","26":"sold-individually","27":"purchasable","28":"product-type-booking"},"acf":[],"_links":{"self":[{"href":"https:\/\/tolkeyenpatagonia.com\/pt-br\/wp-json\/wp\/v2\/product\/249655","targetHints":{"allow":["GET"]}}],"collection":[{"href":"https:\/\/tolkeyenpatagonia.com\/pt-br\/wp-json\/wp\/v2\/product"}],"about":[{"href":"https:\/\/tolkeyenpatagonia.com\/pt-br\/wp-json\/wp\/v2\/types\/product"}],"wp:featuredmedia":[{"embeddable":true,"href":"https:\/\/tolkeyenpatagonia.com\/pt-br\/wp-json\/wp\/v2\/media\/304017"}],"wp:attachment":[{"href":"https:\/\/tolkeyenpatagonia.com\/pt-br\/wp-json\/wp\/v2\/media?parent=249655"}],"wp:term":[{"taxonomy":"product_brand","embeddable":true,"href":"https:\/\/tolkeyenpatagonia.com\/pt-br\/wp-json\/wp\/v2\/product_brand?post=249655"},{"taxonomy":"product_cat","embeddable":true,"href":"https:\/\/tolkeyenpatagonia.com\/pt-br\/wp-json\/wp\/v2\/product_cat?post=249655"},{"taxonomy":"product_tag","embeddable":true,"href":"https:\/\/tolkeyenpatagonia.com\/pt-br\/wp-json\/wp\/v2\/product_tag?post=249655"}],"curies":[{"name":"wp","href":"https:\/\/api.w.org\/{rel}","templated":true}]}}