{"id":249649,"date":"2024-08-08T17:07:52","date_gmt":"2024-12-04T17:27:23","guid":{"rendered":"https:\/\/tolkeyenpatagonia.com\/producto\/safari-azul\/"},"modified":"2024-12-04T14:27:23","modified_gmt":"2024-12-04T17:27:23","slug":"safari-azul","status":"publish","type":"product","link":"https:\/\/tolkeyenpatagonia.com\/pt-br\/producto\/safari-azul\/","title":{"rendered":"Saf\u00e1ri Azul"},"content":{"rendered":"<h2>Saf\u00e1ri Azul no Glaciar Perito Moreno: Navega\u00e7\u00e3o e caminhada em frente a um colosso de gelo<\/h2>\n<p>O Blue Safari foi pensado para quem, al\u00e9m de navegar em frente ao Glaciar Perito Moreno, sonha em se aproximar do gelo da geleira! A excurs\u00e3o come\u00e7a em El Calafate quando o \u00f4nibus parte para o Parque Nacional Los Glaciares. Uma vez no Puerto Bajo de las Sombras, a apenas 7 km das passarelas, pegaremos um barco para cruzar o Lago Rico e, ap\u00f3s 20 minutos de navega\u00e7\u00e3o, desembarcaremos na costa oposta. Aos poucos caminharemos por 30 minutos, sempre com vista para a parede sul da Geleira, caso sejamos surpreendidos por um deslizamento de terra estrondoso. Uma vez ao lado do gelo, ser\u00e1 hora de uma experi\u00eancia inesquec\u00edvel&#8230; Poderemos desfrutar plenamente de seus intensos e variados azuis, brancos e suas formas caprichosas. Teremos tempo para tirar muitas fotos e depois retornar ao local de embarque sempre acompanhados por um guia experiente. A caminhada total \u00e9 de aproximadamente 1,30 horas por um terreno natural de areia e pedras com algumas encostas e escadas. O percurso, de um quil\u00f4metro e meio, ser\u00e1 ao longo da margem do lago e atrav\u00e9s de uma floresta exuberante com vista para a geleira. Por fim, pegaremos o barco para apreciar da \u00e1gua e, a poucos metros de dist\u00e2ncia, toda a face sul da geleira e poderemos ver cada detalhe da parede de gelo marmorizado. Uma vez no porto, se voc\u00ea contratou o servi\u00e7o de transfer com Ice and Adventure, pegaremos o \u00f4nibus at\u00e9 as passarelas onde teremos 2 horas para desfrutar da incr\u00edvel vista panor\u00e2mica. Se voc\u00ea se mudou por seus pr\u00f3prios meios, pode escolher livremente o tempo gasto visitando as passarelas. Al\u00e9m disso, poder\u00e3o aproveitar esse tempo para consumir os alimentos que devem trazer de El Calafate. Finalmente voltamos a Calafate<\/p>\n<p><img loading=\"lazy\" decoding=\"async\" class=\"alignnone size-medium wp-image-234691\" src=\"https:\/\/tolkeyenpatagonia.com\/wp-content\/uploads\/2024\/08\/Safari-Azul-8-Tolkeyen-1140x760.jpg\" alt=\"Saf\u00e1ri Azul 2\" width=\"1140\" height=\"760\" srcset=\"https:\/\/tolkeyenpatagonia.com\/wp-content\/uploads\/2024\/08\/Safari-Azul-8-Tolkeyen-1140x760.jpg 1140w, https:\/\/tolkeyenpatagonia.com\/wp-content\/uploads\/2024\/08\/Safari-Azul-8-Tolkeyen-768x512.jpg 768w, https:\/\/tolkeyenpatagonia.com\/wp-content\/uploads\/2024\/08\/Safari-Azul-8-Tolkeyen-600x400.jpg 600w, https:\/\/tolkeyenpatagonia.com\/wp-content\/uploads\/2024\/08\/Safari-Azul-8-Tolkeyen.jpg 1200w\" sizes=\"auto, (max-width: 1140px) 100vw, 1140px\" \/><\/p>\n<h3><strong>Informa\u00e7\u00f5es importantes sobre o Blue Safari<\/strong><\/h3>\n<p>*Arquivo operacional; diariamente de agosto a maio<br \/>\n*<strong>N\u00e3o \u00e9 adequado para:<\/strong><br \/>\n Pessoas sedent\u00e1rias com obesidade. Pessoas com obesidade n\u00e3o poder\u00e3o participar. No caso dos adultos, a Organiza\u00e7\u00e3o Mundial da Sa\u00fade (OMS) define obesidade como obesidade quando uma pessoa tem um \u00cdndice de Massa Corporal (IMC) igual ou superior a 30. O IMC \u00e9 calculado dividindo o peso de uma pessoa em quilos pelo quadrado de sua altura em metros: (kg\/m2). Se voc\u00ea tiver alguma d\u00favida ou d\u00favida, envie-nos um e-mail para clientes@hieloyaventura.com<br \/>\n*Adequado apenas para pessoas de 6 a 70 anos. Sem exce\u00e7\u00e3o. <\/p>\n<p><img loading=\"lazy\" decoding=\"async\" class=\"alignnone size-medium wp-image-234709\" src=\"https:\/\/tolkeyenpatagonia.com\/wp-content\/uploads\/2024\/08\/Safari-Azul-6-Tolkeyen-1140x760.jpg\" alt=\"Saf\u00e1ri Azul 8\" width=\"1140\" height=\"760\" srcset=\"https:\/\/tolkeyenpatagonia.com\/wp-content\/uploads\/2024\/08\/Safari-Azul-6-Tolkeyen-1140x760.jpg 1140w, https:\/\/tolkeyenpatagonia.com\/wp-content\/uploads\/2024\/08\/Safari-Azul-6-Tolkeyen-768x512.jpg 768w, https:\/\/tolkeyenpatagonia.com\/wp-content\/uploads\/2024\/08\/Safari-Azul-6-Tolkeyen-600x400.jpg 600w, https:\/\/tolkeyenpatagonia.com\/wp-content\/uploads\/2024\/08\/Safari-Azul-6-Tolkeyen.jpg 1200w\" sizes=\"auto, (max-width: 1140px) 100vw, 1140px\" \/><\/p>\n","protected":false},"excerpt":{"rendered":"<p>N\u00e3o perca a oportunidade de viver uma experi\u00eancia \u00fanica com a atividade Blue Safari no Glaciar Perito Moreno! O Blue Safari o levar\u00e1 a explorar de perto a impressionante parede de gelo, navegando por \u00e1guas cristalinas e caminhando por um ambiente natural incompar\u00e1vel. Mergulhe na imensid\u00e3o da paisagem patag\u00f4nica, onde as cores e os sons da natureza v\u00e3o tirar o f\u00f4lego. Se voc\u00ea est\u00e1 procurando aventura ou apenas um momento de conex\u00e3o com a natureza, esta excurs\u00e3o promete mem\u00f3rias indel\u00e9veis. Prepare-se para uma experi\u00eancia que voc\u00ea nunca esquecer\u00e1!    <\/p>\n","protected":false},"featured_media":234708,"template":"","meta":[],"product_brand":[],"product_cat":[1142],"product_tag":[],"class_list":{"0":"post-249649","1":"product","2":"type-product","3":"status-publish","4":"has-post-thumbnail","6":"destino-calafate-pt-br-2","7":"mes-marzo-pt-br","8":"mes-noviembre-pt-br","9":"mes-abril-pt-br","10":"mes-diciembre-pt-br","11":"mes-mayo-pt-br","12":"mes-agosto-pt-br","13":"mes-enero-pt-br","14":"mes-septiembre-pt-br","15":"mes-febrero-pt-br","16":"mes-octubre-pt-br","17":"epoca-verano-pt-br","18":"epoca-invierno-pt-br","19":"epoca-todo-el-ano-pt-br","20":"product_cat-minitrekking-pt-br","22":"first","23":"instock","24":"shipping-taxable","25":"product-type-external"},"acf":[],"_links":{"self":[{"href":"https:\/\/tolkeyenpatagonia.com\/pt-br\/wp-json\/wp\/v2\/product\/249649","targetHints":{"allow":["GET"]}}],"collection":[{"href":"https:\/\/tolkeyenpatagonia.com\/pt-br\/wp-json\/wp\/v2\/product"}],"about":[{"href":"https:\/\/tolkeyenpatagonia.com\/pt-br\/wp-json\/wp\/v2\/types\/product"}],"wp:featuredmedia":[{"embeddable":true,"href":"https:\/\/tolkeyenpatagonia.com\/pt-br\/wp-json\/wp\/v2\/media\/234708"}],"wp:attachment":[{"href":"https:\/\/tolkeyenpatagonia.com\/pt-br\/wp-json\/wp\/v2\/media?parent=249649"}],"wp:term":[{"taxonomy":"product_brand","embeddable":true,"href":"https:\/\/tolkeyenpatagonia.com\/pt-br\/wp-json\/wp\/v2\/product_brand?post=249649"},{"taxonomy":"product_cat","embeddable":true,"href":"https:\/\/tolkeyenpatagonia.com\/pt-br\/wp-json\/wp\/v2\/product_cat?post=249649"},{"taxonomy":"product_tag","embeddable":true,"href":"https:\/\/tolkeyenpatagonia.com\/pt-br\/wp-json\/wp\/v2\/product_tag?post=249649"}],"curies":[{"name":"wp","href":"https:\/\/api.w.org\/{rel}","templated":true}]}}