{"id":249640,"date":"2024-06-21T11:11:51","date_gmt":"2024-12-04T17:27:10","guid":{"rendered":"https:\/\/tolkeyenpatagonia.com\/producto\/parque-nacional-tierra-del-fuego-ilha-redonda\/"},"modified":"2024-12-04T14:27:10","modified_gmt":"2024-12-04T17:27:10","slug":"parque-nacional-tierra-del-fuego-ilha-redonda","status":"publish","type":"product","link":"https:\/\/tolkeyenpatagonia.com\/pt-br\/producto\/parque-nacional-tierra-del-fuego-ilha-redonda\/","title":{"rendered":"Parque Nacional Tierra del Fuego + Ilha Redonda"},"content":{"rendered":"<h2>Descubra os segredos da Isla Redonda e do Parque Nacional Tierra del Fuego!<\/h2>\n<p>Saindo da cidade de Ushuaia em dire\u00e7\u00e3o sudoeste, percorreremos a rota nacional No. 3, em dire\u00e7\u00e3o ao Parque Nacional Tierra del Fuego, uma \u00e1rea reservada para a prote\u00e7\u00e3o da Floresta Subant\u00e1rtica, flora e fauna nativas.<br \/>\nVisitamos a Ba\u00eda de Ensenada de onde teremos excelentes vistas panor\u00e2micas do Canal de Beagle e suas ilhas e depois n\u00e3o embarcaremos em nosso barco para iniciar a navega\u00e7\u00e3o para Isla Redonda (o ponto de partida do barco pode ser modificado para a Ba\u00eda de Lapataia).<br \/>\nAp\u00f3s 15-20 minutos de navega\u00e7\u00e3o, atracaremos nesta maravilhosa ilha, de onde teremos vistas \u00fanicas do Canal de Beagle e do Parque Nacional. Assim que chegarmos, teremos a op\u00e7\u00e3o de percorrer trilhas de dificuldade m\u00e9dia ou baixa. A floresta aqui \u00e9 \u00fanica por sua exuber\u00e2ncia, vegeta\u00e7\u00e3o e exuber\u00e2ncia. Poderemos respirar o ar puro da floresta fueguina ao chegarmos ao final do passeio, onde um mirante nos permitir\u00e1 tirar excelentes fotografias panor\u00e2micas.<br \/>\nA Ilha Redonda nos ofereceu um ponto de vista incompar\u00e1vel e a verdadeira sensa\u00e7\u00e3o de ter chegado ao Fim do Mundo, ou ao come\u00e7o de tudo. Ap\u00f3s a visita, retornaremos ao barco para iniciar nosso retorno \u00e0 Ba\u00eda de Ensenada e continuar nosso passeio pelo Parque Nacional.   <\/p>\n<p>&nbsp;<\/p>\n<p><img loading=\"lazy\" decoding=\"async\" class=\"alignnone size-medium wp-image-227246\" src=\"https:\/\/tolkeyenpatagonia.com\/wp-content\/uploads\/2024\/06\/parque-nacional-e-isla-redonda-7-Tolkeyen-1140x760.jpg\" alt=\"Parque Round Island e Navega\u00e7\u00e3o 2\" width=\"1140\" height=\"760\" srcset=\"https:\/\/tolkeyenpatagonia.com\/wp-content\/uploads\/2024\/06\/parque-nacional-e-isla-redonda-7-Tolkeyen-1140x760.jpg 1140w, https:\/\/tolkeyenpatagonia.com\/wp-content\/uploads\/2024\/06\/parque-nacional-e-isla-redonda-7-Tolkeyen-768x512.jpg 768w, https:\/\/tolkeyenpatagonia.com\/wp-content\/uploads\/2024\/06\/parque-nacional-e-isla-redonda-7-Tolkeyen-600x400.jpg 600w, https:\/\/tolkeyenpatagonia.com\/wp-content\/uploads\/2024\/06\/parque-nacional-e-isla-redonda-7-Tolkeyen.jpg 1200w\" sizes=\"auto, (max-width: 1140px) 100vw, 1140px\" \/><\/p>\n<p>&nbsp;<\/p>\n<p><img loading=\"lazy\" decoding=\"async\" class=\"alignnone size-medium wp-image-227249\" src=\"https:\/\/tolkeyenpatagonia.com\/wp-content\/uploads\/2024\/06\/parque-nacional-e-isla-redonda-1-Tolkeyen-1140x760.jpg\" alt=\"Parque Round Island e Navega\u00e7\u00e3o 3\" width=\"1140\" height=\"760\" srcset=\"https:\/\/tolkeyenpatagonia.com\/wp-content\/uploads\/2024\/06\/parque-nacional-e-isla-redonda-1-Tolkeyen-1140x760.jpg 1140w, https:\/\/tolkeyenpatagonia.com\/wp-content\/uploads\/2024\/06\/parque-nacional-e-isla-redonda-1-Tolkeyen-768x512.jpg 768w, https:\/\/tolkeyenpatagonia.com\/wp-content\/uploads\/2024\/06\/parque-nacional-e-isla-redonda-1-Tolkeyen-600x400.jpg 600w, https:\/\/tolkeyenpatagonia.com\/wp-content\/uploads\/2024\/06\/parque-nacional-e-isla-redonda-1-Tolkeyen.jpg 1200w\" sizes=\"auto, (max-width: 1140px) 100vw, 1140px\" \/><\/p>\n<h3>Tour pelo Parque Nacional Tierra del Fuego<\/h3>\n<p>Ao longo da estrada cercada por florestas de lengas e turfeiras, chegaremos ao Lago Acigami (antigo Lago Roca), um lago de origem glacial, cuja \u00e1rea \u00e9 de 5,50 quil\u00f4metros quadrados, emoldurado por montanhas e florestas, onde \u00e9 poss\u00edvel avistar esp\u00e9cimes de aves nativas.<\/p>\n<p>A poucos minutos do Lago Acigami faremos uma parada no Centro de Visitantes Alakush onde teremos aproximadamente 20 minutos livres. Possui servi\u00e7os como cafetaria, restaurante, casas de banho, loja de souvenirs e um pequeno museu.<\/p>\n<p>O \u00faltimo trecho da excurs\u00e3o nos leva \u00e0 Ba\u00eda de Lapataia, depois de cruzar os corvos-marinhos e turfeiras do arquip\u00e9lago. Na Ba\u00eda de Lapataia, al\u00e9m da costa marinha, rica em moluscos e mexilh\u00f5es, encontraremos vest\u00edgios dos antigos povos abor\u00edgenes que habitavam a regi\u00e3o. L\u00e1 teremos tempo para caminhar pela passarela de onde podemos tirar excelentes fotografias. <\/p>\n<p>A partir deste local, final da Estrada Nacional No. Dia 3, iniciaremos o retorno \u00e0 cidade de Ushuaia.<\/p>\n<p>&nbsp;<\/p>\n","protected":false},"excerpt":{"rendered":"<p>Descubra a magia do Fim do Mundo com nossa excurs\u00e3o ao Parque Nacional Tierra del Fuego! Este cl\u00e1ssico imperd\u00edvel oferece a oportunidade de explorar paisagens on\u00edricas, adicionando uma navega\u00e7\u00e3o exclusiva que o levar\u00e1 a descobrir um recanto secreto que poucos conhecem: a Ilha Redonda. N\u00e3o perca esta combina\u00e7\u00e3o perfeita de charme e natureza pura. Reserve agora e viva uma experi\u00eancia inesquec\u00edvel! <\/p>\n","protected":false},"featured_media":227248,"template":"","meta":[],"product_brand":[],"product_cat":[1101,1102,1094],"product_tag":[],"class_list":{"0":"post-249640","1":"product","2":"type-product","3":"status-publish","4":"has-post-thumbnail","6":"destino-ushuaia-pt-br-2","7":"mes-marzo-pt-br","8":"mes-noviembre-pt-br","9":"mes-abril-pt-br","10":"mes-diciembre-pt-br","11":"mes-enero-pt-br","12":"mes-febrero-pt-br","13":"epoca-verano-pt-br","14":"product_cat-navegacao-no-canal-de-beagle","15":"product_cat-pacotes-ushuaia","16":"product_cat-parque-nacional-tierra-del-fuego-pt-br","18":"first","19":"instock","20":"sale","21":"sold-individually","22":"shipping-taxable","23":"purchasable","24":"product-type-booking"},"acf":[],"_links":{"self":[{"href":"https:\/\/tolkeyenpatagonia.com\/pt-br\/wp-json\/wp\/v2\/product\/249640","targetHints":{"allow":["GET"]}}],"collection":[{"href":"https:\/\/tolkeyenpatagonia.com\/pt-br\/wp-json\/wp\/v2\/product"}],"about":[{"href":"https:\/\/tolkeyenpatagonia.com\/pt-br\/wp-json\/wp\/v2\/types\/product"}],"wp:featuredmedia":[{"embeddable":true,"href":"https:\/\/tolkeyenpatagonia.com\/pt-br\/wp-json\/wp\/v2\/media\/227248"}],"wp:attachment":[{"href":"https:\/\/tolkeyenpatagonia.com\/pt-br\/wp-json\/wp\/v2\/media?parent=249640"}],"wp:term":[{"taxonomy":"product_brand","embeddable":true,"href":"https:\/\/tolkeyenpatagonia.com\/pt-br\/wp-json\/wp\/v2\/product_brand?post=249640"},{"taxonomy":"product_cat","embeddable":true,"href":"https:\/\/tolkeyenpatagonia.com\/pt-br\/wp-json\/wp\/v2\/product_cat?post=249640"},{"taxonomy":"product_tag","embeddable":true,"href":"https:\/\/tolkeyenpatagonia.com\/pt-br\/wp-json\/wp\/v2\/product_tag?post=249640"}],"curies":[{"name":"wp","href":"https:\/\/api.w.org\/{rel}","templated":true}]}}