{"id":249639,"date":"2024-06-11T15:35:01","date_gmt":"2024-12-04T17:27:04","guid":{"rendered":"https:\/\/tolkeyenpatagonia.com\/producto\/armazenamento-de-bagagem\/"},"modified":"2024-12-04T14:27:04","modified_gmt":"2024-12-04T17:27:04","slug":"armazenamento-de-bagagem","status":"publish","type":"product","link":"https:\/\/tolkeyenpatagonia.com\/pt-br\/producto\/armazenamento-de-bagagem\/","title":{"rendered":"Armazenamento de bagagem"},"content":{"rendered":"<h2 data-pm-slice=\"1 1 []\">Conhe\u00e7a o servi\u00e7o de dep\u00f3sito de bagagem em Ushuaia<\/h2>\n<p>Oferecemos-lhe um servi\u00e7o de armazenamento de bagagem pensado para o seu conforto e seguran\u00e7a. Temos espa\u00e7o suficiente para guardar bagagens de diferentes tamanhos, adaptando-nos \u00e0s suas necessidades. Cada cliente pode deixar no m\u00e1ximo 2 pacotes; Se tiver mais bagagem, basta solicitar dois servi\u00e7os para garantir que tudo est\u00e1 bem protegido. Nosso local est\u00e1 equipado com c\u00e2meras de seguran\u00e7a 24 horas, proporcionando vigil\u00e2ncia constante e garantindo a prote\u00e7\u00e3o de seus pertences em todos os momentos. Al\u00e9m disso, nossas instala\u00e7\u00f5es incluem banheiros, para que sua experi\u00eancia seja a mais confort\u00e1vel e conveniente poss\u00edvel. Confie no nosso servi\u00e7o de dep\u00f3sito de bagagem em Ushuaia e desfrute da sua viagem sem preocupa\u00e7\u00f5es.  <\/p>\n<h3 data-pm-slice=\"1 1 []\">Inclui:<\/h3>\n<p data-pm-slice=\"1 1 []\">*Espa\u00e7o dispon\u00edvel para bagagem de diferentes tamanhos.<\/p>\n<p>*M\u00e1ximo de 2 pe\u00e7as por pessoa (se tiver mais bagagem, devem ser solicitados 2 servi\u00e7os) *C\u00e2maras de seguran\u00e7a *Casas de banho<\/p>\n<p>&nbsp;<\/p>\n<p><img loading=\"lazy\" decoding=\"async\" class=\"alignnone size-medium wp-image-228948\" src=\"https:\/\/tolkeyenpatagonia.com\/wp-content\/uploads\/2024\/06\/Custodia-de-equipaje-of-2-Tolkeyen-1140x760.jpg\" alt=\"Novo Armazenamento de Bagagem 7\" width=\"1140\" height=\"760\" srcset=\"https:\/\/tolkeyenpatagonia.com\/wp-content\/uploads\/2024\/06\/Custodia-de-equipaje-of-2-Tolkeyen-1140x760.jpg 1140w, https:\/\/tolkeyenpatagonia.com\/wp-content\/uploads\/2024\/06\/Custodia-de-equipaje-of-2-Tolkeyen-768x512.jpg 768w, https:\/\/tolkeyenpatagonia.com\/wp-content\/uploads\/2024\/06\/Custodia-de-equipaje-of-2-Tolkeyen-600x400.jpg 600w, https:\/\/tolkeyenpatagonia.com\/wp-content\/uploads\/2024\/06\/Custodia-de-equipaje-of-2-Tolkeyen.jpg 1200w\" sizes=\"auto, (max-width: 1140px) 100vw, 1140px\" \/><\/p>\n","protected":false},"excerpt":{"rendered":"<p>Descubra a tranquilidade de ter um servi\u00e7o de dep\u00f3sito de bagagem que tamb\u00e9m se adapta aos diferentes tamanhos dos seus pertences. O importante \u00e9 que o que voc\u00ea traz para Ushuaia seja seguro e protegido gra\u00e7as \u00e0s nossas c\u00e2meras de seguran\u00e7a e locais preparados para esse fim. <\/p>\n","protected":false},"featured_media":249277,"template":"","meta":[],"product_brand":[],"product_cat":[1371],"product_tag":[],"class_list":{"0":"post-249639","1":"product","2":"type-product","3":"status-publish","4":"has-post-thumbnail","6":"destino-ushuaia-pt-br-2","7":"mes-marzo-pt-br","8":"mes-abril-pt-br","9":"mes-diciembre-pt-br","10":"mes-mayo-pt-br","11":"mes-junio-pt-br","12":"mes-julio-pt-br","13":"mes-agosto-pt-br","14":"mes-enero-pt-br","15":"mes-septiembre-pt-br","16":"mes-febrero-pt-br","17":"mes-octubre-pt-br","18":"epoca-verano-pt-br","19":"epoca-invierno-pt-br","20":"epoca-todo-el-ano-pt-br","21":"product_cat-guarda","23":"first","24":"instock","25":"sold-individually","26":"shipping-taxable","27":"purchasable","28":"product-type-booking"},"acf":[],"_links":{"self":[{"href":"https:\/\/tolkeyenpatagonia.com\/pt-br\/wp-json\/wp\/v2\/product\/249639","targetHints":{"allow":["GET"]}}],"collection":[{"href":"https:\/\/tolkeyenpatagonia.com\/pt-br\/wp-json\/wp\/v2\/product"}],"about":[{"href":"https:\/\/tolkeyenpatagonia.com\/pt-br\/wp-json\/wp\/v2\/types\/product"}],"wp:featuredmedia":[{"embeddable":true,"href":"https:\/\/tolkeyenpatagonia.com\/pt-br\/wp-json\/wp\/v2\/media\/249277"}],"wp:attachment":[{"href":"https:\/\/tolkeyenpatagonia.com\/pt-br\/wp-json\/wp\/v2\/media?parent=249639"}],"wp:term":[{"taxonomy":"product_brand","embeddable":true,"href":"https:\/\/tolkeyenpatagonia.com\/pt-br\/wp-json\/wp\/v2\/product_brand?post=249639"},{"taxonomy":"product_cat","embeddable":true,"href":"https:\/\/tolkeyenpatagonia.com\/pt-br\/wp-json\/wp\/v2\/product_cat?post=249639"},{"taxonomy":"product_tag","embeddable":true,"href":"https:\/\/tolkeyenpatagonia.com\/pt-br\/wp-json\/wp\/v2\/product_tag?post=249639"}],"curies":[{"name":"wp","href":"https:\/\/api.w.org\/{rel}","templated":true}]}}