{"id":249576,"date":"2024-04-17T15:44:55","date_gmt":"2024-12-04T17:26:32","guid":{"rendered":"https:\/\/tolkeyenpatagonia.com\/producto\/traslado-chalten-hotel-el-calafate\/"},"modified":"2024-12-04T14:26:32","modified_gmt":"2024-12-04T17:26:32","slug":"traslado-chalten-hotel-el-calafate","status":"publish","type":"product","link":"https:\/\/tolkeyenpatagonia.com\/pt-br\/producto\/traslado-chalten-hotel-el-calafate\/","title":{"rendered":"Traslado Chalt\u00e9n \/ Hotel El Calafate"},"content":{"rendered":"<h2 style=\"text-align: center;\"><strong>TRASLADOS HOTEL EL CHALT\u00c9N\/ EL CALAFATE<\/strong><\/h2>\n<p>Traslado Chalt\u00e9n \/ Hotel El Calafate: Explore El Chalt\u00e9n \u00e9 uma cidade localizada no sul da Argentina, na prov\u00edncia de Santa Cruz. \u00c9 conhecida como a &#8220;Capital Nacional do Trekking&#8221; e \u00e9 a porta de entrada para o Parque Nacional Los Glaciares. Este parque \u00e9 famoso por suas montanhas imponentes, geleiras e lagos azul-turquesa. Entre as atra\u00e7\u00f5es mais proeminentes da regi\u00e3o est\u00e3o o Cerro Fitz Roy e o Cerro Torre, que atraem caminhantes e montanhistas de todo o mundo. El Chalt\u00e9n \u00e9 um destino popular para os amantes da natureza e dos esportes ao ar livre, oferecendo uma experi\u00eancia \u00fanica em meio a um ambiente natural deslumbrante. Passeie por El Chalt\u00e9n e depois retorne sem preocupa\u00e7\u00f5es a El Calafate, tendo passado um dia maravilhoso conhecendo um fant\u00e1stico ambiente natural caminhando pelas trilhas de El Chalt\u00e9n.     <\/p>\n<h3>Traslado Chalten \/ Hotel El Calafate: A ter em conta<\/h3>\n<p><em>Para solicitar este servi\u00e7o, informe a data, n\u00fameros do voo, c\u00f3digo de reserva e hotel onde ficar\u00e1 hospedado que ser\u00e3o solicitados no momento do pagamento.<\/em><\/p>\n<p>Traslado de El Chalt\u00e9n ao hotel em El Calafate<\/p>\n<ul>\n<li>Sa\u00eddas di\u00e1rias \u00e0s 16h de El Chalt\u00e9n<\/li>\n<\/ul>\n<p><strong>Para compras realizadas em menos de 48 horas, entre em contato conosco via WhatsApp.<\/strong><\/p>\n<p>Os pre\u00e7os podem variar dependendo das datas e esta\u00e7\u00f5es.<\/p>\n","protected":false},"excerpt":{"rendered":"<p>Retorne a El Calafate em uma transfer\u00eancia confort\u00e1vel e segura. Viaje de El Chalt\u00e9n para El Calafate sem se preocupar com o traslado. <\/p>\n","protected":false},"featured_media":220768,"template":"","meta":[],"product_brand":[],"product_cat":[1367,1103],"product_tag":[],"class_list":{"0":"post-249576","1":"product","2":"type-product","3":"status-publish","4":"has-post-thumbnail","6":"destino-calafate-pt-br-2","7":"destino-el-chalten-pt-br-2","8":"destino-multidestino-pt-br-2","9":"mes-marzo-pt-br","10":"mes-noviembre-pt-br","11":"mes-abril-pt-br","12":"mes-diciembre-pt-br","13":"mes-mayo-pt-br","14":"mes-junio-pt-br","15":"mes-julio-pt-br","16":"mes-agosto-pt-br","17":"mes-enero-pt-br","18":"mes-septiembre-pt-br","19":"mes-febrero-pt-br","20":"mes-octubre-pt-br","21":"epoca-verano-pt-br","22":"epoca-invierno-pt-br","23":"epoca-todo-el-ano-pt-br","24":"product_cat-turismo-acessivel","25":"product_cat-transferencias","27":"first","28":"instock","29":"virtual","30":"sold-individually","31":"purchasable","32":"product-type-booking"},"acf":[],"_links":{"self":[{"href":"https:\/\/tolkeyenpatagonia.com\/pt-br\/wp-json\/wp\/v2\/product\/249576","targetHints":{"allow":["GET"]}}],"collection":[{"href":"https:\/\/tolkeyenpatagonia.com\/pt-br\/wp-json\/wp\/v2\/product"}],"about":[{"href":"https:\/\/tolkeyenpatagonia.com\/pt-br\/wp-json\/wp\/v2\/types\/product"}],"wp:featuredmedia":[{"embeddable":true,"href":"https:\/\/tolkeyenpatagonia.com\/pt-br\/wp-json\/wp\/v2\/media\/220768"}],"wp:attachment":[{"href":"https:\/\/tolkeyenpatagonia.com\/pt-br\/wp-json\/wp\/v2\/media?parent=249576"}],"wp:term":[{"taxonomy":"product_brand","embeddable":true,"href":"https:\/\/tolkeyenpatagonia.com\/pt-br\/wp-json\/wp\/v2\/product_brand?post=249576"},{"taxonomy":"product_cat","embeddable":true,"href":"https:\/\/tolkeyenpatagonia.com\/pt-br\/wp-json\/wp\/v2\/product_cat?post=249576"},{"taxonomy":"product_tag","embeddable":true,"href":"https:\/\/tolkeyenpatagonia.com\/pt-br\/wp-json\/wp\/v2\/product_tag?post=249576"}],"curies":[{"name":"wp","href":"https:\/\/api.w.org\/{rel}","templated":true}]}}