{"id":249575,"date":"2024-04-16T14:17:14","date_gmt":"2024-12-04T17:26:27","guid":{"rendered":"https:\/\/tolkeyenpatagonia.com\/producto\/glaciar-perito-moreno-premium-com-traslados-do-aeroporto\/"},"modified":"2024-12-04T14:26:27","modified_gmt":"2024-12-04T17:26:27","slug":"glaciar-perito-moreno-premium-com-traslados-do-aeroporto","status":"publish","type":"product","link":"https:\/\/tolkeyenpatagonia.com\/pt-br\/producto\/glaciar-perito-moreno-premium-com-traslados-do-aeroporto\/","title":{"rendered":"Glaciar Perito Moreno Premium com traslados do aeroporto"},"content":{"rendered":"<h2>Descubra a beleza do Glaciar Perito Moreno e resolva as transfer\u00eancias<\/h2>\n<p>Glaciar Perito Moreno Premium com Traslados do Aeroporto: O Glaciar \u00e9 uma das maravilhas naturais mais impressionantes da Argentina e do mundo. Est\u00e1 localizado no Parque Nacional Los Glaciares, na regi\u00e3o da Patag\u00f4nia Argentina, e \u00e9 conhecido por sua beleza, tamanho e acessibilidade. \u00c9 um dos lugares mais imponentes do mundo, onde voc\u00ea pode desfrutar da natureza, da floresta, da incr\u00edvel paisagem que a rodeia e de muitas atividades para fazer no parque nacional. Caminhe pelas passarelas que correm ao longo da frente da geleira, fornecendo imagens panor\u00e2micas fant\u00e1sticas para ver o colosso de gelo de diferentes \u00e2ngulos. Para esta atividade, o parque oferece mirantes em diferentes pistas. Para visit\u00e1-los \u00e9 importante caminhar serenamente para desfrutar de um espet\u00e1culo natural \u00fanico, \u00e9 uma atividade indicada para o grupo familiar, pois voc\u00ea tamb\u00e9m aprende muito sobre a fauna, a flora e a evolu\u00e7\u00e3o das geleiras. Uma das caracter\u00edsticas mais espetaculares da geleira, e se voc\u00ea tiver muita sorte, \u00e9 ver um gelo quebrar. Grandes blocos de gelo se desprendem periodicamente da frente da geleira e caem na \u00e1gua com sons estrondosos, criando um espet\u00e1culo impressionante. N\u00e3o deixe de visitar este lugar que abriga o gelo mais impressionante do planeta e voc\u00ea, junto com seu grupo de viagem, ter\u00e1 a oportunidade de apreci\u00e1-los. Cada \u00e2ngulo \u00e9 uma nova perspectiva para fotografar o colosso do gelo. Deixe-se cativar por um dos cen\u00e1rios naturais mais incr\u00edveis do mundo!  <\/p>\n<p><img loading=\"lazy\" decoding=\"async\" class=\"alignnone wp-image-178553 size-full\" src=\"https:\/\/tolkeyenpatagonia.com\/wp-content\/uploads\/2021\/12\/Glaciar-Perito-Moreno-Tolkeyen-Patagonia-5.jpg\" alt=\"Glaciar Perito Moreno Premium com traslados do aeroporto\" width=\"1200\" height=\"800\"><\/p>\n<h3>Resolva os traslados de entrada \/ sa\u00edda do aeroporto<\/h3>\n<p>Para tornar a experi\u00eancia de viajar para El Calafate completa, a excurs\u00e3o oferece a voc\u00ea a possibilidade de resolver os traslados de ida e volta para o aeroporto. Desta forma, voc\u00ea pode chegar sem preocupa\u00e7\u00f5es com sua bagagem para chegar \u00e0 acomoda\u00e7\u00e3o escolhida com todo o conforto poss\u00edvel. <\/p>\n<p><img loading=\"lazy\" decoding=\"async\" class=\"alignnone size-medium wp-image-220766\" src=\"https:\/\/tolkeyenpatagonia.com\/wp-content\/uploads\/2024\/04\/traslados-el-chaltenel-calafate-Tolkeyen-1140x760.jpg\" alt=\"Transfer\u00eancia de Tolkeyen\" width=\"1140\" height=\"760\" srcset=\"https:\/\/tolkeyenpatagonia.com\/wp-content\/uploads\/2024\/04\/traslados-el-chaltenel-calafate-Tolkeyen-1140x760.jpg 1140w, https:\/\/tolkeyenpatagonia.com\/wp-content\/uploads\/2024\/04\/traslados-el-chaltenel-calafate-Tolkeyen-768x512.jpg 768w, https:\/\/tolkeyenpatagonia.com\/wp-content\/uploads\/2024\/04\/traslados-el-chaltenel-calafate-Tolkeyen-600x400.jpg 600w, https:\/\/tolkeyenpatagonia.com\/wp-content\/uploads\/2024\/04\/traslados-el-chaltenel-calafate-Tolkeyen.jpg 1200w\" sizes=\"auto, (max-width: 1140px) 100vw, 1140px\" \/><\/p>\n<p>&nbsp;<\/p>\n","protected":false},"excerpt":{"rendered":"<p>Tive uma experi\u00eancia incr\u00edvel conhecendo uma das maravilhas do mundo: o Glaciar Perito Moreno. Uma atividade completa que lhe dar\u00e1 os melhores cart\u00f5es postais de sua viagem e uma lembran\u00e7a memor\u00e1vel. Al\u00e9m disso, resolva os traslados do aeroporto para aproveitar sua estadia sem preocupa\u00e7\u00f5es.  <\/p>\n","protected":false},"featured_media":220860,"template":"","meta":[],"product_brand":[],"product_cat":[1367,1113,1114,1103],"product_tag":[],"class_list":{"0":"post-249575","1":"product","2":"type-product","3":"status-publish","4":"has-post-thumbnail","6":"destino-calafate-pt-br-2","7":"mes-marzo-pt-br","8":"mes-noviembre-pt-br","9":"mes-abril-pt-br","10":"mes-diciembre-pt-br","11":"mes-mayo-pt-br","12":"mes-junio-pt-br","13":"mes-julio-pt-br","14":"mes-agosto-pt-br","15":"mes-enero-pt-br","16":"mes-septiembre-pt-br","17":"mes-febrero-pt-br","18":"mes-octubre-pt-br","19":"epoca-verano-pt-br","20":"epoca-invierno-pt-br","21":"epoca-todo-el-ano-pt-br","22":"product_cat-turismo-acessivel","23":"product_cat-geleiras","24":"product_cat-pacotes-calafate","25":"product_cat-transferencias","27":"first","28":"instock","29":"shipping-taxable","30":"product-type-external"},"acf":[],"_links":{"self":[{"href":"https:\/\/tolkeyenpatagonia.com\/pt-br\/wp-json\/wp\/v2\/product\/249575","targetHints":{"allow":["GET"]}}],"collection":[{"href":"https:\/\/tolkeyenpatagonia.com\/pt-br\/wp-json\/wp\/v2\/product"}],"about":[{"href":"https:\/\/tolkeyenpatagonia.com\/pt-br\/wp-json\/wp\/v2\/types\/product"}],"wp:featuredmedia":[{"embeddable":true,"href":"https:\/\/tolkeyenpatagonia.com\/pt-br\/wp-json\/wp\/v2\/media\/220860"}],"wp:attachment":[{"href":"https:\/\/tolkeyenpatagonia.com\/pt-br\/wp-json\/wp\/v2\/media?parent=249575"}],"wp:term":[{"taxonomy":"product_brand","embeddable":true,"href":"https:\/\/tolkeyenpatagonia.com\/pt-br\/wp-json\/wp\/v2\/product_brand?post=249575"},{"taxonomy":"product_cat","embeddable":true,"href":"https:\/\/tolkeyenpatagonia.com\/pt-br\/wp-json\/wp\/v2\/product_cat?post=249575"},{"taxonomy":"product_tag","embeddable":true,"href":"https:\/\/tolkeyenpatagonia.com\/pt-br\/wp-json\/wp\/v2\/product_tag?post=249575"}],"curies":[{"name":"wp","href":"https:\/\/api.w.org\/{rel}","templated":true}]}}