{"id":249569,"date":"2024-04-16T13:47:16","date_gmt":"2024-12-04T17:26:19","guid":{"rendered":"https:\/\/tolkeyenpatagonia.com\/producto\/excursao-ao-glaciar-moreno-com-navegacao\/"},"modified":"2024-12-04T14:26:19","modified_gmt":"2024-12-04T17:26:19","slug":"excursao-ao-glaciar-moreno-com-navegacao","status":"publish","type":"product","link":"https:\/\/tolkeyenpatagonia.com\/pt-br\/producto\/excursao-ao-glaciar-moreno-com-navegacao\/","title":{"rendered":"Excurs\u00e3o ao Glaciar Moreno com Navega\u00e7\u00e3o"},"content":{"rendered":"<h2 data-pm-slice=\"1 1 []\">Descubra a Majestade do Glaciar Moreno e navegue at\u00e9 a face sul<\/h2>\n<p>Excurs\u00e3o ao Glaciar Moreno com navega\u00e7\u00e3o: Em nossos confort\u00e1veis ve\u00edculos, come\u00e7aremos nossa excurs\u00e3o com a busca dos hot\u00e9is em El Calafate. Uma vez todos a bordo, come\u00e7aremos nossa viagem ao Parque Nacional Los Glaciares, acompanhados em todos os momentos por um guia bil\u00edngue. Antes de iniciar esta viagem, \u00e9 importante que saiba que vai conhecer um dos recantos mais incr\u00edveis do planeta. Reino de colossos de gelo que se imp\u00f5em diante de n\u00f3s para que possamos desfrutar de cart\u00f5es postais incr\u00edveis. Cada lugar de onde voc\u00ea pode observar as geleiras ser\u00e1 uma oportunidade para fotograf\u00e1-las e guardar uma lembran\u00e7a maravilhosa de sua estadia em El Calafate. Percorreremos a Rota Provincial N\u00ba 11 margeando o Lago Argentino, onde teremos uma vista da Cordilheira dos Andes. Continuamos nosso passeio para chegar ap\u00f3s 20 minutos \u00e0 entrada do Parque Nacional. De l\u00e1, entramos no parque, apreciando sua paisagem de floresta e lago. Chegamos ao mirante da &#8220;Curva dos Suspiros&#8221;, faremos uma parada no mirante e depois continuaremos at\u00e9 o Canal de los Tempanos. A partir daqui, subiremos ao setor de passarelas com o micro\u00f4nibus e o guia.    <\/p>\n<p><img loading=\"lazy\" decoding=\"async\" class=\"alignnone size-full wp-image-178566\" src=\"https:\/\/tolkeyenpatagonia.com\/wp-content\/uploads\/2021\/12\/Glaciar-Perito-Moreno-Tolkeyen-Patagonia-18.jpg\" alt=\"personas contemplando el glaciar\" width=\"1200\" height=\"800\"><\/p>\n<h3>Excurs\u00e3o ao Glaciar Moreno com navega\u00e7\u00e3o &#8211; Coisas a ter em mente<\/h3>\n<p>Assim que chegarmos \u00e0s passarelas, voc\u00ea ter\u00e1 tempo livre para passear e almo\u00e7ar. Finalmente nos encontramos para ir ao porto, de onde parte o barco que navegar\u00e1 ao longo da face da geleira. Retorno ao hotel \u00e0 tarde Partida. 08:30 \/9hs<\/p>\n","protected":false},"excerpt":{"rendered":"<p>Desfrute de maravilhosas vistas panor\u00e2micas do Glaciar Perito Moreno, uma joia da natureza dentro do Parque Nacional Los Glaciares, a partir das passarelas tradicionais. Depois de descansar e almo\u00e7ar, voc\u00ea navegar\u00e1 em frente ao lado r da geleira que lhe dar\u00e1 um espet\u00e1culo natural \u00fanico muito perto do colosso de gelo. <\/p>\n","protected":false},"featured_media":266775,"template":"","meta":[],"product_brand":[],"product_cat":[1367,1113,1114],"product_tag":[],"class_list":{"0":"post-249569","1":"product","2":"type-product","3":"status-publish","4":"has-post-thumbnail","6":"destino-calafate-pt-br-2","7":"mes-marzo-pt-br","8":"mes-noviembre-pt-br","9":"mes-abril-pt-br","10":"mes-diciembre-pt-br","11":"mes-mayo-pt-br","12":"mes-junio-pt-br","13":"mes-julio-pt-br","14":"mes-agosto-pt-br","15":"mes-enero-pt-br","16":"mes-septiembre-pt-br","17":"mes-febrero-pt-br","18":"mes-octubre-pt-br","19":"epoca-verano-pt-br","20":"epoca-invierno-pt-br","21":"epoca-todo-el-ano-pt-br","22":"product_cat-turismo-acessivel","23":"product_cat-geleiras","24":"product_cat-pacotes-calafate","26":"first","27":"instock","28":"virtual","29":"sold-individually","30":"purchasable","31":"product-type-booking"},"acf":[],"_links":{"self":[{"href":"https:\/\/tolkeyenpatagonia.com\/pt-br\/wp-json\/wp\/v2\/product\/249569","targetHints":{"allow":["GET"]}}],"collection":[{"href":"https:\/\/tolkeyenpatagonia.com\/pt-br\/wp-json\/wp\/v2\/product"}],"about":[{"href":"https:\/\/tolkeyenpatagonia.com\/pt-br\/wp-json\/wp\/v2\/types\/product"}],"wp:featuredmedia":[{"embeddable":true,"href":"https:\/\/tolkeyenpatagonia.com\/pt-br\/wp-json\/wp\/v2\/media\/266775"}],"wp:attachment":[{"href":"https:\/\/tolkeyenpatagonia.com\/pt-br\/wp-json\/wp\/v2\/media?parent=249569"}],"wp:term":[{"taxonomy":"product_brand","embeddable":true,"href":"https:\/\/tolkeyenpatagonia.com\/pt-br\/wp-json\/wp\/v2\/product_brand?post=249569"},{"taxonomy":"product_cat","embeddable":true,"href":"https:\/\/tolkeyenpatagonia.com\/pt-br\/wp-json\/wp\/v2\/product_cat?post=249569"},{"taxonomy":"product_tag","embeddable":true,"href":"https:\/\/tolkeyenpatagonia.com\/pt-br\/wp-json\/wp\/v2\/product_tag?post=249569"}],"curies":[{"name":"wp","href":"https:\/\/api.w.org\/{rel}","templated":true}]}}