{"id":249503,"date":"2022-08-18T18:23:29","date_gmt":"2024-12-04T17:25:18","guid":{"rendered":"https:\/\/tolkeyenpatagonia.com\/producto\/transfer-ushuaia-whisky-live-ushuaia-em-breve-edicao-2025\/"},"modified":"2025-03-18T15:32:34","modified_gmt":"2025-03-18T18:32:34","slug":"transfer-ushuaia-whisky-live-ushuaia-em-breve-edicao-2025","status":"publish","type":"product","link":"https:\/\/tolkeyenpatagonia.com\/pt-br\/producto\/transfer-ushuaia-whisky-live-ushuaia-em-breve-edicao-2025\/","title":{"rendered":"Transfer Ushuaia \/WHISKY LIVE\/ Ushuaia &#8211; Em breve edi\u00e7\u00e3o 2025!"},"content":{"rendered":"<h2>No te pierdas Whisky Live en Ushuaia<\/h2>\n<p><strong>Traslado Ushuaia \/WHISKY LIVE\/ Ushuaia: <\/strong>Es una celebraci\u00f3n \u00fanica que invita a los entusiastas del whisky a sumergirse en un mundo de sabores y tradiciones.\u00a0Este evento, que se ha convertido en el m\u00e1s grande de su tipo en el mundo, se celebra en las ciudades m\u00e1s destacadas durante m\u00e1s de 20 a\u00f1os, y ahora, Ushuaia se une a esta prestigiosa lista para acoger este magn\u00edfico encuentro.<\/p>\n<p>Los visitantes de\u00a0<strong>Whisky Live Ushuaia<\/strong>\u00a0tendr\u00e1n la oportunidad de participar en\u00a0<strong>degustaciones de whisky guiadas por expertos<\/strong>, donde podr\u00e1n aprender sobre la complejidad y los matices de diferentes whiskies. Adem\u00e1s, se ofrecen\u00a0<strong>cenas maridaje<\/strong>, una experiencia gastron\u00f3mica que combina platos exquisitos con whiskies seleccionados para realzar los sabores de ambos.<\/p>\n<p>El evento tambi\u00e9n es una plataforma para\u00a0<strong>conocer a algunos de los productores de whisky m\u00e1s renombrados del mundo<\/strong>, brindando una oportunidad \u00fanica para interactuar con ellos. Con actividades como\u00a0<strong>masterclasses<\/strong>,\u00a0<strong>\u00e1reas de gin<\/strong>,\u00a0<strong>gastronom\u00eda<\/strong>\u00a0y\u00a0<strong>stands de marcas<\/strong>, los asistentes pueden profundizar su conocimiento y apreciaci\u00f3n por el whisky y otros destilados.<\/p>\n<p>El\u00a0<strong>Hotel Las Hayas Ushuaia Resort<\/strong>\u00a0es el anfitri\u00f3n perfecto para Whisky Live, proporcionando un entorno impresionante con vistas al\u00a0<strong>Canal de Beagle<\/strong>, y m\u00e1s de\u00a0<strong>1000 m\u00b2<\/strong>\u00a0dedicados a catas y degustaciones exclusivas. Es una experiencia que promete deleitar todos los sentidos, en un lugar donde el fin del mundo se encuentra con la pasi\u00f3n por el whisky. \u00a1No te pierdas la oportunidad de ser parte de\u00a0<strong>Whisky Live Ushuaia 2024<\/strong><\/p>\n<h3>Traslado Ushuaia \/WHISKY LIVE\/ Ushuaia: Conoc\u00e9 la fiesta del Whisky y Destilados m\u00e1s importante del mundo<\/h3>\n<p>Reoslv\u00e9 los traslado desde el centro de la ciudad (estacionamiento muelle) hacia el HOTEL LAS HAYAS, sede del evento.<\/p>\n<p><strong>Horario:<\/strong><\/p>\n<p>SALIDA 19h<\/p>\n<p>REGRESO 00.30h<\/p>\n<p>Regreso desde <strong>HOTEL LAS HAYAS<\/strong> hasta el centro de la ciudad (estacionamiento muelle)<\/p>\n","protected":false},"excerpt":{"rendered":"<p>Reserve o seu transfer para o evento mais importante do inverno, as melhores marcas, as melhores provas, tudo no mesmo dia no Fim do Mundo.<\/p>\n<p><strong>Hor\u00e1rio:<\/strong><\/p>\n<p>PARTIDA 19h<\/p>\n<p>RETORNO 00.30h<\/p>\n<p>Retorno do <strong>HOTEL LAS HAYAS<\/strong> ao centro da cidade (p\u00eder de estacionamento)<\/p>\n","protected":false},"featured_media":129628,"template":"","meta":[],"product_brand":[],"product_cat":[1163],"product_tag":[],"class_list":{"0":"post-249503","1":"product","2":"type-product","3":"status-publish","4":"has-post-thumbnail","6":"mes-julio-pt-br","7":"epoca-invierno-pt-br","8":"product_cat-whisky-live-ushuaia-fin-del-mundo-pt-br","10":"first","11":"instock","12":"shipping-taxable","13":"product-type-external"},"acf":[],"_links":{"self":[{"href":"https:\/\/tolkeyenpatagonia.com\/pt-br\/wp-json\/wp\/v2\/product\/249503","targetHints":{"allow":["GET"]}}],"collection":[{"href":"https:\/\/tolkeyenpatagonia.com\/pt-br\/wp-json\/wp\/v2\/product"}],"about":[{"href":"https:\/\/tolkeyenpatagonia.com\/pt-br\/wp-json\/wp\/v2\/types\/product"}],"wp:featuredmedia":[{"embeddable":true,"href":"https:\/\/tolkeyenpatagonia.com\/pt-br\/wp-json\/wp\/v2\/media\/129628"}],"wp:attachment":[{"href":"https:\/\/tolkeyenpatagonia.com\/pt-br\/wp-json\/wp\/v2\/media?parent=249503"}],"wp:term":[{"taxonomy":"product_brand","embeddable":true,"href":"https:\/\/tolkeyenpatagonia.com\/pt-br\/wp-json\/wp\/v2\/product_brand?post=249503"},{"taxonomy":"product_cat","embeddable":true,"href":"https:\/\/tolkeyenpatagonia.com\/pt-br\/wp-json\/wp\/v2\/product_cat?post=249503"},{"taxonomy":"product_tag","embeddable":true,"href":"https:\/\/tolkeyenpatagonia.com\/pt-br\/wp-json\/wp\/v2\/product_tag?post=249503"}],"curies":[{"name":"wp","href":"https:\/\/api.w.org\/{rel}","templated":true}]}}