{"id":222539,"date":"2024-05-02T13:38:11","date_gmt":"2024-05-02T16:38:12","guid":{"rendered":"https:\/\/tolkeyenpatagonia.com\/?post_type=product&#038;p=222539"},"modified":"2024-12-04T14:26:34","modified_gmt":"2024-12-04T17:26:34","slug":"whiskey-live-ushuaia-entrada-geral-copia-copia","status":"publish","type":"product","link":"https:\/\/tolkeyenpatagonia.com\/pt-br\/producto\/whiskey-live-ushuaia-entrada-geral-copia-copia\/","title":{"rendered":"PACOTE WHISKY LIVE \u2013 HOTEL 4* &#8211; Em breve edi\u00e7\u00e3o de 2025!"},"content":{"rendered":"<h2><strong>Whisky Ushuaia ao vivo \u2013 Fim do Mundo Ushuaia  <\/strong><\/h2>\n<p class=\"p1\"><b>Programa de 03 noites <\/b><b>&#8211; Em breve edi\u00e7\u00e3o 2025! <\/b> <\/p>\n<p class=\"p1\"><b>Pre\u00e7o por pessoa ARGENTINOS em ocupa\u00e7\u00e3o dupla: FROM $ por pessoa<\/b><\/p>\n<p><strong>Inclui:<\/strong><\/p>\n<ul>\n<li>03 noites de hospedagem em hotel 4* com localiza\u00e7\u00e3o central. Caf\u00e9 da manh\u00e3 incluso.<\/li>\n<li>Transfer para o centro\/ evento Whisky ao vivo\/ centro<\/li>\n<li class=\"p5\">Bilhete de 1 DIA Whiskey Live Ushuaia<\/li>\n<li class=\"p5\">Traslado Aeroporto \/ Hotel \/ Aeroporto<\/li>\n<\/ul>\n<p><strong>N\u00e3o inclui:<\/strong><\/p>\n<ul>\n<li>Ar<\/li>\n<li>Excurs\u00f5es opcionais<\/li>\n<li>Despesas extras, refei\u00e7\u00f5es.<\/li>\n<\/ul>\n<p class=\"p5\"><i>***Tarifas sujeitas a disponibilidade no momento da confirma\u00e7\u00e3o da reserva***<\/i><\/p>\n<p>&nbsp;<\/p>\n<p>BEBA COM MODERA\u00c7\u00c3O. \u00c9 PROIBIDA A VENDA PARA MENORES DE 18 ANOS. A ORGANIZADORA RESERVA-SE O DIREITO DE ADMISS\u00c3O E PERMAN\u00caNCIA.<\/p>\n","protected":false},"excerpt":{"rendered":"<h2><strong>Whisky Live Ushuaia \u2013 Fim do Mundo<\/strong><\/h2>\n<p>Whiskey Live \u00e9 o evento internacional de degusta\u00e7\u00e3o e celebra\u00e7\u00e3o de whisky e bebidas espirituosas onde os visitantes poder\u00e3o descobrir novos produtos e sabores.<\/p>\n<p class=\"p1\"><b>Programa de 03 noites <\/b><b>(05\/07 a 08\/07) &#8211; Em breve edi\u00e7\u00e3o 2025! <\/b> <\/p>\n<p class=\"p1\"><b>Pre\u00e7o por pessoa ARGENTINOS em QUARTO DUPLO: a partir de $ por pessoa<\/b><\/p>\n<p>O evento contar\u00e1 com a presen\u00e7a das principais marcas de Whisky do mundo. A degusta\u00e7\u00e3o geral ser\u00e1 na sala principal do hotel e degusta\u00e7\u00f5es e treinamentos exclusivos poder\u00e3o ser acessados \u200b\u200bem salas privadas.<\/p>\n<p>BEBA COM MODERA\u00c7\u00c3O. \u00c9 PROIBIDA A VENDA PARA MENORES DE 18 ANOS. A ORGANIZADORA RESERVA-SE O DIREITO DE ADMISS\u00c3O E PERMAN\u00caNCIA.<\/p>\n","protected":false},"featured_media":77992,"template":"","meta":[],"product_brand":[],"product_cat":[1163],"product_tag":[816],"class_list":{"0":"post-222539","1":"product","2":"type-product","3":"status-publish","4":"has-post-thumbnail","6":"mes-mayo-pt-br","7":"epoca-invierno-pt-br","8":"product_cat-whisky-live-ushuaia-fin-del-mundo-pt-br","9":"product_tag-uisque-ao-vivo","11":"first","12":"instock","13":"shipping-taxable","14":"product-type-external"},"acf":[],"_links":{"self":[{"href":"https:\/\/tolkeyenpatagonia.com\/pt-br\/wp-json\/wp\/v2\/product\/222539","targetHints":{"allow":["GET"]}}],"collection":[{"href":"https:\/\/tolkeyenpatagonia.com\/pt-br\/wp-json\/wp\/v2\/product"}],"about":[{"href":"https:\/\/tolkeyenpatagonia.com\/pt-br\/wp-json\/wp\/v2\/types\/product"}],"wp:featuredmedia":[{"embeddable":true,"href":"https:\/\/tolkeyenpatagonia.com\/pt-br\/wp-json\/wp\/v2\/media\/77992"}],"wp:attachment":[{"href":"https:\/\/tolkeyenpatagonia.com\/pt-br\/wp-json\/wp\/v2\/media?parent=222539"}],"wp:term":[{"taxonomy":"product_brand","embeddable":true,"href":"https:\/\/tolkeyenpatagonia.com\/pt-br\/wp-json\/wp\/v2\/product_brand?post=222539"},{"taxonomy":"product_cat","embeddable":true,"href":"https:\/\/tolkeyenpatagonia.com\/pt-br\/wp-json\/wp\/v2\/product_cat?post=222539"},{"taxonomy":"product_tag","embeddable":true,"href":"https:\/\/tolkeyenpatagonia.com\/pt-br\/wp-json\/wp\/v2\/product_tag?post=222539"}],"curies":[{"name":"wp","href":"https:\/\/api.w.org\/{rel}","templated":true}]}}