{"id":222526,"date":"2024-05-02T13:02:13","date_gmt":"2024-05-02T16:02:18","guid":{"rendered":"https:\/\/tolkeyenpatagonia.com\/?post_type=product&#038;p=222526"},"modified":"2024-12-04T14:26:33","modified_gmt":"2024-12-04T17:26:33","slug":"whiskey-live-ushuaia-entrada-geral-copia","status":"publish","type":"product","link":"https:\/\/tolkeyenpatagonia.com\/pt-br\/producto\/whiskey-live-ushuaia-entrada-geral-copia\/","title":{"rendered":"PACOTE WHISKY LIVE \u2013 HOTEL LAS HAYAS 5* ARGENTINO &#8211; Em breve edi\u00e7\u00e3o 2025!"},"content":{"rendered":"<h2><strong>Whisky Ushuaia ao vivo \u2013 Fim do Mundo Ushuaia  <\/strong><\/h2>\n<p>PACOTE WHISKY LIVE \u2013 HOTEL LAS HAYAS 5* ARGENTINOS: programa de 04 noites &#8211;  <b>Em breve edi\u00e7\u00e3o de 2025!<\/b><\/p>\n<ul>\n<li>Inclui: * 04 noites de hospedagem no hotel sede Las Hayas 5*.<\/li>\n<li>Caf\u00e9 da manh\u00e3 incluso.<\/li>\n<li>Bilhete de 1 DIA Whiskey Live Ushuaia<\/li>\n<li>Transfer Aeroporto\/Hotel\/Aeroporto N\u00e3o inclui:<\/li>\n<li>A\u00e9reo (ver cota\u00e7\u00e3o)<\/li>\n<li>Excurs\u00f5es opcionais<\/li>\n<li>Despesas extras, refei\u00e7\u00f5es.<\/li>\n<li>***Tarifas sujeitas a disponibilidade no momento da confirma\u00e7\u00e3o da reserva***<\/li>\n<\/ul>\n<p>BEBA COM MODERA\u00c7\u00c3O. \u00c9 PROIBIDA A VENDA PARA MENORES DE 18 ANOS. A ORGANIZADORA RESERVA-SE O DIREITO DE ADMISS\u00c3O E PERMAN\u00caNCIA.<\/p>\n","protected":false},"excerpt":{"rendered":"<h2><strong>Whisky Live Ushuaia \u2013 Fim do Mundo<\/strong><\/h2>\n<p>Whiskey Live \u00e9 o evento internacional de degusta\u00e7\u00e3o e celebra\u00e7\u00e3o de whisky e bebidas espirituosas onde os visitantes poder\u00e3o descobrir novos produtos e sabores.<\/p>\n<p><b>Em breve edi\u00e7\u00e3o de 2025!<\/b>  \u2013 ADMISS\u00c3O GERAL O evento ser\u00e1 em<strong> julho no Hotel Las Hayas a partir das 19h.<\/strong><br \/>\nO evento contar\u00e1 com a presen\u00e7a das principais marcas de u\u00edsque do mundo.<\/p>\n<p> A degusta\u00e7\u00e3o geral ser\u00e1 na sala principal do hotel e degusta\u00e7\u00f5es e treinamentos exclusivos poder\u00e3o ser acessados \u200b\u200bem salas privadas.<\/p>\n<p>A entrada para o <strong>Whisky Live Ushuaia <\/strong> incluir\u00e1 um mini copo de degusta\u00e7\u00e3o t\u00e9cnica e 30 cr\u00e9ditos para degustar entre os mais de 100 r\u00f3tulos de u\u00edsque que ser\u00e3o exibidos nos estandes de cada destilaria.<\/p>\n<p>BEBA COM MODERA\u00c7\u00c3O. \u00c9 PROIBIDA A VENDA PARA MENORES DE 18 ANOS. A ORGANIZADORA RESERVA-SE O DIREITO DE ADMISS\u00c3O E PERMAN\u00caNCIA.<\/p>\n","protected":false},"featured_media":69702,"template":"","meta":[],"product_brand":[],"product_cat":[1163],"product_tag":[816],"class_list":{"0":"post-222526","1":"product","2":"type-product","3":"status-publish","4":"has-post-thumbnail","6":"mes-mayo-pt-br","7":"epoca-invierno-pt-br","8":"product_cat-whisky-live-ushuaia-fin-del-mundo-pt-br","9":"product_tag-uisque-ao-vivo","11":"first","12":"instock","13":"shipping-taxable","14":"product-type-external"},"acf":[],"_links":{"self":[{"href":"https:\/\/tolkeyenpatagonia.com\/pt-br\/wp-json\/wp\/v2\/product\/222526","targetHints":{"allow":["GET"]}}],"collection":[{"href":"https:\/\/tolkeyenpatagonia.com\/pt-br\/wp-json\/wp\/v2\/product"}],"about":[{"href":"https:\/\/tolkeyenpatagonia.com\/pt-br\/wp-json\/wp\/v2\/types\/product"}],"wp:featuredmedia":[{"embeddable":true,"href":"https:\/\/tolkeyenpatagonia.com\/pt-br\/wp-json\/wp\/v2\/media\/69702"}],"wp:attachment":[{"href":"https:\/\/tolkeyenpatagonia.com\/pt-br\/wp-json\/wp\/v2\/media?parent=222526"}],"wp:term":[{"taxonomy":"product_brand","embeddable":true,"href":"https:\/\/tolkeyenpatagonia.com\/pt-br\/wp-json\/wp\/v2\/product_brand?post=222526"},{"taxonomy":"product_cat","embeddable":true,"href":"https:\/\/tolkeyenpatagonia.com\/pt-br\/wp-json\/wp\/v2\/product_cat?post=222526"},{"taxonomy":"product_tag","embeddable":true,"href":"https:\/\/tolkeyenpatagonia.com\/pt-br\/wp-json\/wp\/v2\/product_tag?post=222526"}],"curies":[{"name":"wp","href":"https:\/\/api.w.org\/{rel}","templated":true}]}}