{"id":216754,"date":"2019-01-29T17:31:36","date_gmt":"2024-03-15T01:40:10","guid":{"rendered":"https:\/\/tolkeyenpatagonia.com\/producto\/estancia-nibepo-aike\/"},"modified":"2025-06-12T16:25:59","modified_gmt":"2025-06-12T19:25:59","slug":"estancia-nibepo-aike","status":"publish","type":"product","link":"https:\/\/tolkeyenpatagonia.com\/pt-br\/producto\/estancia-nibepo-aike\/","title":{"rendered":"Est\u00e2ncia Nibepo Aike"},"content":{"rendered":"<h2><strong>UNA EXCURSION CON ESP\u00cdRITU RURAL<\/strong><\/h2>\n<h3><b>EXPERIENCIA TOLKEYEN<\/b><\/h3>\n<p>Estancia Nibepo Aike: Salida desde El Calafate por la ruta provincial de ripio N\u00ba15, tambi\u00e9n conocida como \u201cCamino de las Estancias\u201d. El cerro Fr\u00edas protagonista durante el recorrido. Es com\u00fan a lo largo del camino avistar c\u00f3ndores, zorros, liebres o un arreo de ovejas. Luego de cruzar el R\u00edo Rico, el paisaje de estepa deja lugar al paisaje cordillerano. Una vez dentro del Parque Nacional Los Glaciares se bordea el Lago Roca antes de llegar a la Estancia El gu\u00eda anfitri\u00f3n, da la bienvenida a la Estancia y acompa\u00f1a caminando al Quincho, donde se ofrece una bebida caliente (t\u00e9, caf\u00e9 o mate) acompa\u00f1ados de pasteler\u00eda casera.<\/p>\n<p>Una buena pausa para disfrutar de una magn\u00edfica vista de la Cordillera de los Andes y comenzar a conocer sobre la historia de la estancia. Caminata hacia los corrales para presenciar el orde\u00f1e y arrear las ovejas hacia los potreros, antes de que el grupo se separe entre los que optaron por la caminata o por la cabalgata de duraci\u00f3n de 45 minutos.<\/p>\n<h3>Estancia Nibepo Aike: \u00bfQu\u00e9 se ver\u00e1 en el recorrido?<\/h3>\n<p>En el recorrido se tienen excelentes vistas del Brazo Sur del Lago Argentino descubriendo diversos afloramientos rocosos erosionados por la acci\u00f3n glaciaria y los cambios de niveles del lago ocasionados por la represa natural de hielo que genera el Glaciar Perito Moreno. Se aprecia con claridad los pliegues de la corteza terrestre diferenciados entre s\u00ed por la variedad de sedimentos que le dieron origen.<\/p>\n<p>Estas formaciones se suceden hasta llegar a un punto en que las rocas conforman un anfiteatro natural con playas tranquilas de formas curiosas. Los senderos enmarcados por bosque de lengas y \u00f1ires, donde habitan caranchos, cacha\u00f1as, liebres, p\u00e1jaros carpinteros, \u00e1guilas y una abundante variedad de flora y fauna aut\u00f3ctona. El recorrido puede variar seg\u00fan las condiciones clim\u00e1ticas.<\/p>\n<p>El recorrido finaliza en el antiguo galp\u00f3n de esquila, hoy peque\u00f1o museo hist\u00f3rico, vestigio de los a\u00f1os en los cuales la estancia se dedicaba mayormente a la cr\u00eda ovina, hoy reemplazada por una prestigiosa caba\u00f1a de Polled Hereford. Oportunidad para conocer un galp\u00f3n con todos sus componentes y comprender el trabajo de las comparsas de esquila. Demostraci\u00f3n de esquila a tijera como se sol\u00eda hacer antes de la aparici\u00f3n de la manija mec\u00e1nica. La explicaci\u00f3n comprende desde la esquila del animal hasta el armado del fardo de lana, forma en la cual la lana es estivada y transportada. En los corrales aleda\u00f1os esperan los jinetes para hacer una \u201cprueba de riendas\u201f o seg\u00fan las actividades rurales del d\u00eda se har\u00e1 trabajo de hacienda.<\/p>\n<p>Finalizada la actividad en los corrales se regresa al Quincho donde el asado de cordero a la estaca, est\u00e1 a punto para ir a la mesa. Mientras tanto, la vida en la estancia contin\u00faa y es frecuente ver pasar los gauchos a caballos arreando vacunos y\/o ovinos y perderse en el horizonte. Luego del almuerzo se regresa a El Calafate.<\/p>\n<p><strong>Los precios pueden variar seg\u00fan fechas y temporadas.<\/strong><\/p>\n","protected":false},"excerpt":{"rendered":"<h2>Descubra a Estancia Nibepo Aike<\/h2>\n<p data-sourcepos=\"5:1-5:61\"><strong>Gostaria de viver uma experi\u00eancia \u00fanica na Patag\u00f4nia?<\/strong><\/p>\n<p data-sourcepos=\"7:1-7:148\">A Estancia Nibepo Aike, localizada no Camino de las Estancias em El Calafate, oferece-lhe a oportunidade de conhecer a regi\u00e3o de forma aut\u00eantica.<\/p>\n<p data-sourcepos=\"9:1-9:31\">Durante este passeio, voc\u00ea ser\u00e1 capaz de:<\/p>\n<ul data-sourcepos=\"11:1-15:0\">\n<li data-sourcepos=\"11:1-11:56\">Apreciar la belleza de la Cordillera de los Andes.<\/li>\n<li data-sourcepos=\"12:1-12:41\">Testemunhe uma demonstra\u00e7\u00e3o de tosquia.<\/li>\n<li data-sourcepos=\"13:1-13:48\">Prove um delicioso cordeiro na fogueira.<\/li>\n<li data-sourcepos=\"14:1-15:0\">Cavalgadas pelo interior da Patag\u00f4nia.<\/li>\n<\/ul>\n<p data-sourcepos=\"16:1-16:75\">Reserve j\u00e1 o seu lugar e viva uma aventura inesquec\u00edvel.<\/p>\n","protected":false},"featured_media":180096,"template":"","meta":[],"product_brand":[],"product_cat":[1367,1300,1299],"product_tag":[],"class_list":{"0":"post-216754","1":"product","2":"type-product","3":"status-publish","4":"has-post-thumbnail","6":"destino-calafate-pt-br-2","7":"mes-marzo-pt-br","8":"mes-noviembre-pt-br","9":"mes-abril-pt-br","10":"mes-diciembre-pt-br","11":"mes-mayo-pt-br","12":"mes-junio-pt-br","13":"mes-julio-pt-br","14":"mes-agosto-pt-br","15":"mes-enero-pt-br","16":"mes-septiembre-pt-br","17":"mes-febrero-pt-br","18":"mes-octubre-pt-br","19":"epoca-verano-pt-br","20":"epoca-invierno-pt-br","21":"epoca-todo-el-ano-pt-br","22":"product_cat-turismo-acessivel","23":"product_cat-foodie-pt-br","24":"product_cat-fazendas-patagonicas","26":"first","27":"instock","28":"shipping-taxable","29":"product-type-external"},"acf":[],"_links":{"self":[{"href":"https:\/\/tolkeyenpatagonia.com\/pt-br\/wp-json\/wp\/v2\/product\/216754","targetHints":{"allow":["GET"]}}],"collection":[{"href":"https:\/\/tolkeyenpatagonia.com\/pt-br\/wp-json\/wp\/v2\/product"}],"about":[{"href":"https:\/\/tolkeyenpatagonia.com\/pt-br\/wp-json\/wp\/v2\/types\/product"}],"wp:featuredmedia":[{"embeddable":true,"href":"https:\/\/tolkeyenpatagonia.com\/pt-br\/wp-json\/wp\/v2\/media\/180096"}],"wp:attachment":[{"href":"https:\/\/tolkeyenpatagonia.com\/pt-br\/wp-json\/wp\/v2\/media?parent=216754"}],"wp:term":[{"taxonomy":"product_brand","embeddable":true,"href":"https:\/\/tolkeyenpatagonia.com\/pt-br\/wp-json\/wp\/v2\/product_brand?post=216754"},{"taxonomy":"product_cat","embeddable":true,"href":"https:\/\/tolkeyenpatagonia.com\/pt-br\/wp-json\/wp\/v2\/product_cat?post=216754"},{"taxonomy":"product_tag","embeddable":true,"href":"https:\/\/tolkeyenpatagonia.com\/pt-br\/wp-json\/wp\/v2\/product_tag?post=216754"}],"curies":[{"name":"wp","href":"https:\/\/api.w.org\/{rel}","templated":true}]}}