{"id":216741,"date":"2019-01-29T17:31:36","date_gmt":"2024-03-15T01:23:17","guid":{"rendered":"https:\/\/tolkeyenpatagonia.com\/producto\/estancia-cristina-experiencia-discovery\/"},"modified":"2025-03-16T15:31:24","modified_gmt":"2025-03-16T18:31:24","slug":"estancia-cristina-experiencia-discovery","status":"publish","type":"product","link":"https:\/\/tolkeyenpatagonia.com\/pt-br\/producto\/estancia-cristina-experiencia-discovery\/","title":{"rendered":"Est\u00e2ncia Cristina &#8211; Experi\u00eancia Discovery"},"content":{"rendered":"<h2><strong>l UNA EXCURCI\u00d3N CON ESP\u00cdRITU EXPLORADOR<\/strong><\/h2>\n<h3><b>EXPERIENCIA TOLKEYEN<\/b><\/h3>\n<ul>\n<li>Estancia Cristina &#8211; Experiencia Discovery: Embarque en Puerto Punta Bandera 08:30 AM. Salida 09:00 AM.<\/li>\n<li>Navegaci\u00f3n entre t\u00e9mpanos e imponentes paisajes con vistas al frente occidental del Glaciar Upsala y de all\u00ed por el Canal Cristina hasta el punto de desembarque en la Estancia.<\/li>\n<li>Arribo a Estancia Cristina alrededor de las 11:30 AM.<\/li>\n<li>Permanencia en la Estancia de 6 horas.<\/li>\n<li>Arribo al Puerto Punta Bandera 08:15 PM aproximadamente.<\/li>\n<li>Gu\u00edas de Parques Nacionales biling\u00fces: espa\u00f1ol \u2013 ingl\u00e9s.<\/li>\n<\/ul>\n<p><i>Nivel de exigencia: medio<\/i><\/p>\n<p><i>Duraci\u00f3n de la traves\u00eda 4&#215;4: 3 horas<\/i><\/p>\n<p><i>Desnivel: 550 m.s.n.m.<\/i><\/p>\n<p>La traves\u00eda comienza con un emocionante recorrido en veh\u00edculos 4&#215;4, abarcando una distancia de 9.5 kil\u00f3metros por un camino de monta\u00f1a. Durante esta primera etapa, se atraviesa un paisaje impresionante que, hasta hace muy poco, estaba cubierto por majestuosos glaciares. La ruta ofrece vistas panor\u00e1micas que capturan la esencia salvaje y pr\u00edstina de la regi\u00f3n patag\u00f3nica.<\/p>\n<p>Al llegar al refugio de Hielos Continentales, se inicia una caminata de aproximadamente 20 minutos. Este sendero te llevar\u00e1 al Mirador del Upsala, un punto estrat\u00e9gico que ofrece una vista privilegiada del Lago Guillermo y del imponente frente oriental del Glaciar Upsala. Desde este mirador, tambi\u00e9n se puede apreciar el vasto Hielo Patag\u00f3nico Sur, as\u00ed como los imponentes cerros Murall\u00f3n y Don Bosco, que a\u00f1aden un toque dram\u00e1tico al ya de por s\u00ed impresionante paisaje.<\/p>\n<p>Despu\u00e9s de disfrutar de las vistas y tomar fotograf\u00edas, se emprende el regreso en los veh\u00edculos 4&#215;4 hacia la estancia, donde se llega justo a tiempo para el almuerzo (que no est\u00e1 incluido en la excursi\u00f3n). Este es un momento ideal para relajarse y compartir las experiencias vividas durante la traves\u00eda con otros excursionistas.<\/p>\n<p>Finalmente, despu\u00e9s del almuerzo, se inicia el viaje de regreso al puerto, completando as\u00ed una jornada llena de aventura, paisajes sobrecogedores y una profunda conexi\u00f3n con la naturaleza patag\u00f3nica.<\/p>\n<h3><strong>Estancia Cristina &#8211; Experiencia Discovery: CONSULTANOS POR ESTA EXPERIENCIA<\/strong><\/h3>\n<p><strong>Para compras con menos de 48 horas comunicarse por Whatsapp.<\/strong><\/p>\n<p>Para realizar compras los precios pueden variar seg\u00fan fechas y temporadas.<\/p>\n","protected":false},"excerpt":{"rendered":"<h2>Navegue pelo Lago Argentino e conhe\u00e7a a Est\u00e2ncia Cristina em um 4&#215;4<\/h2>\n<p data-sourcepos=\"1:1-1:81\"><strong>T\u00edtulo:<\/strong> <strong>Veleje no Lago Argentino e conhe\u00e7a a Est\u00e2ncia Cristina em um 4&#215;4<\/strong><\/p>\n<p data-sourcepos=\"3:1-3:16\">\n            <strong>Descri\u00e7\u00e3o: __________:<\/strong>\n          <\/p>\n<p data-sourcepos=\"5:1-5:247\">J\u00e1 imaginou navegar no Lago Argentino, um dos maiores lagos do mundo, e depois visitar a Est\u00e2ncia Cristina em um 4&#215;4? Esta excurs\u00e3o \u00e9 a oportunidade perfeita para descobrir as paisagens mais impressionantes da Patag\u00f4nia Argentina.<\/p>\n<p data-sourcepos=\"7:1-7:284\">Durante a navega\u00e7\u00e3o, voc\u00ea ver\u00e1 de perto a frente ocidental do Glaciar Upsala, um dos maiores glaciares do mundo. Em seguida, na Est\u00e2ncia Cristina, voc\u00ea pode fazer uma caminhada guiada pela floresta e desfrutar de uma deliciosa refei\u00e7\u00e3o t\u00edpica.<\/p>\n<p data-sourcepos=\"9:1-9:132\">Este passeio \u00e9 ideal para os amantes da natureza e da aventura. Reserve j\u00e1 o seu lugar e viva uma experi\u00eancia inesquec\u00edvel!<\/p>\n","protected":false},"featured_media":184889,"template":"","meta":[],"product_brand":[],"product_cat":[1367,1299],"product_tag":[],"class_list":{"0":"post-216741","1":"product","2":"type-product","3":"status-publish","4":"has-post-thumbnail","6":"destino-calafate-pt-br-2","7":"mes-marzo-pt-br","8":"mes-noviembre-pt-br","9":"mes-abril-pt-br","10":"mes-diciembre-pt-br","11":"mes-mayo-pt-br","12":"mes-junio-pt-br","13":"mes-julio-pt-br","14":"mes-agosto-pt-br","15":"mes-enero-pt-br","16":"mes-septiembre-pt-br","17":"mes-febrero-pt-br","18":"mes-octubre-pt-br","19":"epoca-verano-pt-br","20":"epoca-invierno-pt-br","21":"epoca-todo-el-ano-pt-br","22":"product_cat-turismo-acessivel","23":"product_cat-fazendas-patagonicas","25":"first","26":"instock","27":"shipping-taxable","28":"product-type-external"},"acf":[],"_links":{"self":[{"href":"https:\/\/tolkeyenpatagonia.com\/pt-br\/wp-json\/wp\/v2\/product\/216741","targetHints":{"allow":["GET"]}}],"collection":[{"href":"https:\/\/tolkeyenpatagonia.com\/pt-br\/wp-json\/wp\/v2\/product"}],"about":[{"href":"https:\/\/tolkeyenpatagonia.com\/pt-br\/wp-json\/wp\/v2\/types\/product"}],"wp:featuredmedia":[{"embeddable":true,"href":"https:\/\/tolkeyenpatagonia.com\/pt-br\/wp-json\/wp\/v2\/media\/184889"}],"wp:attachment":[{"href":"https:\/\/tolkeyenpatagonia.com\/pt-br\/wp-json\/wp\/v2\/media?parent=216741"}],"wp:term":[{"taxonomy":"product_brand","embeddable":true,"href":"https:\/\/tolkeyenpatagonia.com\/pt-br\/wp-json\/wp\/v2\/product_brand?post=216741"},{"taxonomy":"product_cat","embeddable":true,"href":"https:\/\/tolkeyenpatagonia.com\/pt-br\/wp-json\/wp\/v2\/product_cat?post=216741"},{"taxonomy":"product_tag","embeddable":true,"href":"https:\/\/tolkeyenpatagonia.com\/pt-br\/wp-json\/wp\/v2\/product_tag?post=216741"}],"curies":[{"name":"wp","href":"https:\/\/api.w.org\/{rel}","templated":true}]}}