{"id":216730,"date":"2019-01-29T16:43:05","date_gmt":"2024-03-15T01:22:02","guid":{"rendered":"https:\/\/tolkeyenpatagonia.com\/producto\/estancia-25-de-maio\/"},"modified":"2025-02-10T11:35:09","modified_gmt":"2025-02-10T14:35:09","slug":"estancia-25-de-maio","status":"publish","type":"product","link":"https:\/\/tolkeyenpatagonia.com\/pt-br\/producto\/estancia-25-de-maio\/","title":{"rendered":"Est\u00e2ncia 25 de Maio"},"content":{"rendered":"<h2><span class=\"s2\"><b>TARDE DE CAMPO CON CENA SHOW:<\/b>\u00a0 Pick up: 17:30 hs \/ Drop off: 23.00 hs<\/span><\/h2>\n<ul>\n<li class=\"li1\"><span class=\"s2\">Estancia 25 de Mayo: 18.00 HS Recepci\u00f3n y bienvenida con mate y tortas fritas.<\/span><\/li>\n<li class=\"li1\"><span class=\"s2\">Demostraci\u00f3n estaqueo de cordero a la cruz.<\/span><\/li>\n<li class=\"li1\"><span class=\"s2\">Arreo de ovejas con perros y demostraci\u00f3n de esquila<\/span><\/li>\n<li class=\"li1\"><span class=\"s2\">Visita al Antiguo Galp\u00f3n de Esquila, corrales y ba\u00f1os de ovejas de la Estancia. Muestra de fotograf\u00eda.<\/span><\/li>\n<li class=\"li1\"><span class=\"s2\">Ensillado de caballos \/ Orde\u00f1e de vaca<\/span><\/li>\n<li class=\"li1\"><span class=\"s2\">Caminata por sendero Arroyo Calafate<\/span><\/li>\n<li class=\"li1\"><span class=\"s2\">Degustaci\u00f3n de vinos en Mirador del Arroyo.<\/span><\/li>\n<li class=\"li1\"><span class=\"s2\">Opcional cabalgata ** o caminata por la huerta org\u00e1nica y viveros de la Estancia.<\/span><\/li>\n<li class=\"li1\"><span class=\"s2\">Cena en el Restaurante \u201cEl Quincho\u201d. (No Incluye Bebidas)<\/span><\/li>\n<\/ul>\n<h3>Importante sobre Estancia 25 de Mayo<\/h3>\n<p class=\"p1\"><span class=\"s2\"><i>Entrada:<\/i> Empanadas criollas y escabeche de berenjenas.<\/span><\/p>\n<p class=\"p1\"><span class=\"s2\"><i>Principal<\/i>: Parrilla de Cordero al asador y ensaladas de la huerta.<\/span><\/p>\n<p class=\"p1\"><span class=\"s2\"><i>Postre<\/i>: Flan casero con dulce de leche o manzana asada.<\/span><\/p>\n<p class=\"p1\"><span class=\"s2\"><i>Show Folkl\u00f3rico de artistas locales, recorrido por las danzas t\u00edpicas del pa\u00eds<\/i>.<\/span><\/p>\n<ul>\n<li class=\"li1\"><span class=\"s2\">22.30 Fin de la visita.<\/span><\/li>\n<\/ul>\n","protected":false},"excerpt":{"rendered":"<h2>Excurs\u00e3o para ficar em El Calafate<\/h2>\n<p><span class=\"s2\">Descubra a fascinante hist\u00f3ria da Est\u00e2ncia 25 de Mayo, em um dos ambientes naturais mais deslumbrantes do mundo, o estabelecimento tem 17.000 hectares de campo e sua cidade velha est\u00e1 localizada a poucos passos do centro de Calafate, um lugar ideal onde voc\u00ea pode descansar e apreciar a paisagem no sop\u00e9 do Cerro Calafate, respirando o ar mais puro da Patag\u00f4nia.<\/span><\/p>\n","protected":false},"featured_media":180466,"template":"","meta":[],"product_brand":[],"product_cat":[1367,1299],"product_tag":[],"class_list":{"0":"post-216730","1":"product","2":"type-product","3":"status-publish","4":"has-post-thumbnail","6":"destino-calafate-pt-br-2","7":"mes-marzo-pt-br","8":"mes-noviembre-pt-br","9":"mes-abril-pt-br","10":"mes-diciembre-pt-br","11":"mes-mayo-pt-br","12":"mes-junio-pt-br","13":"mes-julio-pt-br","14":"mes-agosto-pt-br","15":"mes-enero-pt-br","16":"mes-septiembre-pt-br","17":"mes-febrero-pt-br","18":"mes-octubre-pt-br","19":"epoca-verano-pt-br","20":"epoca-invierno-pt-br","21":"epoca-todo-el-ano-pt-br","22":"product_cat-turismo-acessivel","23":"product_cat-fazendas-patagonicas","25":"first","26":"instock","27":"shipping-taxable","28":"product-type-external"},"acf":[],"_links":{"self":[{"href":"https:\/\/tolkeyenpatagonia.com\/pt-br\/wp-json\/wp\/v2\/product\/216730","targetHints":{"allow":["GET"]}}],"collection":[{"href":"https:\/\/tolkeyenpatagonia.com\/pt-br\/wp-json\/wp\/v2\/product"}],"about":[{"href":"https:\/\/tolkeyenpatagonia.com\/pt-br\/wp-json\/wp\/v2\/types\/product"}],"wp:featuredmedia":[{"embeddable":true,"href":"https:\/\/tolkeyenpatagonia.com\/pt-br\/wp-json\/wp\/v2\/media\/180466"}],"wp:attachment":[{"href":"https:\/\/tolkeyenpatagonia.com\/pt-br\/wp-json\/wp\/v2\/media?parent=216730"}],"wp:term":[{"taxonomy":"product_brand","embeddable":true,"href":"https:\/\/tolkeyenpatagonia.com\/pt-br\/wp-json\/wp\/v2\/product_brand?post=216730"},{"taxonomy":"product_cat","embeddable":true,"href":"https:\/\/tolkeyenpatagonia.com\/pt-br\/wp-json\/wp\/v2\/product_cat?post=216730"},{"taxonomy":"product_tag","embeddable":true,"href":"https:\/\/tolkeyenpatagonia.com\/pt-br\/wp-json\/wp\/v2\/product_tag?post=216730"}],"curies":[{"name":"wp","href":"https:\/\/api.w.org\/{rel}","templated":true}]}}