{"id":216726,"date":"2019-01-27T14:59:02","date_gmt":"2024-03-15T01:20:56","guid":{"rendered":"https:\/\/tolkeyenpatagonia.com\/producto\/cerro-frias\/"},"modified":"2025-03-16T15:30:14","modified_gmt":"2025-03-16T18:30:14","slug":"cerro-frias","status":"publish","type":"product","link":"https:\/\/tolkeyenpatagonia.com\/pt-br\/producto\/cerro-frias\/","title":{"rendered":"Cerro Frias"},"content":{"rendered":"<h2><strong>AVENTURA EN LA PATAGONIA<\/strong><\/h2>\n<h3><b>Cerro Frias EXPERIENCIA TOLKEYEN<\/b><\/h3>\n<p><strong>Cerro Frias\u00a04\u00d74 \u2013 Cabalgatas \u2013 Trekking \u2013 Tirolesa (solo 01 (una) opci\u00f3n a elecci\u00f3n)<\/strong><\/p>\n<p>El Cerro Frias, de 1095 mts\/snm,\u00a0 se encuentra aislado en el medio de un valle permitiendo disfrutar, durante el ascenso, de espectaculares vistas panor\u00e1micas del Valle del Centinela, la Cordillera de los Andes y\u00a0el Lago Argentino. Se destacan en el horizonte, al Sur, el Cord\u00f3n de los Cristales y las Torres del Paine (Parque Nacional chileno); al Oeste, las pen\u00ednsulas de Magallanes y Avellaneda y,\u00a0al Norte, el Cerro Fitz Roy.\u00a0La vista abarca, adem\u00e1s, el cuerpo principal del Lago Argentino, sus Brazo Rico y Brazo Norte con la Boca del Diablo.<\/p>\n<p><img loading=\"lazy\" decoding=\"async\" class=\"alignnone size-medium wp-image-260966\" src=\"https:\/\/tolkeyenpatagonia.com\/wp-content\/uploads\/2019\/01\/Cerro-Frias-8-Tolkeyen-1140x760.jpg\" alt=\"Cerro frias 19\" width=\"1140\" height=\"760\" srcset=\"https:\/\/tolkeyenpatagonia.com\/wp-content\/uploads\/2019\/01\/Cerro-Frias-8-Tolkeyen-1140x760.jpg 1140w, https:\/\/tolkeyenpatagonia.com\/wp-content\/uploads\/2019\/01\/Cerro-Frias-8-Tolkeyen-768x512.jpg 768w, https:\/\/tolkeyenpatagonia.com\/wp-content\/uploads\/2019\/01\/Cerro-Frias-8-Tolkeyen-600x400.jpg 600w, https:\/\/tolkeyenpatagonia.com\/wp-content\/uploads\/2019\/01\/Cerro-Frias-8-Tolkeyen.jpg 1200w\" sizes=\"auto, (max-width: 1140px) 100vw, 1140px\" \/><\/p>\n<h4>\u00a0\u00bfD\u00f3nde se encuentra ubicado?<\/h4>\n<p>Ubicado dentro de la tierras que pertenecen a la Estancia Alice, a 23 km. de El Calafate en el camino que conduce\u00a0hacia el\u00a0Glaciar Perito Moreno, el Cerro Fr\u00edas es una magn\u00edfica oportunidad para\u00a0avistar flora y fauna silvestre de la regi\u00f3n, as\u00ed como animales de estancia.\u00a0 Adem\u00e1s de la vegetaci\u00f3n arbustiva caracter\u00edstica de la estepa patag\u00f3nica\u00a0se puede apreciar\u00a0el bosque de \u00e1rboles de lenga\u00a0en\u00a0la ladera este del\u00a0Cerro Fr\u00edas.<\/p>\n<h4>Actividades &#8211; Cerro Frias<\/h4>\n<p>En la Estancia ofrecemos 4 actividades\u00a0guiadas de turismo aventura que se realizan en forma simult\u00e1nea por diferentes circuitos del Cerro Frias: 4\u00d74 \u2013 Trekking \u2013 Cabalgata \u2013 Tirolesa. Contamos con 3 salidas diarias para que nadie se pierda la oportunidad de vivir una experiencia inolvidable en un entorno natural sorprendente.\u00a0La din\u00e1mica de las actividades permite, adem\u00e1s, que integrantes de un mismo grupo realicen actividades diferentes ya que todos los pasajeros se re\u00fanen en el Quincho de la Estancia Alice antes de emprender el regreso. La salida de la ma\u00f1ana (09 hs) cuenta adem\u00e1s con la posibilidad, en forma opcional, de disfrutar de un t\u00edpico asado argentino con vegetales grillados, cocido en nuestros hornos de barro. Tambi\u00e9n se encuentra disponible men\u00fa vegetariano para quienes lo soliciten con anticipaci\u00f3n. Por su parte,\u00a0quienes participen de las\u00a0salidas de la tarde\u00a0(12 y 15.30 hs) tendr\u00e1n a su disposici\u00f3n un servicio de comidas r\u00e1pidas y bebidas (no incluido)\u00a0que funcionar\u00e1 en el Quincho de la Estancia Alice, donde los pasajeros podr\u00e1n relajarse y disfrutar del\u00a0entorno antes de regresar a El Calafate.<\/p>\n<p><img loading=\"lazy\" decoding=\"async\" class=\"alignnone size-medium wp-image-260912\" src=\"https:\/\/tolkeyenpatagonia.com\/wp-content\/uploads\/2019\/01\/Cerro-Frias-2-Tolkeyen-1140x760.jpg\" alt=\"Cerro frias 2\" width=\"1140\" height=\"760\" srcset=\"https:\/\/tolkeyenpatagonia.com\/wp-content\/uploads\/2019\/01\/Cerro-Frias-2-Tolkeyen-1140x760.jpg 1140w, https:\/\/tolkeyenpatagonia.com\/wp-content\/uploads\/2019\/01\/Cerro-Frias-2-Tolkeyen-768x512.jpg 768w, https:\/\/tolkeyenpatagonia.com\/wp-content\/uploads\/2019\/01\/Cerro-Frias-2-Tolkeyen-600x400.jpg 600w, https:\/\/tolkeyenpatagonia.com\/wp-content\/uploads\/2019\/01\/Cerro-Frias-2-Tolkeyen.jpg 1200w\" sizes=\"auto, (max-width: 1140px) 100vw, 1140px\" \/><\/p>\n<h4><strong>Cerro Frias: CIRCUITO DE 4X4<\/strong><\/h4>\n<p>Iniciamos la actividad ascendiendo el cerro Frias por caminos de monta\u00f1a con vistas del cuerpo principal del Lago Argentino. Luego de unos 20 minutos paramos en el primer mirador a 450 m de altura con vistas al valle del R\u00edo Centinela. Continuamos ascendiendo hasta el segundo mirador a 1030 m con vistas de las Torres del Paine, los brazos Rico y Sur del lago Argentino, el Lago Roca, cord\u00f3n de los Cristales,\u00a0 Canal de los T\u00e9mpanos y Brazo Norte del Lago Argentino, Boca del Diablo, los picos m\u00e1s elevados de la Cordillera de Los Andes y el Cerro Fitz Roy si las condiciones meteorol\u00f3gicas lo permiten. Continuamos la traves\u00eda descendiendo el cerro a trav\u00e9s del bosque de lengas por la ladera este del cerro Frias culminando en el Quincho del casco de la estancia.<\/p>\n<h4><strong>CIRCUITO DE TREKKING \u00f3 CABALGATA<\/strong><\/h4>\n<p>Se comienza el recorrido atravesando una vega o mall\u00edn, para empezar a subir por los faldeos de la monta\u00f1a. A 30 minutos de comenzar, ya se tienen vistas del Valle del Centinela y las Torres del Paine. El recorrido contin\u00faa en ascenso, hasta llegar a campos elevados del cerro, donde eventualmente podr\u00e1n apreciarse el ganado de la estancia (vacas), y animales silvestres como guanacos, liebres, zorros, armadillos y zorrinos (zorrillos o mofetas).<\/p>\n<p>Luego de apreciar los paisajes, se comienza el descenso, hasta llegar al Quincho del casco de la estancia.<\/p>\n<p><img loading=\"lazy\" decoding=\"async\" class=\"alignnone size-medium wp-image-260930\" src=\"https:\/\/tolkeyenpatagonia.com\/wp-content\/uploads\/2019\/01\/Cerro-Frias-19-Tolkeyen-1140x760.jpg\" alt=\"Cerro frias 8\" width=\"1140\" height=\"760\" srcset=\"https:\/\/tolkeyenpatagonia.com\/wp-content\/uploads\/2019\/01\/Cerro-Frias-19-Tolkeyen-1140x760.jpg 1140w, https:\/\/tolkeyenpatagonia.com\/wp-content\/uploads\/2019\/01\/Cerro-Frias-19-Tolkeyen-768x512.jpg 768w, https:\/\/tolkeyenpatagonia.com\/wp-content\/uploads\/2019\/01\/Cerro-Frias-19-Tolkeyen-600x400.jpg 600w, https:\/\/tolkeyenpatagonia.com\/wp-content\/uploads\/2019\/01\/Cerro-Frias-19-Tolkeyen.jpg 1200w\" sizes=\"auto, (max-width: 1140px) 100vw, 1140px\" \/><\/p>\n<p><strong>\u00a0<\/strong><strong>TIROLESA<\/strong><\/p>\n<p><strong>\u00a0<\/strong>\u201cLa Tirolesa es la actividad cuyo fin es desplazarse sobre dos cables sujeto entre puntos fijos, estos pueden ser \u00e1rboles, torres, estructuras u otro punto fijo, para constituir una l\u00ednea elevada en todo trayecto y con un desnivel suficiente para que sea posible deslizarse por gravedad, empleando equipo de seguridad como poleas, mosquetones, cintas, casco y arn\u00e9s.\u201d<\/p>\n<p><img loading=\"lazy\" decoding=\"async\" class=\"alignnone size-medium wp-image-260987\" src=\"https:\/\/tolkeyenpatagonia.com\/wp-content\/uploads\/2019\/01\/Cerro-Frias-25-Tolkeyen-1140x760.jpg\" alt=\"Cerro frias 26\" width=\"1140\" height=\"760\" srcset=\"https:\/\/tolkeyenpatagonia.com\/wp-content\/uploads\/2019\/01\/Cerro-Frias-25-Tolkeyen-1140x760.jpg 1140w, https:\/\/tolkeyenpatagonia.com\/wp-content\/uploads\/2019\/01\/Cerro-Frias-25-Tolkeyen-768x512.jpg 768w, https:\/\/tolkeyenpatagonia.com\/wp-content\/uploads\/2019\/01\/Cerro-Frias-25-Tolkeyen-600x400.jpg 600w, https:\/\/tolkeyenpatagonia.com\/wp-content\/uploads\/2019\/01\/Cerro-Frias-25-Tolkeyen.jpg 1200w\" sizes=\"auto, (max-width: 1140px) 100vw, 1140px\" \/><\/p>\n<p>Una vez\u00a0 llegados al Quincho de la Estancia ser\u00e1s equipado con todo lo necesario para vivir una aventura fant\u00e1stica bajo las m\u00e1s altas normas de seguridad adem\u00e1s de que recibir\u00e1s una charla instructiva;<\/p>\n<p>Luego, partimos hacia la plataforma de embarque ubicada a 540 Metros en la Ladera Sur del Cerro\u00a0Frias, (este trayecto se realiza parte caminando y\/o en vehiculo dependiendo de las condiciones clim\u00e1ticas seg\u00fan \u00e9poca del a\u00f1o).<\/p>\n<p>Ya en la plataforma\u00a0 se examina\u00a0 nuevamente todo el equipo y nos disponemos\u00a0 a cruzar la primera etapa de los 2350 Mts de Cable, dispuestos en 5 v\u00edas. Durante el recorrido se podr\u00e1n apreciar incre\u00edbles vistas panor\u00e1micas de Torres del Paine, Valle del Centinela, Lago Roca, Brazo Rico de Lago Argentino.<\/p>\n","protected":false},"excerpt":{"rendered":"<h2 data-sourcepos=\"1:1-1:51\"><strong>Viva uma aventura inesquec\u00edvel na Patag\u00f4nia!<\/strong><\/h2>\n<p data-sourcepos=\"3:1-3:97\">J\u00e1 imaginou passear pela Patag\u00f4nia em um 4&#215;4, pedalar pelos morros ou deslizar pelas tirolesas?<\/p>\n<p data-sourcepos=\"5:1-5:130\"><strong>Experience Tolkeyen<\/strong> \u00e9 a excurs\u00e3o perfeita para voc\u00ea. Nesta excurs\u00e3o de meio dia, voc\u00ea pode escolher entre 4 atividades guiadas: <\/p>\n<ul data-sourcepos=\"7:1-10:0\">\n<li data-sourcepos=\"7:1-7:90\"><strong>4&#215;4:<\/strong> Ascende el Cerro Fr\u00edas y disfruta de las espectaculares vistas de la Patagonia.<\/li>\n<li data-sourcepos=\"8:1-8:107\"><strong>Trekking ou cavalgadas:<\/strong> Explore as trilhas de Cerro Frias e aviste a vida selvagem da regi\u00e3o.<\/li>\n<li data-sourcepos=\"9:1-10:0\"><strong>Tirol\u00eas:<\/strong> Deslize ao longo dos cabos do Cerro Fr\u00edas e admire as vistas panor\u00e2micas.<\/li>\n<\/ul>\n<p data-sourcepos=\"11:1-11:47\"><strong>Uma experi\u00eancia \u00fanica que voc\u00ea nunca esquecer\u00e1!<\/strong><\/p>\n<p data-sourcepos=\"13:1-13:67\"><strong>Reserve seu lugar hoje e experimente uma aventura na Patag\u00f4nia!<\/strong><\/p>\n","protected":false},"featured_media":260980,"template":"","meta":[],"product_brand":[],"product_cat":[1367,1134],"product_tag":[],"class_list":{"0":"post-216726","1":"product","2":"type-product","3":"status-publish","4":"has-post-thumbnail","6":"destino-calafate-pt-br-2","7":"mes-marzo-pt-br","8":"mes-noviembre-pt-br","9":"mes-abril-pt-br","10":"mes-diciembre-pt-br","11":"mes-mayo-pt-br","12":"mes-junio-pt-br","13":"mes-julio-pt-br","14":"mes-agosto-pt-br","15":"mes-enero-pt-br","16":"mes-septiembre-pt-br","17":"mes-febrero-pt-br","18":"mes-octubre-pt-br","19":"epoca-verano-pt-br","20":"epoca-invierno-pt-br","21":"epoca-todo-el-ano-pt-br","22":"product_cat-turismo-acessivel","23":"product_cat-turismo-de-aventura","25":"first","26":"instock","27":"shipping-taxable","28":"product-type-external"},"acf":[],"_links":{"self":[{"href":"https:\/\/tolkeyenpatagonia.com\/pt-br\/wp-json\/wp\/v2\/product\/216726","targetHints":{"allow":["GET"]}}],"collection":[{"href":"https:\/\/tolkeyenpatagonia.com\/pt-br\/wp-json\/wp\/v2\/product"}],"about":[{"href":"https:\/\/tolkeyenpatagonia.com\/pt-br\/wp-json\/wp\/v2\/types\/product"}],"wp:featuredmedia":[{"embeddable":true,"href":"https:\/\/tolkeyenpatagonia.com\/pt-br\/wp-json\/wp\/v2\/media\/260980"}],"wp:attachment":[{"href":"https:\/\/tolkeyenpatagonia.com\/pt-br\/wp-json\/wp\/v2\/media?parent=216726"}],"wp:term":[{"taxonomy":"product_brand","embeddable":true,"href":"https:\/\/tolkeyenpatagonia.com\/pt-br\/wp-json\/wp\/v2\/product_brand?post=216726"},{"taxonomy":"product_cat","embeddable":true,"href":"https:\/\/tolkeyenpatagonia.com\/pt-br\/wp-json\/wp\/v2\/product_cat?post=216726"},{"taxonomy":"product_tag","embeddable":true,"href":"https:\/\/tolkeyenpatagonia.com\/pt-br\/wp-json\/wp\/v2\/product_tag?post=216726"}],"curies":[{"name":"wp","href":"https:\/\/api.w.org\/{rel}","templated":true}]}}