{"id":216721,"date":"2019-01-13T15:08:38","date_gmt":"2024-03-15T01:19:46","guid":{"rendered":"https:\/\/tolkeyenpatagonia.com\/producto\/dia-inteiro-torres-del-paine-caminhao-overland-4x4\/"},"modified":"2025-02-10T11:33:57","modified_gmt":"2025-02-10T14:33:57","slug":"dia-inteiro-torres-del-paine-caminhao-overland-4x4","status":"publish","type":"product","link":"https:\/\/tolkeyenpatagonia.com\/pt-br\/producto\/dia-inteiro-torres-del-paine-caminhao-overland-4x4\/","title":{"rendered":"Dia Inteiro Torres del Paine &#8211; Caminh\u00e3o Overland 4&#215;4"},"content":{"rendered":"<h2><strong>MARAVILLA PATAG\u00d3NICA<\/strong><\/h2>\n<h3><b>EXPERIENCIA TOLKEYEN<\/b><\/h3>\n<p>Atravesando la estepa patag\u00f3nica de norte a sur se arriba al paso fronterizo de Cancha Carrera (2hs 20 min), a partir de donde se comienza a recorrer el bello sur de Chile hasta ingresar al Parque Nacional Torres del Paine. A las 11hs se realiza el primer stop panor\u00e1mico en el Lago Sarmiento con toda la Cordillera Paine al frente.<\/p>\n<p>Los reducidos tiempos de viaje son producto de los enormes beneficios que nos brinda la utilizaci\u00f3n de nuestros Overland Truck 4\u00d74 de ultima generaci\u00f3n, que permiten excelente performance en el asfalto y ripio casi. Gracias a la fortaleza estructural de estos veh\u00edculos, se utilizan dos viejos tramos de la EX Ruta 40 ya en desuso (El Cerrito \u2013 Tapi Aike \/ Fuentes del Coyle \u2013 C. Carrera).<\/p>\n<p>Una vez en el Paine, se realizan diversas paradas con descenso en Lagos, Cascadas, Miradores, avistaje de guanacos y zorros, entre otros.<\/p>\n<p>A bordo de los camiones overland 4\u00d74 se visitan los puntos estrat\u00e9gicos, desde donde se emprenden caminatas que nos permitan acceder a los miradores panor\u00e1micos de los m\u00e1s importantes atractivos naturales del Parque.<br \/>\nLos programas son armados con caminatas de dificultad t\u00e9cnica baja y m\u00ednima exigencia f\u00edsica, pudiendo, si el grupo se muestra apto, realizar recorridos de mayor exigencia. Todas las caminatas se realizan en compa\u00f1\u00eda de gu\u00edas de trekking y tienen una duraci\u00f3n m\u00e1xima de 2,5 horas en total.<\/p>\n<p>En la Laguna Amarga aprovechando el potencial de la 4\u00d74 se bordea la Laguna por sus costas de arena, para acceder a la mejor panor\u00e1mica de las Torres del Paine. All\u00ed se hace otra parada para una corta caminata.<br \/>\nLuego se contin\u00faa hacia la Cascada Paine donde se baja para hacer el picnic a la orilla de R\u00edo Paine con vistas a Las Torres. El almuerzo es a la intemperie protegidos por la vegetaci\u00f3n. Las viandas est\u00e1n incluidas y son abundantes, por lo que permiten mantener alimentados a los aventureros durante todo el d\u00eda.<\/p>\n<p>Una vez en marcha nuevamente, y luego de realizar stops en diversos miradores (Laguna de los Cisnes, Mirador Superior del Nordenskjold), se arriba al Salto Grande, desde donde se realiza una caminata hacia el Mirador de los Cuernos del Paine a orillas del Lago Nordenskjold, esta caminata es guiada y dura unas 2 horas en total.<\/p>\n<p>Luego de esta caminata, se continua en el veh\u00edculo hasta un nuevo mirador, esta vez en cercan\u00edas del Lago Pehoe, desde donde tendr\u00e1n una de las vistas m\u00e1s famosas del Parque Nacional, con los Cuernos y el Valle del Franc\u00e9s de fondo, enmarcados por los lagos Pehoe y Nordenskjold, desde all\u00ed divisar\u00e1n tambi\u00e9n, el Monte Paine Grande y el Almirante Nieto<\/p>\n<p>&nbsp;<\/p>\n<p><strong>CONSULTANOS POR ESTA EXPERIENCIA<\/strong><\/p>\n<p><strong>Para compras con menos de 48 horas comunicarse por Whatsapp.<\/strong><\/p>\n<p>Los precios pueden variar seg\u00fan fechas y temporadas.<\/p>\n","protected":false},"excerpt":{"rendered":"<h2>Explora los puntos estrat\u00e9gicos del Parque Nacional Torres del Paine en 4&#215;4<\/h2>\n<p data-sourcepos=\"5:1-5:206\">Quer viver uma experi\u00eancia \u00fanica no Parque Nacional Torres del Paine? Ent\u00e3o voc\u00ea n\u00e3o pode perder este passeio 4&#215;4 que ir\u00e1 lev\u00e1-lo aos pontos estrat\u00e9gicos mais emblem\u00e1ticos deste lugar de sonho.<\/p>\n<p data-sourcepos=\"7:1-7:290\">Durante este passeio, voc\u00ea andar\u00e1 de quadriciclo pelas trilhas mais c\u00eanicas do parque, como o Lago Grey, o Vale do Franc\u00eas e o Mirador del Paine. Al\u00e9m disso, voc\u00ea far\u00e1 duas caminhadas guiadas de baixa dificuldade para que voc\u00ea possa desfrutar da natureza em todo o seu esplendor.<\/p>\n<p data-sourcepos=\"9:1-9:92\">N\u00e3o perca esta oportunidade de conhecer uma das paisagens mais impressionantes do mundo!<\/p>\n","protected":false},"featured_media":273167,"template":"","meta":[],"product_brand":[],"product_cat":[1113,815,1134],"product_tag":[],"class_list":{"0":"post-216721","1":"product","2":"type-product","3":"status-publish","4":"has-post-thumbnail","6":"destino-calafate-pt-br-2","7":"mes-marzo-pt-br","8":"mes-noviembre-pt-br","9":"mes-abril-pt-br","10":"mes-diciembre-pt-br","11":"mes-mayo-pt-br","12":"mes-junio-pt-br","13":"mes-julio-pt-br","14":"mes-agosto-pt-br","15":"mes-enero-pt-br","16":"mes-septiembre-pt-br","17":"mes-febrero-pt-br","18":"mes-octubre-pt-br","19":"epoca-verano-pt-br","20":"epoca-invierno-pt-br","21":"epoca-todo-el-ano-pt-br","22":"product_cat-geleiras","23":"product_cat-inverno","24":"product_cat-turismo-de-aventura","26":"first","27":"instock","28":"virtual","29":"sold-individually","30":"purchasable","31":"product-type-booking"},"acf":[],"_links":{"self":[{"href":"https:\/\/tolkeyenpatagonia.com\/pt-br\/wp-json\/wp\/v2\/product\/216721","targetHints":{"allow":["GET"]}}],"collection":[{"href":"https:\/\/tolkeyenpatagonia.com\/pt-br\/wp-json\/wp\/v2\/product"}],"about":[{"href":"https:\/\/tolkeyenpatagonia.com\/pt-br\/wp-json\/wp\/v2\/types\/product"}],"wp:featuredmedia":[{"embeddable":true,"href":"https:\/\/tolkeyenpatagonia.com\/pt-br\/wp-json\/wp\/v2\/media\/273167"}],"wp:attachment":[{"href":"https:\/\/tolkeyenpatagonia.com\/pt-br\/wp-json\/wp\/v2\/media?parent=216721"}],"wp:term":[{"taxonomy":"product_brand","embeddable":true,"href":"https:\/\/tolkeyenpatagonia.com\/pt-br\/wp-json\/wp\/v2\/product_brand?post=216721"},{"taxonomy":"product_cat","embeddable":true,"href":"https:\/\/tolkeyenpatagonia.com\/pt-br\/wp-json\/wp\/v2\/product_cat?post=216721"},{"taxonomy":"product_tag","embeddable":true,"href":"https:\/\/tolkeyenpatagonia.com\/pt-br\/wp-json\/wp\/v2\/product_tag?post=216721"}],"curies":[{"name":"wp","href":"https:\/\/api.w.org\/{rel}","templated":true}]}}