{"id":215837,"date":"2021-08-13T18:03:53","date_gmt":"2024-03-09T00:23:00","guid":{"rendered":"https:\/\/tolkeyenpatagonia.com\/producto\/cerro-castor-6-dias-elevadores-e-traslados\/"},"modified":"2025-01-27T14:43:18","modified_gmt":"2025-01-27T17:43:18","slug":"cerro-castor-6-dias-elevadores-e-traslados","status":"publish","type":"product","link":"https:\/\/tolkeyenpatagonia.com\/pt-br\/producto\/cerro-castor-6-dias-elevadores-e-traslados\/","title":{"rendered":"Cerro Castor \u2013 Passes e Transfer\u00eancias de 6 DIAS"},"content":{"rendered":"<h2 style=\"text-align: center;\"><strong>PASES Y TRASLADOS \u2013 SKIWEEK PREVENTA<\/strong><\/h2>\n<h3 style=\"text-align: center;\"><strong>EXPERIENCIA TOLKEYEN<\/strong><\/h3>\n<p>&nbsp;<\/p>\n<p><b>TEMPORADAS<\/b><br \/>\n<b>BAJA\u00a0<\/b>28 de Junio al 05 de Julio \/ 21 de Septiembre al 29 de Septiembre<br \/>\n<strong>ALTA<\/strong>\u00a06 de Julio al 20 de Septiembre<\/p>\n<p>El paquete incluye:<\/p>\n<ul>\n<li>Traslado Aeropuerto\/ Hotel\/ Aeropuerto en servicio compartido.<\/li>\n<li>Traslado Hotel\/ Cerro Castor \/ Hotel en servicio compartido por 6 d\u00edas consecutivos.<\/li>\n<li>6 d\u00edas de pases de ski para disfrutar toda la monta\u00f1a<\/li>\n<\/ul>\n<p style=\"text-align: center;\"><b><br \/>\n***Los paquetes son por d\u00edas consecutivos***<\/b><\/p>\n<p>&nbsp;<\/p>\n<p>Al momento de comprar es necesario que nos informen:<\/p>\n<p>-N\u00fameros de vuelos de llegada y salida<\/p>\n<p>-Hotel<br \/>\n\u2013 Nombres completos<br \/>\n\u2013 N\u00famero de DNI<br \/>\n\u2013 Fecha de nacimiento<\/p>\n<p>El paquete NO INCLUYE:<\/p>\n<ul>\n<li>Alojamiento<\/li>\n<li>Equipos de esqu\u00ed \/ snow<\/li>\n<li>Indumentaria de uso personal, guantes, casco, antiparras.<\/li>\n<\/ul>\n<p>&nbsp;<\/p>\n<p style=\"text-align: center;\"><em>Los precios pueden variar seg\u00fan fechas y temporadas.<\/em><\/p>\n","protected":false},"excerpt":{"rendered":"<h2>Cerro Castor: 6 dias de esqui e divers\u00e3o ao seu alcance<\/h2>\n<p>Se voc\u00ea vai visitar Ushuaia, conhe\u00e7a a melhor temporada de esqui em Cerro Castor. Este centro de inverno concentra a melhor qualidade de neve devido \u00e0 sua posi\u00e7\u00e3o geogr\u00e1fica, em uma encosta sul, mantendo temperaturas entre -5 e 5 graus em m\u00e9dia.<\/p>\n<p>Com este pacote voc\u00ea poder\u00e1 desfrutar da experi\u00eancia \u00fanica de esquiar no Fim do Mundo e porque n\u00e3o reservar alguns dias para conhecer Ushuaia e suas atra\u00e7\u00f5es imperd\u00edveis.<\/p>\n<p data-sourcepos=\"15:1-15:72\">N\u00e3o espere mais e reserve seu lugar agora mesmo!<\/p>\n","protected":false},"featured_media":266502,"template":"","meta":[],"product_brand":[],"product_cat":[1294,815,1164,1102],"product_tag":[],"class_list":{"0":"post-215837","1":"product","2":"type-product","3":"status-publish","4":"has-post-thumbnail","6":"destino-ushuaia-pt-br-2","7":"mes-junio-pt-br","8":"mes-julio-pt-br","9":"mes-agosto-pt-br","10":"mes-septiembre-pt-br","11":"epoca-invierno-pt-br","12":"product_cat-centro-de-inverno","13":"product_cat-inverno","14":"product_cat-pacote-de-esqui","15":"product_cat-pacotes-ushuaia","17":"first","18":"instock","19":"sold-individually","20":"shipping-taxable","21":"purchasable","22":"product-type-booking"},"acf":[],"_links":{"self":[{"href":"https:\/\/tolkeyenpatagonia.com\/pt-br\/wp-json\/wp\/v2\/product\/215837","targetHints":{"allow":["GET"]}}],"collection":[{"href":"https:\/\/tolkeyenpatagonia.com\/pt-br\/wp-json\/wp\/v2\/product"}],"about":[{"href":"https:\/\/tolkeyenpatagonia.com\/pt-br\/wp-json\/wp\/v2\/types\/product"}],"wp:featuredmedia":[{"embeddable":true,"href":"https:\/\/tolkeyenpatagonia.com\/pt-br\/wp-json\/wp\/v2\/media\/266502"}],"wp:attachment":[{"href":"https:\/\/tolkeyenpatagonia.com\/pt-br\/wp-json\/wp\/v2\/media?parent=215837"}],"wp:term":[{"taxonomy":"product_brand","embeddable":true,"href":"https:\/\/tolkeyenpatagonia.com\/pt-br\/wp-json\/wp\/v2\/product_brand?post=215837"},{"taxonomy":"product_cat","embeddable":true,"href":"https:\/\/tolkeyenpatagonia.com\/pt-br\/wp-json\/wp\/v2\/product_cat?post=215837"},{"taxonomy":"product_tag","embeddable":true,"href":"https:\/\/tolkeyenpatagonia.com\/pt-br\/wp-json\/wp\/v2\/product_tag?post=215837"}],"curies":[{"name":"wp","href":"https:\/\/api.w.org\/{rel}","templated":true}]}}