{"id":215405,"date":"2021-07-18T10:07:31","date_gmt":"2024-03-05T21:47:33","guid":{"rendered":"https:\/\/tolkeyenpatagonia.com\/producto\/trekking-laguna-esmeralda-en-invierno\/"},"modified":"2025-02-10T11:38:28","modified_gmt":"2025-02-10T14:38:28","slug":"trekking-laguna-esmeralda-en-invierno","status":"publish","type":"product","link":"https:\/\/tolkeyenpatagonia.com\/pt-br\/producto\/trekking-laguna-esmeralda-en-invierno\/","title":{"rendered":"Trekking Laguna Esmeralda en Invierno"},"content":{"rendered":"<h2 style=\"text-align: center;\"><span style=\"color: #3366ff;\"><strong>TREKKING LAGOA ESMERALDA NO INVERNO<\/strong><\/span><\/h2>\n<p>Trekking Laguna Esmeralda no inverno: A aventura come\u00e7a na trilha para a Laguna Esmeralda que est\u00e1 localizada na <strong>Reserva Natural e Paisag\u00edstica do Vale Tierra Mayor<\/strong>, que \u00e9 acessada pela Rota Nacional N\u00ba 3, a 18 quil\u00f4metros da cidade de Ushuaia.<\/p>\n<p>Em nossa vers\u00e3o de inverno, depois de nos equiparmos com grampos ou raquetes de neve, iniciamos uma caminhada que nos levar\u00e1 a um belo lugar entre montanhas cheias de neve que dar\u00e3o um toque impressionante \u00e0 paisagem.<\/p>\n<p>No in\u00edcio da trilha, a vegeta\u00e7\u00e3o dominante \u00e9 a <strong>floresta de lengas, <\/strong>uma \u00e1rvore nativa da regi\u00e3o. O passeio continua por setores onde se alternam <strong>folhagens e turfeiras<\/strong> , at\u00e9 chegar a um ambiente <strong>de alta montanha<\/strong>, cuja altura m\u00e9dia \u00e9 de 600 metros acima do n\u00edvel do mar. Ao chegar \u00e0 lagoa, voc\u00ea pode apreciar o ambiente majestoso da floresta e dos picos cobertos de neve que a cercam. A colora\u00e7\u00e3o esverdeada de suas \u00e1guas se deve ao <strong>sedimento do<\/strong> Glaciar Ojo del Albino, que \u00e9 um detalhe fant\u00e1stico desta jornada, pois a cor \u00e9 contemplada de onde voc\u00ea estiver.   <\/p>\n<p>\u00c9 importante ressaltar que, como grande parte da trilha \u00e9 feita em terrenos molhados e escorregadios, \u00e9 necess\u00e1rio usar <strong>botas, roupas imperme\u00e1veis, bast\u00f5es e casaco durante todo o ano<\/strong>. Estar preparado e usar as roupas adequadas \u00e9 muito importante para se sentir confort\u00e1vel durante a excurs\u00e3o, o desconforto pode fazer com que voc\u00ea n\u00e3o desfrute plenamente de uma excurs\u00e3o totalmente memor\u00e1vel. <\/p>\n","protected":false},"excerpt":{"rendered":"<h2>Lagoa Esmeralda: Um Pa\u00eds das Maravilhas do Inverno em Ushuaia<\/h2>\n<p data-sourcepos=\"5:1-5:131\">J\u00e1 imaginou uma caminhada no meio da neve, cercada por montanhas cobertas de neve e uma lagoa esmeralda? \u00a1Es posible en Ushuaia!<\/p>\n<p data-sourcepos=\"7:1-7:312\">La Laguna Esmeralda es uno de los destinos tur\u00edsticos m\u00e1s populares de la ciudad, y en invierno adquiere una belleza \u00fanica. A trilha de trekking, de dificuldade moderada, atravessa florestas, rios, planta\u00e7\u00f5es de castores e turfeiras, at\u00e9 chegar \u00e0 lagoa, que congela parcialmente e reflete as montanhas ao seu redor.<\/p>\n<p data-sourcepos=\"9:1-9:154\">Esta excursi\u00f3n es perfecta para los amantes de la naturaleza y la aventura. N\u00e3o perca a oportunidade de viver uma experi\u00eancia inesquec\u00edvel em Ushuaia!<\/p>\n","protected":false},"featured_media":263319,"template":"","meta":[],"product_brand":[],"product_cat":[815,1134],"product_tag":[],"class_list":{"0":"post-215405","1":"product","2":"type-product","3":"status-publish","4":"has-post-thumbnail","6":"destino-ushuaia-pt-br-2","7":"mes-junio-pt-br","8":"mes-julio-pt-br","9":"mes-agosto-pt-br","10":"mes-septiembre-pt-br","11":"epoca-invierno-pt-br","12":"product_cat-inverno","13":"product_cat-turismo-de-aventura","15":"first","16":"instock","17":"virtual","18":"sold-individually","19":"purchasable","20":"product-type-booking"},"acf":[],"_links":{"self":[{"href":"https:\/\/tolkeyenpatagonia.com\/pt-br\/wp-json\/wp\/v2\/product\/215405","targetHints":{"allow":["GET"]}}],"collection":[{"href":"https:\/\/tolkeyenpatagonia.com\/pt-br\/wp-json\/wp\/v2\/product"}],"about":[{"href":"https:\/\/tolkeyenpatagonia.com\/pt-br\/wp-json\/wp\/v2\/types\/product"}],"wp:featuredmedia":[{"embeddable":true,"href":"https:\/\/tolkeyenpatagonia.com\/pt-br\/wp-json\/wp\/v2\/media\/263319"}],"wp:attachment":[{"href":"https:\/\/tolkeyenpatagonia.com\/pt-br\/wp-json\/wp\/v2\/media?parent=215405"}],"wp:term":[{"taxonomy":"product_brand","embeddable":true,"href":"https:\/\/tolkeyenpatagonia.com\/pt-br\/wp-json\/wp\/v2\/product_brand?post=215405"},{"taxonomy":"product_cat","embeddable":true,"href":"https:\/\/tolkeyenpatagonia.com\/pt-br\/wp-json\/wp\/v2\/product_cat?post=215405"},{"taxonomy":"product_tag","embeddable":true,"href":"https:\/\/tolkeyenpatagonia.com\/pt-br\/wp-json\/wp\/v2\/product_tag?post=215405"}],"curies":[{"name":"wp","href":"https:\/\/api.w.org\/{rel}","templated":true}]}}