{"id":215178,"date":"2021-04-14T11:56:56","date_gmt":"2024-03-05T02:47:52","guid":{"rendered":"https:\/\/tolkeyenpatagonia.com\/producto\/transfer-cerro-castor\/"},"modified":"2025-05-19T07:59:24","modified_gmt":"2025-05-19T10:59:24","slug":"transfer-cerro-castor","status":"publish","type":"product","link":"https:\/\/tolkeyenpatagonia.com\/pt-br\/producto\/transfer-cerro-castor\/","title":{"rendered":"Transfer Cerro Castor"},"content":{"rendered":"<h2 style=\"text-align: center;\"><span style=\"color: #34568a;\"><strong>TRASLADO CERRO CASTOR<\/strong><\/span><\/h2>\n<p>Traslado Cerro Castor: Contratar un traslado ofrece m\u00faltiples beneficios que mejoran significativamente tu experiencia de esqu\u00ed o snowboard en Ushuaia. Te permite evitar la preocupaci\u00f3n de conducir en condiciones invernales, dejando que profesionales se encarguen del transporte. Esto es especialmente importante en la ruta a Cerro Castor, que puede ser desafiante durante el invierno debido a la nieve y el hielo.<\/p>\n<p>Al utilizar un servicio de traslado, te aseguras de llegar a tiempo y sin retrasos al centro de esqu\u00ed. Los traslados operan con horarios espec\u00edficos que te permiten aprovechar al m\u00e1ximo tu d\u00eda en la nieve sin tener que preocuparte por el estacionamiento o el tr\u00e1fico.<\/p>\n<p>Los veh\u00edculos utilizados para los traslados est\u00e1n equipados para manejar las condiciones invernales, y los conductores son profesionales con experiencia en estas rutas.<\/p>\n<p>Los servicios de traslado ofrecen veh\u00edculos c\u00f3modos y espaciosos, ideales para transportar tu equipo de esqu\u00ed o snowboard. No tendr\u00e1s que preocuparte por el espacio o la log\u00edstica de llevar tu equipo por tu cuenta.<\/p>\n<p><strong>Traslado Cerro Castor &#8211; HORARIOS:<\/strong><\/p>\n<ul>\n<li>\n<h4>IDA: Primer turno, comienzo de pick up en hoteles a partir de las 08:00h \/\/ segundo turno 11:00h.<\/h4>\n<\/li>\n<li>\n<h4>REGRESO: Primer turno 15:30h \/\/ segundo turno 17:30h<\/h4>\n<\/li>\n<li>\n<h4>Al momento de la confirmaci\u00f3n se le asignar\u00e1 el primer horario de salida (8h) y el \u00faltimo de regreso (17.30h). De querer tomar los horarios intermedios aclararlo en las observaciones de la compra.<\/h4>\n<\/li>\n<\/ul>\n","protected":false},"excerpt":{"rendered":"<p data-sourcepos=\"1:1-1:44\"><strong>Chegue ao Cerro Castor com tranquilidade!<\/strong><\/p>\n<p data-sourcepos=\"3:1-3:36\"><strong>Transfer regular para Cerro Castor<\/strong><\/p>\n<ul data-sourcepos=\"5:1-9:0\">\n<li data-sourcepos=\"5:1-5:46\">. Sa\u00eddas de Ushuaia a partir das 08:00h<\/li>\n<li data-sourcepos=\"6:1-6:55\">. Regresos desde el Cerro Castor a partir de las 15:30h<\/li>\n<li data-sourcepos=\"7:1-7:51\">. Servi\u00e7o regular (compartilhado com outros passageiros)<\/li>\n<li data-sourcepos=\"8:1-9:0\">. El horario de llegada puede verse afectado por factores ajenos a la empresa<\/li>\n<li data-sourcepos=\"8:1-9:0\">. Com o campo &#8220;dura\u00e7\u00e3o&#8221; voc\u00ea pode selecionar o n\u00famero de dias que voc\u00ea precisa para se mover.<\/li>\n<\/ul>\n","protected":false},"featured_media":180185,"template":"","meta":[],"product_brand":[],"product_cat":[1294,815,1103],"product_tag":[1306,1139],"class_list":{"0":"post-215178","1":"product","2":"type-product","3":"status-publish","4":"has-post-thumbnail","6":"destino-ushuaia-pt-br-2","7":"mes-julio-pt-br","8":"mes-agosto-pt-br","9":"mes-septiembre-pt-br","10":"epoca-invierno-pt-br","11":"product_cat-centro-de-inverno","12":"product_cat-inverno","13":"product_cat-transferencias","14":"product_tag-cerro-castor-pt-br","15":"product_tag-traslado-pt-br","17":"first","18":"instock","19":"sold-individually","20":"shipping-taxable","21":"purchasable","22":"product-type-booking"},"acf":[],"_links":{"self":[{"href":"https:\/\/tolkeyenpatagonia.com\/pt-br\/wp-json\/wp\/v2\/product\/215178","targetHints":{"allow":["GET"]}}],"collection":[{"href":"https:\/\/tolkeyenpatagonia.com\/pt-br\/wp-json\/wp\/v2\/product"}],"about":[{"href":"https:\/\/tolkeyenpatagonia.com\/pt-br\/wp-json\/wp\/v2\/types\/product"}],"wp:featuredmedia":[{"embeddable":true,"href":"https:\/\/tolkeyenpatagonia.com\/pt-br\/wp-json\/wp\/v2\/media\/180185"}],"wp:attachment":[{"href":"https:\/\/tolkeyenpatagonia.com\/pt-br\/wp-json\/wp\/v2\/media?parent=215178"}],"wp:term":[{"taxonomy":"product_brand","embeddable":true,"href":"https:\/\/tolkeyenpatagonia.com\/pt-br\/wp-json\/wp\/v2\/product_brand?post=215178"},{"taxonomy":"product_cat","embeddable":true,"href":"https:\/\/tolkeyenpatagonia.com\/pt-br\/wp-json\/wp\/v2\/product_cat?post=215178"},{"taxonomy":"product_tag","embeddable":true,"href":"https:\/\/tolkeyenpatagonia.com\/pt-br\/wp-json\/wp\/v2\/product_tag?post=215178"}],"curies":[{"name":"wp","href":"https:\/\/api.w.org\/{rel}","templated":true}]}}