{"id":215137,"date":"2021-04-12T14:37:14","date_gmt":"2024-03-05T02:36:22","guid":{"rendered":"https:\/\/tolkeyenpatagonia.com\/producto\/aventura-branca\/"},"modified":"2024-03-04T23:36:22","modified_gmt":"2024-03-05T02:36:22","slug":"aventura-branca","status":"publish","type":"product","link":"https:\/\/tolkeyenpatagonia.com\/pt-br\/producto\/aventura-branca\/","title":{"rendered":"Aventura Branca"},"content":{"rendered":"","protected":false},"excerpt":{"rendered":"<h2>Viva a aventura branca em Ushuaia<\/h2>\n<p data-sourcepos=\"5:1-5:237\">J\u00e1 imaginou deslizar pelas montanhas cobertas de neve de Ushuaia em um tren\u00f3 puxado por c\u00e3es husky? Esta \u00e9 uma experi\u00eancia \u00fanica que lhe permitir\u00e1 desfrutar da natureza na sua forma mais pura e viver a aventura branca em todo o seu esplendor.<\/p>\n<p data-sourcepos=\"7:1-7:235\">Durante esta excurs\u00e3o, voc\u00ea viajar\u00e1 pelas florestas de lenga e coihues, desfrutando das vistas deslumbrantes da Cordilheira dos Andes. Voc\u00ea tamb\u00e9m ter\u00e1 a oportunidade de aprender sobre a hist\u00f3ria e a cultura da regi\u00e3o.<\/p>\n<p data-sourcepos=\"9:1-9:112\">N\u00e3o perca esta oportunidade de viver uma experi\u00eancia inesquec\u00edvel em Ushuaia. Reserve seu passeio hoje!<\/p>\n","protected":false},"featured_media":180174,"template":"","meta":[],"product_brand":[],"product_cat":[1300,1294,815],"product_tag":[],"class_list":{"0":"post-215137","1":"product","2":"type-product","3":"status-publish","4":"has-post-thumbnail","6":"destino-ushuaia-pt-br-2","7":"mes-julio-pt-br","8":"mes-agosto-pt-br","9":"mes-septiembre-pt-br","10":"epoca-invierno-pt-br","11":"product_cat-foodie-pt-br","12":"product_cat-centro-de-inverno","13":"product_cat-inverno","15":"first","16":"instock","17":"shipping-taxable","18":"product-type-external"},"acf":[],"_links":{"self":[{"href":"https:\/\/tolkeyenpatagonia.com\/pt-br\/wp-json\/wp\/v2\/product\/215137","targetHints":{"allow":["GET"]}}],"collection":[{"href":"https:\/\/tolkeyenpatagonia.com\/pt-br\/wp-json\/wp\/v2\/product"}],"about":[{"href":"https:\/\/tolkeyenpatagonia.com\/pt-br\/wp-json\/wp\/v2\/types\/product"}],"wp:featuredmedia":[{"embeddable":true,"href":"https:\/\/tolkeyenpatagonia.com\/pt-br\/wp-json\/wp\/v2\/media\/180174"}],"wp:attachment":[{"href":"https:\/\/tolkeyenpatagonia.com\/pt-br\/wp-json\/wp\/v2\/media?parent=215137"}],"wp:term":[{"taxonomy":"product_brand","embeddable":true,"href":"https:\/\/tolkeyenpatagonia.com\/pt-br\/wp-json\/wp\/v2\/product_brand?post=215137"},{"taxonomy":"product_cat","embeddable":true,"href":"https:\/\/tolkeyenpatagonia.com\/pt-br\/wp-json\/wp\/v2\/product_cat?post=215137"},{"taxonomy":"product_tag","embeddable":true,"href":"https:\/\/tolkeyenpatagonia.com\/pt-br\/wp-json\/wp\/v2\/product_tag?post=215137"}],"curies":[{"name":"wp","href":"https:\/\/api.w.org\/{rel}","templated":true}]}}