{"id":215128,"date":"2019-01-11T15:29:49","date_gmt":"2024-03-05T02:28:15","guid":{"rendered":"https:\/\/tolkeyenpatagonia.com\/producto\/safari-nautico-de-navegacao\/"},"modified":"2025-03-20T16:42:43","modified_gmt":"2025-03-20T19:42:43","slug":"safari-nautico-de-navegacao","status":"publish","type":"product","link":"https:\/\/tolkeyenpatagonia.com\/pt-br\/producto\/safari-nautico-de-navegacao\/","title":{"rendered":"Safari N\u00e1utico de Navega\u00e7\u00e3o"},"content":{"rendered":"<h2 style=\"text-align: center;\"><strong>NAVEGANDO ENTRE LOS GLACIARES\u00a0<\/strong><\/h2>\n<h3 style=\"text-align: center;\"><span style=\"color: #34568a; font-size: 18pt;\"><b>EXPERIENCIA TOLKEYEN<\/b><\/span><\/h3>\n<p>Navegaci\u00f3n Safari Nautico: Una experiencia imperdible que parte de Puerto Bajo Las Sombras, ofreciendo a los viajeros la oportunidad de observar las impresionantes paredes del Glaciar Perito Moreno desde una perspectiva totalmente diferente. Esta excursi\u00f3n proporciona una vista \u00fanica de los continuos derrumbes del glaciar sobre las aguas del Lago Rico, un espect\u00e1culo natural que deja sin aliento a todos los espectadores.<\/p>\n<h3>\u00bfQu\u00e9 se puede ver durante el recorrido?<\/h3>\n<p>Durante el recorrido, los pasajeros pueden ver de cerca los t\u00e9mpanos que se han desprendido de las paredes del glaciar, flotando majestuosamente en las aguas del lago. Esta proximidad al glaciar ofrece una oportunidad excepcional para tomar fotograf\u00edas y filmaciones, capturando la belleza y la magnificencia del paisaje en su m\u00e1ximo esplendor. La luz y el color del hielo, combinados con el entorno natural, crean un escenario perfecto para capturar im\u00e1genes inolvidables.<\/p>\n<p>Una de las caracter\u00edsticas destacadas de esta navegaci\u00f3n es que, una vez que el barco se encuentra frente a la pared del glaciar, se detiene por unos minutos. Este tiempo de detenci\u00f3n permite a los pasajeros apreciar m\u00e1s detalladamente el paisaje y observar los continuos derrumbes de hielo que se producen en el glaciar. Este momento es especialmente interesante para los entusiastas de la fotograf\u00eda y la filmaci\u00f3n, ya que brinda la oportunidad de capturar la din\u00e1mica y el poder del glaciar en acci\u00f3n.<\/p>\n<p>La experiencia &#8220;Safari N\u00e1utico&#8221; no solo ofrece una vista distinta y fascinante del Glaciar Perito Moreno, sino que tambi\u00e9n permite a los visitantes experimentar la inmensidad y la fuerza de la naturaleza de una manera \u00edntima y cercana. Esta navegaci\u00f3n es una de las formas m\u00e1s emocionantes y visualmente impactantes de explorar uno de los glaciares m\u00e1s ic\u00f3nicos del mundo, proporcionando recuerdos duraderos de una experiencia verdaderamente espectac<\/p>\n<p><img loading=\"lazy\" decoding=\"async\" class=\"size-full wp-image-44639 aligncenter\" src=\"https:\/\/tolkeyenpatagonia.com\/wp-content\/uploads\/2019\/01\/Mapa-de-excursiones-en-El-Calafate-por-Tolkeyen-Patagonia.jpg\" alt=\"\" width=\"1920\" height=\"769\" \/><\/p>\n<h3 style=\"text-align: center;\"><strong>SAFARI NAUTICO EN EL CALAFATE<\/strong><\/h3>\n<p><img loading=\"lazy\" decoding=\"async\" class=\"size-full wp-image-44640 aligncenter\" src=\"https:\/\/tolkeyenpatagonia.com\/wp-content\/uploads\/2019\/01\/Mapa-de-excursiones-en-El-Calafate-y-El-Chalten-de-Tolkeyen-Patagonia.jpg\" alt=\"\" width=\"595\" height=\"842\" \/><\/p>\n<h3><strong>Navegaci\u00f3n Safari Nautico: Para compras con menos de 48 horas comunicarse por Whatsapp.<\/strong><\/h3>\n<p>Los precios pueden variar seg\u00fan fechas y temporadas.<\/p>\n","protected":false},"excerpt":{"rendered":"<h2>Safari N\u00e1utico: una experiencia \u00fanica en el glaciar Perito Moreno<\/h2>\n<p data-sourcepos=\"5:1-5:119\">\u00bfQuieres vivir una experiencia \u00fanica e inolvidable? Ent\u00e3o n\u00e3o perca o Safari N\u00e1utico ao Glaciar Perito Moreno!<\/p>\n<p data-sourcepos=\"7:1-7:272\">Esta excursi\u00f3n te permitir\u00e1 contemplar la magia del hielo desde un punto de vista privilegiado. Voc\u00ea navegar\u00e1 ao longo da parede de gelo, admirando suas impressionantes fendas e cachoeiras. Voc\u00ea tamb\u00e9m ser\u00e1 capaz de observar a vida selvagem local.<\/p>\n<p data-sourcepos=\"9:1-9:167\">O Safari N\u00e1utico \u00e9 uma atividade indicada para todas as idades e pode ser feito 365 dias por ano. \u00a1No dejes pasar la oportunidad de vivir esta experiencia \u00fanica!<\/p>\n<p data-sourcepos=\"9:1-9:167\">Reserva tu lugar ahora y vive una experiencia inolvidable en el glaciar Perito Moreno.<\/p>\n","protected":false},"featured_media":215129,"template":"","meta":[],"product_brand":[],"product_cat":[1367,1113],"product_tag":[],"class_list":{"0":"post-215128","1":"product","2":"type-product","3":"status-publish","4":"has-post-thumbnail","6":"destino-calafate-pt-br-2","7":"mes-marzo-pt-br","8":"mes-noviembre-pt-br","9":"mes-abril-pt-br","10":"mes-diciembre-pt-br","11":"mes-mayo-pt-br","12":"mes-junio-pt-br","13":"mes-julio-pt-br","14":"mes-agosto-pt-br","15":"mes-enero-pt-br","16":"mes-septiembre-pt-br","17":"mes-febrero-pt-br","18":"mes-octubre-pt-br","19":"epoca-verano-pt-br","20":"epoca-invierno-pt-br","21":"epoca-todo-el-ano-pt-br","22":"product_cat-turismo-acessivel","23":"product_cat-geleiras","25":"first","26":"instock","27":"virtual","28":"sold-individually","29":"purchasable","30":"product-type-booking"},"acf":[],"_links":{"self":[{"href":"https:\/\/tolkeyenpatagonia.com\/pt-br\/wp-json\/wp\/v2\/product\/215128","targetHints":{"allow":["GET"]}}],"collection":[{"href":"https:\/\/tolkeyenpatagonia.com\/pt-br\/wp-json\/wp\/v2\/product"}],"about":[{"href":"https:\/\/tolkeyenpatagonia.com\/pt-br\/wp-json\/wp\/v2\/types\/product"}],"wp:featuredmedia":[{"embeddable":true,"href":"https:\/\/tolkeyenpatagonia.com\/pt-br\/wp-json\/wp\/v2\/media\/215129"}],"wp:attachment":[{"href":"https:\/\/tolkeyenpatagonia.com\/pt-br\/wp-json\/wp\/v2\/media?parent=215128"}],"wp:term":[{"taxonomy":"product_brand","embeddable":true,"href":"https:\/\/tolkeyenpatagonia.com\/pt-br\/wp-json\/wp\/v2\/product_brand?post=215128"},{"taxonomy":"product_cat","embeddable":true,"href":"https:\/\/tolkeyenpatagonia.com\/pt-br\/wp-json\/wp\/v2\/product_cat?post=215128"},{"taxonomy":"product_tag","embeddable":true,"href":"https:\/\/tolkeyenpatagonia.com\/pt-br\/wp-json\/wp\/v2\/product_tag?post=215128"}],"curies":[{"name":"wp","href":"https:\/\/api.w.org\/{rel}","templated":true}]}}