{"id":215081,"date":"2021-10-10T16:31:07","date_gmt":"2024-03-05T02:26:38","guid":{"rendered":"https:\/\/tolkeyenpatagonia.com\/producto\/experiencia-de-cruzeiro-em-geleiras-gourmet\/"},"modified":"2025-06-12T12:58:12","modified_gmt":"2025-06-12T15:58:12","slug":"experiencia-de-cruzeiro-em-geleiras-gourmet","status":"publish","type":"product","link":"https:\/\/tolkeyenpatagonia.com\/pt-br\/producto\/experiencia-de-cruzeiro-em-geleiras-gourmet\/","title":{"rendered":"Experi\u00eancia de cruzeiro em geleiras gourmet"},"content":{"rendered":"<h2><strong>EXPERIENCIA GLACIARES GOURMET EN CRUCERO MARIA TURQUESA<\/strong><\/h2>\n<p><b>EXPERIENCIA TOLKEYEN<\/b><\/p>\n<p><strong>Ruta de Navegaci\u00f3n (*)<\/strong><\/p>\n<p><strong>Ma\u00f1ana<\/strong><\/p>\n<p>Desde su inicio el viaje depara agradables sorpresas , arribando al Lago Argentino rumbo noroeste, Punta Avellaneda y Boca del Diablo -el paso m\u00e1s estrecho del lago, con un ancho de aproximadamente 800 metros-. Glaciar Spegazzini y desembarque en Puesto de Las Vacas -bah\u00eda del Canal Spegazzini- caminata coordinada por nuestro equipo de gu\u00edas, con vista del antiguo Puesto de pobladores. Reconocimiento de flora y fauna. Visita al canal Upsala, navegaci\u00f3n hasta Pen\u00ednsula de Herminita -l\u00edmite permitido por Parques Nacionales- vista panor\u00e1mica del glaciar.<\/p>\n<p>Almuerzo durante la navegaci\u00f3n.<\/p>\n<p><strong>Tarde<\/strong><\/p>\n<p>Navegaci\u00f3n hacia el canal de los t\u00e9mpanos, visita al GLACIAR PERITO MORENO Opcional: fin de la navegaci\u00f3n en Puerto Moreno. Sin costo adicional.<\/p>\n<p>Regreso: Llegada al puerto Privado La Soledad.<\/p>\n<p>(*) Ruta sujeta a modificaciones seg\u00fan criterio del capit\u00e1n<\/p>\n<p>Es un novedoso catamar\u00e1n construido en aluminio naval. Sus medidas son 37, 50 m de Eslora, 9,60 m de manga y 3,10 m de puntal . Posee dos motores caterpillar de 1000 HP cada uno para su propulsi\u00f3n, otorg\u00e1ndole una velocidad crucero de 20 nudos.<\/p>\n<p>Cuenta con una capacidad de 200 pasajeros, distribuidos en dos salones uno ubicado en la cubierta principal y otro en la primer cubierta. La cocina equipada con elementos de \u00faltima tecnolog\u00eda y el bar, se encuentran en la cubierta principal al igual que los toilettes, incluyendo uno para personas con capacidades diferentes. Cuenta con mesas y amplias butacas tapizadas en cuero.<\/p>\n<p>Adem\u00e1s posee una sala VIP con una capacidad para 20 pasajeros equipada con cocina propia, toilette y cubierta de sol privada. En la tercera cubierta e encuentra la cabina de mando y la cubierta exterior de sol con bancos con mayor dimensi\u00f3n.<\/p>\n<p>Su gran virtud son las cuatro cubiertas exteriores de sol para poder contemplar con comodidad la majestuosidad de los paisajes.<\/p>\n<p>La ambientaci\u00f3n interior hace referencia al parque Nacional los glaciares, con im\u00e1genes y fichas t\u00e9cnicas, ser\u00e1 el \u00e1rea de recreaci\u00f3n para ni\u00f1os tambi\u00e9n ambientado con dibujos de la fauna t\u00edpica del parque Nacional.<\/p>\n","protected":false},"excerpt":{"rendered":"<h2>Navegue pelos glaciares mais impressionantes da Argentina<\/h2>\n<p data-sourcepos=\"5:1-5:165\">J\u00e1 imaginou navegar em um lago azul-turquesa? Na Patag\u00f4nia argentina, isso \u00e9 poss\u00edvel. Com esta excurs\u00e3o, voc\u00ea ser\u00e1 capaz de viver uma experi\u00eancia \u00fanica no mundo.<\/p>\n<p data-sourcepos=\"7:1-7:254\">Durante o passeio, voc\u00ea navegar\u00e1 no Lago Argentino, o maior lago da Patag\u00f4nia. Ao longo do caminho, voc\u00ea ver\u00e1 o Glaciar Perito Moreno, um dos maiores do mundo.<\/p>\n<p data-sourcepos=\"9:1-9:160\">Este passeio \u00e9 ideal para os amantes da natureza e da aventura. Se voc\u00ea quer viver uma experi\u00eancia \u00fanica na Patag\u00f4nia, n\u00e3o perca esta oportunidade.<\/p>\n","protected":false},"featured_media":180524,"template":"","meta":[],"product_brand":[],"product_cat":[1367,1300,1113],"product_tag":[],"class_list":{"0":"post-215081","1":"product","2":"type-product","3":"status-publish","4":"has-post-thumbnail","6":"destino-calafate-pt-br-2","7":"mes-marzo-pt-br","8":"mes-noviembre-pt-br","9":"mes-abril-pt-br","10":"mes-diciembre-pt-br","11":"mes-mayo-pt-br","12":"mes-junio-pt-br","13":"mes-julio-pt-br","14":"mes-agosto-pt-br","15":"mes-enero-pt-br","16":"mes-septiembre-pt-br","17":"mes-febrero-pt-br","18":"mes-octubre-pt-br","19":"epoca-todo-el-ano-pt-br","20":"product_cat-turismo-acessivel","21":"product_cat-foodie-pt-br","22":"product_cat-geleiras","24":"first","25":"instock","26":"shipping-taxable","27":"product-type-external"},"acf":[],"_links":{"self":[{"href":"https:\/\/tolkeyenpatagonia.com\/pt-br\/wp-json\/wp\/v2\/product\/215081","targetHints":{"allow":["GET"]}}],"collection":[{"href":"https:\/\/tolkeyenpatagonia.com\/pt-br\/wp-json\/wp\/v2\/product"}],"about":[{"href":"https:\/\/tolkeyenpatagonia.com\/pt-br\/wp-json\/wp\/v2\/types\/product"}],"wp:featuredmedia":[{"embeddable":true,"href":"https:\/\/tolkeyenpatagonia.com\/pt-br\/wp-json\/wp\/v2\/media\/180524"}],"wp:attachment":[{"href":"https:\/\/tolkeyenpatagonia.com\/pt-br\/wp-json\/wp\/v2\/media?parent=215081"}],"wp:term":[{"taxonomy":"product_brand","embeddable":true,"href":"https:\/\/tolkeyenpatagonia.com\/pt-br\/wp-json\/wp\/v2\/product_brand?post=215081"},{"taxonomy":"product_cat","embeddable":true,"href":"https:\/\/tolkeyenpatagonia.com\/pt-br\/wp-json\/wp\/v2\/product_cat?post=215081"},{"taxonomy":"product_tag","embeddable":true,"href":"https:\/\/tolkeyenpatagonia.com\/pt-br\/wp-json\/wp\/v2\/product_tag?post=215081"}],"curies":[{"name":"wp","href":"https:\/\/api.w.org\/{rel}","templated":true}]}}