{"id":215064,"date":"2019-04-04T11:13:40","date_gmt":"2024-03-05T01:54:47","guid":{"rendered":"https:\/\/tolkeyenpatagonia.com\/producto\/antartica-classica\/"},"modified":"2025-02-10T11:35:00","modified_gmt":"2025-02-10T14:35:00","slug":"antartica-classica","status":"publish","type":"product","link":"https:\/\/tolkeyenpatagonia.com\/pt-br\/producto\/antartica-classica\/","title":{"rendered":"Ant\u00e1rtica Cl\u00e1ssica"},"content":{"rendered":"<h2 style=\"text-align: center;\">DESCOBRINDO A ANT\u00c1RTICA<\/h2>\n<h2 style=\"text-align: center;\">  Ant\u00e1rtida Cl\u00e1ssica<\/h2>\n<h2 style=\"text-align: center;\">Cruzeiro de Expedi\u00e7\u00e3o Ant\u00e1rtica Cl\u00e1ssica &#8211; Pen\u00ednsula Ant\u00e1rtica e Ilhas Shetland do Sul.<\/h2>\n<h2 style=\"text-align: center;\">Dura\u00e7\u00e3o: 10 dias<\/h2>\n<h3 style=\"text-align: center;\"><em>Solicite partidas de \u00daLTIMA HORA com tarifas a partir de USD 5000 por pessoa*<\/em><\/h3>\n<h3><\/h3>\n<h3>Ant\u00e1rtica Cl\u00e1ssica &#8211; Itiner\u00e1rio<\/h3>\n<h4>Dia 1: Sa\u00edda da cidade de Ushuaia<\/h4>\n<p>Embarque \u00e0 tarde e conhe\u00e7a sua equipe de expedi\u00e7\u00e3o e palestrantes. Depois de nos acomodarmos em sua cabine, navegaremos pelo famoso Canal de Beagle, atrav\u00e9s do Mackinlay Pass.<\/p>\n<h4>Dias 2 e 3: Cruzando a Passagem Drake<\/h4>\n<p>Batizada em homenagem ao c\u00e9lebre explorador Sir Francis Drake que navegou nessas \u00e1guas em 1578, a Passagem de Drake \u00e9 o cen\u00e1rio da Converg\u00eancia Ant\u00e1rtica, uma barreira biol\u00f3gica natural onde as \u00e1guas polares frias mergulham sob as \u00e1guas mais quentes do norte. Isso gera uma grande quantidade de nutrientes, que sustentam a biodiversidade dessa regi\u00e3o.<\/p>\n<p>A Passagem de Drake tamb\u00e9m marca o limite norte para muitas aves marinhas ant\u00e1rticas. Enquanto navegamos pela passagem, nossa equipe estar\u00e1 com voc\u00ea do lado de fora no conv\u00e9s para ajud\u00e1-lo a identificar a enorme variedade de aves marinhas, incluindo os albatrozes que seguem o USHUAIA.<\/p>\n<p>A pol\u00edtica de &#8220;ponte aberta&#8221; a bordo permitir\u00e1 que voc\u00ea acompanhe nossos oficiais na ponte e aprenda alguns aspectos relacionados \u00e0 navega\u00e7\u00e3o, observa\u00e7\u00e3o de baleias ou apenas apreciar a vista. Um programa completo de palestras estar\u00e1 esperando por voc\u00ea.<\/p>\n<p>Os primeiros icebergs e montanhas cobertas de neve indicam que chegamos \u00e0s Ilhas Shetland do Sul, um arquip\u00e9lago de 20 ilhas e ilhotas descobertas em 1819 pelo capit\u00e3o William Smith com seu brigue Williams. Se as condi\u00e7\u00f5es na Passagem Drake forem favor\u00e1veis, no terceiro dia nossa equipe de expedi\u00e7\u00e3o ir\u00e1 acompanh\u00e1-lo no primeiro pouso e voc\u00ea experimentar\u00e1 o fascinante encontro com pinguins e focas.<\/p>\n<h4>Dias 4 a 7: Descobrindo a Pen\u00ednsula Ant\u00e1rtica e as Ilhas Shetland do Sul<\/h4>\n<p>As Ilhas Shetland do Sul est\u00e3o repletas de vida selvagem. Vastas col\u00f4nias de pinguins, praias governadas por lobos-marinhos ant\u00e1rticos e elefantes-marinhos do sul tornam todos os dias neste grupo de ilhas inesquec\u00edveis. Navegar pela passagem estreita para a caldeira inundada da Ilha Deception \u00e9 realmente incr\u00edvel.<\/p>\n<p>A Ilha Rei George \u00e9 a maior ilha das Ilhas Shetland do Sul e \u00e9 caracterizada por col\u00f4nias de pinguins Ad\u00e9lie e chinstrap, gaivotas-de-cabe\u00e7a-preta, corvos-marinhos imperiais, andorinhas-da-ant\u00e1rtida e petr\u00e9is gigantes do sul. H\u00e1 tamb\u00e9m bases cient\u00edficas de diferentes pa\u00edses. Pinguins de chinstrap, pinguins de frente dourada, pinguins gentoo, bem como elefantes marinhos, esperam por voc\u00ea na Ilha Livingston.<\/p>\n<p>Ao aprender sobre a not\u00e1vel hist\u00f3ria da Pen\u00ednsula Ant\u00e1rtica, voc\u00ea ficar\u00e1 emocionado de uma maneira compar\u00e1vel \u00e0 dos primeiros exploradores. Voc\u00ea ter\u00e1 tempo suficiente para explorar sua incr\u00edvel paisagem, um deserto imaculado de neve, gelo, montanhas e cursos d&#8217;\u00e1gua, e a incr\u00edvel e ampla variedade de vida selvagem. Al\u00e9m de pinguins e aves marinhas, voc\u00ea tamb\u00e9m pode ver caranguejos, focas-de-Weddell e leopardo de perto, bem como jubarte, minke e orcas.<\/p>\n<h3>Continuamos com a experi\u00eancia Ant\u00e1rtica Cl\u00e1ssica<\/h3>\n<p>Esperamos navegar por alguns dos mais belos canais sempre dependendo das condi\u00e7\u00f5es do gelo: o Estreito de Gerlache, o Canal Neumayer e o Canal Lemaire s\u00e3o passagens estreitas entre rochas imponentes e geleiras espetaculares. Planejamos fazer pelo menos duas excurs\u00f5es em terra por dia. Os locais para tais excurs\u00f5es tamb\u00e9m podem incluir:<\/p>\n<p>Paradise Bay, literalmente o lugar com o melhor nome do mundo, \u00e9 onde tentaremos fazer uma descida adequada para o continente. Depois de cruzar as \u00e1guas cobertas de icebergs do Estreito da Ant\u00e1rtida, esperamos visitar as col\u00f4nias ativas de pinguins Ad\u00e9lie (mais de 100.000 pares se reproduzem aqui) e corvos-marinhos imperiais na Ilha Paulet. A expedi\u00e7\u00e3o de Nordenskj\u00f6ld construiu um abrigo de pedra aqui em 1903; ru\u00ednas que hoje foram invadidas por ninhos de pinguins.<\/p>\n<p>Outras poss\u00edveis explora\u00e7\u00f5es poderiam nos levar \u00e0s Ilhas Melchior, Ilha Cuverville, Portal Point, Porto Neko, Ilha Pl\u00e9neau e, se as condi\u00e7\u00f5es de gelo permitirem, \u00e0 Ilha Petermann para visitar a col\u00f4nia de pinguins gentoo mais ao sul.<\/p>\n<h4>D\u00edas 8 y 9: Cruzando el Pasaje Drake<\/h4>\n<p>Deixaremos a Pen\u00ednsula Ant\u00e1rtica e seguiremos para o norte, cruzando a Passagem de Drake. Junte-se aos nossos palestrantes e naturalistas no conv\u00e9s na ca\u00e7a a aves marinhas e baleias, e desfrute de algumas das palestras finais. Reserve um tempo para relaxar e refletir sobre as fascinantes aventuras dos \u00faltimos dias no caminho de volta a Ushuaia.<\/p>\n<h4>Dia 10: Chegada ao porto de Ushuaia<\/h4>\n<p>Chegamos em Ushuaia no in\u00edcio da manh\u00e3, onde voc\u00ea desembarcar\u00e1 ap\u00f3s o caf\u00e9 da manh\u00e3.<\/p>\n<p>N.B: O itiner\u00e1rio descrito acima \u00e9 apenas um guia. Nossa rota exata e programa podem variar para aproveitar ao m\u00e1ximo o clima local, as condi\u00e7\u00f5es do gelo e as oportunidades de observa\u00e7\u00e3o da vida selvagem. Mudan\u00e7as ser\u00e3o feitas pelo capit\u00e3o e l\u00edder da expedi\u00e7\u00e3o para facilitar os melhores resultados das condi\u00e7\u00f5es vigentes. Um programa di\u00e1rio ser\u00e1 postado a bordo. A flexibilidade \u00e9 a chave para o sucesso.<\/p>\n<p>*As tarifas de \u00daLTIMA HORA est\u00e3o pr\u00f3ximas da data de partida da embarca\u00e7\u00e3o e est\u00e3o sujeitas \u00e0 disponibilidade. Os pre\u00e7os s\u00e3o por pessoa em cabines compartilhadas.<\/p>\n<p><img loading=\"lazy\" decoding=\"async\" class=\"wp-image-127562 aligncenter\" src=\"https:\/\/tolkeyenpatagonia.com\/wp-content\/uploads\/2019\/04\/itinerario-antartida.png\" alt=\"\" width=\"602\" height=\"625\"><\/p>\n","protected":false},"excerpt":{"rendered":"<div class=\"logo-gutter ng-tns-c1434550719-14 ng-star-inserted\">\n<div class=\"gutter ng-star-inserted\">\n<h2>\n                <strong>Experimente uma vida inteira na Ant\u00e1rtica!<\/strong><br \/>\n              <\/h2>\n<\/p><\/div>\n<\/p><\/div>\n<div class=\"response-container-content ng-tns-c1434550719-14\">\n<div class=\"response-content ng-trigger ng-trigger-responsePopulation ng-tns-c1434550719-14 ng-animate-disabled\">\n<div class=\"markdown markdown-main-panel\" dir=\"ltr\">\n<p data-sourcepos=\"3:1-3:158\">Voc\u00ea sempre sonhou em explorar o continente mais meridional do planeta? Quer conhecer de perto os pinguins, baleias e outras esp\u00e9cies \u00fanicas da Ant\u00e1rtida?<\/p>\n<p data-sourcepos=\"5:1-5:180\">Ent\u00e3o o <strong>Antarctica Classic Cruise<\/strong> \u00e9 perfeito para voc\u00ea. Nesta viagem de 10 dias, voc\u00ea navegar\u00e1 de Ushuaia, Argentina, para a Pen\u00ednsula Ant\u00e1rtica e Ilhas Shetland do Sul.<\/p>\n<p data-sourcepos=\"7:1-7:44\">Durante sua viagem, voc\u00ea ter\u00e1 a oportunidade de:<\/p>\n<ul data-sourcepos=\"9:1-13:0\">\n<li data-sourcepos=\"9:1-9:48\">Observe pinguins em seu habitat natural<\/li>\n<li data-sourcepos=\"10:1-10:36\">Navegando entre icebergs e geleiras<\/li>\n<li data-sourcepos=\"11:1-11:55\">Visite col\u00f4nias de le\u00f5es marinhos e elefantes-marinhos<\/li>\n<li data-sourcepos=\"12:1-13:0\">Aprenda sobre a hist\u00f3ria e a cultura da Ant\u00e1rtida<\/li>\n<\/ul>\n<p data-sourcepos=\"14:1-14:90\">Esta \u00e9 uma viagem \u00fanica e inesquec\u00edvel que lhe deixar\u00e1 mem\u00f3rias que durar\u00e3o a vida toda.<\/p>\n<p data-sourcepos=\"16:1-16:49\">\n                  <strong>N\u00e3o espere mais e reserve seu lugar hoje!<\/strong>\n                <\/p>\n<p data-sourcepos=\"18:1-18:23\">\n                  <strong>Ofertas de \u00faltima hora<\/strong>\n                <\/p>\n<p data-sourcepos=\"20:1-20:102\">Agora, voc\u00ea pode aproveitar nossas ofertas de \u00daLTIMA HORA e viajar para a Ant\u00e1rtida por um pre\u00e7o incr\u00edvel.<\/p>\n<ul data-sourcepos=\"22:1-24:0\">\n<li data-sourcepos=\"22:1-22:36\">Tarifas a partir de USD 5000 por pessoa<\/li>\n<li data-sourcepos=\"23:1-24:0\">Partidas limitadas<\/li>\n<\/ul>\n<p data-sourcepos=\"25:1-25:58\">\n                  <strong>Reserve agora e n\u00e3o perca esta oportunidade \u00fanica!<\/strong>\n                <\/p>\n<\/p><\/div>\n<\/p><\/div>\n<\/p><\/div>\n","protected":false},"featured_media":130208,"template":"","meta":[],"product_brand":[],"product_cat":[1134],"product_tag":[],"class_list":{"0":"post-215064","1":"product","2":"type-product","3":"status-publish","4":"has-post-thumbnail","6":"destino-multidestino-pt-br-2","7":"mes-noviembre-pt-br","8":"mes-diciembre-pt-br","9":"mes-enero-pt-br","10":"mes-febrero-pt-br","11":"product_cat-turismo-de-aventura","13":"first","14":"instock","15":"shipping-taxable","16":"product-type-external"},"acf":[],"_links":{"self":[{"href":"https:\/\/tolkeyenpatagonia.com\/pt-br\/wp-json\/wp\/v2\/product\/215064","targetHints":{"allow":["GET"]}}],"collection":[{"href":"https:\/\/tolkeyenpatagonia.com\/pt-br\/wp-json\/wp\/v2\/product"}],"about":[{"href":"https:\/\/tolkeyenpatagonia.com\/pt-br\/wp-json\/wp\/v2\/types\/product"}],"wp:featuredmedia":[{"embeddable":true,"href":"https:\/\/tolkeyenpatagonia.com\/pt-br\/wp-json\/wp\/v2\/media\/130208"}],"wp:attachment":[{"href":"https:\/\/tolkeyenpatagonia.com\/pt-br\/wp-json\/wp\/v2\/media?parent=215064"}],"wp:term":[{"taxonomy":"product_brand","embeddable":true,"href":"https:\/\/tolkeyenpatagonia.com\/pt-br\/wp-json\/wp\/v2\/product_brand?post=215064"},{"taxonomy":"product_cat","embeddable":true,"href":"https:\/\/tolkeyenpatagonia.com\/pt-br\/wp-json\/wp\/v2\/product_cat?post=215064"},{"taxonomy":"product_tag","embeddable":true,"href":"https:\/\/tolkeyenpatagonia.com\/pt-br\/wp-json\/wp\/v2\/product_tag?post=215064"}],"curies":[{"name":"wp","href":"https:\/\/api.w.org\/{rel}","templated":true}]}}