{"id":215062,"date":"2024-01-10T20:16:48","date_gmt":"2024-03-05T01:37:24","guid":{"rendered":"https:\/\/tolkeyenpatagonia.com\/producto\/fiordes-da-terra-do-fogo-punta-arenas-ushuaia-4-noites\/"},"modified":"2024-12-04T14:26:06","modified_gmt":"2024-12-04T17:26:06","slug":"fiordes-da-terra-do-fogo-punta-arenas-ushuaia-4-noites","status":"publish","type":"product","link":"https:\/\/tolkeyenpatagonia.com\/pt-br\/producto\/fiordes-da-terra-do-fogo-punta-arenas-ushuaia-4-noites\/","title":{"rendered":"Cruzeiros Australis PUNTA ARENAS &#8211; USHUAIA | 4 NOITES"},"content":{"rendered":"<h2 style=\"text-align: center;\">Fiordes da Terra do Fogo<\/h2>\n<h4 style=\"text-align: center;\"><b>EXPERI\u00caNCIA<\/b> MAR\u00cdTIMA <b>NA PATAG\u00d4NIA<\/b><\/h4>\n<h2 style=\"text-align: center;\"><strong>TEMPORADA 2024-25<\/strong><\/h2>\n<h3 style=\"text-align: center;\">Valores a partir de <strong>USD 1756 por pessoa<\/strong><br \/>\n Tarifa em d\u00f3lares americanos por pessoa em CABINE DUPLA com banheiro privativo.<\/h3>\n<div class=\"page\" title=\"Page 3\">\n<table>\n<tbody>\n<tr>\n<td><\/td>\n<\/tr>\n<tr>\n<td>\n<div class=\"layoutArea\">\n<div class=\"column\">\n<p>Dia 1: Punta Arenas<\/p>\n<p>Check-in entre 13h e 17h. na Av. Costanera del Estrecho 1398 (P\u00eder Arturo Prat), Punta Arenas. Embarque \u00e0s 18h. Brinde de boas-vindas e apresenta\u00e7\u00e3o do Capit\u00e3o e da tripula\u00e7\u00e3o. Posteriormente, o navio zarpar\u00e1 em dire\u00e7\u00e3o ao extremo Sul. Atrav\u00e9s do m\u00edtico Estreito de Magalh\u00e3es e do Canal de Beagle, voc\u00ea viajar\u00e1 pela Patag\u00f4nia e pela Terra do Fogo.<\/p>\n<\/div>\n<\/div>\n<div class=\"layoutArea\">\n<div class=\"column\">\n<p>Dia 2: Ba\u00eda Ainsworth &#8211; Ilhotas Tuckers<\/p>\n<p>Com os primeiros raios do amanhecer navegaremos pelo Estreito Almirantazgo at\u00e9 chegar \u00e0s proximidades do Glaciar Marinelli na Ba\u00eda Ainsworth. Aprenderemos como a vida ressurge ap\u00f3s o recuo do gelo. Faremos uma caminhada para descobrir um dique de castores e a maravilhosa floresta subant\u00e1rtica de Magalh\u00e3es que o rodeia. Na praia ou na ilha tentaremos avistar elefantes marinhos sul-americanos. N\u00e3o \u00e9 poss\u00edvel garantir esse avistamento porque a col\u00f4nia est\u00e1 em constante migra\u00e7\u00e3o de localiza\u00e7\u00e3o. Continuando a navega\u00e7\u00e3o, depois do almo\u00e7o visitaremos os ilh\u00e9us Tuckers onde desde os barcos Zodiac veremos pinguins de Magalh\u00e3es e bigu\u00e1s. Em setembro e abril esta excurs\u00e3o \u00e9 substitu\u00edda por uma caminhada perto de uma geleira em Brookes Bay.<\/p>\n<p>Dia 3: Geleira P\u00eda &#8211; Avenida de los Glaciares<\/p>\n<p>Navegaremos pelo bra\u00e7o noroeste do Canal de Beagle para entrar e desembarcar no fiorde P\u00eda. Faremos uma excurs\u00e3o ao mirante de onde poder\u00e1 avistar o glaciar do mesmo nome, cuja l\u00edngua principal se estende desde o topo da serra at\u00e9 ao mar. Ap\u00f3s esta experi\u00eancia inesquec\u00edvel, continuaremos nossa navega\u00e7\u00e3o sob o olhar majestoso da \u201cAvenida das Geleiras\u201d.<\/p>\n<\/div>\n<\/div>\n<\/td>\n<\/tr>\n<tr>\n<td><\/td>\n<\/tr>\n<\/tbody>\n<\/table>\n<\/div>\n<div class=\"page\" title=\"P\u00e1gina 4\">\n<table>\n<tbody>\n<tr>\n<td><\/td>\n<\/tr>\n<tr>\n<td>\n<div class=\"layoutArea\">\n<div class=\"column\">\n<p>Dia 4: Cabo Horn &#8211; Ba\u00eda Wulaia<\/p>\n<p>Navegaremos pelo Canal Murray e pela Ba\u00eda de Nassau para chegar ao Parque Nacional Cabo Horn, onde desembarcaremos se as condi\u00e7\u00f5es clim\u00e1ticas permitirem. O m\u00edtico Cabo Horn foi descoberto em 1616 e \u00e9 um promont\u00f3rio quase vertical com 425 metros de altura. Durante anos foi uma importante rota de navega\u00e7\u00e3o para veleiros entre os oceanos Pac\u00edfico e Atl\u00e2ntico. \u00c9 conhecido como o Fim do Mundo e foi declarado Reserva Mundial da Biosfera em 2005.<\/p>\n<p>\u00c0 tarde desembarcaremos na Ba\u00eda Wulaia, local hist\u00f3rico que foi um dos maiores assentamentos dos cano\u00edstas nativos Y\u00e1manas. Charles Darwin, naturalista ingl\u00eas, desembarcou aqui em 1833 durante sua viagem a bordo do HMS Beagle. Este local oferece um espet\u00e1culo visual de grande beleza pela sua vegeta\u00e7\u00e3o e geografia. Chegaremos a um mirante, caminhando pela floresta de Magalh\u00e3es onde crescem lengas, coig\u00fces, canelas e samambaias, entre outras esp\u00e9cies.<\/p>\n<p>Dia 5: Ushuaia<\/p>\n<p>Chegada a Ushuaia, a cidade argentina mais importante da Terra do Fogo e a mais meridional do mundo. Desembarque \u00e0s 08h30.<\/p>\n<p>NOTA: As excurs\u00f5es descritas nos itiner\u00e1rios s\u00e3o normalmente poss\u00edveis de realizar. Sem preju\u00edzo do acima exposto, o Propriet\u00e1rio reserva-se o direito de alterar, alterar ou omitir parte deste itiner\u00e1rio sem aviso pr\u00e9vio, seja motivado pelo bem-estar e seguran\u00e7a dos passageiros, pela adequada preserva\u00e7\u00e3o do meio ambiente ou em caso de uma emerg\u00eancia, qualquer circunst\u00e2ncia extraordin\u00e1ria, caso fortuito ou for\u00e7a maior que o exija. Pelas mesmas raz\u00f5es, a sa\u00edda ou chegada de navios poder\u00e1 estar sujeita a eventuais altera\u00e7\u00f5es. Da mesma forma, n\u00e3o \u00e9 poss\u00edvel garantir o avistamento de aves e animais, uma vez que a sua localiza\u00e7\u00e3o precisa \u00e9 vari\u00e1vel.<\/p>\n<\/div>\n<\/div>\n<\/td>\n<\/tr>\n<tr>\n<td><\/td>\n<\/tr>\n<\/tbody>\n<\/table>\n<\/div>\n<div class=\"page\" title=\"P\u00e1gina 5\">\n<div class=\"section\">\n<div class=\"layoutArea\">\n<div class=\"column\">\n<p>Durante a viagem conheceremos a flora, a fauna, a hist\u00f3ria e a geografia desta lend\u00e1ria regi\u00e3o atrav\u00e9s de interessantes palestras ministradas pelo Grupo de Expedi\u00e7\u00e3o Australis, que acontecer\u00e3o tanto a bordo como em terra.<\/p>\n<p>Rota de navega\u00e7\u00e3o<\/p>\n<p>&#8220;Rota de navega\u00e7\u00e3o&#8221; \u00c9 a primeira palestra dada aos passageiros e tem como objetivo apresentar a regi\u00e3o e a Patag\u00f4nia ao mundo, mostrando onde estamos e para onde iremos no dia a dia durante o nosso cruzeiro, que lugares visitaremos, como est\u00e1 o tempo, que roupas sugerimos usar durante as excurs\u00f5es, o que podemos ver, etc.<\/p>\n<p>Glaciologia na Patag\u00f4nia<\/p>\n<p>Do ponto de vista da paisagem falamos de \u201cGlaciologia na Patag\u00f4nia\u201d como forma de explicar os processos naturais que originaram a paisagem do planeta, da Patag\u00f4nia e da Terra do Fogo, falando sobre a origem das geleiras, suas formas, suas cores, seus estados, passados \u200b\u200be atuais, transmitindo tamb\u00e9m mensagens sobre o cuidado com o meio ambiente e o planeta.<\/p>\n<p>Descobrindo a Terra do Fogo<\/p>\n<p>&#8220;Descobrindo a Terra do Fogo&#8221; oferece uma vis\u00e3o interessante dos navegadores que exploraram este territ\u00f3rio, suas aventuras e encontros com os nativos do extremo sul do mundo, os ingleses Phillip Parker King, Pringle Stokes, Charles Darwin, Francis Drake, os holandeses Wilhem Schouten e Jacob LeMaire, os franceses Bougainville, os espanh\u00f3is Magalh\u00e3es, Pedro Sarmiento de Gamboa, os irm\u00e3os Nodal e seus encontros com Patagones (Aonikenk), Onas (Selknams), Yamanas (Yaghans), Alacalufes (Kaweskars) e Haush (Manekenk) .<\/p>\n<p>Antevis\u00e3o da informa\u00e7\u00e3o Cabo Horn<\/p>\n<p>Explica a atividade de desembarque no dia seguinte no m\u00edtico Cabo Horn, onde tamb\u00e9m s\u00e3o mostradas fotos do local de desembarque e as poss\u00edveis condi\u00e7\u00f5es clim\u00e1ticas que puderam ser encontradas. S\u00e3o tamb\u00e9m dadas algumas instru\u00e7\u00f5es de seguran\u00e7a para desfrutar ao m\u00e1ximo da expedi\u00e7\u00e3o e falar sobre o Monumento ao Albatroz, a capela, o farol, a hist\u00f3ria dos Caphorniers, a navega\u00e7\u00e3o no Sul e a sua import\u00e2ncia hoje.<\/p>\n<p>Antevis\u00e3o da informa\u00e7\u00e3o Ba\u00eda de Wulaia<\/p>\n<p>S\u00e3o explicados o desembarque na ba\u00eda e as op\u00e7\u00f5es de grupo para a caminhada at\u00e9 o morro, explicando seu grau de dificuldade, e a caminhada pela praia. Tamb\u00e9m s\u00e3o mostradas fotos do local e discutida a import\u00e2ncia hist\u00f3rica desta ba\u00eda do ponto de vista antropol\u00f3gico (Yaganes) e do ponto de vista hist\u00f3rico (Darwin, Fitz Roy, Jemmy Button).<\/p>\n<p>Vida a bordo<\/p>\n<p>\u201c\u00c9 a primeira palestra explicativa sobre o funcionamento do barco e \u00e9 acompanhada por uma revis\u00e3o dos parques nacionais que s\u00e3o visitados juntamente com a pol\u00edtica de prote\u00e7\u00e3o ambiental da Australis\u201d.<\/p>\n<p>Visite a Sala de M\u00e1quinas.<\/p>\n<p>Conduzido pelos guias que lideram os grupos e pelos engenheiros de plant\u00e3o, \u00e9 um passeio pela \u00e1rea da casa de m\u00e1quinas.<\/p>\n<p>Visita \u00e0 Ponte de Comando.<\/p>\n<p>Passeio conduzido pelos guias e pelo pr\u00e1tico de plant\u00e3o, onde \u00e9 visitada a ponte de comando, s\u00e3o mostradas a tabela de cartas e os dispositivos de seguran\u00e7a que o navio possui.<\/p>\n<\/div>\n<\/div>\n<\/div>\n<\/div>\n","protected":false},"excerpt":{"rendered":"<h2 data-sourcepos=\"1:1-1:48\"><strong>Explore a Patag\u00f4nia em uma viagem inesquec\u00edvel  <\/strong><\/h2>\n<p data-sourcepos=\"3:1-3:229\">J\u00e1 imaginou navegar pelos canais e fiordes patag\u00f4nicos, descobrindo geleiras, florestas, montanhas e uma grande variedade de fauna marinha?<\/p>\n<p data-sourcepos=\"5:1-5:123\">A Australis Experience baseia-se no acesso \u00fanico e privilegiado a recantos onde poucos conseguiram chegar. Convidamos voc\u00ea a ver e SENTIR a majestade das geleiras centen\u00e1rias e florestas<br \/>\nvirgens que povoam as paisagens do extremo sul do mundo. <\/p>\n<h4>Descubra o FIM DO MUNDO em um cruzeiro de expedi\u00e7\u00e3o.<\/h4>\n<p data-sourcepos=\"23:1-23:71\"><strong>NAVEGA\u00c7\u00c3O DE USHUAIA A PUNTA ARENAS &#8211; 4 NOITES<\/strong><\/p>\n<p>ITINER\u00c1RIO DIA 1: Ushuaia DIA 2: Cabo Horn &#8211; Ba\u00eda Wulaia DIA 3: Glaciar Pia &#8211; Glaciar Porter DIA 4: Glaciar Eagle &#8211; Glaciar Condor DIA 5: Ilha Magdalena* &#8211; Punta Arenas * Em setembro e abril esta excurs\u00e3o \u00e9 substitu\u00edda pela Ilha Marta.<\/p>\n<h3 style=\"text-align: left;\">A PARTIR DE USD 1665 EM CABINE B PROMOCIONAL<\/h3>\n<p data-sourcepos=\"23:1-23:71\"><strong><br \/>\nReserve seu lugar hoje para uma aventura que voc\u00ea nunca esquecer\u00e1.<\/strong><\/p>\n","protected":false},"featured_media":204000,"template":"","meta":[],"product_brand":[],"product_cat":[1134],"product_tag":[],"class_list":{"0":"post-215062","1":"product","2":"type-product","3":"status-publish","4":"has-post-thumbnail","6":"destino-ushuaia-pt-br-2","7":"destino-australis-pt-br-2","8":"mes-marzo-pt-br","9":"mes-noviembre-pt-br","10":"mes-abril-pt-br","11":"mes-diciembre-pt-br","12":"mes-enero-pt-br","13":"mes-febrero-pt-br","14":"epoca-verano-pt-br","15":"product_cat-turismo-de-aventura","17":"first","18":"instock","19":"shipping-taxable","20":"product-type-external"},"acf":[],"_links":{"self":[{"href":"https:\/\/tolkeyenpatagonia.com\/pt-br\/wp-json\/wp\/v2\/product\/215062","targetHints":{"allow":["GET"]}}],"collection":[{"href":"https:\/\/tolkeyenpatagonia.com\/pt-br\/wp-json\/wp\/v2\/product"}],"about":[{"href":"https:\/\/tolkeyenpatagonia.com\/pt-br\/wp-json\/wp\/v2\/types\/product"}],"wp:featuredmedia":[{"embeddable":true,"href":"https:\/\/tolkeyenpatagonia.com\/pt-br\/wp-json\/wp\/v2\/media\/204000"}],"wp:attachment":[{"href":"https:\/\/tolkeyenpatagonia.com\/pt-br\/wp-json\/wp\/v2\/media?parent=215062"}],"wp:term":[{"taxonomy":"product_brand","embeddable":true,"href":"https:\/\/tolkeyenpatagonia.com\/pt-br\/wp-json\/wp\/v2\/product_brand?post=215062"},{"taxonomy":"product_cat","embeddable":true,"href":"https:\/\/tolkeyenpatagonia.com\/pt-br\/wp-json\/wp\/v2\/product_cat?post=215062"},{"taxonomy":"product_tag","embeddable":true,"href":"https:\/\/tolkeyenpatagonia.com\/pt-br\/wp-json\/wp\/v2\/product_tag?post=215062"}],"curies":[{"name":"wp","href":"https:\/\/api.w.org\/{rel}","templated":true}]}}