{"id":167602,"date":"2023-08-01T21:10:12","date_gmt":"2023-08-02T00:10:22","guid":{"rendered":"https:\/\/tolkeyenpatagonia.com\/?post_type=product&#038;p=167602"},"modified":"2024-10-29T17:49:30","modified_gmt":"2024-10-29T20:49:30","slug":"full-day-chalten-mirante-dos-condores-e-chorrillos-del-salto-copia-2","status":"publish","type":"product","link":"https:\/\/tolkeyenpatagonia.com\/pt-br\/producto\/full-day-chalten-mirante-dos-condores-e-chorrillos-del-salto-copia-2\/","title":{"rendered":"Transfer\u00eancia para El Chalt\u00e9n Libre"},"content":{"rendered":"<h2 style=\"text-align: center;\"><strong> CHORRILLO DEL SALTO, MIRADOURO DOS CONDORES<\/strong><\/h2>\n<h4 style=\"text-align: center;\"><strong><span style=\"color: #34568a; font-size: 18pt;\">A EXPERI\u00caNCIA DE TOLKEYEN<\/span><\/strong><\/h4>\n<p>DIA INTEIRO CHALT\u00c9N: Em ve\u00edculo confort\u00e1vel iniciaremos o tour pelos hot\u00e9is \u00e0s 08h00. para iniciar nossa viagem, acompanhados por um guia bil\u00edng\u00fce. Costeando o Lago Argentino continuaremos at\u00e9 o entroncamento com a RN 40 que tomaremos ao norte. Aproximadamente na metade do caminho chegaremos ao Parador La Leona, uma antiga constru\u00e7\u00e3o datada de 1894, no rio de mesmo nome, onde conheceremos sua hist\u00f3ria. Continuando para o norte, e depois de v\u00e1rias paradas em pontos panor\u00e2micos, certamente encontraremos manadas de guanacos e lebres. Assim que chegarmos a El Chalt\u00e9n visitaremos o Centro de Interpreta\u00e7\u00e3o e acompanhados por nosso guia percorreremos o caminho do Mirador de los C\u00f3ndores. Terminado o percurso da trilha, iremos aproveitar o almo\u00e7o para recarregar as energias. Em seguida, visitaremos Chorrillo del Salto, a 4 km de El Chalt\u00e9n, onde apreciaremos a paisagem encantadora e uma cachoeira natural de 20 metros de altura no meio da cordilheira. Por volta das 16h30 retornaremos a El Calafate, estimando nossa chegada \u00e0s 19h00 ap\u00f3s uma experi\u00eancia enriquecedora. <a href=\"https:\/\/tolkeyenpatagonia.com\/pt-br\/pre-viagem-ushuaia-e-el-calafate\/\"><img loading=\"lazy\" decoding=\"async\" class=\"alignnone size-full wp-image-43714\" src=\"https:\/\/tolkeyenpatagonia.com\/wp-content\/uploads\/2019\/07\/tolkeyen-patagonia-el-chalten-pre-viaje-2021.jpg\" alt=\"\" width=\"1140\" height=\"639\" \/><\/a> <span style=\"text-decoration: underline; font-size: 14pt;\"><strong>Informa\u00e7\u00e3o t\u00e9cnica<\/strong><\/span><\/p>\n<ul>\n<li><strong>DURA\u00c7\u00c3O<\/strong>: 10h<\/li>\n<li><strong>FREQU\u00caNCIA<\/strong>: Sa\u00eddas di\u00e1rias.<\/li>\n<li><strong>INCLUI:<\/strong> Almo\u00e7o<\/li>\n<li><strong> PONTO DE ENCONTRO<\/strong>: Hotel.<\/li>\n<li><strong>GRAU DE DIFICULDADE<\/strong>: Metade.<\/li>\n<li><strong>RECOMENDA\u00c7\u00d5ES:<\/strong> Casaco (chap\u00e9u, luvas, casaco, gabardina). \u00d3culos e protetor solar.<\/li>\n<\/ul>\n<p>&nbsp;<\/p>\n","protected":false},"excerpt":{"rendered":"<h2>Chalt\u00e9n Libre<\/h2>\n<p class=\"p1\">Sa\u00edda dos hot\u00e9is em El Calafate a partir das <span class=\"s1\">7h00<\/span> e chegada a El Chalt\u00e9n. Depois de uma vista incr\u00edvel do Lago Argentino de sua nascente, chegaremos a La Leona, um parador e lugar hist\u00f3rico. Continuaremos para o norte para conhecer o Lago Viedma e a vista do incr\u00edvel Fitz Roy e Cerro Torre. Ao longo do caminho \u00e9 poss\u00edvel avistar guanacos, lebres e choiques. \u00c0s <span class=\"s1\">10h30.<\/span> Chegando na cidade de El Chalt\u00e9n, voc\u00ea pode escolher as diferentes rotas que podem ser feitas e que levam aos mais belos mirantes de Fitz Roy ou Cerro Torre (Lagoa de Capri, Mirador Torre de los C\u00f3ndores). Por volta das <span class=\"s1\">17h30<\/span> , os passageiros devem se aproximar do ponto de encontro em El Chalten com nosso motorista.<\/p>\n<p class=\"p1\">Importante: Servi\u00e7o de transporte oferecido de e para El Chalt\u00e9n.<\/p>\n<p class=\"p1\">O tempo de reuni\u00e3o ter\u00e1 toler\u00e2ncia de 15 minutos. Se o passageiro n\u00e3o comparecer nesse hor\u00e1rio, perder\u00e1 o servi\u00e7o de retorno.<\/p>\n<p class=\"p1\"><span class=\"s1\">Tenha em mente que, dependendo da condi\u00e7\u00e3o f\u00edsica, \u00e9 o caminho adequado para essa op\u00e7\u00e3o.<\/span><\/p>\n","protected":false},"featured_media":186692,"template":"","meta":[],"product_brand":[],"product_cat":[1103,1134],"product_tag":[],"class_list":{"0":"post-167602","1":"product","2":"type-product","3":"status-publish","4":"has-post-thumbnail","6":"destino-el-chalten-pt-br-2","7":"mes-marzo-pt-br","8":"mes-noviembre-pt-br","9":"mes-abril-pt-br","10":"mes-diciembre-pt-br","11":"mes-enero-pt-br","12":"mes-febrero-pt-br","13":"mes-octubre-pt-br","14":"epoca-verano-pt-br","15":"product_cat-transferencias","16":"product_cat-turismo-de-aventura","18":"first","19":"instock","20":"shipping-taxable","21":"product-type-external"},"acf":[],"_links":{"self":[{"href":"https:\/\/tolkeyenpatagonia.com\/pt-br\/wp-json\/wp\/v2\/product\/167602","targetHints":{"allow":["GET"]}}],"collection":[{"href":"https:\/\/tolkeyenpatagonia.com\/pt-br\/wp-json\/wp\/v2\/product"}],"about":[{"href":"https:\/\/tolkeyenpatagonia.com\/pt-br\/wp-json\/wp\/v2\/types\/product"}],"wp:featuredmedia":[{"embeddable":true,"href":"https:\/\/tolkeyenpatagonia.com\/pt-br\/wp-json\/wp\/v2\/media\/186692"}],"wp:attachment":[{"href":"https:\/\/tolkeyenpatagonia.com\/pt-br\/wp-json\/wp\/v2\/media?parent=167602"}],"wp:term":[{"taxonomy":"product_brand","embeddable":true,"href":"https:\/\/tolkeyenpatagonia.com\/pt-br\/wp-json\/wp\/v2\/product_brand?post=167602"},{"taxonomy":"product_cat","embeddable":true,"href":"https:\/\/tolkeyenpatagonia.com\/pt-br\/wp-json\/wp\/v2\/product_cat?post=167602"},{"taxonomy":"product_tag","embeddable":true,"href":"https:\/\/tolkeyenpatagonia.com\/pt-br\/wp-json\/wp\/v2\/product_tag?post=167602"}],"curies":[{"name":"wp","href":"https:\/\/api.w.org\/{rel}","templated":true}]}}