{"id":165112,"date":"2021-12-10T16:20:35","date_gmt":"2023-07-19T21:04:51","guid":{"rendered":"https:\/\/tolkeyenpatagonia.com\/producto\/glaciar-perito-moreno\/"},"modified":"2025-04-17T17:08:14","modified_gmt":"2025-04-17T20:08:14","slug":"geleira-perito-moreno-2","status":"publish","type":"product","link":"https:\/\/tolkeyenpatagonia.com\/pt-br\/producto\/geleira-perito-moreno-2\/","title":{"rendered":"Geleira Perito Moreno"},"content":{"rendered":"<h2><strong>Excursi\u00f3n al Glaciar Perito Moreno, El estruendo del hielo.\u00a0<\/strong><\/h2>\n<h4><b>EXPERIENCIA TOLKEYEN<\/b><\/h4>\n<p>Salida por la ruta Nro. 11, bordeando el Lago Argentino.<\/p>\n<p>Desde El Calafate al Glaciar perito Moreno media una distancia de 80 km, por camino asfaltado en su totalidad.<\/p>\n<p>Desde su inicio el viaje depara agradables sorpresas. Saliendo de la Localidad, a la derecha podemos observar el Lago Argentino con su Bah\u00eda Redonda.<\/p>\n<p>En ella se puede apreciar una variedad importante de avifauna, destac\u00e1ndose el cisne de cuello negro, flamenco, pato vapor, gallareta, cauqu\u00e9n. Se destaca el color amarillo del campo, esto se debe a sus pastos llamados coir\u00f3n, y entre ellos se destaca, el coir\u00f3n blanco y petiso.<\/p>\n<p>En los primeros 40 km se recorre la estepa patag\u00f3nica, pasando posteriormente a la entrada del Parque Nacional a observar la vegetaci\u00f3n arb\u00f3rea perteneciente en su gran mayor\u00eda de la familia \u201cnotofagus\u201d (\u00f1ires, guindos, lengas) y uno que otro canelo, y flores de diversos colores, entre las que se resalta el notro por su colorido rojo intenso correspondiendo la misma al Bosque Andino Patag\u00f3nico.<\/p>\n<p>Llegada a \u201cla curva de los suspiros\u201d llamada de esta forma pues es el primer punto de donde tenemos una vista panor\u00e1mica del Glaciar perito Moreno.<\/p>\n<p>Breve parada para tomar fotograf\u00edas y prosecuci\u00f3n a Puerto Bajo las Sombras.<\/p>\n<p>Aqu\u00ed existe la posibilidad de realizar navegaci\u00f3n OPCIONAL para tener diferentes vistas de la pared del Glaciar Perito Moreno. (DURACI\u00d3N: 1 hora).<\/p>\n<p>De regreso al Puerto, nos dirigimos a las Pasarelas donde tendremos un sector de servicios para los visitantes y un sistema de balcones y pasarelas que permiten realizar caminatas por diferentes recorridos y acceder a diferentes vistas realmente incre\u00edbles del Glaciar y de la cercan\u00eda al mismo.<\/p>\n<p>Luego de un tiempo libre para caminatas y almuerzo (opcional), se inicia el regreso hacia El Calafate.<\/p>\n<p>&nbsp;<\/p>\n<p>&nbsp;<\/p>\n","protected":false},"excerpt":{"rendered":"<h2 data-sourcepos=\"5:1-5:258\">Visita ao Glaciar Perito Moreno no Parque Nacional Los Glaciares<\/h2>\n<p data-sourcepos=\"5:1-5:258\">Com nossa excurs\u00e3o voc\u00ea poder\u00e1 viver esta experi\u00eancia \u00fanica e memor\u00e1vel, visitando o glaciar Perito Moreno, um dos maiores glaciares do mundo.<\/p>\n<p data-sourcepos=\"7:1-7:266\">Durante a viagem, voc\u00ea pode opcionalmente fazer uma navega\u00e7\u00e3o de 1 hora pelo Lago Argentino, de onde poder\u00e1 ver de perto a geleira. Voc\u00ea tamb\u00e9m pode passear pela passarela de madeira em frente ao glaciar, para desfrutar de uma vista privilegiada.<\/p>\n<p data-sourcepos=\"9:1-9:82\">Nossa excurs\u00e3o \u00e9 adequada para pessoas de todas as idades e condi\u00e7\u00f5es f\u00edsicas.<\/p>\n<p data-sourcepos=\"13:1-13:59\">Reserve j\u00e1 o seu lugar e viva uma experi\u00eancia inesquec\u00edvel na Terra das Geleiras!<\/p>\n","protected":false},"featured_media":307076,"template":"","meta":[],"product_brand":[],"product_cat":[1367,1113],"product_tag":[],"class_list":{"0":"post-165112","1":"product","2":"type-product","3":"status-publish","4":"has-post-thumbnail","6":"destino-calafate-pt-br-2","7":"mes-marzo-pt-br","8":"mes-noviembre-pt-br","9":"mes-abril-pt-br","10":"mes-diciembre-pt-br","11":"mes-mayo-pt-br","12":"mes-junio-pt-br","13":"mes-julio-pt-br","14":"mes-agosto-pt-br","15":"mes-enero-pt-br","16":"mes-septiembre-pt-br","17":"mes-febrero-pt-br","18":"mes-octubre-pt-br","19":"epoca-verano-pt-br","20":"epoca-invierno-pt-br","21":"epoca-todo-el-ano-pt-br","22":"product_cat-turismo-acessivel","23":"product_cat-geleiras","25":"first","26":"instock","27":"sale","28":"virtual","29":"sold-individually","30":"purchasable","31":"product-type-booking"},"acf":[],"_links":{"self":[{"href":"https:\/\/tolkeyenpatagonia.com\/pt-br\/wp-json\/wp\/v2\/product\/165112","targetHints":{"allow":["GET"]}}],"collection":[{"href":"https:\/\/tolkeyenpatagonia.com\/pt-br\/wp-json\/wp\/v2\/product"}],"about":[{"href":"https:\/\/tolkeyenpatagonia.com\/pt-br\/wp-json\/wp\/v2\/types\/product"}],"wp:featuredmedia":[{"embeddable":true,"href":"https:\/\/tolkeyenpatagonia.com\/pt-br\/wp-json\/wp\/v2\/media\/307076"}],"wp:attachment":[{"href":"https:\/\/tolkeyenpatagonia.com\/pt-br\/wp-json\/wp\/v2\/media?parent=165112"}],"wp:term":[{"taxonomy":"product_brand","embeddable":true,"href":"https:\/\/tolkeyenpatagonia.com\/pt-br\/wp-json\/wp\/v2\/product_brand?post=165112"},{"taxonomy":"product_cat","embeddable":true,"href":"https:\/\/tolkeyenpatagonia.com\/pt-br\/wp-json\/wp\/v2\/product_cat?post=165112"},{"taxonomy":"product_tag","embeddable":true,"href":"https:\/\/tolkeyenpatagonia.com\/pt-br\/wp-json\/wp\/v2\/product_tag?post=165112"}],"curies":[{"name":"wp","href":"https:\/\/api.w.org\/{rel}","templated":true}]}}