{"id":136562,"date":"2021-11-11T15:45:09","date_gmt":"2023-02-23T23:57:18","guid":{"rendered":"https:\/\/tolkeyenpatagonia.com\/producto\/todas-as-geleiras\/"},"modified":"2025-02-17T15:06:57","modified_gmt":"2025-02-17T18:06:57","slug":"navegacao-rios-de-gelo-express","status":"publish","type":"product","link":"https:\/\/tolkeyenpatagonia.com\/pt-br\/producto\/navegacao-rios-de-gelo-express\/","title":{"rendered":"Todos os Glaciares"},"content":{"rendered":"<h2 style=\"text-align: center\"><span style=\"color: #000000\"><strong>TODO GLACIARES<\/strong><\/span><\/h2>\n<h3 style=\"text-align: center\"><span style=\"color: #3366ff;font-size: 18pt\"><b>NAVEGANDO ENTRE LOS GLACIARES\u00a0<\/b><\/span><\/h3>\n<p data-pm-slice=\"1 1 []\">Todo Glaciares: Traslado terrestre desde el Hotel a Puerto Bandera, lugar de embarque.<\/p>\n<p>Desde el Puerto de Punta Bandera, a 47 km de El Calafate, iniciamos la\u00a0navegaci\u00f3n por el Brazo Norte del Lago Argentino. Atravesamos la\u00a0Boca del Diablo con destino al Canal Upsala y para navegar entre los\u00a0grandes t\u00e9mpanos que se desprenden del frente del Glaciar Upsala.<\/p>\n<p>Luego ingresamos al Canal Spegazzini y momentos despu\u00e9s\u00a0tendremos la primera vista del Glaciar Seco. Continuamos navegando\u00a0hasta el frente del Glaciar Spegazzini donde tambi\u00e9n contemplaremos\u00a0los glaciares Heim Sur y Peineta. Nos preparamos para desembarcar\u00a0en La Base Spegazzini y comenzamos la visita al \u00e1rea caminando a<\/p>\n<p>trav\u00e9s del sendero del bosque hasta el Refugio Spegazzini. Este\u00a0sendero de 300 metros cuenta con vistas inigualables de La Bah\u00eda de\u00a0Los Glaciares, en su recorrido podremos disfrutar de estaciones\u00a0tem\u00e1ticas y miradores.<\/p>\n<p>Regreso a Puerto Bandera.<\/p>\n<p>Traslado terrestre desde Puerto Bandera a El Calafate.<\/p>\n","protected":false},"excerpt":{"rendered":"<h2 data-sourcepos=\"1:1-1:77\">Uma experi\u00eancia \u00fanica entre os glaciares da Patag\u00f4nia<\/h2>\n<p data-sourcepos=\"3:1-3:63\">Quer viver uma experi\u00eancia inesquec\u00edvel na Patag\u00f4nia?<\/p>\n<p data-sourcepos=\"5:1-5:41\">Reserve sua excurs\u00e3o TODO GLACIARES!<\/p>\n<p data-sourcepos=\"7:1-7:162\">Esta excurs\u00e3o de dia inteiro permite que voc\u00ea navegue ao longo do Bra\u00e7o Norte do Lago Argentino e aprecie as geleiras Upsala, Seco, Spegazzini, Heim Sur e Peineta.<\/p>\n<p data-sourcepos=\"9:1-9:177\">Tambi\u00e9n podr\u00e1s realizar una caminata por el sendero del bosque hasta el Refugio Spegazzini, desde donde disfrutar\u00e1s de unas vistas inigualables de la Bah\u00eda de Los Glaciares.<\/p>\n<p data-sourcepos=\"11:1-11:82\">Esta \u00e9 uma experi\u00eancia ideal para os amantes da natureza e da aventura.<\/p>\n<p data-sourcepos=\"13:1-13:70\">Reserve sua excurs\u00e3o hoje e viva uma experi\u00eancia inesquec\u00edvel!<\/p>\n","protected":false},"featured_media":268480,"template":"","meta":[],"product_brand":[],"product_cat":[1367,1113],"product_tag":[],"class_list":{"0":"post-136562","1":"product","2":"type-product","3":"status-publish","4":"has-post-thumbnail","6":"destino-calafate-pt-br-2","7":"mes-marzo-pt-br","8":"mes-noviembre-pt-br","9":"mes-abril-pt-br","10":"mes-diciembre-pt-br","11":"mes-mayo-pt-br","12":"mes-junio-pt-br","13":"mes-julio-pt-br","14":"mes-agosto-pt-br","15":"mes-enero-pt-br","16":"mes-septiembre-pt-br","17":"mes-febrero-pt-br","18":"mes-octubre-pt-br","19":"epoca-verano-pt-br","20":"epoca-invierno-pt-br","21":"epoca-todo-el-ano-pt-br","22":"product_cat-turismo-acessivel","23":"product_cat-geleiras","25":"first","26":"instock","27":"virtual","28":"sold-individually","29":"purchasable","30":"product-type-booking"},"acf":[],"_links":{"self":[{"href":"https:\/\/tolkeyenpatagonia.com\/pt-br\/wp-json\/wp\/v2\/product\/136562","targetHints":{"allow":["GET"]}}],"collection":[{"href":"https:\/\/tolkeyenpatagonia.com\/pt-br\/wp-json\/wp\/v2\/product"}],"about":[{"href":"https:\/\/tolkeyenpatagonia.com\/pt-br\/wp-json\/wp\/v2\/types\/product"}],"wp:featuredmedia":[{"embeddable":true,"href":"https:\/\/tolkeyenpatagonia.com\/pt-br\/wp-json\/wp\/v2\/media\/268480"}],"wp:attachment":[{"href":"https:\/\/tolkeyenpatagonia.com\/pt-br\/wp-json\/wp\/v2\/media?parent=136562"}],"wp:term":[{"taxonomy":"product_brand","embeddable":true,"href":"https:\/\/tolkeyenpatagonia.com\/pt-br\/wp-json\/wp\/v2\/product_brand?post=136562"},{"taxonomy":"product_cat","embeddable":true,"href":"https:\/\/tolkeyenpatagonia.com\/pt-br\/wp-json\/wp\/v2\/product_cat?post=136562"},{"taxonomy":"product_tag","embeddable":true,"href":"https:\/\/tolkeyenpatagonia.com\/pt-br\/wp-json\/wp\/v2\/product_tag?post=136562"}],"curies":[{"name":"wp","href":"https:\/\/api.w.org\/{rel}","templated":true}]}}