{"id":134106,"date":"2019-01-10T15:17:25","date_gmt":"2023-02-15T00:57:00","guid":{"rendered":"https:\/\/tolkeyenpatagonia.com\/producto\/traslado-aeroporto-hotel-em-el-calafate\/"},"modified":"2025-03-11T17:07:09","modified_gmt":"2025-03-11T20:07:09","slug":"transfers-aeroporto-hotel-calafate","status":"publish","type":"product","link":"https:\/\/tolkeyenpatagonia.com\/pt-br\/producto\/transfers-aeroporto-hotel-calafate\/","title":{"rendered":"Transfer Aeroporto \/ Hotel em El Calafate"},"content":{"rendered":"<h2><strong>TRASLADOS AEROPUERTO \/ HOTEL en El Calafate.<\/strong><\/h2>\n<h3><b>Servicios por tramos desde y hacia el aeropuerto de El Calafate.\u00a0<\/b><\/h3>\n<p>Traslado Aeropuerto \/ Hotel en El Calafate: Llegar a destino f\u00e1cil, confortable y seguro es elemental para comenzar a disfrutar un viaje placentero. No lo dudes m\u00e1s y resolv\u00e9 tus traslados para disfrutar sin altibajos de tu viaje y comenzarlo de la mejor forma. Para comenzar te contamos por qu\u00e9 conocer El Calafate y que atractivos tur\u00edsticos podr\u00e1s ver en esta incre\u00edble ciudad patagonica.<\/p>\n<p>El Calafate es una encantadora ciudad en la provincia de Santa Cruz, conocida como la puerta de acceso al <strong>Parque Nacional Los Glaciares<\/strong>.\u00a0Ubicada a orillas del\u00a0<strong>Lago Argentino. <\/strong>A tan s\u00f3lo unos 80 km de la ciudad se encuentra el famoso <strong>Glaciar Perito Moreno<\/strong>, una de las maravillas del mundo y el atractivo turistico principal del parque. La ciudad es un destino tur\u00edstico clave para quienes desean explorar paisajes maravillosos, conocer la naturaleza muy de cerca y disfrutar de enormes y bell\u00edsimos glaciares que al verlos tan cerca te dejar\u00e1n maravillados. El Calafate, recibe cada a\u00f1o turistas de todas las latitudes para conocer sea en barco, por las pasarelas o haciendo minitrekking las enormes masas de hielo que decoran el parque nacional. \u00a1No te lo pierdas!<\/p>\n<p><img loading=\"lazy\" decoding=\"async\" class=\"alignnone wp-image-216619 size-medium\" src=\"https:\/\/tolkeyenpatagonia.com\/wp-content\/uploads\/2019\/01\/Tralados-aeropuerto-a-hotel7-Tolkeyen-1140x760.jpg\" alt=\"frente tolkeyen Traslado Aeropuerto \/ Hotel en El Calafate\" width=\"1140\" height=\"760\" srcset=\"https:\/\/tolkeyenpatagonia.com\/wp-content\/uploads\/2019\/01\/Tralados-aeropuerto-a-hotel7-Tolkeyen-1140x760.jpg 1140w, https:\/\/tolkeyenpatagonia.com\/wp-content\/uploads\/2019\/01\/Tralados-aeropuerto-a-hotel7-Tolkeyen-768x512.jpg 768w, https:\/\/tolkeyenpatagonia.com\/wp-content\/uploads\/2019\/01\/Tralados-aeropuerto-a-hotel7-Tolkeyen-600x400.jpg 600w, https:\/\/tolkeyenpatagonia.com\/wp-content\/uploads\/2019\/01\/Tralados-aeropuerto-a-hotel7-Tolkeyen.jpg 1200w\" sizes=\"auto, (max-width: 1140px) 100vw, 1140px\" \/><\/p>\n<h3>A tener en cuenta para el Traslado Aeropuerto \/ Hotel en El Calafate<\/h3>\n<p>Para solicitar este servicio,\u00a0 por favor informar fecha, n\u00fameros de vuelo , c\u00f3digo de reserva y hotel en el que se alojara que se le solicitara al proceder con el pago.<\/p>\n<p><strong>Para compras con menos de 48 horas comunicarse por Whatsapp.<\/strong><\/p>\n<p>Los precios pueden variar seg\u00fan fechas y temporadas.<\/p>\n","protected":false},"excerpt":{"rendered":"<p data-sourcepos=\"11:1-11:56\">Contrate seu transfer para chegar confort\u00e1vel e seguro. N\u00e3o se preocupe com nada al\u00e9m de apreciar a paisagem e sua viagem sabendo que voc\u00ea tem a rota que precisa resolvida. <\/p>\n<p data-sourcepos=\"13:1-13:66\">Reserve agora e comece a planejar sua viagem para a Patag\u00f4nia!<\/p>\n","protected":false},"featured_media":180229,"template":"","meta":[],"product_brand":[],"product_cat":[1103],"product_tag":[],"class_list":{"0":"post-134106","1":"product","2":"type-product","3":"status-publish","4":"has-post-thumbnail","6":"destino-calafate-pt-br-2","7":"mes-marzo-pt-br","8":"mes-noviembre-pt-br","9":"mes-abril-pt-br","10":"mes-diciembre-pt-br","11":"mes-mayo-pt-br","12":"mes-junio-pt-br","13":"mes-julio-pt-br","14":"mes-agosto-pt-br","15":"mes-enero-pt-br","16":"mes-septiembre-pt-br","17":"mes-febrero-pt-br","18":"mes-octubre-pt-br","19":"epoca-verano-pt-br","20":"epoca-invierno-pt-br","21":"epoca-todo-el-ano-pt-br","22":"product_cat-transferencias","24":"first","25":"instock","26":"virtual","27":"sold-individually","28":"purchasable","29":"product-type-booking"},"acf":[],"_links":{"self":[{"href":"https:\/\/tolkeyenpatagonia.com\/pt-br\/wp-json\/wp\/v2\/product\/134106","targetHints":{"allow":["GET"]}}],"collection":[{"href":"https:\/\/tolkeyenpatagonia.com\/pt-br\/wp-json\/wp\/v2\/product"}],"about":[{"href":"https:\/\/tolkeyenpatagonia.com\/pt-br\/wp-json\/wp\/v2\/types\/product"}],"wp:featuredmedia":[{"embeddable":true,"href":"https:\/\/tolkeyenpatagonia.com\/pt-br\/wp-json\/wp\/v2\/media\/180229"}],"wp:attachment":[{"href":"https:\/\/tolkeyenpatagonia.com\/pt-br\/wp-json\/wp\/v2\/media?parent=134106"}],"wp:term":[{"taxonomy":"product_brand","embeddable":true,"href":"https:\/\/tolkeyenpatagonia.com\/pt-br\/wp-json\/wp\/v2\/product_brand?post=134106"},{"taxonomy":"product_cat","embeddable":true,"href":"https:\/\/tolkeyenpatagonia.com\/pt-br\/wp-json\/wp\/v2\/product_cat?post=134106"},{"taxonomy":"product_tag","embeddable":true,"href":"https:\/\/tolkeyenpatagonia.com\/pt-br\/wp-json\/wp\/v2\/product_tag?post=134106"}],"curies":[{"name":"wp","href":"https:\/\/api.w.org\/{rel}","templated":true}]}}