{"id":133854,"date":"2021-09-07T20:07:46","date_gmt":"2023-02-15T00:10:05","guid":{"rendered":"https:\/\/tolkeyenpatagonia.com\/producto\/cerro-castor-mini-week\/"},"modified":"2025-09-20T00:00:15","modified_gmt":"2025-09-20T03:00:15","slug":"cerro-castor-mini-week","status":"publish","type":"product","link":"https:\/\/tolkeyenpatagonia.com\/pt-br\/producto\/cerro-castor-mini-week\/","title":{"rendered":"Cerro Castor &#8211; Passes e Transfer\u00eancias de 3 DIAS"},"content":{"rendered":"<h2><strong>PASES Y TRASLADOS &#8211; MINIWEEK PREVENTA<\/strong><\/h2>\n<h3><strong>EXPERIENCIA TOLKEYEN &#8211; Cerro Castor &#8211; 3 DIAS pases y traslados<\/strong><\/h3>\n<p><b>TEMPORADAS<\/b><br \/>\n<b>BAJA <\/b>28 de Junio al 05 de Julio \/ 21 de Septiembre al 29 de Septiembre<br \/>\n<strong>ALTA<\/strong> 6 de Julio al 20 de Septiembre<\/p>\n<p>El paquete incluye:<\/p>\n<ul>\n<li>Traslado Aeropuerto\/ Hotel\/ Aeropuerto en servicio compartido.<\/li>\n<li>Traslado Hotel\/ Cerro Castor \/ Hotel\u00a0en servicio compartido por 3 d\u00edas consecutivos.<\/li>\n<li>3 d\u00edas de pases de ski para disfrutar toda la monta\u00f1a<\/li>\n<\/ul>\n<p style=\"text-align: center;\"><b>***Los paquetes son por d\u00edas consecutivos***<\/b><\/p>\n<p>&nbsp;<\/p>\n<p>Al momento de comprar Cerro Castor &#8211; 3 DIAS pases y traslados es necesario que nos informen:<\/p>\n<p>-N\u00fameros de vuelos de llegada y salida<\/p>\n<p>-Hotel<br \/>\n&#8211; Nombres completos<br \/>\n&#8211; N\u00famero de DNI<br \/>\n&#8211; Fecha de nacimiento<\/p>\n<p>El paquete NO INCLUYE:<\/p>\n<ul>\n<li>Alojamiento<\/li>\n<li>Equipos de esqu\u00ed \/ snow<\/li>\n<li>Indumentaria de uso personal, guantes, casco, antiparras.<\/li>\n<\/ul>\n<p>&nbsp;<\/p>\n<p>Los precios pueden variar seg\u00fan fechas y temporadas.<\/p>\n","protected":false},"excerpt":{"rendered":"<h2>Cerro Castor: 3 d\u00edas de esqu\u00ed y diversi\u00f3n al alcance de tu mano<\/h2>\n<p>Se voc\u00ea vai visitar Ushuaia, conhe\u00e7a a melhor temporada de esqui em Cerro Castor. Este centro de inverno concentra a melhor qualidade de neve devido \u00e0 sua posi\u00e7\u00e3o geogr\u00e1fica, em uma encosta sul, mantendo temperaturas entre -5 e 5 graus em m\u00e9dia.<\/p>\n<p>Com este pacote voc\u00ea poder\u00e1 desfrutar da experi\u00eancia \u00fanica de esquiar no Fim do Mundo e porque n\u00e3o reservar alguns dias para conhecer Ushuaia e suas atra\u00e7\u00f5es imperd\u00edveis.<\/p>\n<p data-sourcepos=\"15:1-15:72\">N\u00e3o espere mais e reserve seu lugar agora mesmo!<\/p>\n","protected":false},"featured_media":266496,"template":"","meta":[],"product_brand":[],"product_cat":[1294,815,1164,1102],"product_tag":[],"class_list":{"0":"post-133854","1":"product","2":"type-product","3":"status-publish","4":"has-post-thumbnail","6":"destino-ushuaia-pt-br-2","7":"mes-junio-pt-br","8":"mes-julio-pt-br","9":"mes-agosto-pt-br","10":"mes-septiembre-pt-br","11":"epoca-invierno-pt-br","12":"product_cat-centro-de-inverno","13":"product_cat-inverno","14":"product_cat-pacote-de-esqui","15":"product_cat-pacotes-ushuaia","17":"first","18":"instock","19":"sold-individually","20":"shipping-taxable","21":"purchasable","22":"product-type-booking"},"acf":[],"_links":{"self":[{"href":"https:\/\/tolkeyenpatagonia.com\/pt-br\/wp-json\/wp\/v2\/product\/133854","targetHints":{"allow":["GET"]}}],"collection":[{"href":"https:\/\/tolkeyenpatagonia.com\/pt-br\/wp-json\/wp\/v2\/product"}],"about":[{"href":"https:\/\/tolkeyenpatagonia.com\/pt-br\/wp-json\/wp\/v2\/types\/product"}],"wp:featuredmedia":[{"embeddable":true,"href":"https:\/\/tolkeyenpatagonia.com\/pt-br\/wp-json\/wp\/v2\/media\/266496"}],"wp:attachment":[{"href":"https:\/\/tolkeyenpatagonia.com\/pt-br\/wp-json\/wp\/v2\/media?parent=133854"}],"wp:term":[{"taxonomy":"product_brand","embeddable":true,"href":"https:\/\/tolkeyenpatagonia.com\/pt-br\/wp-json\/wp\/v2\/product_brand?post=133854"},{"taxonomy":"product_cat","embeddable":true,"href":"https:\/\/tolkeyenpatagonia.com\/pt-br\/wp-json\/wp\/v2\/product_cat?post=133854"},{"taxonomy":"product_tag","embeddable":true,"href":"https:\/\/tolkeyenpatagonia.com\/pt-br\/wp-json\/wp\/v2\/product_tag?post=133854"}],"curies":[{"name":"wp","href":"https:\/\/api.w.org\/{rel}","templated":true}]}}