{"id":131043,"date":"2019-01-11T15:52:47","date_gmt":"2023-01-25T14:11:23","guid":{"rendered":"https:\/\/tolkeyenpatagonia.com\/producto\/big-ice-trekking-na-geleira\/"},"modified":"2025-03-16T15:45:57","modified_gmt":"2025-03-16T18:45:57","slug":"big-ice-trekking-na-geleira","status":"publish","type":"product","link":"https:\/\/tolkeyenpatagonia.com\/pt-br\/producto\/big-ice-trekking-na-geleira\/","title":{"rendered":"Trekking de gelo grande sobre a geleira"},"content":{"rendered":"<h2 style=\"text-align: center;\"><strong>VIAJE AL CENTRO DEL GLACIAR PERITO MORENO<\/strong><\/h2>\n<h4 style=\"text-align: center;\"><span style=\"color: #34568a; font-size: 18pt;\"><b>EXPERIENCIA TOLKEYEN<\/b><\/span><\/h4>\n<p>&nbsp;<\/p>\n<p>Big Ice Trekking Sobre el Glaciar est\u00e1 destinado a quienes gustan de la exploraci\u00f3n y los desaf\u00edos.<\/p>\n<p>La excursi\u00f3n comienza con el pick up por el punto de encuentro acordado en El Calafate temprano en la ma\u00f1ana. En nuestros confortables buses, un gu\u00eda de turismo biling\u00fce, les brindar\u00e1 informaci\u00f3n sobre el paisaje que descubrir\u00e1n.<\/p>\n<p>Incluye visita guiada a las pasarelas del Parque Nacional Los Glaciares. All\u00ed, podr\u00e1n disfrutar del espectacular paisaje panor\u00e1mico del Glaciar y caminar alguno de los senderos autoguiados.<\/p>\n<p>Una vez en el Puerto \u201cBajo las Sombras\u201d, ubicado a solo 7 km del Glaciar, se toma una embarcaci\u00f3n para cruzar el Brazo Rico, y se desembarca 20 minutos despu\u00e9s en la costa opuesta.<\/p>\n<p>Se organizan peque\u00f1os grupos de hasta las 10 personas y se emprende la caminata que comienza por la morena sur del Glaciar, y en poco m\u00e1s de una hora llegar\u00e1n a un espectacular mirador, por donde acceder\u00e1n al hielo, all\u00ed los gu\u00edas colocar\u00e1n los crampones, arneses y casco para comenzar la traves\u00eda.<\/p>\n<p>Una vez en el glaciar y con los crampones puestos, el mundo toma una nueva perspectiva: lagunas azules, profundas grietas, enormes sumideros, m\u00e1gicas cuevas, y la sensaci\u00f3n \u00fanica de sentirse en el coraz\u00f3n del glaciar.<\/p>\n<p>Siempre acompa\u00f1ados por gu\u00edas de monta\u00f1a, explorar\u00e1n durante alrededor de tres horas y media los rincones del glaciar m\u00e1s especial del mundo. Durante el recorrido los gu\u00edas los ayudar\u00e1n a conocer mejor el hielo, su entorno y podr\u00e1n dimensionar la magnitud del glaciar y disfrutar de la vista de las monta\u00f1as aleda\u00f1as, como los cerros Dos Picos, Pietrobelli y Cervantes. Adem\u00e1s, contar\u00e1n con media hora para almorzar sobre el manto blanco y sorprenderse en un lugar de inigualable belleza.<\/p>\n<p>Una vez de vuelta en la morena, caminar\u00e1n otra hora para tomar la embarcaci\u00f3n de regreso, y navegar\u00e1n muy cerca de la cara sur del Glaciar Perito Moreno para luego volver a la \u201ccivilizaci\u00f3n\u201d, \u00a1despu\u00e9s de haber disfrutado uno de los treks sobre hielo m\u00e1s espectaculares del mundo!<\/p>\n<p>&nbsp;<\/p>\n<p><img loading=\"lazy\" decoding=\"async\" class=\"size-full wp-image-44639 aligncenter\" src=\"https:\/\/tolkeyenpatagonia.com\/wp-content\/uploads\/2019\/01\/Mapa-de-excursiones-en-El-Calafate-por-Tolkeyen-Patagonia.jpg\" alt=\"\" width=\"1920\" height=\"769\" \/><\/p>\n<p><img loading=\"lazy\" decoding=\"async\" class=\"size-full wp-image-44640 aligncenter\" src=\"https:\/\/tolkeyenpatagonia.com\/wp-content\/uploads\/2019\/01\/Mapa-de-excursiones-en-El-Calafate-y-El-Chalten-de-Tolkeyen-Patagonia.jpg\" alt=\"\" width=\"595\" height=\"842\" \/><\/p>\n<p><strong>Para compras para Big Ice Trekking Sobre el Glaciar con menos de 48 horas comunicarse por Whatsapp.<\/strong><\/p>\n<p>Los precios pueden variar seg\u00fan fechas y temporadas.<\/p>\n","protected":false},"excerpt":{"rendered":"<h2>Viva a experi\u00eancia de trekking no Glaciar Perito Moreno!<\/h2>\n<p data-sourcepos=\"5:1-5:193\">J\u00e1 imaginou caminhar sobre uma geleira? \u00c9 poss\u00edvel! Trekking no Glaciar Perito Moreno \u00e9 uma experi\u00eancia \u00fanica que lhe permitir\u00e1 sentir a for\u00e7a e magnitude deste gigante de gelo.<\/p>\n<p data-sourcepos=\"7:1-7:203\">Durante este passeio, voc\u00ea caminhar\u00e1 por uma trilha de 4 quil\u00f4metros, cercada por paisagens deslumbrantes. Podr\u00e1s observar de cerca los saltos de agua, las grietas y los desprendimientos de hielo.m<\/p>\n<p data-sourcepos=\"9:1-9:180\">Reserve j\u00e1 o seu lugar e viva uma experi\u00eancia inesquec\u00edvel!<\/p>\n","protected":false},"featured_media":124614,"template":"","meta":[],"product_brand":[],"product_cat":[1367,1142],"product_tag":[],"class_list":{"0":"post-131043","1":"product","2":"type-product","3":"status-publish","4":"has-post-thumbnail","6":"destino-calafate-pt-br-2","7":"mes-marzo-pt-br","8":"mes-noviembre-pt-br","9":"mes-abril-pt-br","10":"mes-diciembre-pt-br","11":"mes-mayo-pt-br","12":"mes-junio-pt-br","13":"mes-agosto-pt-br","14":"mes-enero-pt-br","15":"mes-septiembre-pt-br","16":"mes-febrero-pt-br","17":"mes-octubre-pt-br","18":"epoca-verano-pt-br","19":"epoca-invierno-pt-br","20":"epoca-todo-el-ano-pt-br","21":"product_cat-turismo-acessivel","22":"product_cat-minitrekking-pt-br","24":"first","25":"instock","26":"shipping-taxable","27":"product-type-external"},"acf":[],"_links":{"self":[{"href":"https:\/\/tolkeyenpatagonia.com\/pt-br\/wp-json\/wp\/v2\/product\/131043","targetHints":{"allow":["GET"]}}],"collection":[{"href":"https:\/\/tolkeyenpatagonia.com\/pt-br\/wp-json\/wp\/v2\/product"}],"about":[{"href":"https:\/\/tolkeyenpatagonia.com\/pt-br\/wp-json\/wp\/v2\/types\/product"}],"wp:featuredmedia":[{"embeddable":true,"href":"https:\/\/tolkeyenpatagonia.com\/pt-br\/wp-json\/wp\/v2\/media\/124614"}],"wp:attachment":[{"href":"https:\/\/tolkeyenpatagonia.com\/pt-br\/wp-json\/wp\/v2\/media?parent=131043"}],"wp:term":[{"taxonomy":"product_brand","embeddable":true,"href":"https:\/\/tolkeyenpatagonia.com\/pt-br\/wp-json\/wp\/v2\/product_brand?post=131043"},{"taxonomy":"product_cat","embeddable":true,"href":"https:\/\/tolkeyenpatagonia.com\/pt-br\/wp-json\/wp\/v2\/product_cat?post=131043"},{"taxonomy":"product_tag","embeddable":true,"href":"https:\/\/tolkeyenpatagonia.com\/pt-br\/wp-json\/wp\/v2\/product_tag?post=131043"}],"curies":[{"name":"wp","href":"https:\/\/api.w.org\/{rel}","templated":true}]}}