{"id":131026,"date":"2019-07-15T12:39:54","date_gmt":"2023-01-25T12:23:54","guid":{"rendered":"https:\/\/tolkeyenpatagonia.com\/producto\/experiencia-nativa\/"},"modified":"2025-02-10T11:36:01","modified_gmt":"2025-02-10T14:36:01","slug":"experiencia-nativa","status":"publish","type":"product","link":"https:\/\/tolkeyenpatagonia.com\/pt-br\/producto\/experiencia-nativa\/","title":{"rendered":"Nativo Experience"},"content":{"rendered":"<h2 style=\"text-align: center;\"><strong>NATIVO EXPERIENCE<\/strong><\/h2>\n<p>Nativo Experience es una excursi\u00f3n\u00a0de mediod\u00eda en 4&#215;4 por la costa del Lago Argentino. Ideal para el d\u00eda de llegada o de partida, tiene un enfoque antropol\u00f3gico, haciendo un recorrido en el tiempo sobre el paso del hombre en estas tierras, redescubriendo historias de las primeras expediciones y osados que se aventuraron a lo desconocido.<\/p>\n<p>Entre los acantilados y con vistas a la Cordillera de Los Andes, la excursi\u00f3n\u00a0se enfoca en los primeros contactos de aquellos expedicionarios con los nativos, para luego ingresar en el mundo Tehuelche. A orillas del lago se encuentran las cuevas donde hace miles de a\u00f1os aquella cultura dej\u00f3 sus marcas en la roca y que hoy nos introducen a su interpretaci\u00f3n.<\/p>\n<h3><span style=\"font-size: 18pt;\"><strong>Cronograma Nativo Experience:<\/strong><\/span><\/h3>\n<p><span style=\"font-size: 14pt;\">RECOGIDA POR EL HOTEL<\/span><\/p>\n<p>Nuestros\u00a0<strong>veh\u00edculos 4&#215;4<\/strong>\u00a0te pasan a buscar por tu hotel para comenzar una traves\u00eda por la estepa patag\u00f3nica.<\/p>\n<p><span style=\"font-size: 14pt;\">LAGO ARGENTINO<\/span><\/p>\n<p>A orillas del\u00a0<strong>Lago Argentino<\/strong>\u00a0nuestros gu\u00edas dictan una charla acerca de la formaci\u00f3n del paisaje del lugar, sobre la fauna y la flora aut\u00f3ctona.<\/p>\n<p><span style=\"font-size: 14pt;\">ACANTILADO PUNTA BONITA<\/span><br \/>\nRealizamos un ascenso para obtener una incre\u00edble\u00a0<strong>imagen panor\u00e1mica<\/strong> de la ciudad y sus alrededores. Desde ah\u00ed apreciamos la extensi\u00f3n del Lago Argentino y la\u00a0<strong>Cordillera de Los Andes.<\/strong><\/p>\n<p><span style=\"font-size: 14pt;\">SITIO ARQUEOL\u00d3GICO<\/span><br \/>\nRecorremos a pie (500m) el\u00a0<strong>sitio\u00a0<\/strong><b>arqueol\u00f3gico<\/b>\u00a0mientras interpretamos el significado de las\u00a0<strong>pinturas rupestres<\/strong>\u00a0que vemos en las rocas y las t\u00e9cnicas utilizadas para realizarlas.<\/p>\n<p><span style=\"font-size: 14pt;\">COMIDA EN LA CUEVA<\/span><\/p>\n<p>Finalizamos el recorrido disfrutando de una deliciosa\u00a0<strong>comida patag\u00f3nica<\/strong> en una locaci\u00f3n inolvidable.<\/p>\n<p><a href=\"https:\/\/tolkeyenpatagonia.com\/wp-content\/uploads\/2019\/01\/Parque-nacional-los-glaciares-Excursiones-Tolkeyen-Patagonia.jpg\"><img loading=\"lazy\" decoding=\"async\" class=\"aligncenter size-full wp-image-44637\" src=\"https:\/\/tolkeyenpatagonia.com\/wp-content\/uploads\/2019\/01\/Parque-nacional-los-glaciares-Excursiones-Tolkeyen-Patagonia.jpg\" alt=\"\" width=\"579\" height=\"854\" \/><\/a><\/p>\n<p>&nbsp;<\/p>\n","protected":false},"excerpt":{"rendered":"<p data-sourcepos=\"1:1-1:55\"><strong>Descubra a hist\u00f3ria e a cultura da Patag\u00f4nia!<\/strong><\/p>\n<p data-sourcepos=\"3:1-3:145\">Interessado em saber mais sobre o passado da Patag\u00f4nia? Quer descobrir o legado das primeiras expedi\u00e7\u00f5es e dos povos nativos?<\/p>\n<p data-sourcepos=\"5:1-5:195\"><strong>Nativo Experience<\/strong> es la excursi\u00f3n perfecta para ti. Nesta excurs\u00e3o 4&#215;4 ao meio-dia, voc\u00ea viajar\u00e1 ao longo da margem do Lago Argentino e aprender\u00e1 sobre a hist\u00f3ria desta regi\u00e3o de uma perspectiva \u00fanica.<\/p>\n<p data-sourcepos=\"7:1-7:261\">Durante el recorrido, visitar\u00e1s un sitio arqueol\u00f3gico donde podr\u00e1s ver pinturas rupestres de miles de a\u00f1os de antig\u00fcedad. Voc\u00ea tamb\u00e9m aprender\u00e1 sobre a flora e a fauna da Patag\u00f4nia e desfrutar\u00e1 de uma deliciosa refei\u00e7\u00e3o patag\u00f4nica em um local inesquec\u00edvel.<\/p>\n<p data-sourcepos=\"9:1-9:82\"><strong>Reserva tu lugar hoy mismo y vive una experiencia inolvidable en la Patagonia!<\/strong><\/p>\n","protected":false},"featured_media":273689,"template":"","meta":[],"product_brand":[],"product_cat":[1367,1134],"product_tag":[],"class_list":{"0":"post-131026","1":"product","2":"type-product","3":"status-publish","4":"has-post-thumbnail","6":"destino-calafate-pt-br-2","7":"mes-marzo-pt-br","8":"mes-noviembre-pt-br","9":"mes-abril-pt-br","10":"mes-diciembre-pt-br","11":"mes-mayo-pt-br","12":"mes-junio-pt-br","13":"mes-julio-pt-br","14":"mes-agosto-pt-br","15":"mes-enero-pt-br","16":"mes-septiembre-pt-br","17":"mes-febrero-pt-br","18":"mes-octubre-pt-br","19":"epoca-verano-pt-br","20":"epoca-invierno-pt-br","21":"epoca-todo-el-ano-pt-br","22":"product_cat-turismo-acessivel","23":"product_cat-turismo-de-aventura","25":"first","26":"instock","27":"virtual","28":"sold-individually","29":"purchasable","30":"product-type-booking"},"acf":[],"_links":{"self":[{"href":"https:\/\/tolkeyenpatagonia.com\/pt-br\/wp-json\/wp\/v2\/product\/131026","targetHints":{"allow":["GET"]}}],"collection":[{"href":"https:\/\/tolkeyenpatagonia.com\/pt-br\/wp-json\/wp\/v2\/product"}],"about":[{"href":"https:\/\/tolkeyenpatagonia.com\/pt-br\/wp-json\/wp\/v2\/types\/product"}],"wp:featuredmedia":[{"embeddable":true,"href":"https:\/\/tolkeyenpatagonia.com\/pt-br\/wp-json\/wp\/v2\/media\/273689"}],"wp:attachment":[{"href":"https:\/\/tolkeyenpatagonia.com\/pt-br\/wp-json\/wp\/v2\/media?parent=131026"}],"wp:term":[{"taxonomy":"product_brand","embeddable":true,"href":"https:\/\/tolkeyenpatagonia.com\/pt-br\/wp-json\/wp\/v2\/product_brand?post=131026"},{"taxonomy":"product_cat","embeddable":true,"href":"https:\/\/tolkeyenpatagonia.com\/pt-br\/wp-json\/wp\/v2\/product_cat?post=131026"},{"taxonomy":"product_tag","embeddable":true,"href":"https:\/\/tolkeyenpatagonia.com\/pt-br\/wp-json\/wp\/v2\/product_tag?post=131026"}],"curies":[{"name":"wp","href":"https:\/\/api.w.org\/{rel}","templated":true}]}}