{"id":130982,"date":"2021-04-29T22:28:28","date_gmt":"2023-01-25T11:54:50","guid":{"rendered":"https:\/\/tolkeyenpatagonia.com\/producto\/aventura-na-geleira-sul\/"},"modified":"2025-03-16T15:25:35","modified_gmt":"2025-03-16T18:25:35","slug":"aventura-na-geleira-sul","status":"publish","type":"product","link":"https:\/\/tolkeyenpatagonia.com\/pt-br\/producto\/aventura-na-geleira-sul\/","title":{"rendered":"Glaciar Sur Aventura"},"content":{"rendered":"<h2><strong>GLACIAR SUR AVENTURA<\/strong><\/h2>\n<h3><strong>TREKKING A LOS GLACIARES M\u00c1S AUSTRALES DEL PN LOS GLACIARES<\/strong><\/h3>\n<p>Glaciar Sur Aventura: Paisajes grandiosos de naturaleza pr\u00edstina. Se llega al l\u00edmite sur del Parque Nacional, sobre el l\u00edmite con Chile. Se navega el brazo Sur del Lago Argentino y el Lago Fr\u00edas, para llegar a pie de la Laguna Fr\u00edas Superior donde se visualizan los glaciares Dickson, Cubo y Grande. Historia natural, desde vestigios glaciarios de 20 mil a\u00f1os hasta morrenas de la \u00faltima d\u00e9cada y f\u00f3siles marinos.<\/p>\n<p><strong>El recorrido<\/strong><br \/>\nSalida desde el Calafate por la ruta 15, conocida como la Ruta de las Estancias, hacia el embarcadero Glaciar Sur que se encuentra en el Brazo Sur del Lago Argentino, en las costas de la Estancia Nibepo Aike.<\/p>\n<p>Navegaci\u00f3n hasta el fondo del Brazo Sur del Lago Argentino, cada ver m\u00e1s adentro de la Cordillera de los Andes. Al desembarcar, comienza la caminata hacia el Lago Fr\u00edas, al cual solo se accede a pie. El sendero se interna en un bosque de lengas. Luego de una subida leve se llega al mirador natural del Lago Fr\u00edas, todas estas tierras estaban cubiertas por el glaciar hom\u00f3nimo hace miles de a\u00f1os. Desde all\u00ed se desciende hacia la orilla del lago, para embarcar a bordo de la lancha Fitzcarraldo, y navegar 5 km por aguas cristalinas de sorprendente color esmeralda. Desde la otra orilla se inicia un trekking de 4.5 por el valle del R\u00edo Fr\u00edas.<\/p>\n<p>A medida que uno se aproxima a la \u00faltima morrena, los glaciares comienzan a verse cada vez m\u00e1s cerca. Un \u00e1rea pr\u00edstina del PN Los Glaciares. Un valle de ambientes cambiantes que termina en un anfiteatro, conformado por los glaciares Grande, Cubo y Dickson. Los glaciares desprenden sus hielos hacia la Laguna Fr\u00edas Superior (Grande y Cubo) y el Brazo Dickson (Glaciar Dickson) pero originalmente eran todos parte de un gran glaciar: el Fr\u00edas. Un paisaje \u00fanico, amplio y exclusivo.<\/p>\n<p>Hay tiempo libre para admirar el paisaje y almorzar, antes de desandar el recorrido y volver a El Calafate.<\/p>\n","protected":false},"excerpt":{"rendered":"<h2 data-sourcepos=\"1:1-1:57\"><strong>Explore os glaciares mais meridionais da Patag\u00f4nia!<\/strong><\/h2>\n<p data-sourcepos=\"3:1-3:124\">\u00bfTe imaginas caminar por un bosque de lengas y llegar a pie a los glaciares m\u00e1s australes del Parque Nacional Los Glaciares?<\/p>\n<p data-sourcepos=\"5:1-5:222\"><strong>South Glacier Adventure<\/strong> \u00e9 a excurs\u00e3o perfeita para voc\u00ea. Nesta excurs\u00e3o de dia inteiro, voc\u00ea navegar\u00e1 ao longo do Bra\u00e7o Sul do Lago Argentino e do Lago Frias, e far\u00e1 uma caminhada de 4,5 quil\u00f4metros pelo Vale do Rio Frias.<\/p>\n<p data-sourcepos=\"7:1-7:176\">Durante el recorrido, podr\u00e1s admirar paisajes grandiosos de naturaleza pr\u00edstina, desde vestigios glaciarios de 20 mil a\u00f1os hasta morrenas de la \u00faltima d\u00e9cada y f\u00f3siles marinos.<\/p>\n<p data-sourcepos=\"9:1-9:47\"><strong>Uma experi\u00eancia \u00fanica que voc\u00ea nunca esquecer\u00e1!<\/strong><\/p>\n<p data-sourcepos=\"11:1-11:67\"><strong>Reserve seu lugar hoje e experimente uma aventura na Patag\u00f4nia!<\/strong><\/p>\n","protected":false},"featured_media":130983,"template":"","meta":[],"product_brand":[],"product_cat":[1367,1113,1134],"product_tag":[],"class_list":{"0":"post-130982","1":"product","2":"type-product","3":"status-publish","4":"has-post-thumbnail","6":"destino-calafate-pt-br-2","7":"mes-marzo-pt-br","8":"mes-noviembre-pt-br","9":"mes-abril-pt-br","10":"mes-diciembre-pt-br","11":"mes-mayo-pt-br","12":"mes-junio-pt-br","13":"mes-julio-pt-br","14":"mes-agosto-pt-br","15":"mes-enero-pt-br","16":"mes-septiembre-pt-br","17":"mes-febrero-pt-br","18":"mes-octubre-pt-br","19":"epoca-verano-pt-br","20":"epoca-invierno-pt-br","21":"epoca-todo-el-ano-pt-br","22":"product_cat-turismo-acessivel","23":"product_cat-geleiras","24":"product_cat-turismo-de-aventura","26":"first","27":"instock","28":"shipping-taxable","29":"product-type-external"},"acf":[],"_links":{"self":[{"href":"https:\/\/tolkeyenpatagonia.com\/pt-br\/wp-json\/wp\/v2\/product\/130982","targetHints":{"allow":["GET"]}}],"collection":[{"href":"https:\/\/tolkeyenpatagonia.com\/pt-br\/wp-json\/wp\/v2\/product"}],"about":[{"href":"https:\/\/tolkeyenpatagonia.com\/pt-br\/wp-json\/wp\/v2\/types\/product"}],"wp:featuredmedia":[{"embeddable":true,"href":"https:\/\/tolkeyenpatagonia.com\/pt-br\/wp-json\/wp\/v2\/media\/130983"}],"wp:attachment":[{"href":"https:\/\/tolkeyenpatagonia.com\/pt-br\/wp-json\/wp\/v2\/media?parent=130982"}],"wp:term":[{"taxonomy":"product_brand","embeddable":true,"href":"https:\/\/tolkeyenpatagonia.com\/pt-br\/wp-json\/wp\/v2\/product_brand?post=130982"},{"taxonomy":"product_cat","embeddable":true,"href":"https:\/\/tolkeyenpatagonia.com\/pt-br\/wp-json\/wp\/v2\/product_cat?post=130982"},{"taxonomy":"product_tag","embeddable":true,"href":"https:\/\/tolkeyenpatagonia.com\/pt-br\/wp-json\/wp\/v2\/product_tag?post=130982"}],"curies":[{"name":"wp","href":"https:\/\/api.w.org\/{rel}","templated":true}]}}