{"id":130965,"date":"2022-01-10T20:38:11","date_gmt":"2023-01-25T11:40:54","guid":{"rendered":"https:\/\/tolkeyenpatagonia.com\/producto\/colina-huyliche-4x4\/"},"modified":"2024-10-28T19:12:34","modified_gmt":"2024-10-28T22:12:34","slug":"colina-huyliche-4x4","status":"publish","type":"product","link":"https:\/\/tolkeyenpatagonia.com\/pt-br\/producto\/colina-huyliche-4x4\/","title":{"rendered":"Cerro Huyliche 4&#215;4"},"content":{"rendered":"<h2><strong>CERRO HUYLICHE 4X4<\/strong><\/h2>\n<h3><strong>EXPERIENCIA TOLKEYEN<\/strong><\/h3>\n<p><img loading=\"lazy\" decoding=\"async\" class=\"aligncenter wp-image-45277 size-full\" src=\"https:\/\/tolkeyenpatagonia.com\/wp-content\/uploads\/2021\/06\/Experiencia-en-El-Calafate-Cerro-Huyliche-6.jpg\" alt=\"\" width=\"1024\" height=\"768\" \/><\/p>\n<p>Desde El Calafate ascenderemos en 4X4 el cord\u00f3n Huyliche hasta los 1100 msnm, punto panor\u00e1mico de las Cordillera de los Andes, la estepa patag\u00f3nica y todos los brazos del Lago Argentino, rodeado de fant\u00e1sticas formaciones rocosas desde donde se puede apreciar la evoluci\u00f3n geol\u00f3gica de la zona.<\/p>\n<p>Si est\u00e1 despejado, podremos apreciar la Cordillera de los Andes desde el Cerro Fitz Roy y el Torre, hasta El Paine. Tal vez tambien podremos contemplar el vuelo de los C\u00f3ndores.<\/p>\n<p>Si esta nublado el Valle, podremos ver la Cordillera por sobre las nubes, que normalmente se ubican en los 700 metros, unos 500 por debajo de nuestra posici\u00f3n.<\/p>\n<p>En la cima haremos nuestro stop para &#8220;matear&#8221; y realizaremos un descenso de los veh\u00edculos para realizar una peque\u00f1a caminata hasta el filo de los Balcones.<\/p>\n<p>Continuando, para el descenso arribaremos a la Estancia Huyliche, hist\u00f3rico establecimiento ganadero en actividad y que data de la d\u00e9cada de 1920, \u00e9poca de los hist\u00f3ricos acontecimientos conocidos como la Patagonia Rebelde. Luego, en la casona mas antigua de la Estancia serviremos el almuerzo, merienda o cena seg\u00fan el horario reservado.<\/p>\n<p>** La excursi\u00f3n Cerro Huyliche 4&#215;4 tiene 3 opciones para realizar la bajada:\u00a04&#215;4, Tirolesa o Trekking. Si viaja en familia o con amigos y eligen opciones distintas compartir\u00e1n el ascenso al cerro en 4&#215;4 y el tiempo en el casco de la Estancia Huyliche. **<\/p>\n<p>El tour dura aproximadamente entre 3 y 3,5 hs desde la b\u00fasqueda por los hoteles hasta el regreso.<\/p>\n<p>En \u00e9poca\u00a0invernal\u00a0cuando parte del recorrido en 4&#215;4 se torna inaccesible debido a la gran cantidad de nieve acumulada (o barro en \u00e9poca de deshielo), el ascenso se hace hasta unos 800 metros hasta llegar al Balc\u00f3n &#8220;Este&#8221; desde el cual se pueden apreciar las magn\u00edficas vistas panor\u00e1micas de El Calafate, Lago Argentino y la Cordillera de los Andes.<\/p>\n","protected":false},"excerpt":{"rendered":"<h2>Suba o Cerro Huyliche em um 4&#215;4 e desfrute de uma vista panor\u00e2mica de El Calafate<\/h2>\n<p data-sourcepos=\"5:1-5:228\">Quer viver uma experi\u00eancia \u00fanica na Patag\u00f4nia? \u00a1Ascende al Cerro Huyliche en 4&#215;4! Nesta excurs\u00e3o de meio dia, voc\u00ea passar\u00e1 pelas paisagens mais espetaculares da regi\u00e3o, do topo de uma montanha a 1100 metros de altura.<\/p>\n<p data-sourcepos=\"7:1-7:185\">Durante a viagem, voc\u00ea poder\u00e1 desfrutar da flora e fauna nativas, bem como das vistas panor\u00e2micas do Lago Argentino, da Cordilheira dos Andes e do Gelo Continental da Patag\u00f4nia.<\/p>\n<p data-sourcepos=\"9:1-9:140\">Este passeio \u00e9 ideal para os amantes da natureza e da aventura. N\u00e3o perca a oportunidade de viver uma experi\u00eancia inesquec\u00edvel!<\/p>\n","protected":false},"featured_media":130971,"template":"","meta":[],"product_brand":[],"product_cat":[1367,1134],"product_tag":[],"class_list":{"0":"post-130965","1":"product","2":"type-product","3":"status-publish","4":"has-post-thumbnail","6":"destino-calafate-pt-br-2","7":"mes-marzo-pt-br","8":"mes-noviembre-pt-br","9":"mes-abril-pt-br","10":"mes-diciembre-pt-br","11":"mes-mayo-pt-br","12":"mes-julio-pt-br","13":"mes-agosto-pt-br","14":"mes-enero-pt-br","15":"mes-septiembre-pt-br","16":"mes-febrero-pt-br","17":"mes-octubre-pt-br","18":"epoca-verano-pt-br","19":"epoca-invierno-pt-br","20":"epoca-todo-el-ano-pt-br","21":"product_cat-turismo-acessivel","22":"product_cat-turismo-de-aventura","24":"first","25":"instock","26":"shipping-taxable","27":"product-type-external"},"acf":[],"_links":{"self":[{"href":"https:\/\/tolkeyenpatagonia.com\/pt-br\/wp-json\/wp\/v2\/product\/130965","targetHints":{"allow":["GET"]}}],"collection":[{"href":"https:\/\/tolkeyenpatagonia.com\/pt-br\/wp-json\/wp\/v2\/product"}],"about":[{"href":"https:\/\/tolkeyenpatagonia.com\/pt-br\/wp-json\/wp\/v2\/types\/product"}],"wp:featuredmedia":[{"embeddable":true,"href":"https:\/\/tolkeyenpatagonia.com\/pt-br\/wp-json\/wp\/v2\/media\/130971"}],"wp:attachment":[{"href":"https:\/\/tolkeyenpatagonia.com\/pt-br\/wp-json\/wp\/v2\/media?parent=130965"}],"wp:term":[{"taxonomy":"product_brand","embeddable":true,"href":"https:\/\/tolkeyenpatagonia.com\/pt-br\/wp-json\/wp\/v2\/product_brand?post=130965"},{"taxonomy":"product_cat","embeddable":true,"href":"https:\/\/tolkeyenpatagonia.com\/pt-br\/wp-json\/wp\/v2\/product_cat?post=130965"},{"taxonomy":"product_tag","embeddable":true,"href":"https:\/\/tolkeyenpatagonia.com\/pt-br\/wp-json\/wp\/v2\/product_tag?post=130965"}],"curies":[{"name":"wp","href":"https:\/\/api.w.org\/{rel}","templated":true}]}}