{"id":130542,"date":"2022-09-20T11:00:44","date_gmt":"2023-01-24T18:51:25","guid":{"rendered":"https:\/\/tolkeyenpatagonia.com\/producto\/full-day-chalten-mirante-dos-condores-e-chorrillos-del-salto\/"},"modified":"2024-12-04T14:25:18","modified_gmt":"2024-12-04T17:25:18","slug":"full-day-chalten","status":"publish","type":"product","link":"https:\/\/tolkeyenpatagonia.com\/pt-br\/producto\/full-day-chalten\/","title":{"rendered":"Dia Inteiro Chalt\u00e9n: Mirador de C\u00f3ndores &amp; Chorrillos del Salto"},"content":{"rendered":"<h2 style=\"text-align: center;\"><strong> CHORRILLO DEL SALTO, MIRADOURO DO CONDOR<\/strong><\/h2>\n<h4 style=\"text-align: center;\"><strong><span style=\"color: #34568a; font-size: 18pt;\">EXPERI\u00caNCIA TOLKEYEN<\/span><\/strong><\/h4>\n<h3>CHALT\u00c9N DE DIA INTEIRO:<\/h3>\n<p>Em um ve\u00edculo confort\u00e1vel, come\u00e7aremos o passeio pelos hot\u00e9is \u00e0s 08:00 hs. para iniciar nossa jornada, acompanhado por um guia bil\u00edngue. Ao longo da costa do Lago Argentino continuaremos at\u00e9 o cruzamento com a RN 40 que seguiremos em dire\u00e7\u00e3o ao norte. Aproximadamente a meio caminho chegaremos ao parador La Leona, uma antiga constru\u00e7\u00e3o datada de 1894, \u00e0s margens do rio hom\u00f4nimo, onde conheceremos sua hist\u00f3ria. Continuando para o norte, e ap\u00f3s v\u00e1rias paradas em pontos panor\u00e2micos, certamente encontraremos manadas de guanacos e lebres. Assim que chegarmos em El Chalt\u00e9n visitaremos o Centro de Interpreta\u00e7\u00e3o e acompanhados pelo nosso guia caminharemos pela trilha Mirador de los C\u00f3ndores.<\/p>\n<p><img loading=\"lazy\" decoding=\"async\" class=\"alignnone size-medium wp-image-206651\" src=\"https:\/\/tolkeyenpatagonia.com\/wp-content\/uploads\/2022\/09\/Diseno-sin-titulo-2024-01-16T185641.957-1140x760.jpg\" alt=\"Vista de Pamoramica El Chalten\" width=\"1140\" height=\"760\" srcset=\"https:\/\/tolkeyenpatagonia.com\/wp-content\/uploads\/2022\/09\/Diseno-sin-titulo-2024-01-16T185641.957-1140x760.jpg 1140w, https:\/\/tolkeyenpatagonia.com\/wp-content\/uploads\/2022\/09\/Diseno-sin-titulo-2024-01-16T185641.957-768x512.jpg 768w, https:\/\/tolkeyenpatagonia.com\/wp-content\/uploads\/2022\/09\/Diseno-sin-titulo-2024-01-16T185641.957-600x400.jpg 600w, https:\/\/tolkeyenpatagonia.com\/wp-content\/uploads\/2022\/09\/Diseno-sin-titulo-2024-01-16T185641.957.jpg 1200w\" sizes=\"auto, (max-width: 1140px) 100vw, 1140px\" \/><\/p>\n<p><img loading=\"lazy\" decoding=\"async\" class=\"alignnone size-medium wp-image-206639\" src=\"https:\/\/tolkeyenpatagonia.com\/wp-content\/uploads\/2022\/09\/Diseno-sin-titulo-2024-01-16T185233.191-1140x760.jpg\" alt=\"Caminhada at\u00e9 os mirantes\" width=\"1140\" height=\"760\" srcset=\"https:\/\/tolkeyenpatagonia.com\/wp-content\/uploads\/2022\/09\/Diseno-sin-titulo-2024-01-16T185233.191-1140x760.jpg 1140w, https:\/\/tolkeyenpatagonia.com\/wp-content\/uploads\/2022\/09\/Diseno-sin-titulo-2024-01-16T185233.191-768x512.jpg 768w, https:\/\/tolkeyenpatagonia.com\/wp-content\/uploads\/2022\/09\/Diseno-sin-titulo-2024-01-16T185233.191-600x400.jpg 600w, https:\/\/tolkeyenpatagonia.com\/wp-content\/uploads\/2022\/09\/Diseno-sin-titulo-2024-01-16T185233.191.jpg 1200w\" sizes=\"auto, (max-width: 1140px) 100vw, 1140px\" \/><\/p>\n<p>Terminada a trilha iremos almo\u00e7ar para repor as energias. Em seguida, visitaremos Chorrillo del Salto, a 4km de El Chalt\u00e9n, onde apreciaremos a paisagem encantadora e uma cachoeira natural de 20 metros de altura no meio da cordilheira. Por volta das 16h30 retornaremos a El Calafate, estimando nossa chegada \u00e0s 19h00 ap\u00f3s uma experi\u00eancia enriquecedora.<\/p>\n<p><img loading=\"lazy\" decoding=\"async\" class=\"alignnone size-full wp-image-128250\" src=\"https:\/\/tolkeyenpatagonia.com\/wp-content\/uploads\/2023\/01\/El-Chalten-cascada.jpg\" alt=\"Chorrillos del Salto\" width=\"1200\" height=\"800\"><\/p>\n<p><img loading=\"lazy\" decoding=\"async\" class=\"alignnone size-medium wp-image-206636\" src=\"https:\/\/tolkeyenpatagonia.com\/wp-content\/uploads\/2022\/09\/Diseno-sin-titulo-2024-01-16T185129.510-1140x760.jpg\" alt=\"Trekking em grupo at\u00e9 os mirantes\" width=\"1140\" height=\"760\" srcset=\"https:\/\/tolkeyenpatagonia.com\/wp-content\/uploads\/2022\/09\/Diseno-sin-titulo-2024-01-16T185129.510-1140x760.jpg 1140w, https:\/\/tolkeyenpatagonia.com\/wp-content\/uploads\/2022\/09\/Diseno-sin-titulo-2024-01-16T185129.510-768x512.jpg 768w, https:\/\/tolkeyenpatagonia.com\/wp-content\/uploads\/2022\/09\/Diseno-sin-titulo-2024-01-16T185129.510-600x400.jpg 600w, https:\/\/tolkeyenpatagonia.com\/wp-content\/uploads\/2022\/09\/Diseno-sin-titulo-2024-01-16T185129.510.jpg 1200w\" sizes=\"auto, (max-width: 1140px) 100vw, 1140px\" \/><\/p>\n","protected":false},"excerpt":{"rendered":"<h2 data-sourcepos=\"7:1-7:97\">Dia inteiro em El Chalt\u00e9n para Chorrillos del Salto<\/h2>\n<p data-sourcepos=\"7:1-7:97\">Desfrute de um dia inteiro em El Chalt\u00e9n, a capital do trekking da Patag\u00f4nia argentina. O passeio come\u00e7a \u00e0s 8:00 am. com pickup do seu hotel em El Calafate. Durante el trayecto, haremos paradas en puntos panor\u00e1micos para disfrutar de las hermosas vistas de la Patagonia.<\/p>\n<p data-sourcepos=\"13:1-13:135\">Ao chegar em El Chalt\u00e9n, visitaremos o Centro de Interpreta\u00e7\u00e3o e depois faremos uma caminhada at\u00e9 o Mirador de los C\u00f3ndores.<\/p>\n<p data-sourcepos=\"15:1-15:88\">Deste mirante, teremos uma vista privilegiada das colinas Fitz Roy e Torre. Ap\u00f3s o almo\u00e7o, visitaremos Chorrillo del Salto, uma cachoeira natural de 20 metros de altura. El regreso a El Calafate est\u00e1 previsto para las 19:00 hs.<\/p>\n<p data-sourcepos=\"21:1-21:139\">Este passeio \u00e9 uma excelente oportunidade para conhecer as belezas naturais da Patag\u00f4nia e viver uma experi\u00eancia inesquec\u00edvel de trekking.<\/p>\n[embed]https:\/\/youtu.be\/IqokNPonS2g[\/embed]\n","protected":false},"featured_media":314213,"template":"","meta":[],"product_brand":[],"product_cat":[1301,1113,1114,1134],"product_tag":[],"class_list":{"0":"post-130542","1":"product","2":"type-product","3":"status-publish","4":"has-post-thumbnail","6":"destino-calafate-pt-br-2","7":"destino-el-chalten-pt-br-2","8":"destino-multidestino-pt-br-2","9":"mes-marzo-pt-br","10":"mes-noviembre-pt-br","11":"mes-abril-pt-br","12":"mes-diciembre-pt-br","13":"mes-mayo-pt-br","14":"mes-junio-pt-br","15":"mes-julio-pt-br","16":"mes-agosto-pt-br","17":"mes-enero-pt-br","18":"mes-septiembre-pt-br","19":"mes-febrero-pt-br","20":"mes-octubre-pt-br","21":"epoca-verano-pt-br","22":"epoca-invierno-pt-br","23":"epoca-todo-el-ano-pt-br","24":"product_cat-pacotes-para-el-chalten","25":"product_cat-geleiras","26":"product_cat-pacotes-calafate","27":"product_cat-turismo-de-aventura","29":"first","30":"instock","31":"sale","32":"virtual","33":"sold-individually","34":"purchasable","35":"product-type-booking"},"acf":[],"_links":{"self":[{"href":"https:\/\/tolkeyenpatagonia.com\/pt-br\/wp-json\/wp\/v2\/product\/130542","targetHints":{"allow":["GET"]}}],"collection":[{"href":"https:\/\/tolkeyenpatagonia.com\/pt-br\/wp-json\/wp\/v2\/product"}],"about":[{"href":"https:\/\/tolkeyenpatagonia.com\/pt-br\/wp-json\/wp\/v2\/types\/product"}],"wp:featuredmedia":[{"embeddable":true,"href":"https:\/\/tolkeyenpatagonia.com\/pt-br\/wp-json\/wp\/v2\/media\/314213"}],"wp:attachment":[{"href":"https:\/\/tolkeyenpatagonia.com\/pt-br\/wp-json\/wp\/v2\/media?parent=130542"}],"wp:term":[{"taxonomy":"product_brand","embeddable":true,"href":"https:\/\/tolkeyenpatagonia.com\/pt-br\/wp-json\/wp\/v2\/product_brand?post=130542"},{"taxonomy":"product_cat","embeddable":true,"href":"https:\/\/tolkeyenpatagonia.com\/pt-br\/wp-json\/wp\/v2\/product_cat?post=130542"},{"taxonomy":"product_tag","embeddable":true,"href":"https:\/\/tolkeyenpatagonia.com\/pt-br\/wp-json\/wp\/v2\/product_tag?post=130542"}],"curies":[{"name":"wp","href":"https:\/\/api.w.org\/{rel}","templated":true}]}}