{"id":130228,"date":"2019-04-04T11:22:20","date_gmt":"2023-01-24T18:17:29","guid":{"rendered":"https:\/\/tolkeyenpatagonia.com\/producto\/australis-cabo-horn\/"},"modified":"2026-04-10T13:52:08","modified_gmt":"2026-04-10T16:52:08","slug":"australis-cabo-horn","status":"publish","type":"product","link":"https:\/\/tolkeyenpatagonia.com\/pt-br\/producto\/australis-cabo-horn\/","title":{"rendered":"Cruzeiros Australis USHUAIA\/ PUNTA ARENAS &#8211; 04 noites"},"content":{"rendered":"<h2 style=\"text-align: center;\"><strong>EXPLORADORES DE LA PATAGONIA<\/strong><\/h2>\n<h4 style=\"text-align: center;\">\u00a0RUTA ONE WAY &#8211; 4 NOCHES<br \/>\nUSHUAIA (ARGENTINA) \/\/ PUNTA ARENAS (CHILE)<\/h4>\n<h3 style=\"text-align: center;\">\u00a0DESDE USD 1665 EN CABINA B PROMOCIONAL<\/h3>\n<h3>Cruceros Australis USHUAIA\/ PUNTA ARENAS : D\u00eda por d\u00eda<\/h3>\n<p><strong>DIA 1 CHECK-IN EN USHUAIA<\/strong><\/p>\n<p>Entre las 10:00 y 17:00 hrs realizaremos el check-in en la oficina de Tolkeyen Patagonia Turismo, en Av. San Mart\u00edn 409, Ushuaia &#8211; Argentina, para embarcar a las 18:00 hrs.<br \/>\nLuego del embarque, nos reuniremos en la quinta cubierta para hacer un brindis de bienvenida y conocer al Capit\u00e1n y su tripulaci\u00f3n. Posteriormente, la nave zarpar\u00e1 hacia el extremo Sur.<br \/>\nA trav\u00e9s del m\u00edtico Canal Beagle y del Estrecho de Magallanes, nos internaremos por la Patagonia y los canales de Tierra del Fuego.<\/p>\n<p>&nbsp;<\/p>\n<p><strong>DIA 2 CABO DE HORNOS Y BAH\u00cdA WULAIA<\/strong><\/p>\n<p>Navegaremos por el Canal Murray y Bah\u00eda Nassau llegando al Parque Nacional Cabo de Hornos, donde desembarcaremos si las condiciones clim\u00e1ticas lo permiten para vivir la magia de caminar por uno de los puntos m\u00e1s australes del mundo, rodeado de encanto y de leyendas. Por la tarde desembarcaremos en Bah\u00eda Wulaia, sitio hist\u00f3rico que fuera uno de los asentamientos m\u00e1s grandes de los nativos canoeros Y\u00e1manas. Llegaremos hasta un mirador, caminando a trav\u00e9s del bosque magall\u00e1nico en el que crecen lengas, coig\u00fces, canelos y helechos, entre otras especies.<\/p>\n<p>&nbsp;<\/p>\n<p><strong>DIA 3 GLACIAR P\u00cdA Y GLACIAR PORTER<\/strong><\/p>\n<p>Por la ma\u00f1ana navegaremos por el brazo Noroeste del Canal Beagle para ingresar y desembarcar en el Fiordo P\u00eda. Realizaremos una excursi\u00f3n hasta el mirador desde donde se puede observar el glaciar hom\u00f3nimo, cuya lengua principal se extiende desde lo alto del cord\u00f3n monta\u00f1oso hasta el mar. Durante la tarde, realizaremos una excursi\u00f3n de navegaci\u00f3n en nuestros botes Zodiac, sin descender de ellos.<br \/>\nAvanzaremos entre altas paredes rocosas para encontrarnos, al final de ellas, con el imponente Glaciar Porter y poder contemplarlo frente a frente.<\/p>\n<h3><\/h3>\n<p><strong>DIA 4 GLACIAR \u00c1GUILA Y GLACIAR C\u00d3NDOR<\/strong><\/p>\n<p>Por la ma\u00f1ana navegaremos por el Canal Cockburn para adentrarnos al Seno de Agostini, donde ser\u00e1 posible apreciar los glaciares que descienden desde el centro de la Cordillera Darwin, llegando algunos de ellos hasta el mar. Despu\u00e9s del desayuno, desembarcaremos en botes Zodiac para realizar una caminata suave alrededor de una laguna formada por el derretimiento del Glaciar \u00c1guila, hasta el cual<br \/>\nllegaremos a estar frente a frente. Por la tarde realizaremos una navegaci\u00f3n en botes Zodiacs, sin descender de ellos, para acercarnos a una distancia privilegiada del Glaciar C\u00f3ndor. Aprenderemos<br \/>\nsobre la formaci\u00f3n de los glaciares y su influencia en la abrupta geograf\u00eda de los canales fueguinos.<\/p>\n<p>&nbsp;<\/p>\n<p><strong>DIA 5 ISLA MAGDALENA Y PUNTA ARENAS<\/strong><br \/>\nA primera hora de la ma\u00f1ana desembarcaremos en Isla Magdalena, si las condiciones clim\u00e1ticas lo permiten. En la isla podremos apreciar una colonia de ping\u00fcinos de Magallanes. En septiembre y abril, esta excursi\u00f3n es reemplazada por un desembarco en Isla Marta, donde se pueden avistar lobos marinos sudamericanos desde los botes Zodiac. Finalmente arribaremos a Punta Arenas, desembarcando, aproximadamente, a las 12:30 hrs.<\/p>\n<p>&nbsp;<\/p>\n<h3>Cruceros Australis USHUAIA\/ PUNTA ARENAS: A tener en cuenta<\/h3>\n<p>NOTA: Las excursiones descritas en los itinerarios son, usualmente, posibles de ser realizadas. Sin perjuicio de lo anterior, el Armador se reserva el derecho a alterar, cambiar u omitir parte de este itinerario sin previo aviso, sea motivado por el bienestar y seguridad de los pasajeros, para la adecuada preservaci\u00f3n del medio ambiente o en el evento de sobrevenir cualquier circunstancia extraordinaria, caso fortuito o fuerza mayor que obligue a ello. Por las mismas razones, el zarpe o llegada de las naves podr\u00e1n estar sujetos a eventuales cambios. As\u00ed mismo, no es posible garantizar los avistamientos de aves y animales puesto que la ubicaci\u00f3n precisa de \u00e9stos es variable.<\/p>\n<p>&nbsp;<\/p>\n<p><iframe loading=\"lazy\" title=\"Cabo de Hornos - Tolkeyen Patagonia Turismo\" src=\"https:\/\/www.youtube.com\/embed\/lg1bAaLX9i0?feature=oembed\" width=\"1080\" height=\"608\" allowfullscreen=\"allowfullscreen\" data-mce-fragment=\"1\"><\/iframe><\/p>\n","protected":false},"excerpt":{"rendered":"<h2 data-sourcepos=\"1:1-1:48\"><strong>Explore a Patag\u00f4nia em uma viagem inesquec\u00edvel  <\/strong><\/h2>\n<p data-sourcepos=\"3:1-3:229\">J\u00e1 imaginou navegar pelos canais e fiordes patag\u00f4nicos, descobrindo geleiras, florestas, montanhas e uma grande variedade de fauna marinha?<\/p>\n<p data-sourcepos=\"5:1-5:123\">A Australis Experience baseia-se no acesso \u00fanico e privilegiado a recantos onde poucos conseguiram chegar. Convidamos voc\u00ea a ver e SENTIR a majestade das geleiras centen\u00e1rias e florestas<br \/>\nvirgens que povoam as paisagens do extremo sul do mundo. <\/p>\n<h4>Descubra o FIM DO MUNDO em um cruzeiro de expedi\u00e7\u00e3o.<\/h4>\n<p data-sourcepos=\"23:1-23:71\"><strong>NAVEGA\u00c7\u00c3O DE USHUAIA A PUNTA ARENAS &#8211; 4 NOITES<\/strong><\/p>\n<p>ITINER\u00c1RIO<br \/>\nDIA 1: Ushuaia<br \/>\nDIA 2: Cabo Horn &#8211; Ba\u00eda de Wulaia<br \/>\nDIA 3: Glaciar Pia &#8211; Glaciar Porter<br \/>\nDIA 4: Glaciar \u00c1guila &#8211; Glaciar Condor<br \/>\nDIA 5: Ilha Magdalena* &#8211; Punta Arenas<\/p>\n<p>* Em setembro e abril, esta excurs\u00e3o \u00e9 substitu\u00edda pela Isla Marta.<\/p>\n<h3 style=\"text-align: left;\">A PARTIR DE USD 1665 EM CABINE B PROMOCIONAL<\/h3>\n<p data-sourcepos=\"23:1-23:71\"><strong><br \/>\nReserve seu lugar hoje para uma aventura que voc\u00ea nunca esquecer\u00e1.<\/strong><\/p>\n<p data-sourcepos=\"23:1-23:71\"><strong> <\/strong><\/p>\n","protected":false},"featured_media":130229,"template":"","meta":[],"product_brand":[],"product_cat":[1134],"product_tag":[],"class_list":{"0":"post-130228","1":"product","2":"type-product","3":"status-publish","4":"has-post-thumbnail","6":"destino-ushuaia-pt-br-2","7":"mes-marzo-pt-br","8":"mes-noviembre-pt-br","9":"mes-abril-pt-br","10":"mes-diciembre-pt-br","11":"mes-enero-pt-br","12":"mes-septiembre-pt-br","13":"mes-febrero-pt-br","14":"mes-octubre-pt-br","15":"epoca-verano-pt-br","16":"product_cat-turismo-de-aventura","18":"first","19":"instock","20":"shipping-taxable","21":"product-type-external"},"acf":[],"_links":{"self":[{"href":"https:\/\/tolkeyenpatagonia.com\/pt-br\/wp-json\/wp\/v2\/product\/130228","targetHints":{"allow":["GET"]}}],"collection":[{"href":"https:\/\/tolkeyenpatagonia.com\/pt-br\/wp-json\/wp\/v2\/product"}],"about":[{"href":"https:\/\/tolkeyenpatagonia.com\/pt-br\/wp-json\/wp\/v2\/types\/product"}],"wp:featuredmedia":[{"embeddable":true,"href":"https:\/\/tolkeyenpatagonia.com\/pt-br\/wp-json\/wp\/v2\/media\/130229"}],"wp:attachment":[{"href":"https:\/\/tolkeyenpatagonia.com\/pt-br\/wp-json\/wp\/v2\/media?parent=130228"}],"wp:term":[{"taxonomy":"product_brand","embeddable":true,"href":"https:\/\/tolkeyenpatagonia.com\/pt-br\/wp-json\/wp\/v2\/product_brand?post=130228"},{"taxonomy":"product_cat","embeddable":true,"href":"https:\/\/tolkeyenpatagonia.com\/pt-br\/wp-json\/wp\/v2\/product_cat?post=130228"},{"taxonomy":"product_tag","embeddable":true,"href":"https:\/\/tolkeyenpatagonia.com\/pt-br\/wp-json\/wp\/v2\/product_tag?post=130228"}],"curies":[{"name":"wp","href":"https:\/\/api.w.org\/{rel}","templated":true}]}}