{"id":129054,"date":"2023-01-23T22:26:57","date_gmt":"2023-01-24T01:27:06","guid":{"rendered":"https:\/\/tolkeyenpatagonia.com\/?post_type=product&#038;p=129054"},"modified":"2025-02-10T11:38:31","modified_gmt":"2025-02-10T14:38:31","slug":"parque-nacional-tierra-del-fuego-no-verao-copia-2","status":"publish","type":"product","link":"https:\/\/tolkeyenpatagonia.com\/pt-br\/producto\/parque-nacional-tierra-del-fuego-no-verao-copia-2\/","title":{"rendered":"Live Ushuaia Whisky \u2013 ADMISS\u00c3O GERAL &#8211; Em breve edi\u00e7\u00e3o de 2025!"},"content":{"rendered":"","protected":false},"excerpt":{"rendered":"<h2 style=\"text-align: center;\"><strong>Whisky Live Ushuaia \u2013 Fim do Mundo<\/strong><\/h2>\n<p style=\"text-align: left;\">Whiskey Live \u00e9 o evento internacional de degusta\u00e7\u00e3o e celebra\u00e7\u00e3o de whisky e bebidas espirituosas onde os visitantes poder\u00e3o descobrir novos produtos e sabores.<\/p>\n<p><b>Em breve edi\u00e7\u00e3o de 2025!<\/b>  &#8211; ADMISS\u00c3O GERAL<\/p>\n<p>A consulta ser\u00e1 em <strong>julho no Hotel Las Hayas a partir das 19h.<\/strong><br \/>\nO evento contar\u00e1 com a presen\u00e7a das principais marcas de u\u00edsque do mundo. A degusta\u00e7\u00e3o geral ser\u00e1 na sala principal do hotel e degusta\u00e7\u00f5es e treinamentos exclusivos poder\u00e3o ser acessados \u200b\u200bem salas privadas.<\/p>\n<p>A entrada para o <strong>Whisky Live Ushuaia <\/strong>incluir\u00e1 um mini copo de degusta\u00e7\u00e3o t\u00e9cnica e 30 cr\u00e9ditos para degustar entre os mais de 100 r\u00f3tulos de u\u00edsque que ser\u00e3o exibidos nos estandes de cada destilaria.<\/p>\n<p>BEBA COM MODERA\u00c7\u00c3O. \u00c9 PROIBIDA A VENDA PARA MENORES DE 18 ANOS. A ORGANIZADORA RESERVA-SE O DIREITO DE ADMISS\u00c3O E PERMAN\u00caNCIA.<\/p>\n","protected":false},"featured_media":131098,"template":"","meta":[],"product_brand":[],"product_cat":[1163],"product_tag":[816],"class_list":{"0":"post-129054","1":"product","2":"type-product","3":"status-publish","4":"has-post-thumbnail","6":"mes-julio-pt-br","7":"epoca-invierno-pt-br","8":"product_cat-whisky-live-ushuaia-fin-del-mundo-pt-br","9":"product_tag-uisque-ao-vivo","11":"first","12":"instock","13":"shipping-taxable","14":"product-type-external"},"acf":[],"_links":{"self":[{"href":"https:\/\/tolkeyenpatagonia.com\/pt-br\/wp-json\/wp\/v2\/product\/129054","targetHints":{"allow":["GET"]}}],"collection":[{"href":"https:\/\/tolkeyenpatagonia.com\/pt-br\/wp-json\/wp\/v2\/product"}],"about":[{"href":"https:\/\/tolkeyenpatagonia.com\/pt-br\/wp-json\/wp\/v2\/types\/product"}],"wp:featuredmedia":[{"embeddable":true,"href":"https:\/\/tolkeyenpatagonia.com\/pt-br\/wp-json\/wp\/v2\/media\/131098"}],"wp:attachment":[{"href":"https:\/\/tolkeyenpatagonia.com\/pt-br\/wp-json\/wp\/v2\/media?parent=129054"}],"wp:term":[{"taxonomy":"product_brand","embeddable":true,"href":"https:\/\/tolkeyenpatagonia.com\/pt-br\/wp-json\/wp\/v2\/product_brand?post=129054"},{"taxonomy":"product_cat","embeddable":true,"href":"https:\/\/tolkeyenpatagonia.com\/pt-br\/wp-json\/wp\/v2\/product_cat?post=129054"},{"taxonomy":"product_tag","embeddable":true,"href":"https:\/\/tolkeyenpatagonia.com\/pt-br\/wp-json\/wp\/v2\/product_tag?post=129054"}],"curies":[{"name":"wp","href":"https:\/\/api.w.org\/{rel}","templated":true}]}}