{"id":125394,"date":"2021-10-22T21:17:38","date_gmt":"2023-01-02T16:55:23","guid":{"rendered":"https:\/\/tolkeyenpatagonia.com\/producto\/el-chalten-lago-deserto-geleira-vespignani\/"},"modified":"2025-04-15T12:48:06","modified_gmt":"2025-04-15T15:48:06","slug":"el-chalten-lago-deserto-geleira-vespignani","status":"publish","type":"product","link":"https:\/\/tolkeyenpatagonia.com\/pt-br\/producto\/el-chalten-lago-deserto-geleira-vespignani\/","title":{"rendered":"El Chalt\u00e9n &#8211; Lago do Deserto &#8211; Glaciar Vespignani"},"content":{"rendered":"<h2>EXPERIENCIA El CHALT\u00c9N, LAGO DEL DESIERTO Y GLACIAR VESPIGNANI<\/h2>\n<h4><strong>EXPERIENCIA TOLKEYEN<\/strong><\/h4>\n<p>Se comienza el recorrido por los hoteles de El Calafate a partir de las 7 de la ma\u00f1ana<\/p>\n<p><i>Un recorrido\u00a0 por uno de los paisajes m\u00e1s representativos de la Patagonia Argentina, transitando parte de la RN40 teniendo la posibilidad de disfrutar de las maravillosas vistas panor\u00e1micas\u00a0<\/i>Llegados a El Chalten tomaremos el traslado , ser\u00e1 un traslado autoguiado, recorriendo los 37 Km que nos separan del Lago del Desierto por un bell\u00edsimo camino de ripio,\u00a0acompa\u00f1ando el R\u00edo de las Vueltas.<\/p>\n<p>Luego, desde el muelle de Punta sur navegamos unos 30 minutos avistando los glaciares Huemul y Crest\u00f3n para desembarcar en el sector del Gran Glaciar Vespignani, que se encuentra en el \u00e1rea central del lago. Una vez all\u00ed,\u00a0bajo la supervisi\u00f3n de un responsable de la actividad para tu seguridad, dispondr\u00e1n de 2 horas para optar por recorrer todos o alguno de los TRES senderos Luego de un chocolate de despedida embarcamos de regreso para arribar al muelle de Punta Sur.\u00a0Desde all\u00ed el bus nos traslada a El Chalt\u00e9n par volver a tomar el bus que los llevara a El Calafate. ( este traslado es sin gu\u00eda )<\/p>\n<p>El sendero Rojo con un desnivel de 200 metros y 2 km de recorrido nos permite en una hora, a paso lento, acceder a una gran vista\u00a0 del glaciar, m\u00e1s una incre\u00edble vista de altura de la cara norte del cerro Fitz Roy.<\/p>\n<h3>Sendero Amarillo<\/h3>\n<p>El sendero\u00a0Amarillo, con un desnivel de solo 50 metros en\u00a01 km,\u00a0nos lleva con una suave pendiente en 30 minutos a\u00a0un destacado punto panor\u00e1mico con\u00a0vista al Glaciar.<\/p>\n<h3>Sendero Verde<\/h3>\n<p>El sendero\u00a0verde como opci\u00f3n o complemento a los otros recorridos, es\u00a0un paseo interpretativo sin desnivel de solo 800 metros de desarrollo\u00a0total,\u00a0que siempre dentro del \u00e1rea\u00a0boscosa y costera, no se priva de tener su mirador al Gran Glaciar.<\/p>\n","protected":false},"excerpt":{"rendered":"<p><i><span style=\"font-weight: 400;\">Uma visita guiada por uma das paisagens mais representativas da Patag\u00f4nia argentina<\/span><\/i>: <span style=\"font-weight: 400;\">El Chalt\u00e9n. <\/span> <span style=\"font-weight: 400;\"><br \/>\n<\/span><\/p>\n<p><strong>RECOMENDA\u00c7\u00d5ES<\/strong> : Casaco (chap\u00e9u, luvas, jaqueta, capa de chuva). \u00d3culos e protetor solar.<\/p>\n","protected":false},"featured_media":125422,"template":"","meta":[],"product_brand":[],"product_cat":[1134],"product_tag":[],"class_list":{"0":"post-125394","1":"product","2":"type-product","3":"status-publish","4":"has-post-thumbnail","6":"destino-el-chalten-pt-br-2","7":"mes-marzo-pt-br","8":"mes-noviembre-pt-br","9":"mes-diciembre-pt-br","10":"mes-enero-pt-br","11":"mes-febrero-pt-br","12":"mes-octubre-pt-br","13":"epoca-verano-pt-br","14":"product_cat-turismo-de-aventura","16":"first","17":"instock","18":"shipping-taxable","19":"product-type-external"},"acf":[],"_links":{"self":[{"href":"https:\/\/tolkeyenpatagonia.com\/pt-br\/wp-json\/wp\/v2\/product\/125394","targetHints":{"allow":["GET"]}}],"collection":[{"href":"https:\/\/tolkeyenpatagonia.com\/pt-br\/wp-json\/wp\/v2\/product"}],"about":[{"href":"https:\/\/tolkeyenpatagonia.com\/pt-br\/wp-json\/wp\/v2\/types\/product"}],"wp:featuredmedia":[{"embeddable":true,"href":"https:\/\/tolkeyenpatagonia.com\/pt-br\/wp-json\/wp\/v2\/media\/125422"}],"wp:attachment":[{"href":"https:\/\/tolkeyenpatagonia.com\/pt-br\/wp-json\/wp\/v2\/media?parent=125394"}],"wp:term":[{"taxonomy":"product_brand","embeddable":true,"href":"https:\/\/tolkeyenpatagonia.com\/pt-br\/wp-json\/wp\/v2\/product_brand?post=125394"},{"taxonomy":"product_cat","embeddable":true,"href":"https:\/\/tolkeyenpatagonia.com\/pt-br\/wp-json\/wp\/v2\/product_cat?post=125394"},{"taxonomy":"product_tag","embeddable":true,"href":"https:\/\/tolkeyenpatagonia.com\/pt-br\/wp-json\/wp\/v2\/product_tag?post=125394"}],"curies":[{"name":"wp","href":"https:\/\/api.w.org\/{rel}","templated":true}]}}