{"id":124618,"date":"2021-07-16T19:38:46","date_gmt":"2022-12-27T15:12:06","guid":{"rendered":"https:\/\/tolkeyenpatagonia.com\/producto\/transfira-el-calafate-para-el-chalten\/"},"modified":"2025-02-10T11:38:36","modified_gmt":"2025-02-10T14:38:36","slug":"transfira-el-calafate-para-el-chalten","status":"publish","type":"product","link":"https:\/\/tolkeyenpatagonia.com\/pt-br\/producto\/transfira-el-calafate-para-el-chalten\/","title":{"rendered":"Transfer\u00eancia de El Calafate para El Chalt\u00e9n"},"content":{"rendered":"<h2 style=\"text-align: left;\"><strong>TRASLADOS HOTEL EL CALAFATE \/ EL CHALT\u00c9N<\/strong><\/h2>\n<p style=\"text-align: left;\"><b>SERVICIO POR TRAMOS<\/b><\/p>\n<p>Traslado El Calafate a El Chalt\u00e9n: Reserv\u00e1 tu traslado y viaj\u00e1 tranquilo sin preocupaciones adicionales. Relajate y conoc\u00e9 la naturaleza que se abrir\u00e1 durante el camino sabiendo que llegar\u00e1s con todo la seguridad y el confort. Conocer lugares nuevos es una experiencia espectacular acompa\u00f1ado por tu grupo de viaje, pero siempre es importante contar con situaciones resueltas que nos brinden tranquilidad y organizaci\u00f3n al viaje.<\/p>\n<p>El Chalt\u00e9n\u00a0 es un hermoso pueblo de monta\u00f1a en Argentina conocido como la <strong>&#8220;Capital Nacional del Trekking&#8221; <\/strong>ya que tiene famosos senderos que llevan a lugares incre\u00edbles entre monta\u00f1as, lagos y mucha naturaleza v\u00edrgen. El trekking es la actividad principal que ofrece esta localidad y por la que miles de turistas de todo el mundo llegan cada a\u00f1o. Se encuentra en el sur de la cordillera de los Andes, en el extremo sudoeste de la Patagonia argentina, al pie del cerro Fitz Roy, tambi\u00e9n llamado Chalt\u00e9n, y a orillas del R\u00edo de las Vueltas un lugar bell\u00edsimo con paisajes impactantes.<\/p>\n<p>Es una peque\u00f1a villa tur\u00edstica fundada en pleno parque nacional Los Glaciares en 1985. El Chalt\u00e9n brinda por excelencia la posibilidad de realizar deportes de monta\u00f1a en un escenario natural \u00fanico con rutas de escalada de alta dificultad t\u00e9cnica. Adem\u00e1s, cuenta con una infraestructura de servicios tur\u00edsticos en constante crecimiento par que puedas alojarte y despertar cada ma\u00f1ana con vistas inmejorables.\u00a0Tambi\u00e9n opciones gastron\u00f3micas con comidas aut\u00f3ctonas.<\/p>\n<ul>\n<li>Salidas diarias 7:30 am<\/li>\n<li>Traslado de hotel El Chalt\u00e9n a hotel El Calafate<\/li>\n<li>Salidas diarias 16 hs<\/li>\n<li>Salidas martes, jueves, s\u00e1bado y domingo 17:30hs<\/li>\n<\/ul>\n<h3>Importante a tener en cuenta<\/h3>\n<p><strong>Para compras con menos de 48 horas comunicarse por Whatsapp.<\/strong><\/p>\n<p>Los precios pueden variar seg\u00fan fechas y temporadas.<\/p>\n<p><em>Para solicitar este servicio,\u00a0 por favor informar fecha, n\u00fameros de vuelo , c\u00f3digo de reserva y hotel en el que se alojara que se le solicitara al proceder con el pago.<\/em><\/p>\n","protected":false},"excerpt":{"rendered":"<p>Reserve o seu transfer e desfrute de uma viagem cheia de conforto e seguran\u00e7a. Chegue ao seu destino conforme planejado e aproveite sua viagem. <\/p>\n<p data-sourcepos=\"9:1-9:34\"><strong>Reserve seu transfer hoje!<\/strong><\/p>\n","protected":false},"featured_media":124626,"template":"","meta":[],"product_brand":[],"product_cat":[1103],"product_tag":[1143,1144],"class_list":{"0":"post-124618","1":"product","2":"type-product","3":"status-publish","4":"has-post-thumbnail","6":"destino-calafate-pt-br-2","7":"destino-el-chalten-pt-br-2","8":"destino-multidestino-pt-br-2","9":"mes-marzo-pt-br","10":"mes-noviembre-pt-br","11":"mes-abril-pt-br","12":"mes-diciembre-pt-br","13":"mes-mayo-pt-br","14":"mes-junio-pt-br","15":"mes-julio-pt-br","16":"mes-agosto-pt-br","17":"mes-enero-pt-br","18":"mes-septiembre-pt-br","19":"mes-febrero-pt-br","20":"mes-octubre-pt-br","21":"epoca-verano-pt-br","22":"epoca-invierno-pt-br","23":"epoca-todo-el-ano-pt-br","24":"product_cat-transferencias","25":"product_tag-transferir-el-calafate","26":"product_tag-traslado-el-chalten-pt-br","28":"first","29":"instock","30":"virtual","31":"sold-individually","32":"purchasable","33":"product-type-booking"},"acf":[],"_links":{"self":[{"href":"https:\/\/tolkeyenpatagonia.com\/pt-br\/wp-json\/wp\/v2\/product\/124618","targetHints":{"allow":["GET"]}}],"collection":[{"href":"https:\/\/tolkeyenpatagonia.com\/pt-br\/wp-json\/wp\/v2\/product"}],"about":[{"href":"https:\/\/tolkeyenpatagonia.com\/pt-br\/wp-json\/wp\/v2\/types\/product"}],"wp:featuredmedia":[{"embeddable":true,"href":"https:\/\/tolkeyenpatagonia.com\/pt-br\/wp-json\/wp\/v2\/media\/124626"}],"wp:attachment":[{"href":"https:\/\/tolkeyenpatagonia.com\/pt-br\/wp-json\/wp\/v2\/media?parent=124618"}],"wp:term":[{"taxonomy":"product_brand","embeddable":true,"href":"https:\/\/tolkeyenpatagonia.com\/pt-br\/wp-json\/wp\/v2\/product_brand?post=124618"},{"taxonomy":"product_cat","embeddable":true,"href":"https:\/\/tolkeyenpatagonia.com\/pt-br\/wp-json\/wp\/v2\/product_cat?post=124618"},{"taxonomy":"product_tag","embeddable":true,"href":"https:\/\/tolkeyenpatagonia.com\/pt-br\/wp-json\/wp\/v2\/product_tag?post=124618"}],"curies":[{"name":"wp","href":"https:\/\/api.w.org\/{rel}","templated":true}]}}