{"id":124583,"date":"2022-09-19T13:49:01","date_gmt":"2022-12-27T14:31:45","guid":{"rendered":"https:\/\/tolkeyenpatagonia.com\/producto\/dia-inteiro-chalten-gratuito-premium\/"},"modified":"2024-03-04T22:13:11","modified_gmt":"2024-03-05T01:13:11","slug":"dia-inteiro-chalten-gratuito-premium","status":"publish","type":"product","link":"https:\/\/tolkeyenpatagonia.com\/pt-br\/producto\/dia-inteiro-chalten-gratuito-premium\/","title":{"rendered":"Dia Inteiro Chalt\u00e9n Libre Premium"},"content":{"rendered":"<p><strong>Para compras con menos de 48 horas comunicarse por Whatsapp.<\/strong><\/p>\n<p>Los precios pueden variar seg\u00fan fechas y temporadas.<\/p>\n<p>&nbsp;<\/p>\n","protected":false},"excerpt":{"rendered":"<p>Admire uma das paisagens mais emblem\u00e1ticas da nossa Patag\u00f4nia. Viaje para El Chalt\u00e9n, capital nacional do trekking!<\/p>\n","protected":false},"featured_media":124585,"template":"","meta":[],"product_brand":[],"product_cat":[1134],"product_tag":[1132,1135],"class_list":{"0":"post-124583","1":"product","2":"type-product","3":"status-publish","4":"has-post-thumbnail","6":"product_cat-turismo-de-aventura","7":"product_tag-el-calafate-pt-br","8":"product_tag-el-chalten-pt-br","10":"first","11":"instock","12":"shipping-taxable","13":"product-type-external"},"acf":[],"_links":{"self":[{"href":"https:\/\/tolkeyenpatagonia.com\/pt-br\/wp-json\/wp\/v2\/product\/124583","targetHints":{"allow":["GET"]}}],"collection":[{"href":"https:\/\/tolkeyenpatagonia.com\/pt-br\/wp-json\/wp\/v2\/product"}],"about":[{"href":"https:\/\/tolkeyenpatagonia.com\/pt-br\/wp-json\/wp\/v2\/types\/product"}],"wp:featuredmedia":[{"embeddable":true,"href":"https:\/\/tolkeyenpatagonia.com\/pt-br\/wp-json\/wp\/v2\/media\/124585"}],"wp:attachment":[{"href":"https:\/\/tolkeyenpatagonia.com\/pt-br\/wp-json\/wp\/v2\/media?parent=124583"}],"wp:term":[{"taxonomy":"product_brand","embeddable":true,"href":"https:\/\/tolkeyenpatagonia.com\/pt-br\/wp-json\/wp\/v2\/product_brand?post=124583"},{"taxonomy":"product_cat","embeddable":true,"href":"https:\/\/tolkeyenpatagonia.com\/pt-br\/wp-json\/wp\/v2\/product_cat?post=124583"},{"taxonomy":"product_tag","embeddable":true,"href":"https:\/\/tolkeyenpatagonia.com\/pt-br\/wp-json\/wp\/v2\/product_tag?post=124583"}],"curies":[{"name":"wp","href":"https:\/\/api.w.org\/{rel}","templated":true}]}}