{"id":124559,"date":"2020-12-12T14:58:18","date_gmt":"2022-12-27T14:24:08","guid":{"rendered":"https:\/\/tolkeyenpatagonia.com\/producto\/lagos-offroad-de-inverno\/"},"modified":"2024-10-28T19:31:08","modified_gmt":"2024-10-28T22:31:08","slug":"lagos-offroad-de-inverno","status":"publish","type":"product","link":"https:\/\/tolkeyenpatagonia.com\/pt-br\/producto\/lagos-offroad-de-inverno\/","title":{"rendered":"Lagos Offroad de Inverno"},"content":{"rendered":"<h2><strong>AVENTURA EN 4\u00d74<\/strong><\/h2>\n<h4><\/h4>\n<p>En invierno, Ushuaia invita a disfrutar de la nieve, a recorrer paisajes blancos y a buscar el calor del fuego. Nuestra excursi\u00f3n ofrece un d\u00eda completo de actividad en la nieve, en la monta\u00f1a y en el bosque a bordo de una veh\u00edculo 4&#215;4 que nos llevar\u00e1 a conocer sitios famosos por su belleza y las caracter\u00edsticas \u00fanicas de su naturaleza.<\/p>\n<p>Este paseo es ideal para aventureros de todo tipo de estado f\u00edsico. Es una aventura ideal para todo el que desee conocer sitios \u00fanicos con toda la seguridad y simpat\u00eda que ofrecen nuestros gu\u00edas experimentados.<\/p>\n<p>Las vistas detr\u00e1s de la Cordillera de los Andes, los lagos Escondido y Fagnano, donde tenemos nuestro refugio, la famosa carne Argentina asada en el bosque junto con el buen vino argentino prometen un descanso a esquiadores y un d\u00eda de alegr\u00eda a las familias.<\/p>\n<p><strong>Itinerario estimado<\/strong>: 9:30\/10 Pick Up por los hoteles. 11:30 Paso Garibaldi. Cruce de la Cordillera. 11:45 Lago Escondido. 12:00 Fuera de Ruta -1 hora- 13:00 Lago Fagnano. Llegada al Refugio. 13:30 Almuerzo 15:00 Regreso a Ushuaia 15:30.\u00a017:00 Arribo a Ushuaia.<\/p>\n<p>&nbsp;<\/p>\n<p><strong>Para compras con menos de 48 horas comunicarse por Whatsapp.<\/strong><\/p>\n<p>Los precios pueden variar seg\u00fan fechas y temporadas.<\/p>\n","protected":false},"excerpt":{"rendered":"<h2>Ushuaia no inverno: descubra os lagos Fuegianos<\/h2>\n<p data-sourcepos=\"5:1-5:58\">J\u00e1 imaginou passear pelos lagos Fuegianos no inverno?<\/p>\n<p data-sourcepos=\"7:1-7:130\">Junte-se a n\u00f3s nesta emocionante excurs\u00e3o e descubra a beleza da natureza de Ushuaia no seu melhor.<\/p>\n<p data-sourcepos=\"11:1-11:155\">Visitaremos o Lago Escondido, um espelho de \u00e1gua cristalina escondido entre as montanhas, e o Lago Fagnano, o maior lago da Terra do Fogo.<\/p>\n<p data-sourcepos=\"13:1-13:83\">N\u00e3o perca esta oportunidade de viver uma experi\u00eancia inesquec\u00edvel.<\/p>\n<p data-sourcepos=\"15:1-15:33\">Reserve agora mesmo o seu lugar.<\/p>\n","protected":false},"featured_media":158087,"template":"","meta":[],"product_brand":[],"product_cat":[1294,815,1117,1134],"product_tag":[],"class_list":{"0":"post-124559","1":"product","2":"type-product","3":"status-publish","4":"has-post-thumbnail","6":"destino-ushuaia-pt-br-2","7":"mes-junio-pt-br","8":"mes-julio-pt-br","9":"mes-agosto-pt-br","10":"mes-septiembre-pt-br","11":"epoca-invierno-pt-br","12":"product_cat-centro-de-inverno","13":"product_cat-inverno","14":"product_cat-lagos-fueguinos-pt-br","15":"product_cat-turismo-de-aventura","17":"first","18":"instock","19":"virtual","20":"sold-individually","21":"purchasable","22":"product-type-booking"},"acf":[],"_links":{"self":[{"href":"https:\/\/tolkeyenpatagonia.com\/pt-br\/wp-json\/wp\/v2\/product\/124559","targetHints":{"allow":["GET"]}}],"collection":[{"href":"https:\/\/tolkeyenpatagonia.com\/pt-br\/wp-json\/wp\/v2\/product"}],"about":[{"href":"https:\/\/tolkeyenpatagonia.com\/pt-br\/wp-json\/wp\/v2\/types\/product"}],"wp:featuredmedia":[{"embeddable":true,"href":"https:\/\/tolkeyenpatagonia.com\/pt-br\/wp-json\/wp\/v2\/media\/158087"}],"wp:attachment":[{"href":"https:\/\/tolkeyenpatagonia.com\/pt-br\/wp-json\/wp\/v2\/media?parent=124559"}],"wp:term":[{"taxonomy":"product_brand","embeddable":true,"href":"https:\/\/tolkeyenpatagonia.com\/pt-br\/wp-json\/wp\/v2\/product_brand?post=124559"},{"taxonomy":"product_cat","embeddable":true,"href":"https:\/\/tolkeyenpatagonia.com\/pt-br\/wp-json\/wp\/v2\/product_cat?post=124559"},{"taxonomy":"product_tag","embeddable":true,"href":"https:\/\/tolkeyenpatagonia.com\/pt-br\/wp-json\/wp\/v2\/product_tag?post=124559"}],"curies":[{"name":"wp","href":"https:\/\/api.w.org\/{rel}","templated":true}]}}