{"id":123331,"date":"2021-12-23T09:54:11","date_gmt":"2022-12-14T17:21:57","guid":{"rendered":"https:\/\/tolkeyenpatagonia.com\/producto\/trekking-laguna-esmeralda-no-verao\/"},"modified":"2025-04-28T17:28:07","modified_gmt":"2025-04-28T20:28:07","slug":"trekking-laguna-esmeralda-no-verao","status":"publish","type":"product","link":"https:\/\/tolkeyenpatagonia.com\/pt-br\/producto\/trekking-laguna-esmeralda-no-verao\/","title":{"rendered":"Trekking Lagoa Esmeralda no ver\u00e3o"},"content":{"rendered":"<h2 style=\"text-align: center;\"><strong>TESOROS ESCONDIDOS EN LA MONTA\u00d1A<\/strong><\/h2>\n<h2 style=\"text-align: center;\"><span style=\"color: #3366ff; font-size: 18pt;\"><b>EXPERIENCIA TOLKEYEN<\/b><\/span><\/h2>\n<p>Trekking Laguna Esmeralda en verano: Esta caminata es una de las m\u00e1s accesibles dentro de las opciones de Trekkings en la ciudad m\u00e1s austral del mundo.<br \/>\nNos pasan a buscar por nuestro hospedaje en direcci\u00f3n norte, a unos 20 minutos de la ciudad. Una vez llegados el gu\u00eda nos explicara que debemos atravesar el Valle por un sendero muy claro y se\u00f1alizado dependiendo de la estaci\u00f3n del a\u00f1o en que nos encontremos, atravesaremos varios turbales y terreno rocoso.<\/p>\n<p>Despu\u00e9s de un poco m\u00e1s de bosque, seguimos nuestra caminata bordeando el r\u00edo Esmeralda hasta llegar a la indescriptible Laguna Esmeralda, un peque\u00f1o lago de origen glaciar, que debe su nombre al color que le dan los sedimentos que provienen del Glaciar Ojo del Albino. Este color solamente se puede apreciar en verano ya que en invierno estar\u00e1 congelada y cubierta de nieve.<\/p>\n<h3>Trekking Laguna Esmeralda en verano: disfrut\u00e1 de una aventura incre\u00edble<\/h3>\n<p>Mientras disfrutamos la vista de la Laguna tendremos ocasi\u00f3n para consumir el box lunch.<\/p>\n<p>Al regreso el camino nos ser\u00e1 familiar y podremos tener la \u00faltima oportunidad de apreciar las bellezas que nos rodean. Una vez finalizada la caminata nos volvemos a encontrar con el veh\u00edculo que nos estar\u00e1 esperando para llevarnos de regreso a la ciudad de Ushuaia.<\/p>\n","protected":false},"excerpt":{"rendered":"<p data-sourcepos=\"5:1-5:71\"><strong>Uma caminhada de meio dia para descobrir as belezas da Terra do Fogo<\/strong><\/p>\n<p data-sourcepos=\"7:1-7:51\"><strong>Descubra os tesouros escondidos nas montanhas!<\/strong><\/p>\n<p data-sourcepos=\"11:1-11:306\">A caminhada at\u00e9 a Lagoa Esmeralda \u00e9 uma das op\u00e7\u00f5es de trekking mais acess\u00edveis de Ushuaia. Nesta excurs\u00e3o, voc\u00ea visitar\u00e1 o vale, atravessar\u00e1 turfeiras e terrenos rochosos e contornar\u00e1 o Rio Esmeralda at\u00e9 chegar \u00e0 indescrit\u00edvel lagoa, um pequeno lago de origem glacial.<\/p>\n<p data-sourcepos=\"13:1-13:71\"><strong>Ao longo do caminho, voc\u00ea poder\u00e1 desfrutar da beleza da Patag\u00f4nia<\/strong><\/p>\n<p data-sourcepos=\"15:1-15:155\">Com suas florestas, montanhas e rios, a Terra do Fogo \u00e9 um destino natural dos sonhos. Na caminhada at\u00e9 a Lagoa Esmeralda, voc\u00ea poder\u00e1 aproveitar tudo isso e muito mais.<\/p>\n<p data-sourcepos=\"17:1-17:57\"><strong>No ver\u00e3o, a lagoa ter\u00e1 uma cor turquesa intensa<\/strong><\/p>\n<p data-sourcepos=\"19:1-19:221\">A cor turquesa da Lagoa Esmeralda \u00e9 um espet\u00e1culo natural que voc\u00ea n\u00e3o pode perder. No ver\u00e3o, quando o sol brilha intensamente, a lagoa assume uma cor turquesa intensa que parece algo sa\u00eddo de um conto de fadas.<\/p>\n<p data-sourcepos=\"21:1-21:88\"><strong>No final da caminhada, voc\u00ea pode desfrutar de um box lunch na margem da lagoa<\/strong><\/p>\n<p data-sourcepos=\"25:1-25:80\"><strong>Reserve seu lugar hoje e descubra os tesouros escondidos nas montanhas!<\/strong><\/p>\n","protected":false},"featured_media":243675,"template":"","meta":[],"product_brand":[],"product_cat":[1134],"product_tag":[],"class_list":{"0":"post-123331","1":"product","2":"type-product","3":"status-publish","4":"has-post-thumbnail","6":"destino-ushuaia-pt-br-2","7":"mes-marzo-pt-br","8":"mes-noviembre-pt-br","9":"mes-abril-pt-br","10":"mes-diciembre-pt-br","11":"mes-mayo-pt-br","12":"mes-junio-pt-br","13":"mes-enero-pt-br","14":"mes-febrero-pt-br","15":"mes-octubre-pt-br","16":"epoca-verano-pt-br","17":"product_cat-turismo-de-aventura","19":"first","20":"instock","21":"virtual","22":"sold-individually","23":"purchasable","24":"product-type-booking"},"acf":[],"_links":{"self":[{"href":"https:\/\/tolkeyenpatagonia.com\/pt-br\/wp-json\/wp\/v2\/product\/123331","targetHints":{"allow":["GET"]}}],"collection":[{"href":"https:\/\/tolkeyenpatagonia.com\/pt-br\/wp-json\/wp\/v2\/product"}],"about":[{"href":"https:\/\/tolkeyenpatagonia.com\/pt-br\/wp-json\/wp\/v2\/types\/product"}],"wp:featuredmedia":[{"embeddable":true,"href":"https:\/\/tolkeyenpatagonia.com\/pt-br\/wp-json\/wp\/v2\/media\/243675"}],"wp:attachment":[{"href":"https:\/\/tolkeyenpatagonia.com\/pt-br\/wp-json\/wp\/v2\/media?parent=123331"}],"wp:term":[{"taxonomy":"product_brand","embeddable":true,"href":"https:\/\/tolkeyenpatagonia.com\/pt-br\/wp-json\/wp\/v2\/product_brand?post=123331"},{"taxonomy":"product_cat","embeddable":true,"href":"https:\/\/tolkeyenpatagonia.com\/pt-br\/wp-json\/wp\/v2\/product_cat?post=123331"},{"taxonomy":"product_tag","embeddable":true,"href":"https:\/\/tolkeyenpatagonia.com\/pt-br\/wp-json\/wp\/v2\/product_tag?post=123331"}],"curies":[{"name":"wp","href":"https:\/\/api.w.org\/{rel}","templated":true}]}}