{"id":121940,"date":"2021-02-16T16:29:42","date_gmt":"2022-12-13T17:50:24","guid":{"rendered":"https:\/\/tolkeyenpatagonia.com\/producto\/parque-nacional-trem-do-fim-do-mundo\/"},"modified":"2025-09-30T17:44:04","modified_gmt":"2025-09-30T20:44:04","slug":"tierra-del-fuego-parque-nacional-trem-do-fim-do-mundo","status":"publish","type":"product","link":"https:\/\/tolkeyenpatagonia.com\/pt-br\/producto\/tierra-del-fuego-parque-nacional-trem-do-fim-do-mundo\/","title":{"rendered":"Parque Nacional + Trem do Fim do Mundo"},"content":{"rendered":"<h2 style=\"text-align: center;\"><span style=\"color: #000000;\"><strong>VISITA AL PARQUE NACIONAL TIERRA DEL FUEGO CON TREN DEL FIN DEL MUNDO<\/strong><\/span><\/h2>\n<h4 style=\"text-align: center;\"><span style=\"color: #3366ff; font-size: 18pt;\"><b>EXPERIENCIA TOLKEYEN<\/b><\/span><\/h4>\n<p style=\"text-align: justify;\"><span style=\"font-size: 12pt;\">Parque Nacional + Tren del Fin del Mundo: Saliendo de la ciudad de Ushuaia, en direcci\u00f3n sudoeste, transitaremos la ruta nacional Nro. 3, hacia el Parque Nacional Tierra\u00a0 del Fuego.<br \/>\n<\/span><span style=\"font-size: 12pt;\">Luego de cruzar el puente del R\u00edo Pipo,\u00a0 junto al Golf Club Ushuaia, llegaremos a la estaci\u00f3n del Ferrocarril Austral Fueguino.<\/span><\/p>\n<p style=\"text-align: justify;\">El Ferrocarril Austral Fueguino, inicia su recorrido partiendo de la estaci\u00f3n del Fin del Mundo, sobre el mismo terrapl\u00e9n\u00a0 que recorrieron los presos 100 a\u00f1os atr\u00e1s.<\/p>\n<p>El tren contin\u00faa\u00a0 su marcha\u00a0 siguiendo el curso del R\u00edo Pipo, atravesando sectores donde es posible observar la huella dejada por el accionar de los presos.<\/p>\n<p>El recorrido del Tren finaliza en la estaci\u00f3n \u201cdel Parque\u201d donde nuestra gu\u00eda estar\u00e1 esperando para continuar con la visita del Parque Nacional Tierra del Fuego.<br \/>\nImportante: el sentido del recorrido del Tren puede varias de acuerdo a motivos operativos y disponibilidad del tren, esto no afecta en nada los puntos que se visitan.<\/p>\n<p><span style=\"font-size: 12pt;\">Continuamos p<\/span><span style=\"font-size: 12pt;\">or el camino rodeado de bosques de Lengas y turbales, llegaremos hasta el Lago Acigami (ex Roca), enmarcado por monta\u00f1as y\u00a0 bosques, donde es posible avistar ejemplares de aves aut\u00f3ctonas.<\/span><\/p>\n<p><span style=\"font-size: 12pt;\">En Bah\u00eda Lapataia, tendremos tiempo para recorrer la pasarela desde la cual podremos tomar fotograf\u00edas y disfrutar de la sensaci\u00f3n de estar en el fin del mundo.<\/span><\/p>\n<p><span style=\"font-size: 12pt;\">Desde este lugar, final de la Ruta Nacional Nro. 3,\u00a0 iniciaremos\u00a0 el regreso a la ciudad de Ushuaia.<\/span><\/p>\n<p><strong>Parque Nacional + Tren del Fin del Mundo: Para compras con menos de 48 horas comunicarse por Whatsapp.<\/strong><\/p>\n<p>Los precios pueden variar seg\u00fan fechas y temporadas.<\/p>\n","protected":false},"excerpt":{"rendered":"<h2 style=\"text-align: center;\">A combina\u00e7\u00e3o perfeita!<\/h2>\n<p data-sourcepos=\"5:1-5:231\">Voc\u00ea pode imaginar percorrer os mesmos caminhos que os prisioneiros da pris\u00e3o de Ushuaia e descobrir a beleza natural do Parque Nacional Tierra del Fuego?<\/p>\n<p data-sourcepos=\"9:1-9:192\">Este pacote \u00e9 um sonho tornado realidade.<\/p>\n<p data-sourcepos=\"11:1-11:186\">Reserve j\u00e1 o seu lugar e garanta uma experi\u00eancia inesquec\u00edvel!<\/p>\n<p data-sourcepos=\"11:1-11:186\">\n","protected":false},"featured_media":134958,"template":"","meta":[],"product_brand":[],"product_cat":[1367,815,1102,1094],"product_tag":[],"class_list":{"0":"post-121940","1":"product","2":"type-product","3":"status-publish","4":"has-post-thumbnail","6":"destino-ushuaia-pt-br-2","7":"mes-marzo-pt-br","8":"mes-noviembre-pt-br","9":"mes-abril-pt-br","10":"mes-diciembre-pt-br","11":"mes-mayo-pt-br","12":"mes-junio-pt-br","13":"mes-julio-pt-br","14":"mes-agosto-pt-br","15":"mes-enero-pt-br","16":"mes-septiembre-pt-br","17":"mes-febrero-pt-br","18":"mes-octubre-pt-br","19":"epoca-verano-pt-br","20":"epoca-invierno-pt-br","21":"epoca-todo-el-ano-pt-br","22":"product_cat-turismo-acessivel","23":"product_cat-inverno","24":"product_cat-pacotes-ushuaia","25":"product_cat-parque-nacional-tierra-del-fuego-pt-br","27":"first","28":"instock","29":"virtual","30":"sold-individually","31":"purchasable","32":"product-type-booking"},"acf":[],"_links":{"self":[{"href":"https:\/\/tolkeyenpatagonia.com\/pt-br\/wp-json\/wp\/v2\/product\/121940","targetHints":{"allow":["GET"]}}],"collection":[{"href":"https:\/\/tolkeyenpatagonia.com\/pt-br\/wp-json\/wp\/v2\/product"}],"about":[{"href":"https:\/\/tolkeyenpatagonia.com\/pt-br\/wp-json\/wp\/v2\/types\/product"}],"wp:featuredmedia":[{"embeddable":true,"href":"https:\/\/tolkeyenpatagonia.com\/pt-br\/wp-json\/wp\/v2\/media\/134958"}],"wp:attachment":[{"href":"https:\/\/tolkeyenpatagonia.com\/pt-br\/wp-json\/wp\/v2\/media?parent=121940"}],"wp:term":[{"taxonomy":"product_brand","embeddable":true,"href":"https:\/\/tolkeyenpatagonia.com\/pt-br\/wp-json\/wp\/v2\/product_brand?post=121940"},{"taxonomy":"product_cat","embeddable":true,"href":"https:\/\/tolkeyenpatagonia.com\/pt-br\/wp-json\/wp\/v2\/product_cat?post=121940"},{"taxonomy":"product_tag","embeddable":true,"href":"https:\/\/tolkeyenpatagonia.com\/pt-br\/wp-json\/wp\/v2\/product_tag?post=121940"}],"curies":[{"name":"wp","href":"https:\/\/api.w.org\/{rel}","templated":true}]}}