{"id":118306,"date":"2022-01-10T16:56:36","date_gmt":"2022-12-01T23:46:09","guid":{"rendered":"https:\/\/tolkeyenpatagonia.com\/producto\/navegacao-pelo-canal-de-beagle-ate-o-farol\/"},"modified":"2025-09-30T12:17:18","modified_gmt":"2025-09-30T15:17:18","slug":"beagle-canal-o-cartao-postal-imperdivel","status":"publish","type":"product","link":"https:\/\/tolkeyenpatagonia.com\/pt-br\/producto\/beagle-canal-o-cartao-postal-imperdivel\/","title":{"rendered":"Navega\u00e7\u00e3o pelo Canal de Beagle at\u00e9 o Farol"},"content":{"rendered":"<h2 style=\"text-align: center;\"><strong>CANAL BEAGLE, LA POSTAL IMPERDIBLE<\/strong><\/h2>\n<h3 style=\"text-align: center;\"><b>EXPERIENCIA TOLKEYEN<\/b><\/h3>\n<p>Navegaci\u00f3n por el Canal Beagle hasta el Faro: Comenzamos la navegaci\u00f3n saliendo desde el Muelle Tur\u00edstico de nuestra ciudad en direcci\u00f3n al Canal Beagle. Vamos disfrutando a medida que nos alejamos, de la vista panor\u00e1mica de la costa de Ushuaia. Enseguida divisamos los edificios m\u00e1s importantes, Museo Mar\u00edtimo (antiguo presidio), Museo del Fin del Mundo, el \u00e1rea industrial, y los montes Olivia y Cinco Hermanos.<br \/>\nNos dirigimos a las Islas Bridges donde hacemos nuestra parada y descenso en Isla Karelo. Es importante destacar que la caminata que se hace durante esta visita no reviste ninguna dificultad y est\u00e1 al alcance de cualquier persona.<\/p>\n<p>Navegamos hacia el sudoeste, acerc\u00e1ndonos a la isla de Los Lobos, donde, desde la embarcaci\u00f3n, podremos disfrutar de la vista de ejemplares de lobos marinos, observando su h\u00e1bitat permanente, en un escenario maravilloso.<\/p>\n<p>Continuando la\u00a0 Navegaci\u00f3n por el Canal Beagle hasta el Faro, nos dirigiremos hacia la isla de Los P\u00e1jaros, h\u00e1bitat de cormoranes magall\u00e1nicos y cormoranes Imperiales y sector privilegiado para divisar ejemplares de la avifauna marina.<br \/>\nContinuamos hacia el Faro Les Eclaireurs, en el archipi\u00e9lago del mismo nombre, donde naufrag\u00f3 el buque Monte Cervantes en el a\u00f1o 1930.<\/p>\n<h3>Luego de disfrutar de la Navegaci\u00f3n por el Canal Beagle hasta el Faro iniciamos el regreso<\/h3>\n<p>El regreso ser\u00e1 a trav\u00e9s del Paso Chico, divisando las Estancias T\u00fanel y Fique,\u00a0 regresamos a Ushuaia, con una vista del imponente marco que le da a la ciudad el Monte Martial y el glaciar del mismo nombre. No te pierdas esta experiencia fant\u00e1stica que te brindar\u00e1 la posibilidad de conocer la biodiversidad en el Canal Beagle y parte de la historia de este famoso canal fueguino.<\/p>\n<p>&nbsp;<\/p>\n<p><iframe loading=\"lazy\" title=\"Navegaci\u00f3n Canal Beagle - Tolkeyen Patagonia Turismo\" width=\"500\" height=\"281\" src=\"https:\/\/www.youtube.com\/embed\/U2dtpPr_0v8?feature=oembed\" frameborder=\"0\" allow=\"accelerometer; autoplay; clipboard-write; encrypted-media; gyroscope; picture-in-picture; web-share\" referrerpolicy=\"strict-origin-when-cross-origin\" allowfullscreen><\/iframe><\/p>\n","protected":false},"excerpt":{"rendered":"<h2 data-sourcepos=\"1:1-1:77\">Descubra a beleza natural do Canal de Beagle em uma excurs\u00e3o inesquec\u00edvel<\/h2>\n<p data-sourcepos=\"3:1-3:145\">Convidamos voc\u00ea a viver uma experi\u00eancia \u00fanica no Canal de Beagle, uma das maravilhas naturais mais impressionantes do mundo.<\/p>\n<p data-sourcepos=\"5:1-5:273\">Nesta excurs\u00e3o de 3 horas, voc\u00ea navegar\u00e1 ao longo do canal, desfrutando de suas paisagens incompar\u00e1veis. Voc\u00ea visitar\u00e1 as Ilhas Bridges, onde voc\u00ea pode caminhar ao redor da Ilha Karelo, e as Ilhas Lobos e P\u00e1ssaros, onde voc\u00ea pode avistar le\u00f5es marinhos, cormor\u00f5es e outras aves marinhas.<\/p>\n<p data-sourcepos=\"7:1-7:112\">Voc\u00ea tamb\u00e9m visitar\u00e1 o Farol Les Eclaireurs, um farol hist\u00f3rico que est\u00e1 localizado em um arquip\u00e9lago de mesmo nome.<\/p>\n<p data-sourcepos=\"9:1-9:113\">Este passeio \u00e9 perfeito para aqueles que procuram uma experi\u00eancia de natureza e aventura na Terra do Fogo.<\/p>\n<p data-sourcepos=\"17:1-17:79\">Reserve seu lugar hoje e viva uma experi\u00eancia inesquec\u00edvel no Canal Beagle!<\/p>\n<p>&nbsp;<\/p>\n","protected":false},"featured_media":113878,"template":"","meta":[],"product_brand":[],"product_cat":[1367,1101],"product_tag":[],"class_list":{"0":"post-118306","1":"product","2":"type-product","3":"status-publish","4":"has-post-thumbnail","6":"destino-ushuaia-pt-br-2","7":"mes-marzo-pt-br","8":"mes-noviembre-pt-br","9":"mes-abril-pt-br","10":"mes-diciembre-pt-br","11":"mes-mayo-pt-br","12":"mes-junio-pt-br","13":"mes-julio-pt-br","14":"mes-agosto-pt-br","15":"mes-enero-pt-br","16":"mes-septiembre-pt-br","17":"mes-febrero-pt-br","18":"mes-octubre-pt-br","19":"epoca-verano-pt-br","20":"epoca-invierno-pt-br","21":"epoca-todo-el-ano-pt-br","22":"product_cat-turismo-acessivel","23":"product_cat-navegacao-no-canal-de-beagle","25":"first","26":"instock","27":"sale","28":"virtual","29":"sold-individually","30":"purchasable","31":"product-type-booking"},"acf":[],"_links":{"self":[{"href":"https:\/\/tolkeyenpatagonia.com\/pt-br\/wp-json\/wp\/v2\/product\/118306","targetHints":{"allow":["GET"]}}],"collection":[{"href":"https:\/\/tolkeyenpatagonia.com\/pt-br\/wp-json\/wp\/v2\/product"}],"about":[{"href":"https:\/\/tolkeyenpatagonia.com\/pt-br\/wp-json\/wp\/v2\/types\/product"}],"wp:featuredmedia":[{"embeddable":true,"href":"https:\/\/tolkeyenpatagonia.com\/pt-br\/wp-json\/wp\/v2\/media\/113878"}],"wp:attachment":[{"href":"https:\/\/tolkeyenpatagonia.com\/pt-br\/wp-json\/wp\/v2\/media?parent=118306"}],"wp:term":[{"taxonomy":"product_brand","embeddable":true,"href":"https:\/\/tolkeyenpatagonia.com\/pt-br\/wp-json\/wp\/v2\/product_brand?post=118306"},{"taxonomy":"product_cat","embeddable":true,"href":"https:\/\/tolkeyenpatagonia.com\/pt-br\/wp-json\/wp\/v2\/product_cat?post=118306"},{"taxonomy":"product_tag","embeddable":true,"href":"https:\/\/tolkeyenpatagonia.com\/pt-br\/wp-json\/wp\/v2\/product_tag?post=118306"}],"curies":[{"name":"wp","href":"https:\/\/api.w.org\/{rel}","templated":true}]}}