{"id":117681,"date":"2022-01-06T15:06:51","date_gmt":"2022-12-01T23:10:14","guid":{"rendered":"https:\/\/tolkeyenpatagonia.com\/producto\/canal-de-beagle-de-navegacao-para-a-colonia-de-pinguins\/"},"modified":"2025-02-28T14:10:45","modified_gmt":"2025-02-28T17:10:45","slug":"navegacao-atraves-do-mitico-canal-beagle-para-a-colonia-de-pinguins","status":"publish","type":"product","link":"https:\/\/tolkeyenpatagonia.com\/pt-br\/producto\/navegacao-atraves-do-mitico-canal-beagle-para-a-colonia-de-pinguins\/","title":{"rendered":"Navega\u00e7\u00e3o Pinguim &#8211; Ver\u00e3o"},"content":{"rendered":"<h2><strong>NAVEGANDO EL CANAL BEAGLE &#8211; <\/strong><b>EXPERIENCIA TOLKEYEN HASTA LA PINGUINERA<\/b><\/h2>\n<p>Navegaci\u00f3n Ping\u00fcinera &#8211; Verano: Comenzamos la navegaci\u00f3n saliendo desde el Muelle Tur\u00edstico de nuestra ciudad,\u00a0 direcci\u00f3n al centro del Canal Beagle,\u00a0 disfrutando, a medida que nos alejamos, de la vista panor\u00e1mica de la costa de Ushuaia, divisando los edificios m\u00e1s importantes, Museo Mar\u00edtimo (antiguo presidio), Museo del Fin del Mundo, el \u00e1rea industrial, y los montes Olivia y Cinco Hermanos.<\/p>\n<p>Navegamos hacia el sudoeste, acerc\u00e1ndonos a la isla de Los Lobos, donde, desde la embarcaci\u00f3n, podremos disfrutar de la vista de ejemplares de lobos marinos, observando su h\u00e1bitat permanente, en un escenario maravilloso.<\/p>\n<p>Continuando la navegaci\u00f3n, nos dirigiremos hacia la isla de Los P\u00e1jaros, h\u00e1bitat de Cormoranes Magall\u00e1nicos e Cormoranes Imperiales, y sector privilegiado para divisar ejemplares de la avifauna marina.<\/p>\n<p>Continuamos la navegaci\u00f3n hacia el Faro Les Eclaireurs, en el archipi\u00e9lago del mismo nombre. En estos islotes es posible observar partes del Monte Cervantes, embarcaci\u00f3n que naufrag\u00f3 en 1930.<\/p>\n<h3>Navegaci\u00f3n Ping\u00fcinera &#8211; Verano: Conoc\u00e9 los ping\u00fcinos magall\u00e1nicos en esta inolvidable experiencia<\/h3>\n<p>Cruzando el Canal Beagle en direcci\u00f3n Norte-Sur divisaremos la Isla Gable y la Base Naval Puerto Williams (ubicada en la Isla Navarino, Rep\u00fablica de Chile). Al llegar a la Isla Martillo acercamos a la playa y all\u00ed permanecemos. Resulta asombroso observar como la colonia de Ping\u00fcinos Magall\u00e1nicos que nidifican durante la temporada estival se aproximan a la embarcaci\u00f3n con notable curiosidad. Se piede ver como se introducen al mar nadando por debajo del catamar\u00e1n y volviendo a emerger. Una fiesta que nos invita a tomar incontables fotograf\u00edas. Un momento inigualable para todo el grupo familiar que quedar\u00e1 en una experencia memorable.<\/p>\n<p>Desde aqu\u00ed regresamos en navegando al Muelle Tur\u00edstico,\u00a0 divisando en el camino,\u00a0 las Estancias T\u00fanel y Fique.<\/p>\n<p><strong>Para compras con menos de 48 horas comunicarse por Whatsapp.<\/strong><\/p>\n<p>Los precios pueden variar seg\u00fan fechas y temporadas.<\/p>\n","protected":false},"excerpt":{"rendered":"<h2 data-sourcepos=\"1:1-1:73\"><strong>Navegue pelo Canal de Beagle e conhe\u00e7a a col\u00f4nia de pinguins da Ilha Martillo<\/strong><\/h2>\n<p>Navegando para ver Isla de los Lobos, Isla de los P\u00e1jaros, Faro Les Eclaireurs e Penguinera (Isla Martillo)<\/p>\n<p data-sourcepos=\"3:1-3:145\"><strong>Convidamos voc\u00ea a viver uma experi\u00eancia \u00fanica no Canal de Beagle<\/strong>, uma das maravilhas naturais mais impressionantes do mundo.<\/p>\n<p data-sourcepos=\"5:1-5:196\">Nesta excurs\u00e3o de 6 horas, voc\u00ea navegar\u00e1 ao longo do canal, desfrutando de suas paisagens incompar\u00e1veis. Voc\u00ea visitar\u00e1 as Ilhas Lobos e P\u00e1jaros, onde voc\u00ea pode avistar le\u00f5es marinhos, corvos-marinhos e outras aves marinhas.<\/p>\n<p data-sourcepos=\"7:1-7:112\">Voc\u00ea tamb\u00e9m visitar\u00e1 o Farol Les Eclaireurs, um farol hist\u00f3rico que est\u00e1 localizado em um arquip\u00e9lago de mesmo nome.<\/p>\n<p data-sourcepos=\"9:1-9:137\"><strong>O ponto alto do passeio \u00e9 uma visita \u00e0 col\u00f4nia de pinguins na Ilha Martillo, onde voc\u00ea pode observar os pinguins de Magalh\u00e3es de perto.<\/strong><\/p>\n<p data-sourcepos=\"11:1-11:113\"><strong>Este passeio \u00e9 perfeito para aqueles que procuram uma experi\u00eancia de natureza e aventura na Terra do Fogo. <\/strong><\/p>\n<p data-sourcepos=\"13:1-13:26\"><strong>Informa\u00e7\u00f5es adicionais:<\/strong><\/p>\n<ul data-sourcepos=\"15:1-18:0\">\n<li data-sourcepos=\"15:1-15:93\">O passeio inclui translado de barco, guia bil\u00edngue e taxas de entrada para os locais visitados.<\/li>\n<li data-sourcepos=\"16:1-16:42\">O n\u00edvel de dificuldade do passeio \u00e9 baixo.<\/li>\n<li data-sourcepos=\"17:1-18:0\">\u00c9 aconselh\u00e1vel usar roupas confort\u00e1veis e cal\u00e7ados adequados para caminhar.<\/li>\n<\/ul>\n<p data-sourcepos=\"19:1-19:79\"><strong>Reserve seu lugar hoje e viva uma experi\u00eancia inesquec\u00edvel no Canal Beagle!<\/strong><\/p>\n","protected":false},"featured_media":264778,"template":"","meta":[],"product_brand":[],"product_cat":[1367,1101],"product_tag":[],"class_list":{"0":"post-117681","1":"product","2":"type-product","3":"status-publish","4":"has-post-thumbnail","6":"destino-ushuaia-pt-br-2","7":"mes-marzo-pt-br","8":"mes-noviembre-pt-br","9":"mes-diciembre-pt-br","10":"mes-enero-pt-br","11":"mes-febrero-pt-br","12":"mes-octubre-pt-br","13":"epoca-verano-pt-br","14":"product_cat-turismo-acessivel","15":"product_cat-navegacao-no-canal-de-beagle","17":"first","18":"instock","19":"virtual","20":"sold-individually","21":"purchasable","22":"product-type-booking"},"acf":[],"_links":{"self":[{"href":"https:\/\/tolkeyenpatagonia.com\/pt-br\/wp-json\/wp\/v2\/product\/117681","targetHints":{"allow":["GET"]}}],"collection":[{"href":"https:\/\/tolkeyenpatagonia.com\/pt-br\/wp-json\/wp\/v2\/product"}],"about":[{"href":"https:\/\/tolkeyenpatagonia.com\/pt-br\/wp-json\/wp\/v2\/types\/product"}],"wp:featuredmedia":[{"embeddable":true,"href":"https:\/\/tolkeyenpatagonia.com\/pt-br\/wp-json\/wp\/v2\/media\/264778"}],"wp:attachment":[{"href":"https:\/\/tolkeyenpatagonia.com\/pt-br\/wp-json\/wp\/v2\/media?parent=117681"}],"wp:term":[{"taxonomy":"product_brand","embeddable":true,"href":"https:\/\/tolkeyenpatagonia.com\/pt-br\/wp-json\/wp\/v2\/product_brand?post=117681"},{"taxonomy":"product_cat","embeddable":true,"href":"https:\/\/tolkeyenpatagonia.com\/pt-br\/wp-json\/wp\/v2\/product_cat?post=117681"},{"taxonomy":"product_tag","embeddable":true,"href":"https:\/\/tolkeyenpatagonia.com\/pt-br\/wp-json\/wp\/v2\/product_tag?post=117681"}],"curies":[{"name":"wp","href":"https:\/\/api.w.org\/{rel}","templated":true}]}}