{"id":117667,"date":"2021-02-14T16:58:45","date_gmt":"2022-12-01T23:05:15","guid":{"rendered":"https:\/\/tolkeyenpatagonia.com\/producto\/navegacao-no-canal-de-beagle-parque-nacional-traslados\/"},"modified":"2025-10-14T16:49:58","modified_gmt":"2025-10-14T19:49:58","slug":"navegacao-no-canal-de-beagle-parque-nacional-traslados","status":"publish","type":"product","link":"https:\/\/tolkeyenpatagonia.com\/pt-br\/producto\/navegacao-no-canal-de-beagle-parque-nacional-traslados\/","title":{"rendered":"Traslados + Parque + Navega\u00e7\u00e3o no Canal de Beagle"},"content":{"rendered":"<h2 style=\"text-align: center\"><span style=\"color: #000000\"><strong>TRASLADOS DE AEROPUERTO+<\/strong><\/span><span style=\"color: #000000\"><strong>NAVEGACI\u00d3N CANAL BEAGLE +<br \/>\nPARQUE NACIONAL TIERRA DEL FUEGO\u00a0<\/strong><\/span><\/h2>\n<h3 style=\"text-align: center\"><span style=\"color: #34568a\"><strong>AVENTURA POR MAR Y TIERRA EN EL FIN DEL MUNDO<\/strong><\/span><\/h3>\n<h4 style=\"text-align: center\"><span style=\"color: #3366ff;font-size: 18pt\"><b>EXPERIENCIA TOLKEYEN<\/b><\/span><\/h4>\n<h6><strong>\u00a0<\/strong><\/h6>\n<h2>TRASLADOS DE AEROPUERTO\u00a0 &#8211; ARRIBO Y PARTIDA<\/h2>\n<p>Traslados + Parque+ Navegaci\u00f3n Canal Beagle: A su llegada, nuestro gu\u00eda estar\u00e1 esperando en el aeropuerto con un cartel a su nombre.<\/p>\n<p>Para poder brindar ambos servicios de traslado se debe informar:<\/p>\n<ul>\n<li>FECHAS DE LLEGADA Y SALIDA<\/li>\n<li>NUMEROS DE VUELO DE LLEGADA Y SALIDA<\/li>\n<li>HOTEL<\/li>\n<li>CODIGO DE RESERVA AEREOS (6 d\u00edgitos). Este dato es para verificar estado de vuelos.<\/li>\n<\/ul>\n<hr \/>\n<h6><strong>\u00a0<\/strong><\/h6>\n<h2><strong>Excursi\u00f3n al Parque Nacional Tierra del Fuego<\/strong><\/h2>\n<p><strong><br \/>\n<em>SALIDA POR LA MA\u00d1ANA o POR LA TARDE<\/em><br \/>\n<\/strong><\/p>\n<p>Dentro del pack Traslados + Parque+ Navegaci\u00f3n Canal Beagle, se inicia el paseo al parque nacional, saliendo de la ciudad de Ushuaia, en direcci\u00f3n sudoeste, transitaremos la ruta nacional Nro. 3.<\/p>\n<p>Aquellos pasajeros que deseen abordar el Tren del Fin del Mundo en forma opcional podr\u00e1n hacerlo. El resto del grupo lo aguardar\u00e1 al final del recorrido.<\/p>\n<p>Continuamos el recorrido 2 kil\u00f3metros m\u00e1s e ingresamos al Parque Nacional, \u00e1rea reservada para la protecci\u00f3n del Bosque Subant\u00e1rtico,\u00a0 flora y fauna aut\u00f3ctona.<\/p>\n<p>Por el camino rodeado de bosques de Lengas y turbales, llegaremos hasta el Lago Acigami (ex Roca), lago de origen glaciario, cuya superficie es de 5,50 kil\u00f3metros cuadrados, enmarcado por monta\u00f1as y\u00a0 bosques, donde es posible avistar ejemplares de aves aut\u00f3ctonas.<\/p>\n<p>En Bah\u00eda Lapataia, adem\u00e1s de la costa marina, rica en moluscos y mejillones,\u00a0 encontraremos vestigios\u00a0 del antiguo pueblo aborigen\u00a0 que habitaba la regi\u00f3n. All\u00ed tendremos tiempo para recorrer la pasarela desde la cual podremos tomar fotograf\u00edas y disfrutar de la sensaci\u00f3n de estar en el fin del mundo.<\/p>\n<p>Desde este lugar, final de la Ruta Nacional Nro. 3,\u00a0 iniciaremos\u00a0 el regreso a la ciudad de Ushuaia \u00a0finalizando en muelle tur\u00edstico. Contar\u00e1n con aproximadamente 1hora libre hasta el inicio del embarque.<\/p>\n<hr \/>\n<h2><strong>Navegaci\u00f3n por el Canal Beagle<\/strong><\/h2>\n<p><strong><br \/>\n<em>SALIDA POR LA TARDE o POR LA MA\u00d1ANA<\/em><br \/>\n<\/strong><\/p>\n<p>Comenzamos la navegaci\u00f3n saliendo desde el Muelle Tur\u00edstico de nuestra ciudad,\u00a0 en direcci\u00f3n al Canal Beagle,\u00a0 disfrutando a medida que nos alejamos, de la vista panor\u00e1mica de la costa de Ushuaia, divisando los edificios m\u00e1s importantes, Museo Mar\u00edtimo (antiguo presidio), Museo del Fin del Mundo, el \u00e1rea industrial, y los montes Olivia y Cinco Hermanos.<\/p>\n<p>Navegamos hacia el sudoeste, acerc\u00e1ndonos a la isla de Los Lobos, donde, desde la embarcaci\u00f3n, podremos disfrutar de la vista de ejemplares de lobos marinos, observando su h\u00e1bitat permanente, en un escenario maravilloso.<\/p>\n<p>Continuando la navegaci\u00f3n, nos dirigiremos hacia la isla de Los P\u00e1jaros, h\u00e1bitat de cormoranes magall\u00e1nicos y cormoranes Imperiales y sector privilegiado para divisar ejemplares de la avifauna marina.<\/p>\n<p>Continuamos hacia el Faro Les Eclaireurs, en el archipi\u00e9lago del mismo nombre, donde naufrag\u00f3 el buque Monte Cervantes en el a\u00f1o 1930.<\/p>\n<p>Puntos que visita la navegaci\u00f3n:<\/p>\n<p>*Isla de los Lobos<br \/>\n*Isla de los P\u00e1jaros<br \/>\n*Faro Les Eclaireurs<\/p>\n<p>El regreso al hotel desde el puerto es por cuenta de cada pasajero.<\/p>\n<p><strong>Informaci\u00f3n t\u00e9cnica sobre Traslados + Parque+ Navegaci\u00f3n Canal Beagle<\/strong><\/p>\n<ul>\n<li><strong>DURACI\u00d3N<\/strong>: Ambas excursiones puede tomarse el mismo d\u00eda o por separado.<\/li>\n<li><strong>FRECUENCIA<\/strong>: Todo el a\u00f1o.<\/li>\n<li><strong>PUNTO DE ENCUENTRO<\/strong>: Para los traslados y el Parque Nacional recogida en el hotel, versi\u00f3n de Parque por la tarde (opera en verano) sale desde el\u00a0 Puerto. La navegaci\u00f3n no cuenta con traslados.<\/li>\n<li><strong>INCLUYE<\/strong>: Tasa de puerto.<\/li>\n<li><strong>NO INCLUYE:\u00a0<\/strong>Ingreso al Parque Nacional Tierra del Fuego.<\/li>\n<li><strong>OPCIONALES<\/strong>: Ticket del Tren del Fin del Mundo, s\u00f3lo podr\u00e1 adquirirse reservando con antelaci\u00f3n.<\/li>\n<\/ul>\n","protected":false},"excerpt":{"rendered":"<p data-sourcepos=\"1:1-1:52\">Explore Ushuaia com este pacote completo!<\/p>\n<p data-sourcepos=\"3:1-3:157\">Descubra a beleza da Patag\u00f4nia Sul com este pacote que inclui traslados, visita ao Parque Nacional Terra do Fogo e navega\u00e7\u00e3o pelo Canal de Beagle.<\/p>\n<p data-sourcepos=\"5:1-5:184\">No Parque Nacional Tierra del Fuego voc\u00ea pode caminhar pelas florestas, aprender sobre a flora e fauna da regi\u00e3o e apreciar as vistas do parque nacional mais meridional do mundo.<\/p>\n<p data-sourcepos=\"7:1-7:201\">Navegar pelo Canal de Beagle permitir\u00e1 que voc\u00ea aprecie o farol de Les Eclaireurs, a ilha dos lobos e as ilhas dos p\u00e1ssaros.<\/p>\n<p data-sourcepos=\"9:1-9:74\">Este pacote \u00e9 ideal para os amantes da natureza e da aventura.<\/p>\n<p data-sourcepos=\"11:1-11:68\">Reserve seu pacote hoje e viva uma experi\u00eancia inesquec\u00edvel!<\/p>\n","protected":false},"featured_media":113878,"template":"","meta":[],"product_brand":[],"product_cat":[815,1101,1102,1094,1103],"product_tag":[],"class_list":{"0":"post-117667","1":"product","2":"type-product","3":"status-publish","4":"has-post-thumbnail","6":"destino-ushuaia-pt-br-2","7":"mes-marzo-pt-br","8":"mes-noviembre-pt-br","9":"mes-abril-pt-br","10":"mes-diciembre-pt-br","11":"mes-mayo-pt-br","12":"mes-junio-pt-br","13":"mes-julio-pt-br","14":"mes-agosto-pt-br","15":"mes-enero-pt-br","16":"mes-septiembre-pt-br","17":"mes-febrero-pt-br","18":"mes-octubre-pt-br","19":"epoca-verano-pt-br","20":"epoca-invierno-pt-br","21":"epoca-todo-el-ano-pt-br","22":"product_cat-inverno","23":"product_cat-navegacao-no-canal-de-beagle","24":"product_cat-pacotes-ushuaia","25":"product_cat-parque-nacional-tierra-del-fuego-pt-br","26":"product_cat-transferencias","28":"first","29":"instock","30":"virtual","31":"sold-individually","32":"purchasable","33":"product-type-booking"},"acf":[],"_links":{"self":[{"href":"https:\/\/tolkeyenpatagonia.com\/pt-br\/wp-json\/wp\/v2\/product\/117667","targetHints":{"allow":["GET"]}}],"collection":[{"href":"https:\/\/tolkeyenpatagonia.com\/pt-br\/wp-json\/wp\/v2\/product"}],"about":[{"href":"https:\/\/tolkeyenpatagonia.com\/pt-br\/wp-json\/wp\/v2\/types\/product"}],"wp:featuredmedia":[{"embeddable":true,"href":"https:\/\/tolkeyenpatagonia.com\/pt-br\/wp-json\/wp\/v2\/media\/113878"}],"wp:attachment":[{"href":"https:\/\/tolkeyenpatagonia.com\/pt-br\/wp-json\/wp\/v2\/media?parent=117667"}],"wp:term":[{"taxonomy":"product_brand","embeddable":true,"href":"https:\/\/tolkeyenpatagonia.com\/pt-br\/wp-json\/wp\/v2\/product_brand?post=117667"},{"taxonomy":"product_cat","embeddable":true,"href":"https:\/\/tolkeyenpatagonia.com\/pt-br\/wp-json\/wp\/v2\/product_cat?post=117667"},{"taxonomy":"product_tag","embeddable":true,"href":"https:\/\/tolkeyenpatagonia.com\/pt-br\/wp-json\/wp\/v2\/product_tag?post=117667"}],"curies":[{"name":"wp","href":"https:\/\/api.w.org\/{rel}","templated":true}]}}