{"id":114163,"date":"2020-12-14T17:21:02","date_gmt":"2020-12-14T20:21:02","guid":{"rendered":"https:\/\/tolkeyenpatagonia.com\/producto\/pacote-tour-ushuaia-em-3-dias\/"},"modified":"2025-11-09T13:12:55","modified_gmt":"2025-11-09T16:12:55","slug":"pacote-tour-ushuaia-em-3-dias","status":"publish","type":"product","link":"https:\/\/tolkeyenpatagonia.com\/pt-br\/producto\/pacote-tour-ushuaia-em-3-dias\/","title":{"rendered":"Pacote para Tour Ushuaia em 3 Dias"},"content":{"rendered":"<h2 style=\"text-align: center;\"><span style=\"color: #000000;\"><strong>TRASLADOS DE AEROPUERTO + <\/strong><\/span><span style=\"color: #000000;\"><strong>PARQUE NACIONAL TIERRA DEL FUEGO + <\/strong><\/span><span style=\"color: #000000;\"><strong>NAVEGACI\u00d3N POR EL CANAL BEAGLE + LAGOS FUEGUINOS\u00a0<\/strong><\/span><\/h2>\n<h3 style=\"text-align: center;\"><span style=\"color: #000000;\"><strong>\u00a0<\/strong><\/span><\/h3>\n<h3 style=\"text-align: center;\">No te pierdas este Paquete para Recorrer Ushuaia en 3 D\u00edas<\/h3>\n<p>&nbsp;<\/p>\n<p style=\"text-align: center;\"><span style=\"color: #3366ff; font-size: 18pt;\"><b>EXPERIENCIA TOLKEYEN<\/b><\/span><\/p>\n<p>Paquete para Recorrer Ushuaia en 3 D\u00edas: \u00bfEst\u00e1s pensando en tu viaje a Ushuaia y buscando informaci\u00f3n sobre qu\u00e9 hacer teniendo pocos d\u00edas?, te contamos cu\u00e1les son las excursiones tradicionales del fin del mundo que no pod\u00e9s dejar de hacer. Ushuaia tiene m\u00faltiples recorridos, senderos, monta\u00f1as, est\u00e1 colmado de atractivos tur\u00edsticos interesantes.<\/p>\n<p>Si dispon\u00e9s de pocos d\u00edas te compartimos la excursi\u00f3n Paquete para Recorrer Ushuaia en 3 D\u00edas que te har\u00e1 conocer los lugares ic\u00f3nicos m\u00e1s hermosos que hayas visto.<\/p>\n<h3>Paquete para Recorrer Ushuaia en 3 D\u00edas: TRASLADOS IN \/ OUT AEROPUERTO USHUAIA<\/h3>\n<p>A su llegada, nuestro gu\u00eda estar\u00e1 esperando en el aeropuerto con un cartel a su nombre.<\/p>\n<p>Para poder brindar ambos servicios de traslado se debe informar:<\/p>\n<ul>\n<li>FECHAS DE LLEGADA Y SALIDA<\/li>\n<li>NUMEROS DE VUELO DE LLEGADA Y SALIDA<\/li>\n<li>HOTEL<\/li>\n<li>CODIGO DE RESERVA AEREOS (6 d\u00edgitos). Este dato es para verificar estado de vuelos.<\/li>\n<\/ul>\n<h4><strong>Excursi\u00f3n al Parque Nacional Tierra del Fuego<\/strong><\/h4>\n<p><strong><em>SALIDA POR LA MA\u00d1ANA.<\/em><br \/>\n<\/strong><\/p>\n<p>Saliendo de la ciudad de Ushuaia, en direcci\u00f3n sudoeste, transitaremos la ruta nacional Nro. 3, hacia el Parque Nacional Tierra\u00a0 del Fuego.<br \/>\nAquellos pasajeros que deseen abordar el Tren del Fin del Mundo en forma opcional podr\u00e1n hacerlo. El resto del grupo lo aguardar\u00e1 al final del recorrido.<\/p>\n<p>Continuamos el recorrido 2 kil\u00f3metros m\u00e1s e ingresamos al Parque Nacional, \u00e1rea reservada para la protecci\u00f3n del Bosque Subant\u00e1rtico,\u00a0 flora y fauna aut\u00f3ctona.<\/p>\n<p>Por el camino rodeado de bosques de Lengas y turbales, llegaremos hasta el Lago Acigami (ex Roca), lago de origen glaciario, cuya superficie es de 5,50 kil\u00f3metros cuadrados, enmarcado por monta\u00f1as y\u00a0 bosques, donde es posible avistar ejemplares de aves aut\u00f3ctonas.<\/p>\n<p>En Bah\u00eda Lapataia, adem\u00e1s de la costa marina, rica en moluscos y mejillones,\u00a0 encontraremos vestigios\u00a0 del antiguo pueblo aborigen\u00a0 que habitaba la regi\u00f3n. All\u00ed tendremos tiempo para recorrer la pasarela desde la cual podremos tomar fotograf\u00edas y disfrutar de la sensaci\u00f3n de estar en el fin del mundo.<\/p>\n<p>Desde este lugar, final de la Ruta Nacional Nro. 3,\u00a0 iniciaremos\u00a0 el regreso a la ciudad de Ushuaia \u00a0finalizando en muelle tur\u00edstico. Contar\u00e1n con aproximadamente 1hora libre hasta el inicio del embarque para el embarque.<\/p>\n<hr \/>\n<h4><strong>Navegaci\u00f3n por el Canal Beagle<\/strong><\/h4>\n<p><strong><em>SALIDA POR LA TARDE<\/em><br \/>\n<\/strong><\/p>\n<p>Comenzamos la navegaci\u00f3n saliendo desde el Muelle Tur\u00edstico de nuestra ciudad,\u00a0 en direcci\u00f3n al Canal Beagle,\u00a0 disfrutando a medida que nos alejamos, de la vista panor\u00e1mica de la costa de Ushuaia, divisando los edificios m\u00e1s importantes, Museo Mar\u00edtimo (antiguo presidio), Museo del Fin del Mundo, el \u00e1rea industrial, y los montes Olivia y Cinco Hermanos.<\/p>\n<p>Navegamos hacia el sudoeste, acerc\u00e1ndonos a la isla de Los Lobos, donde, desde la embarcaci\u00f3n, podremos disfrutar de la vista de ejemplares de lobos marinos, observando su h\u00e1bitat permanente, en un escenario maravilloso.<\/p>\n<p>Luego nos dirigiremos hacia la isla de Los P\u00e1jaros, h\u00e1bitat de cormoranes magall\u00e1nicos y cormoranes Imperiales y sector privilegiado para divisar ejemplares de la avifauna marina.<\/p>\n<p>Siguiendo hacia el Faro Les Eclaireurs, en el archipi\u00e9lago del mismo nombre, donde naufrag\u00f3 el buque Monte Cervantes en el a\u00f1o 1930.<\/p>\n<p>Puntos que visita la navegaci\u00f3n:<\/p>\n<p>*Isla de los Lobos<br \/>\n*Isla de los P\u00e1jaros<br \/>\n*Faro Les Eclaireurs<\/p>\n<p>El regreso al hotel desde el puerto es por cuenta de cada pasajero.<\/p>\n<hr \/>\n<h4><span style=\"font-size: 14pt;\"><strong>Paquete para Recorrer Ushuaia en 3 D\u00edas: Lagos Fueguinos\u00a0<\/strong><\/span><\/h4>\n<p><span style=\"font-size: 12pt;\">Saliendo de la ciudad de Ushuaia, transitaremos la ruta nacional Nro. 3, en direcci\u00f3n noreste, hacia\u00a0 los picos monta\u00f1osos,\u00a0 Monte Olivia y\u00a0 Cinco Hermanos.<\/span><\/p>\n<p><span style=\"font-size: 12pt;\">En el recorrido a los largo del Valle Carbajal,\u00a0 observaremos glaciares de circo, valles colgantes y turberas en explotaci\u00f3n.<\/span><\/p>\n<p><span style=\"font-size: 12pt;\">En nuestro recorrido, encontraremos valles de turba, peque\u00f1os glaciares, centros de ski de fondo y actividades de nieve, el complejo de ski alpino Cerro Castor,\u00a0 cascadas y ambientes modificados por el accionar de los Castores.<\/span><\/p>\n<p><span style=\"font-size: 12pt;\">El Mirador del Paso Garibaldi, nos detendremos a disfrutar de vistas panor\u00e1micas del Lago Escondido, el Lago Fagnano y alrededores.<br \/>\n<\/span><\/p>\n<p>En verano continuaremos hasta la costa del Lago Fagnano (Acigami en lengua nativa) para disfrutar su hermosa costa en la Estancia La Carmen. En invierno, inici<span style=\"font-size: 12pt;\">amos el regreso hacia la zona de los centros invernales, donde nos detendremos en uno de ellos,\u00a0 con tiempo libre para almorzar. Para invierno es posible realizar actividades de nieve de manera opcional. Luego regresamos\u00a0 a la ciudad de Ushuaia.<\/span><\/p>\n<p><strong>Informaci\u00f3n t\u00e9cnica<\/strong><\/p>\n<ul>\n<li><strong>DURACI\u00d3N<\/strong>: Las tres excursiones pueden tomarse separadas, 1 por d\u00eda, o en 2 d\u00edas combinando Parque + Navegaci\u00f3n y al d\u00eda siguiente Lagos.<\/li>\n<li><strong>FRECUENCIA<\/strong>: Todo el a\u00f1o.<\/li>\n<li><strong>PUNTO DE ENCUENTRO<\/strong>: Para los traslados, el Parque Nacional y Lagos la recogida es por su hotel. La navegaci\u00f3n no cuenta con traslados.<\/li>\n<li><strong>INCLUYE<\/strong>: Tasa de puerto.<\/li>\n<li><strong>NO INCLUYE:\u00a0<\/strong>Ingreso al Parque Nacional Tierra del Fuego. Almuerzos.<\/li>\n<li><strong>OPCIONALES<\/strong>: Ticket del Tren del Fin del Mundo.<\/li>\n<li><strong>GRADO DE DIFICULTAD<\/strong>: F\u00e1cil.<\/li>\n<li><strong>RECOMENDACIONES<\/strong>: Abrigo (gorro, guantes, campera, impermeable).\u00a0 En verano: Lentes y protector solar.<\/li>\n<\/ul>\n<p><strong>NOTA IMPORTANTE:\u00a0<\/strong>Todos los descriptivos e itinerarios son ilustrativos: los tiempos de las actividades, el orden de las mismas y los atractivos visitados pueden variar, de acuerdo a la evaluaci\u00f3n del capit\u00e1n y de las condiciones clim\u00e1ticas.<\/p>\n<p><iframe loading=\"lazy\" title=\"\u00bfQu\u00e9 hacer en Ushuaia en 3 d\u00edas? - Tolkeyen Patagonia Turismo\" width=\"500\" height=\"375\" src=\"https:\/\/www.youtube.com\/embed\/kNP75BjN4n8?feature=oembed\" frameborder=\"0\" allow=\"accelerometer; autoplay; clipboard-write; encrypted-media; gyroscope; picture-in-picture; web-share\" referrerpolicy=\"strict-origin-when-cross-origin\" allowfullscreen><\/iframe><\/p>\n<hr \/>\n<p>&nbsp;<\/p>\n<p><strong>Para compras con menos de 48 horas comunicarse por Whatsapp.<\/strong><\/p>\n<p>Los precios pueden variar seg\u00fan fechas y temporadas.<\/p>\n","protected":false},"excerpt":{"rendered":"<h2>Explore Ushuaia em 3 dias: uma viagem inesquec\u00edvel ao fim do mundo<\/h2>\n<p>Voc\u00ea est\u00e1 procurando uma experi\u00eancia \u00fanica no fim do mundo?<\/p>\n<p>Nosso pacote de 3 dias em Ushuaia permite que voc\u00ea conhe\u00e7a as principais atra\u00e7\u00f5es da cidade e seus arredores. Al\u00e9m disso, voc\u00ea tem o transfer do aeroporto resolvido.<\/p>\n<ul>\n<li>Navega\u00e7\u00e3o pelo Canal de Beagle<\/li>\n<li>Parque Nacional Tierra del Fuego<\/li>\n<li>Transfer do aeroporto in\/out<\/li>\n<li>Lagos Fuegianos<\/li>\n<\/ul>\n<p data-sourcepos=\"42:1-42:64\">Reserve agora e viva uma experi\u00eancia inesquec\u00edvel em Ushuaia, Terra do Fogo!<\/p>\n","protected":false},"featured_media":74460,"template":"","meta":[],"product_brand":[],"product_cat":[1294,815,1117,1101,1102,1094,1103],"product_tag":[],"class_list":{"0":"post-114163","1":"product","2":"type-product","3":"status-publish","4":"has-post-thumbnail","6":"destino-ushuaia-pt-br-2","7":"mes-marzo-pt-br","8":"mes-noviembre-pt-br","9":"mes-abril-pt-br","10":"mes-diciembre-pt-br","11":"mes-mayo-pt-br","12":"mes-junio-pt-br","13":"mes-julio-pt-br","14":"mes-agosto-pt-br","15":"mes-enero-pt-br","16":"mes-septiembre-pt-br","17":"mes-febrero-pt-br","18":"mes-octubre-pt-br","19":"epoca-verano-pt-br","20":"epoca-invierno-pt-br","21":"epoca-todo-el-ano-pt-br","22":"product_cat-centro-de-inverno","23":"product_cat-inverno","24":"product_cat-lagos-fueguinos-pt-br","25":"product_cat-navegacao-no-canal-de-beagle","26":"product_cat-pacotes-ushuaia","27":"product_cat-parque-nacional-tierra-del-fuego-pt-br","28":"product_cat-transferencias","30":"first","31":"instock","32":"sale","33":"virtual","34":"sold-individually","35":"purchasable","36":"product-type-booking"},"acf":[],"_links":{"self":[{"href":"https:\/\/tolkeyenpatagonia.com\/pt-br\/wp-json\/wp\/v2\/product\/114163","targetHints":{"allow":["GET"]}}],"collection":[{"href":"https:\/\/tolkeyenpatagonia.com\/pt-br\/wp-json\/wp\/v2\/product"}],"about":[{"href":"https:\/\/tolkeyenpatagonia.com\/pt-br\/wp-json\/wp\/v2\/types\/product"}],"wp:featuredmedia":[{"embeddable":true,"href":"https:\/\/tolkeyenpatagonia.com\/pt-br\/wp-json\/wp\/v2\/media\/74460"}],"wp:attachment":[{"href":"https:\/\/tolkeyenpatagonia.com\/pt-br\/wp-json\/wp\/v2\/media?parent=114163"}],"wp:term":[{"taxonomy":"product_brand","embeddable":true,"href":"https:\/\/tolkeyenpatagonia.com\/pt-br\/wp-json\/wp\/v2\/product_brand?post=114163"},{"taxonomy":"product_cat","embeddable":true,"href":"https:\/\/tolkeyenpatagonia.com\/pt-br\/wp-json\/wp\/v2\/product_cat?post=114163"},{"taxonomy":"product_tag","embeddable":true,"href":"https:\/\/tolkeyenpatagonia.com\/pt-br\/wp-json\/wp\/v2\/product_tag?post=114163"}],"curies":[{"name":"wp","href":"https:\/\/api.w.org\/{rel}","templated":true}]}}