{"id":110940,"date":"2021-03-12T16:51:44","date_gmt":"2021-03-12T19:51:44","guid":{"rendered":"https:\/\/tolkeyenpatagonia.com\/producto\/parque-nacional-tierra-del-fuego-traslados\/"},"modified":"2025-09-30T15:38:14","modified_gmt":"2025-09-30T18:38:14","slug":"parque-nacional-tierra-del-fuego-traslados","status":"publish","type":"product","link":"https:\/\/tolkeyenpatagonia.com\/pt-br\/producto\/parque-nacional-tierra-del-fuego-traslados\/","title":{"rendered":"Parque Nacional Terra do Fogo + Traslados"},"content":{"rendered":"<h2 style=\"text-align: center;\"><span style=\"color: #000000;\"><strong>TRASLADOS AEROPUERTO + PARQUE NACIONAL TIERRA DEL FUEGO<\/strong><\/span><\/h2>\n<h3 style=\"text-align: center;\"><span style=\"color: #34568a; font-size: 18pt;\"><b>\u00a0EXPERIENCIA TOLKEYEN<\/b><\/span><\/h3>\n<p>&nbsp;<\/p>\n<h2>TRASLADOS DE AEROPUERTO<\/h2>\n<p>Parque Nacional Tierra del Fuego + Traslados : A su llegada, nuestro gu\u00eda estar\u00e1 esperando en el aeropuerto con un cartel a su nombre.<\/p>\n<p>Para poder brindar ambos servicios de traslado se debe informar:<\/p>\n<ul>\n<li>FECHAS DE LLEGADA Y SALIDA<\/li>\n<li>NUMEROS DE VUELO DE LLEGADA Y SALIDA<\/li>\n<li>HOTEL<\/li>\n<li>CODIGO DE RESERVA AEREOS (6 d\u00edgitos). Este dato es para verificar estado de vuelos.<\/li>\n<\/ul>\n<h2><strong>Parque Nacional Tierra del Fuego + Traslados: Excursi\u00f3n al Parque Nacional Tierra del Fuego<\/strong><\/h2>\n<p><strong><em>SALIDA POR LA MA\u00d1ANA o POR LA TARDE<\/em><br \/>\n<\/strong><\/p>\n<p>Para tener una experiencia en pleno contacto con la naturaleza, conocer el parque nacional te ofrecer\u00e1 todo esto y mucho m\u00e1s. Saliendo de la ciudad de Ushuaia, en direcci\u00f3n sudoeste, transitaremos la ruta nacional Nro. 3, hacia el Parque Nacional Tierra\u00a0 del Fuego.<br \/>\nAquellos pasajeros que deseen abordar el Tren del Fin del Mundo en forma opcional podr\u00e1n hacerlo. El resto del grupo lo aguardar\u00e1 al final del recorrido.<\/p>\n<p>Continuamos el recorrido 2 kil\u00f3metros m\u00e1s e ingresamos al Parque Nacional, \u00e1rea reservada para la protecci\u00f3n del Bosque Subant\u00e1rtico,\u00a0 flora y fauna aut\u00f3ctona.<\/p>\n<p>Por el camino rodeado de bosques de Lengas y turbales, llegaremos hasta el Lago Acigami (ex Roca), lago de origen glaciario, cuya superficie es de 5,50 kil\u00f3metros cuadrados, enmarcado por monta\u00f1as y\u00a0 bosques, donde es posible avistar ejemplares de aves aut\u00f3ctonas.<\/p>\n<p>En Bah\u00eda Lapataia, adem\u00e1s de la costa marina, rica en moluscos y mejillones,\u00a0 encontraremos vestigios\u00a0 del antiguo pueblo aborigen\u00a0 que habitaba la regi\u00f3n. All\u00ed tendremos tiempo para recorrer la pasarela desde la cual podremos tomar fotograf\u00edas y disfrutar de la sensaci\u00f3n de estar en el fin del mundo.<\/p>\n<p>Desde este lugar, final de la Ruta Nacional Nro. 3,\u00a0 iniciaremos\u00a0 el regreso a la ciudad de Ushuaia.<\/p>\n<p><strong>Para compras con menos de 48 horas comunicarse por Whatsapp.<\/strong><\/p>\n<p>Los precios pueden variar seg\u00fan fechas y temporadas.<\/p>\n","protected":false},"excerpt":{"rendered":"<h2><strong>Terra do Fogo: o fim do mundo ao seu alcance<\/strong><\/h2>\n<p data-sourcepos=\"5:1-5:151\">Quer saber o fim do mundo? O Parque Nacional Tierra del Fuego \u00e9 o lugar perfeito para faz\u00ea-lo. Neste lugar incr\u00edvel voc\u00ea pode desfrutar da natureza em seu estado mais puro, com florestas, lagos, montanhas e uma impressionante costa mar\u00edtima.<\/p>\n<p data-sourcepos=\"7:1-7:25\">Nosso servi\u00e7o inclui:<\/p>\n<ul data-sourcepos=\"9:1-11:0\">\n<li data-sourcepos=\"9:1-9:52\">Traslados do aeroporto para o hotel e vice-versa<\/li>\n<li data-sourcepos=\"10:1-11:0\">Excurs\u00e3o ao Parque Nacional Tierra del Fuego de \u00f4nibus<\/li>\n<\/ul>\n<p data-sourcepos=\"5:1-5:272\">Reserve sua excurs\u00e3o ao Parque Nacional Tierra del Fuego e descubra o fim do mundo por si mesmo.<\/p>\n","protected":false},"featured_media":291162,"template":"","meta":[],"product_brand":[],"product_cat":[815,1102,1094,1103],"product_tag":[],"class_list":{"0":"post-110940","1":"product","2":"type-product","3":"status-publish","4":"has-post-thumbnail","6":"destino-ushuaia-pt-br-2","7":"mes-marzo-pt-br","8":"mes-noviembre-pt-br","9":"mes-abril-pt-br","10":"mes-diciembre-pt-br","11":"mes-mayo-pt-br","12":"mes-junio-pt-br","13":"mes-julio-pt-br","14":"mes-agosto-pt-br","15":"mes-enero-pt-br","16":"mes-septiembre-pt-br","17":"mes-febrero-pt-br","18":"mes-octubre-pt-br","19":"epoca-verano-pt-br","20":"epoca-invierno-pt-br","21":"epoca-todo-el-ano-pt-br","22":"product_cat-inverno","23":"product_cat-pacotes-ushuaia","24":"product_cat-parque-nacional-tierra-del-fuego-pt-br","25":"product_cat-transferencias","27":"first","28":"instock","29":"sale","30":"virtual","31":"sold-individually","32":"purchasable","33":"product-type-booking"},"acf":[],"_links":{"self":[{"href":"https:\/\/tolkeyenpatagonia.com\/pt-br\/wp-json\/wp\/v2\/product\/110940","targetHints":{"allow":["GET"]}}],"collection":[{"href":"https:\/\/tolkeyenpatagonia.com\/pt-br\/wp-json\/wp\/v2\/product"}],"about":[{"href":"https:\/\/tolkeyenpatagonia.com\/pt-br\/wp-json\/wp\/v2\/types\/product"}],"wp:featuredmedia":[{"embeddable":true,"href":"https:\/\/tolkeyenpatagonia.com\/pt-br\/wp-json\/wp\/v2\/media\/291162"}],"wp:attachment":[{"href":"https:\/\/tolkeyenpatagonia.com\/pt-br\/wp-json\/wp\/v2\/media?parent=110940"}],"wp:term":[{"taxonomy":"product_brand","embeddable":true,"href":"https:\/\/tolkeyenpatagonia.com\/pt-br\/wp-json\/wp\/v2\/product_brand?post=110940"},{"taxonomy":"product_cat","embeddable":true,"href":"https:\/\/tolkeyenpatagonia.com\/pt-br\/wp-json\/wp\/v2\/product_cat?post=110940"},{"taxonomy":"product_tag","embeddable":true,"href":"https:\/\/tolkeyenpatagonia.com\/pt-br\/wp-json\/wp\/v2\/product_tag?post=110940"}],"curies":[{"name":"wp","href":"https:\/\/api.w.org\/{rel}","templated":true}]}}