{"id":264780,"date":"2025-03-20T15:18:52","date_gmt":"2025-03-20T18:18:57","guid":{"rendered":"https:\/\/tolkeyenpatagonia.com\/?post_type=product&#038;p=264780"},"modified":"2025-03-20T15:49:35","modified_gmt":"2025-03-20T18:49:35","slug":"calafate-chalten-package-in-3-days-copia","status":"publish","type":"product","link":"https:\/\/tolkeyenpatagonia.com\/en\/product\/calafate-chalten-package-in-3-days-copia\/","title":{"rendered":"Calafate\/ Chalt\u00e9n Package in 3 days (copia)"},"content":{"rendered":"<h2 style=\"text-align: center;\"><strong>GLACIAR PERITO MORENO, EL ESTRUENDO DEL HIELO<\/strong><\/h2>\n<p>Paquete Calafate\/ Chalt\u00e9n en 3 d\u00edas: Salida por la ruta Nro. 11, bordeando el Lago Argentino.<\/p>\n<p>Desde El Calafate al Glaciar perito Moreno media una distancia de 80 km, por camino asfaltado en su totalidad.<\/p>\n<p>Desde su inicio el viaje depara agradables sorpresas. Saliendo de la Localidad, a la derecha podemos observar el Lago Argentino con su Bah\u00eda Redonda.<\/p>\n<p>En ella se puede apreciar una variedad importante de avifauna, destac\u00e1ndose el cisne de cuello negro, flamenco, pato vapor, gallareta, cauqu\u00e9n. Se destaca el color amarillo del campo, esto se debe a sus pastos llamados coir\u00f3n, y entre ellos se destaca, el coir\u00f3n blanco y petiso.<\/p>\n<p>En los primeros 40 km se recorre la estepa patag\u00f3nica, pasando posteriormente a la entrada del Parque Nacional a observar la vegetaci\u00f3n arb\u00f3rea perteneciente en su gran mayor\u00eda de la familia \u201cnotofagus\u201d (\u00f1ires, guindos, lengas) y uno que otro canelo, y flores de diversos colores, entre las que se resalta el notro por su colorido rojo intenso correspondiendo la misma al Bosque Andino Patag\u00f3nico.<\/p>\n<p>Llegada a \u201cla curva de los suspiros\u201d llamada de esta forma pues es el primer punto de donde tenemos una vista panor\u00e1mica del Glaciar perito Moreno.<\/p>\n<p>Breve parada para tomar fotograf\u00edas y prosecuci\u00f3n a Puerto Bajo las Sombras.<\/p>\n<h3>Paquete Calafate\/ Chalt\u00e9n en 3 d\u00edas &#8211; Navegaci\u00f3n<\/h3>\n<p>Aqu\u00ed existe la posibilidad de realizar la\u00a0<a title=\"Safari N\u00e1utico \" href=\"https:\/\/www.tolkeyenpatagonia.com\/tours\/navegacion-safari-nautico\/\"><strong>Navegaci\u00f3n Safari N\u00e1utico<\/strong><\/a>\u00a0por el brazo sur del Canal de los T\u00e9mpanos para tener diferentes vistas de la pared del Glaciar Perito Moreno. (DURACI\u00d3N: 1 hora)<\/p>\n<p>De regreso al Puerto, nos dirigimos a las Pasarelas donde tendremos un sector de servicios para los visitantes y un sistema de balcones y pasarelas que permiten realizar caminatas por diferentes recorridos y acceder a diferentes vistas realmente incre\u00edbles del Glaciar y de la cercan\u00eda al mismo.<\/p>\n<p>Luego de un tiempo libre para caminatas y almuerzo (opcional), se inicia el regreso hacia El Calafate.<\/p>\n<hr \/>\n<h2 style=\"text-align: center;\"><strong>CHORRILLO DEL SALTO, MIRADOR DE C\u00d3NDORES<\/strong><\/h2>\n<p><em><span style=\"color: #3366ff;\"><strong>\u00a0<\/strong><\/span><\/em><\/p>\n<p>FULL DAY CHALT\u00c9N: En confortable veh\u00edculo iniciaremos la recorrida por los hoteles a las 08:00 hs. para iniciar nuestro viaje, acompa\u00f1ados de gu\u00eda biling\u00fce.<\/p>\n<p>Costeando el Lago Argentino seguiremos hasta el cruce con la RN 40 la que tomaremos hacia el norte. Aproximadamente a mitad de camino llegaremos al parador La Leona, antigua construcci\u00f3n que data de 1894, sobre el R\u00edo del mismo nombre, donde nos enteraremos de su historia.<\/p>\n<p>Siguiendo hacia el norte, y luego de varias paradas en puntos panor\u00e1micos, seguramente nos encontraremos con manadas de guanacos y liebres.<\/p>\n<p>Una vez arribados a El Chalten visitaremos el Centro de Interpretaci\u00f3n y acompa\u00f1ados por nuestro gu\u00eda recorreremos el sendero de Mirador de los C\u00f3ndores.<\/p>\n<p>Una vez finalizado el recorrido del sendero iremos a disfrutar del almuerzo para reponer energ\u00edas.<\/p>\n<p>Luego visitaremos Chorrillo del Salto distante a 4km de El Chalten donde disfrutaremos del encantador paisaje y una cascada natural de 20 metros de alto en medio de la cordillera.<\/p>\n<p>Alrededor de las 16:30hs emprenderemos el regreso a El Calafate estimando nuestro arribo a las 19hs luego de una enriquecedora experiencia.<\/p>\n<p><span style=\"text-decoration: underline; font-size: 14pt;\"><strong>Informaci\u00f3n t\u00e9cnica<\/strong><\/span><\/p>\n<ul>\n<li><strong>DURACI\u00d3N<\/strong>: 10h<\/li>\n<li><strong>FRECUENCIA<\/strong>: Salidas diarias.<\/li>\n<li><strong>INCLUYE:<\/strong> Almuerzo<\/li>\n<li><strong>PUNTO DE ENCUENTRO<\/strong>: Hotel.<\/li>\n<li><strong>GRADO DE DIFICULTAD<\/strong>: Media.<\/li>\n<\/ul>\n<hr \/>\n<h2 style=\"text-align: center;\"><strong>TRASLADOS AEROPUERTO \/ HOTEL<\/strong><\/h2>\n<h3 style=\"text-align: center;\"><b>SERVICIO POR TRAMOS<\/b><\/h3>\n<p><em>Para solicitar este servicio,\u00a0 por favor informar fecha, n\u00fameros de vuelo , c\u00f3digo de reserva y hotel en el que se alojara que se le solicitara al proceder con el pago.<\/em><\/p>\n<h2 style=\"text-align: center;\"><strong>EL CALAFATE, PAISAJES Y SABORES<\/strong><\/h2>\n<p>Un recorrido tur\u00edstico a trav\u00e9s de El Calafate donde comprenderemos su crecimiento y evoluci\u00f3n en el tiempo, tendremos paradas en puntos panor\u00e1micos de la localidad y el lago<br \/>\nArgentino. Visitaremos el Glaciobar, donde exaltaremos los sentidos disfrutando de unos shots en el primer bar de hielo de Argentina a 16 grados bajo cero, continuamos nuestra visita al Glaciarium, donde nos explicar\u00e1n todo sobre los glaciares como introducci\u00f3n de esta experiencia en <strong>El Calafate<\/strong>. Terminaremos recorriendo la costanera de la Bah\u00eda Redonda para tener una deliciosa cena t\u00edpica en un Restaurant de la zona y disfrutar de los sabores de la Patagonia con vista al lago.<\/p>\n<p><strong>INFORMACI\u00d3N \u00daTIL: <\/strong><\/p>\n<ul>\n<li>Salida desde el hotel<\/li>\n<li>Gu\u00eda Biling\u00fce<\/li>\n<li>Paseo por puntos hist\u00f3ricos y panor\u00e1micas<\/li>\n<\/ul>\n<p><strong>INCLUYE:\u00a0<\/strong><\/p>\n<ul>\n<li>Entrada Bar de Hielo (2 shots, capa y guantes)<\/li>\n<li>Entrada y recorrido guiado Museo Glaciarium<\/li>\n<li>Cena patag\u00f3nica con bebida sin alcohol en<br \/>\nrestaurant<\/li>\n<\/ul>\n<p><iframe loading=\"lazy\" title=\"El Calafate Sabores y paisajes\" width=\"500\" height=\"281\" src=\"https:\/\/www.youtube.com\/embed\/MYh-URIz8bQ?feature=oembed\" frameborder=\"0\" allow=\"accelerometer; autoplay; clipboard-write; encrypted-media; gyroscope; picture-in-picture; web-share\" referrerpolicy=\"strict-origin-when-cross-origin\" allowfullscreen><\/iframe><\/p>\n<p><strong>Para compras con menos de 48 horas comunicarse por Whatsapp.<\/strong><\/p>\n<p>Los precios pueden variar seg\u00fan fechas y temporadas.<\/p>\n","protected":false},"excerpt":{"rendered":"<p data-sourcepos=\"3:1-3:62\"><strong>El Calafate in 3 days: an unforgettable trip to Patagonia<\/strong><\/p>\n<p data-sourcepos=\"5:1-5:99\"><strong>Are you looking for an unforgettable trip to Argentine Patagonia? El Calafate is the ideal destination for you.<\/strong><\/p>\n<p data-sourcepos=\"7:1-7:95\">In this 3-day package, you will be able to see the main attractions of the region, including:<\/p>\n<ul data-sourcepos=\"9:1-12:0\">\n<li data-sourcepos=\"9:1-9:74\">The Perito Moreno glacier, one of the natural wonders of the world.<\/li>\n<li data-sourcepos=\"10:1-10:58\">El Chalt\u00e9n, the trekking capital of Patagonia, Chorrillo del Salto, Mirador de los Condors in El Chalt\u00e9n.<\/li>\n<li data-sourcepos=\"11:1-12:0\">The typical flavors of Patagonia with the El Calafate, Landscapes and flavors excursion.<\/li>\n<li data-sourcepos=\"11:1-12:0\">Transfers to and from the airport in El Calafate<\/li>\n<\/ul>\n","protected":false},"featured_media":267736,"template":"","meta":[],"product_brand":[],"product_cat":[1373,1264,1147,1109,1108,805],"product_tag":[],"class_list":{"0":"post-264780","1":"product","2":"type-product","3":"status-publish","4":"has-post-thumbnail","6":"destino-calafate-en-2","7":"destino-el-chalten-en-2","8":"mes-mayo-en","9":"mes-junio-en","10":"mes-julio-en","11":"mes-agosto-en","12":"mes-septiembre-en","13":"epoca-invierno-en","14":"product_cat-citytour-en","15":"product_cat-packages-in-el-chalten","16":"product_cat-adventure-turism","17":"product_cat-calafate-packages","18":"product_cat-glaciers","19":"product_cat-traslados-en","21":"first","22":"instock","23":"sale","24":"virtual","25":"sold-individually","26":"purchasable","27":"product-type-booking"},"acf":[],"_links":{"self":[{"href":"https:\/\/tolkeyenpatagonia.com\/en\/wp-json\/wp\/v2\/product\/264780","targetHints":{"allow":["GET"]}}],"collection":[{"href":"https:\/\/tolkeyenpatagonia.com\/en\/wp-json\/wp\/v2\/product"}],"about":[{"href":"https:\/\/tolkeyenpatagonia.com\/en\/wp-json\/wp\/v2\/types\/product"}],"wp:featuredmedia":[{"embeddable":true,"href":"https:\/\/tolkeyenpatagonia.com\/en\/wp-json\/wp\/v2\/media\/267736"}],"wp:attachment":[{"href":"https:\/\/tolkeyenpatagonia.com\/en\/wp-json\/wp\/v2\/media?parent=264780"}],"wp:term":[{"taxonomy":"product_brand","embeddable":true,"href":"https:\/\/tolkeyenpatagonia.com\/en\/wp-json\/wp\/v2\/product_brand?post=264780"},{"taxonomy":"product_cat","embeddable":true,"href":"https:\/\/tolkeyenpatagonia.com\/en\/wp-json\/wp\/v2\/product_cat?post=264780"},{"taxonomy":"product_tag","embeddable":true,"href":"https:\/\/tolkeyenpatagonia.com\/en\/wp-json\/wp\/v2\/product_tag?post=264780"}],"curies":[{"name":"wp","href":"https:\/\/api.w.org\/{rel}","templated":true}]}}