{"id":210454,"date":"2019-01-29T17:47:26","date_gmt":"2024-02-07T23:30:31","guid":{"rendered":"https:\/\/tolkeyenpatagonia.com\/producto\/estancia-cristina-classic-experience\/"},"modified":"2025-03-16T15:35:55","modified_gmt":"2025-03-16T18:35:55","slug":"estancia-cristina-classic-experience","status":"publish","type":"product","link":"https:\/\/tolkeyenpatagonia.com\/en\/product\/estancia-cristina-classic-experience\/","title":{"rendered":"Estancia Cristina &#8211; Classic Experience"},"content":{"rendered":"<h2><strong>AVENTURA EN LA PATAGONIA<\/strong><\/h2>\n<h3><b>EXPERIENCIA TOLKEYEN<\/b><\/h3>\n<p>La experiencia &#8220;Estancia Cristina &#8211; Experiencia Classic&#8221; comienza con una visita al Museo Costumbrista, un antiguo galp\u00f3n de esquila que ha sido transformado en un espacio dedicado a la historia y cultura de la estancia. Aqu\u00ed, los pasajeros tienen la oportunidad de aprender sobre la vida y las tradiciones de los primeros pobladores de la regi\u00f3n. La visita al museo ofrece una inmersi\u00f3n profunda en el pasado, donde se pueden ver objetos y herramientas utilizadas en las labores diarias de la estancia, as\u00ed como relatos y fotograf\u00edas que narran la rica historia de este lugar.<\/p>\n<p>Despu\u00e9s de la visita al museo, la aventura contin\u00faa con una caminata guiada hasta el R\u00edo Caterina y la Capilla, dos puntos emblem\u00e1ticos que reflejan la belleza natural y la herencia cultural de la estancia. Durante el recorrido, los gu\u00edas comparten an\u00e9cdotas y datos hist\u00f3ricos, enriqueciendo la experiencia con conocimientos sobre la flora, fauna y geolog\u00eda de la zona. Esta caminata permite a los visitantes conectarse con el entorno y disfrutar de las vistas panor\u00e1micas del casco hist\u00f3rico de la Estancia Cristina.<\/p>\n<h4>Itinerario<\/h4>\n<p>A continuaci\u00f3n, se realiza un peque\u00f1o hike de aproximadamente dos horas y media hacia la Cascada de los Perros, un impresionante salto de agua que nunca deja de sorprender a los visitantes con su belleza natural. Este sendero lleva a trav\u00e9s de bosquecitos de \u00f1ires, ofreciendo un entorno m\u00e1gico y sereno. La cascada, rodeada por la exuberante vegetaci\u00f3n, se convierte en un oasis de tranquilidad y un lugar perfecto para tomar fotograf\u00edas y admirar la naturaleza en su estado m\u00e1s puro. Al llegar a la cima, los excursionistas son recompensados con una vista a\u00e9rea espectacular del Valle del R\u00edo Caterina y la Estancia Cristina, un panorama que queda grabado en la memoria.<\/p>\n<p>Entre una actividad y otra, los pasajeros disponen de tiempo libre para almorzar. Pueden optar por contratar el servicio de almuerzo con anticipaci\u00f3n, que incluye una entrada, un plato principal a elegir entre pasta o carne, postre, una bebida no alcoh\u00f3lica o una copa de vino por persona, y caf\u00e9 o t\u00e9. Este servicio est\u00e1 dise\u00f1ado para brindar una experiencia gastron\u00f3mica que complementa la aventura del d\u00eda. Alternativamente, aquellos que prefieran pueden llevar su propia vianda y disfrutar de un almuerzo al aire libre, rodeados por el impresionante paisaje patag\u00f3nico.<\/p>\n<p>Finalmente, despu\u00e9s de un d\u00eda lleno de actividades y descubrimientos, los pasajeros regresan al puerto, llevando consigo recuerdos inolvidables de una jornada llena de historia, naturaleza y cultura en la ic\u00f3nica Estancia Cristina.<\/p>\n<h3><strong>Estancia Cristina &#8211; Experiencia Classic CONSULTANOS POR ESTA EXPERIENCIA<\/strong><\/h3>\n<p><strong>Para compras con menos de 48 horas comunicarse por Whatsapp.<\/strong><\/p>\n<p>Los precios pueden variar seg\u00fan fechas y temporadas.<\/p>\n","protected":false},"excerpt":{"rendered":"<h2><b><i>Itinerary of the Estancia Cristina excursion.  <\/i><\/b><\/h2>\n<ul>\n<li>Boarding at Puerto Punta Bandera 08:30 AM. Departure 09:00 AM.<\/li>\n<li>Navigation between icebergs and imposing landscapes with views of the western front of the Upsala Glacier and from there through the Cristina Canal to the disembarkation point at the Estancia.<\/li>\n<li>Arrival at Estancia Cristina around 11:30 AM.<\/li>\n<li>Stay in the Stay for 6 hours.<\/li>\n<li>Arrival at Puerto Punta Bandera approximately 08:15 PM.<\/li>\n<li>Bilingual National Park Guides: Spanish \u2013 English.<\/li>\n<\/ul>\n","protected":false},"featured_media":184903,"template":"","meta":[],"product_brand":[],"product_cat":[1266,1261],"product_tag":[],"class_list":{"0":"post-210454","1":"product","2":"type-product","3":"status-publish","4":"has-post-thumbnail","6":"destino-calafate-en-2","7":"mes-marzo-en","8":"mes-noviembre-en","9":"mes-abril-en","10":"mes-diciembre-en","11":"mes-mayo-en","12":"mes-junio-en","13":"mes-julio-en","14":"mes-agosto-en","15":"mes-enero-en","16":"mes-septiembre-en","17":"mes-febrero-en","18":"mes-octubre-en","19":"epoca-todo-el-ano-en","20":"product_cat-patagonian-ranches","21":"product_cat-accessible-tourism","23":"first","24":"instock","25":"shipping-taxable","26":"product-type-external"},"acf":[],"_links":{"self":[{"href":"https:\/\/tolkeyenpatagonia.com\/en\/wp-json\/wp\/v2\/product\/210454","targetHints":{"allow":["GET"]}}],"collection":[{"href":"https:\/\/tolkeyenpatagonia.com\/en\/wp-json\/wp\/v2\/product"}],"about":[{"href":"https:\/\/tolkeyenpatagonia.com\/en\/wp-json\/wp\/v2\/types\/product"}],"wp:featuredmedia":[{"embeddable":true,"href":"https:\/\/tolkeyenpatagonia.com\/en\/wp-json\/wp\/v2\/media\/184903"}],"wp:attachment":[{"href":"https:\/\/tolkeyenpatagonia.com\/en\/wp-json\/wp\/v2\/media?parent=210454"}],"wp:term":[{"taxonomy":"product_brand","embeddable":true,"href":"https:\/\/tolkeyenpatagonia.com\/en\/wp-json\/wp\/v2\/product_brand?post=210454"},{"taxonomy":"product_cat","embeddable":true,"href":"https:\/\/tolkeyenpatagonia.com\/en\/wp-json\/wp\/v2\/product_cat?post=210454"},{"taxonomy":"product_tag","embeddable":true,"href":"https:\/\/tolkeyenpatagonia.com\/en\/wp-json\/wp\/v2\/product_tag?post=210454"}],"curies":[{"name":"wp","href":"https:\/\/api.w.org\/{rel}","templated":true}]}}